{"id":7560,"date":"2026-01-31T15:55:49","date_gmt":"2026-01-31T13:55:49","guid":{"rendered":"https:\/\/nailspa.ee\/e-pood\/?post_type=product&#038;p=7560"},"modified":"2026-02-17T18:00:04","modified_gmt":"2026-02-17T16:00:04","slug":"doodle-geelide-kompelt-2-x-7-ml","status":"publish","type":"product","link":"https:\/\/nailspa.ee\/e-pood\/toode\/doodle-geelide-kompelt-2-x-7-ml\/","title":{"rendered":"Doodle Geelide kompelt &#8211; 2 x 7 ml"},"content":{"rendered":"","protected":false},"excerpt":{"rendered":"<ul>\n<li>Doodle Gel White on k\u00fc\u00fcnedisaini geel reaktiivse ja paisuva koostisega<\/li>\n<li>See on loodud t\u00e4psete disainide ja kiirete t\u00f6\u00f6de jaoks<\/li>\n<li>Toob esile alusv\u00e4rvi ja loob meisterdamisel ja k\u00f5venemisel kerge 3D-efekti<\/li>\n<li>See k\u00fc\u00fcnekunstikomplekt sisaldab l\u00e4bipaistvat alusgeeli ja valget Doodle&#8217;i geeli<\/li>\n<li>T\u00e4htede v\u00f5i mustrite joonistamiseks kasutage t\u00e4pipliiatsit.<\/li>\n<\/ul>\n","protected":false},"featured_media":7502,"template":"","meta":[],"product_brand":[],"product_cat":[90,116],"product_tag":[],"class_list":{"0":"post-7560","1":"product","2":"type-product","3":"status-publish","4":"has-post-thumbnail","6":"product_cat-kuunedisain","7":"product_cat-uus_kollektsioon","9":"first","10":"instock","11":"taxable","12":"shipping-taxable","13":"purchasable","14":"product-type-simple"},"yoast_head":"<!-- This site is optimized with the Yoast SEO plugin v26.4 - https:\/\/yoast.com\/wordpress\/plugins\/seo\/ -->\n<title>Doodle Geelide kompelt - 2 x 7 ml | Nailspa e-pood<\/title>\n<meta name=\"robots\" content=\"index, follow, max-snippet:-1, max-image-preview:large, max-video-preview:-1\" \/>\n<link rel=\"canonical\" href=\"https:\/\/nailspa.ee\/e-pood\/toode\/doodle-geelide-kompelt-2-x-7-ml\/\" \/>\n<meta property=\"og:locale\" content=\"et_EE\" \/>\n<meta property=\"og:type\" content=\"article\" \/>\n<meta property=\"og:title\" content=\"Doodle Geelide kompelt - 2 x 7 ml | Nailspa e-pood\" \/>\n<meta property=\"og:description\" content=\"Doodle Gel White on k\u00fc\u00fcnedisaini geel reaktiivse ja paisuva koostisega  See on loodud t\u00e4psete disainide ja kiirete t\u00f6\u00f6de jaoks  Toob esile alusv\u00e4rvi ja loob meisterdamisel ja k\u00f5venemisel kerge 3D-efekti  See k\u00fc\u00fcnekunstikomplekt sisaldab l\u00e4bipaistvat alusgeeli ja valget Doodle&#039;i geeli  T\u00e4htede v\u00f5i mustrite joonistamiseks kasutage t\u00e4pipliiatsit.\" \/>\n<meta property=\"og:url\" content=\"https:\/\/nailspa.ee\/e-pood\/toode\/doodle-geelide-kompelt-2-x-7-ml\/\" \/>\n<meta property=\"og:site_name\" content=\"Nailspa e-pood\" \/>\n<meta property=\"article:modified_time\" content=\"2026-02-17T16:00:04+00:00\" \/>\n<meta property=\"og:image\" content=\"https:\/\/nailspa.ee\/e-pood\/wp-content\/uploads\/2026\/01\/Doodle.jpg\" \/>\n\t<meta property=\"og:image:width\" content=\"800\" \/>\n\t<meta property=\"og:image:height\" content=\"800\" \/>\n\t<meta property=\"og:image:type\" content=\"image\/jpeg\" \/>\n<meta name=\"twitter:card\" content=\"summary_large_image\" \/>\n<meta name=\"twitter:label1\" content=\"Est. reading time\" \/>\n\t<meta name=\"twitter:data1\" content=\"1 minut\" \/>\n<script type=\"application\/ld+json\" class=\"yoast-schema-graph\">{\"@context\":\"https:\/\/schema.org\",\"@graph\":[{\"@type\":\"WebPage\",\"@id\":\"https:\/\/nailspa.ee\/e-pood\/toode\/doodle-geelide-kompelt-2-x-7-ml\/\",\"url\":\"https:\/\/nailspa.ee\/e-pood\/toode\/doodle-geelide-kompelt-2-x-7-ml\/\",\"name\":\"Doodle Geelide kompelt - 2 x 7 ml | Nailspa e-pood\",\"isPartOf\":{\"@id\":\"http:\/\/nailspa.ee\/e-pood\/#website\"},\"primaryImageOfPage\":{\"@id\":\"https:\/\/nailspa.ee\/e-pood\/toode\/doodle-geelide-kompelt-2-x-7-ml\/#primaryimage\"},\"image\":{\"@id\":\"https:\/\/nailspa.ee\/e-pood\/toode\/doodle-geelide-kompelt-2-x-7-ml\/#primaryimage\"},\"thumbnailUrl\":\"https:\/\/nailspa.ee\/e-pood\/wp-content\/uploads\/2026\/01\/Doodle.jpg\",\"datePublished\":\"2026-01-31T13:55:49+00:00\",\"dateModified\":\"2026-02-17T16:00:04+00:00\",\"breadcrumb\":{\"@id\":\"https:\/\/nailspa.ee\/e-pood\/toode\/doodle-geelide-kompelt-2-x-7-ml\/#breadcrumb\"},\"inLanguage\":\"et\",\"potentialAction\":[{\"@type\":\"ReadAction\",\"target\":[\"https:\/\/nailspa.ee\/e-pood\/toode\/doodle-geelide-kompelt-2-x-7-ml\/\"]}]},{\"@type\":\"ImageObject\",\"inLanguage\":\"et\",\"@id\":\"https:\/\/nailspa.ee\/e-pood\/toode\/doodle-geelide-kompelt-2-x-7-ml\/#primaryimage\",\"url\":\"https:\/\/nailspa.ee\/e-pood\/wp-content\/uploads\/2026\/01\/Doodle.jpg\",\"contentUrl\":\"https:\/\/nailspa.ee\/e-pood\/wp-content\/uploads\/2026\/01\/Doodle.jpg\",\"width\":800,\"height\":800},{\"@type\":\"BreadcrumbList\",\"@id\":\"https:\/\/nailspa.ee\/e-pood\/toode\/doodle-geelide-kompelt-2-x-7-ml\/#breadcrumb\",\"itemListElement\":[{\"@type\":\"ListItem\",\"position\":1,\"name\":\"Home\",\"item\":\"http:\/\/nailspa.ee\/e-pood\/\"},{\"@type\":\"ListItem\",\"position\":2,\"name\":\"Pood\",\"item\":\"http:\/\/nailspa.ee\/e-pood\/pood\/\"},{\"@type\":\"ListItem\",\"position\":3,\"name\":\"Doodle Geelide kompelt &#8211; 2 x 7 ml\"}]},{\"@type\":\"WebSite\",\"@id\":\"http:\/\/nailspa.ee\/e-pood\/#website\",\"url\":\"http:\/\/nailspa.ee\/e-pood\/\",\"name\":\"Nailspa e-pood\",\"description\":\"\",\"potentialAction\":[{\"@type\":\"SearchAction\",\"target\":{\"@type\":\"EntryPoint\",\"urlTemplate\":\"http:\/\/nailspa.ee\/e-pood\/?s={search_term_string}\"},\"query-input\":{\"@type\":\"PropertyValueSpecification\",\"valueRequired\":true,\"valueName\":\"search_term_string\"}}],\"inLanguage\":\"et\"}]}<\/script>\n<!-- \/ Yoast SEO plugin. -->","yoast_head_json":{"title":"Doodle Geelide kompelt - 2 x 7 ml | Nailspa e-pood","robots":{"index":"index","follow":"follow","max-snippet":"max-snippet:-1","max-image-preview":"max-image-preview:large","max-video-preview":"max-video-preview:-1"},"canonical":"https:\/\/nailspa.ee\/e-pood\/toode\/doodle-geelide-kompelt-2-x-7-ml\/","og_locale":"et_EE","og_type":"article","og_title":"Doodle Geelide kompelt - 2 x 7 ml | Nailspa e-pood","og_description":"Doodle Gel White on k\u00fc\u00fcnedisaini geel reaktiivse ja paisuva koostisega  See on loodud t\u00e4psete disainide ja kiirete t\u00f6\u00f6de jaoks  Toob esile alusv\u00e4rvi ja loob meisterdamisel ja k\u00f5venemisel kerge 3D-efekti  See k\u00fc\u00fcnekunstikomplekt sisaldab l\u00e4bipaistvat alusgeeli ja valget Doodle'i geeli  T\u00e4htede v\u00f5i mustrite joonistamiseks kasutage t\u00e4pipliiatsit.","og_url":"https:\/\/nailspa.ee\/e-pood\/toode\/doodle-geelide-kompelt-2-x-7-ml\/","og_site_name":"Nailspa e-pood","article_modified_time":"2026-02-17T16:00:04+00:00","og_image":[{"width":800,"height":800,"url":"https:\/\/nailspa.ee\/e-pood\/wp-content\/uploads\/2026\/01\/Doodle.jpg","type":"image\/jpeg"}],"twitter_card":"summary_large_image","twitter_misc":{"Est. reading time":"1 minut"},"schema":{"@context":"https:\/\/schema.org","@graph":[{"@type":"WebPage","@id":"https:\/\/nailspa.ee\/e-pood\/toode\/doodle-geelide-kompelt-2-x-7-ml\/","url":"https:\/\/nailspa.ee\/e-pood\/toode\/doodle-geelide-kompelt-2-x-7-ml\/","name":"Doodle Geelide kompelt - 2 x 7 ml | Nailspa e-pood","isPartOf":{"@id":"http:\/\/nailspa.ee\/e-pood\/#website"},"primaryImageOfPage":{"@id":"https:\/\/nailspa.ee\/e-pood\/toode\/doodle-geelide-kompelt-2-x-7-ml\/#primaryimage"},"image":{"@id":"https:\/\/nailspa.ee\/e-pood\/toode\/doodle-geelide-kompelt-2-x-7-ml\/#primaryimage"},"thumbnailUrl":"https:\/\/nailspa.ee\/e-pood\/wp-content\/uploads\/2026\/01\/Doodle.jpg","datePublished":"2026-01-31T13:55:49+00:00","dateModified":"2026-02-17T16:00:04+00:00","breadcrumb":{"@id":"https:\/\/nailspa.ee\/e-pood\/toode\/doodle-geelide-kompelt-2-x-7-ml\/#breadcrumb"},"inLanguage":"et","potentialAction":[{"@type":"ReadAction","target":["https:\/\/nailspa.ee\/e-pood\/toode\/doodle-geelide-kompelt-2-x-7-ml\/"]}]},{"@type":"ImageObject","inLanguage":"et","@id":"https:\/\/nailspa.ee\/e-pood\/toode\/doodle-geelide-kompelt-2-x-7-ml\/#primaryimage","url":"https:\/\/nailspa.ee\/e-pood\/wp-content\/uploads\/2026\/01\/Doodle.jpg","contentUrl":"https:\/\/nailspa.ee\/e-pood\/wp-content\/uploads\/2026\/01\/Doodle.jpg","width":800,"height":800},{"@type":"BreadcrumbList","@id":"https:\/\/nailspa.ee\/e-pood\/toode\/doodle-geelide-kompelt-2-x-7-ml\/#breadcrumb","itemListElement":[{"@type":"ListItem","position":1,"name":"Home","item":"http:\/\/nailspa.ee\/e-pood\/"},{"@type":"ListItem","position":2,"name":"Pood","item":"http:\/\/nailspa.ee\/e-pood\/pood\/"},{"@type":"ListItem","position":3,"name":"Doodle Geelide kompelt &#8211; 2 x 7 ml"}]},{"@type":"WebSite","@id":"http:\/\/nailspa.ee\/e-pood\/#website","url":"http:\/\/nailspa.ee\/e-pood\/","name":"Nailspa e-pood","description":"","potentialAction":[{"@type":"SearchAction","target":{"@type":"EntryPoint","urlTemplate":"http:\/\/nailspa.ee\/e-pood\/?s={search_term_string}"},"query-input":{"@type":"PropertyValueSpecification","valueRequired":true,"valueName":"search_term_string"}}],"inLanguage":"et"}]}},"_links":{"self":[{"href":"https:\/\/nailspa.ee\/e-pood\/wp-json\/wp\/v2\/product\/7560","targetHints":{"allow":["GET"]}}],"collection":[{"href":"https:\/\/nailspa.ee\/e-pood\/wp-json\/wp\/v2\/product"}],"about":[{"href":"https:\/\/nailspa.ee\/e-pood\/wp-json\/wp\/v2\/types\/product"}],"wp:featuredmedia":[{"embeddable":true,"href":"https:\/\/nailspa.ee\/e-pood\/wp-json\/wp\/v2\/media\/7502"}],"wp:attachment":[{"href":"https:\/\/nailspa.ee\/e-pood\/wp-json\/wp\/v2\/media?parent=7560"}],"wp:term":[{"taxonomy":"product_brand","embeddable":true,"href":"https:\/\/nailspa.ee\/e-pood\/wp-json\/wp\/v2\/product_brand?post=7560"},{"taxonomy":"product_cat","embeddable":true,"href":"https:\/\/nailspa.ee\/e-pood\/wp-json\/wp\/v2\/product_cat?post=7560"},{"taxonomy":"product_tag","embeddable":true,"href":"https:\/\/nailspa.ee\/e-pood\/wp-json\/wp\/v2\/product_tag?post=7560"}],"curies":[{"name":"wp","href":"https:\/\/api.w.org\/{rel}","templated":true}]}}