{"id":7450,"date":"2025-11-15T10:41:43","date_gmt":"2025-11-15T08:41:43","guid":{"rendered":"https:\/\/nailspa.ee\/e-pood\/?post_type=product&#038;p=7450"},"modified":"2025-11-15T10:41:43","modified_gmt":"2025-11-15T08:41:43","slug":"sugavalt-niisutav-toitev-ja-taastav-kehakreem-eriti-kuivale-voi-vananevale-nahale-kanepi-ja-seesamiseemneoliga-250-ml","status":"publish","type":"product","link":"https:\/\/nailspa.ee\/e-pood\/toode\/sugavalt-niisutav-toitev-ja-taastav-kehakreem-eriti-kuivale-voi-vananevale-nahale-kanepi-ja-seesamiseemneoliga-250-ml\/","title":{"rendered":"S\u00fcgavalt niisutav, toitev ja taastav kehakreem eriti kuivale v\u00f5i vananevale nahale kanepi- ja seesamiseemne\u00f5liga 250 ml"},"content":{"rendered":"","protected":false},"excerpt":{"rendered":"<ul>\n<li>S\u00fcgavalt niisutav kehakreem, mis lisaks naha toitmisele sisaldab rohkelt antioks\u00fcdante ja rasvhappeid, mis aitavad s\u00e4ilitada naha elastsust.<\/li>\n<li>Sisaldab rohkelt looduslikke \u00f5lisid, vitamiine ja antioks\u00fcdante<\/li>\n<li>Kreem imendub kiirelt ja ei j\u00e4ta nahka rasvaseks<\/li>\n<li>Kreem stimuleerib vereringet, aitab v\u00e4hendada turseid ning parandab naha tekstuuri ja soodustab rakkude uuenemist.<\/li>\n<\/ul>\n","protected":false},"featured_media":7448,"template":"","meta":[],"product_brand":[],"product_cat":[123],"product_tag":[],"class_list":{"0":"post-7450","1":"product","2":"type-product","3":"status-publish","4":"has-post-thumbnail","6":"product_cat-herb-hemp","8":"first","9":"instock","10":"taxable","11":"shipping-taxable","12":"purchasable","13":"product-type-simple"},"yoast_head":"<!-- This site is optimized with the Yoast SEO plugin v26.4 - https:\/\/yoast.com\/wordpress\/plugins\/seo\/ -->\n<title>S\u00fcgavalt niisutav, toitev ja taastav kehakreem eriti kuivale v\u00f5i vananevale nahale kanepi- ja seesamiseemne\u00f5liga 250 ml | Nailspa e-pood<\/title>\n<meta name=\"robots\" content=\"index, follow, max-snippet:-1, max-image-preview:large, max-video-preview:-1\" \/>\n<link rel=\"canonical\" href=\"https:\/\/nailspa.ee\/e-pood\/toode\/sugavalt-niisutav-toitev-ja-taastav-kehakreem-eriti-kuivale-voi-vananevale-nahale-kanepi-ja-seesamiseemneoliga-250-ml\/\" \/>\n<meta property=\"og:locale\" content=\"et_EE\" \/>\n<meta property=\"og:type\" content=\"article\" \/>\n<meta property=\"og:title\" content=\"S\u00fcgavalt niisutav, toitev ja taastav kehakreem eriti kuivale v\u00f5i vananevale nahale kanepi- ja seesamiseemne\u00f5liga 250 ml | Nailspa e-pood\" \/>\n<meta property=\"og:description\" content=\"S\u00fcgavalt niisutav kehakreem, mis lisaks naha toitmisele sisaldab rohkelt antioks\u00fcdante ja rasvhappeid, mis aitavad s\u00e4ilitada naha elastsust.  Sisaldab rohkelt looduslikke \u00f5lisid, vitamiine ja antioks\u00fcdante  Kreem imendub kiirelt ja ei j\u00e4ta nahka rasvaseks  Kreem stimuleerib vereringet, aitab v\u00e4hendada turseid ning parandab naha tekstuuri ja soodustab rakkude uuenemist.\" \/>\n<meta property=\"og:url\" content=\"https:\/\/nailspa.ee\/e-pood\/toode\/sugavalt-niisutav-toitev-ja-taastav-kehakreem-eriti-kuivale-voi-vananevale-nahale-kanepi-ja-seesamiseemneoliga-250-ml\/\" \/>\n<meta property=\"og:site_name\" content=\"Nailspa e-pood\" \/>\n<meta property=\"og:image\" content=\"https:\/\/nailspa.ee\/e-pood\/wp-content\/uploads\/2025\/11\/Herb_deep_body_cream_small_1200x1200px-1.jpg\" \/>\n\t<meta property=\"og:image:width\" content=\"1200\" \/>\n\t<meta property=\"og:image:height\" content=\"1200\" \/>\n\t<meta property=\"og:image:type\" content=\"image\/jpeg\" \/>\n<meta name=\"twitter:card\" content=\"summary_large_image\" \/>\n<meta name=\"twitter:label1\" content=\"Est. reading time\" \/>\n\t<meta name=\"twitter:data1\" content=\"1 minut\" \/>\n<script type=\"application\/ld+json\" class=\"yoast-schema-graph\">{\"@context\":\"https:\/\/schema.org\",\"@graph\":[{\"@type\":\"WebPage\",\"@id\":\"https:\/\/nailspa.ee\/e-pood\/toode\/sugavalt-niisutav-toitev-ja-taastav-kehakreem-eriti-kuivale-voi-vananevale-nahale-kanepi-ja-seesamiseemneoliga-250-ml\/\",\"url\":\"https:\/\/nailspa.ee\/e-pood\/toode\/sugavalt-niisutav-toitev-ja-taastav-kehakreem-eriti-kuivale-voi-vananevale-nahale-kanepi-ja-seesamiseemneoliga-250-ml\/\",\"name\":\"S\u00fcgavalt niisutav, toitev ja taastav kehakreem eriti kuivale v\u00f5i vananevale nahale kanepi- ja seesamiseemne\u00f5liga 250 ml | Nailspa e-pood\",\"isPartOf\":{\"@id\":\"https:\/\/nailspa.ee\/e-pood\/#website\"},\"primaryImageOfPage\":{\"@id\":\"https:\/\/nailspa.ee\/e-pood\/toode\/sugavalt-niisutav-toitev-ja-taastav-kehakreem-eriti-kuivale-voi-vananevale-nahale-kanepi-ja-seesamiseemneoliga-250-ml\/#primaryimage\"},\"image\":{\"@id\":\"https:\/\/nailspa.ee\/e-pood\/toode\/sugavalt-niisutav-toitev-ja-taastav-kehakreem-eriti-kuivale-voi-vananevale-nahale-kanepi-ja-seesamiseemneoliga-250-ml\/#primaryimage\"},\"thumbnailUrl\":\"https:\/\/nailspa.ee\/e-pood\/wp-content\/uploads\/2025\/11\/Herb_deep_body_cream_small_1200x1200px-1.jpg\",\"datePublished\":\"2025-11-15T08:41:43+00:00\",\"breadcrumb\":{\"@id\":\"https:\/\/nailspa.ee\/e-pood\/toode\/sugavalt-niisutav-toitev-ja-taastav-kehakreem-eriti-kuivale-voi-vananevale-nahale-kanepi-ja-seesamiseemneoliga-250-ml\/#breadcrumb\"},\"inLanguage\":\"et\",\"potentialAction\":[{\"@type\":\"ReadAction\",\"target\":[\"https:\/\/nailspa.ee\/e-pood\/toode\/sugavalt-niisutav-toitev-ja-taastav-kehakreem-eriti-kuivale-voi-vananevale-nahale-kanepi-ja-seesamiseemneoliga-250-ml\/\"]}]},{\"@type\":\"ImageObject\",\"inLanguage\":\"et\",\"@id\":\"https:\/\/nailspa.ee\/e-pood\/toode\/sugavalt-niisutav-toitev-ja-taastav-kehakreem-eriti-kuivale-voi-vananevale-nahale-kanepi-ja-seesamiseemneoliga-250-ml\/#primaryimage\",\"url\":\"https:\/\/nailspa.ee\/e-pood\/wp-content\/uploads\/2025\/11\/Herb_deep_body_cream_small_1200x1200px-1.jpg\",\"contentUrl\":\"https:\/\/nailspa.ee\/e-pood\/wp-content\/uploads\/2025\/11\/Herb_deep_body_cream_small_1200x1200px-1.jpg\",\"width\":1200,\"height\":1200},{\"@type\":\"BreadcrumbList\",\"@id\":\"https:\/\/nailspa.ee\/e-pood\/toode\/sugavalt-niisutav-toitev-ja-taastav-kehakreem-eriti-kuivale-voi-vananevale-nahale-kanepi-ja-seesamiseemneoliga-250-ml\/#breadcrumb\",\"itemListElement\":[{\"@type\":\"ListItem\",\"position\":1,\"name\":\"Home\",\"item\":\"https:\/\/nailspa.ee\/e-pood\/\"},{\"@type\":\"ListItem\",\"position\":2,\"name\":\"Pood\",\"item\":\"https:\/\/nailspa.ee\/e-pood\/pood\/\"},{\"@type\":\"ListItem\",\"position\":3,\"name\":\"S\u00fcgavalt niisutav, toitev ja taastav kehakreem eriti kuivale v\u00f5i vananevale nahale kanepi- ja seesamiseemne\u00f5liga 250 ml\"}]},{\"@type\":\"WebSite\",\"@id\":\"https:\/\/nailspa.ee\/e-pood\/#website\",\"url\":\"https:\/\/nailspa.ee\/e-pood\/\",\"name\":\"Nailspa e-pood\",\"description\":\"\",\"potentialAction\":[{\"@type\":\"SearchAction\",\"target\":{\"@type\":\"EntryPoint\",\"urlTemplate\":\"https:\/\/nailspa.ee\/e-pood\/?s={search_term_string}\"},\"query-input\":{\"@type\":\"PropertyValueSpecification\",\"valueRequired\":true,\"valueName\":\"search_term_string\"}}],\"inLanguage\":\"et\"}]}<\/script>\n<!-- \/ Yoast SEO plugin. -->","yoast_head_json":{"title":"S\u00fcgavalt niisutav, toitev ja taastav kehakreem eriti kuivale v\u00f5i vananevale nahale kanepi- ja seesamiseemne\u00f5liga 250 ml | Nailspa e-pood","robots":{"index":"index","follow":"follow","max-snippet":"max-snippet:-1","max-image-preview":"max-image-preview:large","max-video-preview":"max-video-preview:-1"},"canonical":"https:\/\/nailspa.ee\/e-pood\/toode\/sugavalt-niisutav-toitev-ja-taastav-kehakreem-eriti-kuivale-voi-vananevale-nahale-kanepi-ja-seesamiseemneoliga-250-ml\/","og_locale":"et_EE","og_type":"article","og_title":"S\u00fcgavalt niisutav, toitev ja taastav kehakreem eriti kuivale v\u00f5i vananevale nahale kanepi- ja seesamiseemne\u00f5liga 250 ml | Nailspa e-pood","og_description":"S\u00fcgavalt niisutav kehakreem, mis lisaks naha toitmisele sisaldab rohkelt antioks\u00fcdante ja rasvhappeid, mis aitavad s\u00e4ilitada naha elastsust.  Sisaldab rohkelt looduslikke \u00f5lisid, vitamiine ja antioks\u00fcdante  Kreem imendub kiirelt ja ei j\u00e4ta nahka rasvaseks  Kreem stimuleerib vereringet, aitab v\u00e4hendada turseid ning parandab naha tekstuuri ja soodustab rakkude uuenemist.","og_url":"https:\/\/nailspa.ee\/e-pood\/toode\/sugavalt-niisutav-toitev-ja-taastav-kehakreem-eriti-kuivale-voi-vananevale-nahale-kanepi-ja-seesamiseemneoliga-250-ml\/","og_site_name":"Nailspa e-pood","og_image":[{"width":1200,"height":1200,"url":"https:\/\/nailspa.ee\/e-pood\/wp-content\/uploads\/2025\/11\/Herb_deep_body_cream_small_1200x1200px-1.jpg","type":"image\/jpeg"}],"twitter_card":"summary_large_image","twitter_misc":{"Est. reading time":"1 minut"},"schema":{"@context":"https:\/\/schema.org","@graph":[{"@type":"WebPage","@id":"https:\/\/nailspa.ee\/e-pood\/toode\/sugavalt-niisutav-toitev-ja-taastav-kehakreem-eriti-kuivale-voi-vananevale-nahale-kanepi-ja-seesamiseemneoliga-250-ml\/","url":"https:\/\/nailspa.ee\/e-pood\/toode\/sugavalt-niisutav-toitev-ja-taastav-kehakreem-eriti-kuivale-voi-vananevale-nahale-kanepi-ja-seesamiseemneoliga-250-ml\/","name":"S\u00fcgavalt niisutav, toitev ja taastav kehakreem eriti kuivale v\u00f5i vananevale nahale kanepi- ja seesamiseemne\u00f5liga 250 ml | Nailspa e-pood","isPartOf":{"@id":"https:\/\/nailspa.ee\/e-pood\/#website"},"primaryImageOfPage":{"@id":"https:\/\/nailspa.ee\/e-pood\/toode\/sugavalt-niisutav-toitev-ja-taastav-kehakreem-eriti-kuivale-voi-vananevale-nahale-kanepi-ja-seesamiseemneoliga-250-ml\/#primaryimage"},"image":{"@id":"https:\/\/nailspa.ee\/e-pood\/toode\/sugavalt-niisutav-toitev-ja-taastav-kehakreem-eriti-kuivale-voi-vananevale-nahale-kanepi-ja-seesamiseemneoliga-250-ml\/#primaryimage"},"thumbnailUrl":"https:\/\/nailspa.ee\/e-pood\/wp-content\/uploads\/2025\/11\/Herb_deep_body_cream_small_1200x1200px-1.jpg","datePublished":"2025-11-15T08:41:43+00:00","breadcrumb":{"@id":"https:\/\/nailspa.ee\/e-pood\/toode\/sugavalt-niisutav-toitev-ja-taastav-kehakreem-eriti-kuivale-voi-vananevale-nahale-kanepi-ja-seesamiseemneoliga-250-ml\/#breadcrumb"},"inLanguage":"et","potentialAction":[{"@type":"ReadAction","target":["https:\/\/nailspa.ee\/e-pood\/toode\/sugavalt-niisutav-toitev-ja-taastav-kehakreem-eriti-kuivale-voi-vananevale-nahale-kanepi-ja-seesamiseemneoliga-250-ml\/"]}]},{"@type":"ImageObject","inLanguage":"et","@id":"https:\/\/nailspa.ee\/e-pood\/toode\/sugavalt-niisutav-toitev-ja-taastav-kehakreem-eriti-kuivale-voi-vananevale-nahale-kanepi-ja-seesamiseemneoliga-250-ml\/#primaryimage","url":"https:\/\/nailspa.ee\/e-pood\/wp-content\/uploads\/2025\/11\/Herb_deep_body_cream_small_1200x1200px-1.jpg","contentUrl":"https:\/\/nailspa.ee\/e-pood\/wp-content\/uploads\/2025\/11\/Herb_deep_body_cream_small_1200x1200px-1.jpg","width":1200,"height":1200},{"@type":"BreadcrumbList","@id":"https:\/\/nailspa.ee\/e-pood\/toode\/sugavalt-niisutav-toitev-ja-taastav-kehakreem-eriti-kuivale-voi-vananevale-nahale-kanepi-ja-seesamiseemneoliga-250-ml\/#breadcrumb","itemListElement":[{"@type":"ListItem","position":1,"name":"Home","item":"https:\/\/nailspa.ee\/e-pood\/"},{"@type":"ListItem","position":2,"name":"Pood","item":"https:\/\/nailspa.ee\/e-pood\/pood\/"},{"@type":"ListItem","position":3,"name":"S\u00fcgavalt niisutav, toitev ja taastav kehakreem eriti kuivale v\u00f5i vananevale nahale kanepi- ja seesamiseemne\u00f5liga 250 ml"}]},{"@type":"WebSite","@id":"https:\/\/nailspa.ee\/e-pood\/#website","url":"https:\/\/nailspa.ee\/e-pood\/","name":"Nailspa e-pood","description":"","potentialAction":[{"@type":"SearchAction","target":{"@type":"EntryPoint","urlTemplate":"https:\/\/nailspa.ee\/e-pood\/?s={search_term_string}"},"query-input":{"@type":"PropertyValueSpecification","valueRequired":true,"valueName":"search_term_string"}}],"inLanguage":"et"}]}},"_links":{"self":[{"href":"https:\/\/nailspa.ee\/e-pood\/wp-json\/wp\/v2\/product\/7450","targetHints":{"allow":["GET"]}}],"collection":[{"href":"https:\/\/nailspa.ee\/e-pood\/wp-json\/wp\/v2\/product"}],"about":[{"href":"https:\/\/nailspa.ee\/e-pood\/wp-json\/wp\/v2\/types\/product"}],"wp:featuredmedia":[{"embeddable":true,"href":"https:\/\/nailspa.ee\/e-pood\/wp-json\/wp\/v2\/media\/7448"}],"wp:attachment":[{"href":"https:\/\/nailspa.ee\/e-pood\/wp-json\/wp\/v2\/media?parent=7450"}],"wp:term":[{"taxonomy":"product_brand","embeddable":true,"href":"https:\/\/nailspa.ee\/e-pood\/wp-json\/wp\/v2\/product_brand?post=7450"},{"taxonomy":"product_cat","embeddable":true,"href":"https:\/\/nailspa.ee\/e-pood\/wp-json\/wp\/v2\/product_cat?post=7450"},{"taxonomy":"product_tag","embeddable":true,"href":"https:\/\/nailspa.ee\/e-pood\/wp-json\/wp\/v2\/product_tag?post=7450"}],"curies":[{"name":"wp","href":"https:\/\/api.w.org\/{rel}","templated":true}]}}