{"id":7392,"date":"2025-09-22T12:21:28","date_gmt":"2025-09-22T09:21:28","guid":{"rendered":"https:\/\/nailspa.ee\/e-pood\/?post_type=product&#038;p=7392"},"modified":"2026-01-31T15:08:01","modified_gmt":"2026-01-31T13:08:01","slug":"lip-recovery-balm-15-ml","status":"publish","type":"product","link":"https:\/\/nailspa.ee\/e-pood\/toode\/lip-recovery-balm-15-ml\/","title":{"rendered":"Lip Recovery Balm 15 ml"},"content":{"rendered":"","protected":false},"excerpt":{"rendered":"<ul>\n<li>\n<p style=\"font-weight: 400;\">Taastav huulepalsam kanepiseemne\u00f5li, riitsinus\u00f5li ja mesilasvahaga<\/p>\n<\/li>\n<li>S\u00fcgavalt niisutav ja taastav huulepalsam kuivadele ja l\u00f5henevatele huultele. Palsam \u00fchendab\u00a0 kanepiseemne- ja riitsinus\u00f5li s\u00fcgavniisutava toime, kakaov\u00f5i pehmendava hoolduse ja mesilasvaha loodusliku kaitse. Mee ekstrakt lisab \u00f5rna magususe, samal ajal kui kurgi aroom toob v\u00e4rskendava puudutuse. Gl\u00fctseriin aitab s\u00e4ilitada huulte niiskust, hoides need pehmed ja siledad.<\/li>\n<li><\/li>\n<li><i>Koostis: kanepiseemne- ja riitsinus\u00f5li, kakaov\u00f5i, mesilasvaha, coco-caprylate caprate,\u00a0<\/i><i><span lang=\"ET\">pol\u00fcgl\u00fctser\u00fc\u00fcl-2-seskvisostearaat, h\u00fcdrogeenitud kastoor\u00f5li, karnauba vaha, vesi, gl\u00fctseriin, mee ekstrakt, kurgi maitse (aroom), triatsetiin.<\/span><\/i><\/li>\n<\/ul>\n","protected":false},"featured_media":7365,"template":"","meta":[],"product_brand":[],"product_cat":[123],"product_tag":[],"class_list":{"0":"post-7392","1":"product","2":"type-product","3":"status-publish","4":"has-post-thumbnail","6":"product_cat-herb-hemp","8":"first","9":"instock","10":"taxable","11":"shipping-taxable","12":"purchasable","13":"product-type-simple"},"yoast_head":"<!-- This site is optimized with the Yoast SEO plugin v26.4 - https:\/\/yoast.com\/wordpress\/plugins\/seo\/ -->\n<title>Lip Recovery Balm 15 ml | Nailspa e-pood<\/title>\n<meta name=\"robots\" content=\"index, follow, max-snippet:-1, max-image-preview:large, max-video-preview:-1\" \/>\n<link rel=\"canonical\" href=\"https:\/\/nailspa.ee\/e-pood\/toode\/lip-recovery-balm-15-ml\/\" \/>\n<meta property=\"og:locale\" content=\"et_EE\" \/>\n<meta property=\"og:type\" content=\"article\" \/>\n<meta property=\"og:title\" content=\"Lip Recovery Balm 15 ml | Nailspa e-pood\" \/>\n<meta property=\"og:description\" content=\"Taastav huulepalsam kanepiseemne\u00f5li, riitsinus\u00f5li ja mesilasvahaga   S\u00fcgavalt niisutav ja taastav huulepalsam kuivadele ja l\u00f5henevatele huultele. Palsam \u00fchendab\u00a0 kanepiseemne- ja riitsinus\u00f5li s\u00fcgavniisutava toime, kakaov\u00f5i pehmendava hoolduse ja mesilasvaha loodusliku kaitse. Mee ekstrakt lisab \u00f5rna magususe, samal ajal kui kurgi aroom toob v\u00e4rskendava puudutuse. Gl\u00fctseriin aitab s\u00e4ilitada huulte niiskust, hoides need pehmed ja siledad.    Koostis: kanepiseemne- ja riitsinus\u00f5li, kakaov\u00f5i, mesilasvaha, coco-caprylate caprate,\u00a0pol\u00fcgl\u00fctser\u00fc\u00fcl-2-seskvisostearaat, h\u00fcdrogeenitud kastoor\u00f5li, karnauba vaha, vesi, gl\u00fctseriin, mee ekstrakt, kurgi maitse (aroom), triatsetiin.\" \/>\n<meta property=\"og:url\" content=\"https:\/\/nailspa.ee\/e-pood\/toode\/lip-recovery-balm-15-ml\/\" \/>\n<meta property=\"og:site_name\" content=\"Nailspa e-pood\" \/>\n<meta property=\"article:modified_time\" content=\"2026-01-31T13:08:01+00:00\" \/>\n<meta property=\"og:image\" content=\"https:\/\/nailspa.ee\/e-pood\/wp-content\/uploads\/2025\/09\/Herb-Hemp-lip-balm-vari-scaled.jpg\" \/>\n\t<meta property=\"og:image:width\" content=\"2560\" \/>\n\t<meta property=\"og:image:height\" content=\"2560\" \/>\n\t<meta property=\"og:image:type\" content=\"image\/jpeg\" \/>\n<meta name=\"twitter:card\" content=\"summary_large_image\" \/>\n<meta name=\"twitter:label1\" content=\"Est. reading time\" \/>\n\t<meta name=\"twitter:data1\" content=\"1 minut\" \/>\n<script type=\"application\/ld+json\" class=\"yoast-schema-graph\">{\"@context\":\"https:\/\/schema.org\",\"@graph\":[{\"@type\":\"WebPage\",\"@id\":\"https:\/\/nailspa.ee\/e-pood\/toode\/lip-recovery-balm-15-ml\/\",\"url\":\"https:\/\/nailspa.ee\/e-pood\/toode\/lip-recovery-balm-15-ml\/\",\"name\":\"Lip Recovery Balm 15 ml | Nailspa e-pood\",\"isPartOf\":{\"@id\":\"http:\/\/nailspa.ee\/e-pood\/#website\"},\"primaryImageOfPage\":{\"@id\":\"https:\/\/nailspa.ee\/e-pood\/toode\/lip-recovery-balm-15-ml\/#primaryimage\"},\"image\":{\"@id\":\"https:\/\/nailspa.ee\/e-pood\/toode\/lip-recovery-balm-15-ml\/#primaryimage\"},\"thumbnailUrl\":\"https:\/\/nailspa.ee\/e-pood\/wp-content\/uploads\/2025\/09\/Herb-Hemp-lip-balm-vari-scaled.jpg\",\"datePublished\":\"2025-09-22T09:21:28+00:00\",\"dateModified\":\"2026-01-31T13:08:01+00:00\",\"breadcrumb\":{\"@id\":\"https:\/\/nailspa.ee\/e-pood\/toode\/lip-recovery-balm-15-ml\/#breadcrumb\"},\"inLanguage\":\"et\",\"potentialAction\":[{\"@type\":\"ReadAction\",\"target\":[\"https:\/\/nailspa.ee\/e-pood\/toode\/lip-recovery-balm-15-ml\/\"]}]},{\"@type\":\"ImageObject\",\"inLanguage\":\"et\",\"@id\":\"https:\/\/nailspa.ee\/e-pood\/toode\/lip-recovery-balm-15-ml\/#primaryimage\",\"url\":\"https:\/\/nailspa.ee\/e-pood\/wp-content\/uploads\/2025\/09\/Herb-Hemp-lip-balm-vari-scaled.jpg\",\"contentUrl\":\"https:\/\/nailspa.ee\/e-pood\/wp-content\/uploads\/2025\/09\/Herb-Hemp-lip-balm-vari-scaled.jpg\",\"width\":2560,\"height\":2560},{\"@type\":\"BreadcrumbList\",\"@id\":\"https:\/\/nailspa.ee\/e-pood\/toode\/lip-recovery-balm-15-ml\/#breadcrumb\",\"itemListElement\":[{\"@type\":\"ListItem\",\"position\":1,\"name\":\"Home\",\"item\":\"http:\/\/nailspa.ee\/e-pood\/\"},{\"@type\":\"ListItem\",\"position\":2,\"name\":\"Pood\",\"item\":\"http:\/\/nailspa.ee\/e-pood\/pood\/\"},{\"@type\":\"ListItem\",\"position\":3,\"name\":\"Lip Recovery Balm 15 ml\"}]},{\"@type\":\"WebSite\",\"@id\":\"http:\/\/nailspa.ee\/e-pood\/#website\",\"url\":\"http:\/\/nailspa.ee\/e-pood\/\",\"name\":\"Nailspa e-pood\",\"description\":\"\",\"potentialAction\":[{\"@type\":\"SearchAction\",\"target\":{\"@type\":\"EntryPoint\",\"urlTemplate\":\"http:\/\/nailspa.ee\/e-pood\/?s={search_term_string}\"},\"query-input\":{\"@type\":\"PropertyValueSpecification\",\"valueRequired\":true,\"valueName\":\"search_term_string\"}}],\"inLanguage\":\"et\"}]}<\/script>\n<!-- \/ Yoast SEO plugin. -->","yoast_head_json":{"title":"Lip Recovery Balm 15 ml | Nailspa e-pood","robots":{"index":"index","follow":"follow","max-snippet":"max-snippet:-1","max-image-preview":"max-image-preview:large","max-video-preview":"max-video-preview:-1"},"canonical":"https:\/\/nailspa.ee\/e-pood\/toode\/lip-recovery-balm-15-ml\/","og_locale":"et_EE","og_type":"article","og_title":"Lip Recovery Balm 15 ml | Nailspa e-pood","og_description":"Taastav huulepalsam kanepiseemne\u00f5li, riitsinus\u00f5li ja mesilasvahaga   S\u00fcgavalt niisutav ja taastav huulepalsam kuivadele ja l\u00f5henevatele huultele. Palsam \u00fchendab\u00a0 kanepiseemne- ja riitsinus\u00f5li s\u00fcgavniisutava toime, kakaov\u00f5i pehmendava hoolduse ja mesilasvaha loodusliku kaitse. Mee ekstrakt lisab \u00f5rna magususe, samal ajal kui kurgi aroom toob v\u00e4rskendava puudutuse. Gl\u00fctseriin aitab s\u00e4ilitada huulte niiskust, hoides need pehmed ja siledad.    Koostis: kanepiseemne- ja riitsinus\u00f5li, kakaov\u00f5i, mesilasvaha, coco-caprylate caprate,\u00a0pol\u00fcgl\u00fctser\u00fc\u00fcl-2-seskvisostearaat, h\u00fcdrogeenitud kastoor\u00f5li, karnauba vaha, vesi, gl\u00fctseriin, mee ekstrakt, kurgi maitse (aroom), triatsetiin.","og_url":"https:\/\/nailspa.ee\/e-pood\/toode\/lip-recovery-balm-15-ml\/","og_site_name":"Nailspa e-pood","article_modified_time":"2026-01-31T13:08:01+00:00","og_image":[{"width":2560,"height":2560,"url":"https:\/\/nailspa.ee\/e-pood\/wp-content\/uploads\/2025\/09\/Herb-Hemp-lip-balm-vari-scaled.jpg","type":"image\/jpeg"}],"twitter_card":"summary_large_image","twitter_misc":{"Est. reading time":"1 minut"},"schema":{"@context":"https:\/\/schema.org","@graph":[{"@type":"WebPage","@id":"https:\/\/nailspa.ee\/e-pood\/toode\/lip-recovery-balm-15-ml\/","url":"https:\/\/nailspa.ee\/e-pood\/toode\/lip-recovery-balm-15-ml\/","name":"Lip Recovery Balm 15 ml | Nailspa e-pood","isPartOf":{"@id":"http:\/\/nailspa.ee\/e-pood\/#website"},"primaryImageOfPage":{"@id":"https:\/\/nailspa.ee\/e-pood\/toode\/lip-recovery-balm-15-ml\/#primaryimage"},"image":{"@id":"https:\/\/nailspa.ee\/e-pood\/toode\/lip-recovery-balm-15-ml\/#primaryimage"},"thumbnailUrl":"https:\/\/nailspa.ee\/e-pood\/wp-content\/uploads\/2025\/09\/Herb-Hemp-lip-balm-vari-scaled.jpg","datePublished":"2025-09-22T09:21:28+00:00","dateModified":"2026-01-31T13:08:01+00:00","breadcrumb":{"@id":"https:\/\/nailspa.ee\/e-pood\/toode\/lip-recovery-balm-15-ml\/#breadcrumb"},"inLanguage":"et","potentialAction":[{"@type":"ReadAction","target":["https:\/\/nailspa.ee\/e-pood\/toode\/lip-recovery-balm-15-ml\/"]}]},{"@type":"ImageObject","inLanguage":"et","@id":"https:\/\/nailspa.ee\/e-pood\/toode\/lip-recovery-balm-15-ml\/#primaryimage","url":"https:\/\/nailspa.ee\/e-pood\/wp-content\/uploads\/2025\/09\/Herb-Hemp-lip-balm-vari-scaled.jpg","contentUrl":"https:\/\/nailspa.ee\/e-pood\/wp-content\/uploads\/2025\/09\/Herb-Hemp-lip-balm-vari-scaled.jpg","width":2560,"height":2560},{"@type":"BreadcrumbList","@id":"https:\/\/nailspa.ee\/e-pood\/toode\/lip-recovery-balm-15-ml\/#breadcrumb","itemListElement":[{"@type":"ListItem","position":1,"name":"Home","item":"http:\/\/nailspa.ee\/e-pood\/"},{"@type":"ListItem","position":2,"name":"Pood","item":"http:\/\/nailspa.ee\/e-pood\/pood\/"},{"@type":"ListItem","position":3,"name":"Lip Recovery Balm 15 ml"}]},{"@type":"WebSite","@id":"http:\/\/nailspa.ee\/e-pood\/#website","url":"http:\/\/nailspa.ee\/e-pood\/","name":"Nailspa e-pood","description":"","potentialAction":[{"@type":"SearchAction","target":{"@type":"EntryPoint","urlTemplate":"http:\/\/nailspa.ee\/e-pood\/?s={search_term_string}"},"query-input":{"@type":"PropertyValueSpecification","valueRequired":true,"valueName":"search_term_string"}}],"inLanguage":"et"}]}},"_links":{"self":[{"href":"https:\/\/nailspa.ee\/e-pood\/wp-json\/wp\/v2\/product\/7392","targetHints":{"allow":["GET"]}}],"collection":[{"href":"https:\/\/nailspa.ee\/e-pood\/wp-json\/wp\/v2\/product"}],"about":[{"href":"https:\/\/nailspa.ee\/e-pood\/wp-json\/wp\/v2\/types\/product"}],"wp:featuredmedia":[{"embeddable":true,"href":"https:\/\/nailspa.ee\/e-pood\/wp-json\/wp\/v2\/media\/7365"}],"wp:attachment":[{"href":"https:\/\/nailspa.ee\/e-pood\/wp-json\/wp\/v2\/media?parent=7392"}],"wp:term":[{"taxonomy":"product_brand","embeddable":true,"href":"https:\/\/nailspa.ee\/e-pood\/wp-json\/wp\/v2\/product_brand?post=7392"},{"taxonomy":"product_cat","embeddable":true,"href":"https:\/\/nailspa.ee\/e-pood\/wp-json\/wp\/v2\/product_cat?post=7392"},{"taxonomy":"product_tag","embeddable":true,"href":"https:\/\/nailspa.ee\/e-pood\/wp-json\/wp\/v2\/product_tag?post=7392"}],"curies":[{"name":"wp","href":"https:\/\/api.w.org\/{rel}","templated":true}]}}