{"id":7391,"date":"2025-09-22T12:18:10","date_gmt":"2025-09-22T09:18:10","guid":{"rendered":"https:\/\/nailspa.ee\/e-pood\/?post_type=product&#038;p=7391"},"modified":"2026-01-31T15:08:06","modified_gmt":"2026-01-31T13:08:06","slug":"gentle-exfoliating-hemp-soap","status":"publish","type":"product","link":"https:\/\/nailspa.ee\/e-pood\/toode\/gentle-exfoliating-hemp-soap\/","title":{"rendered":"Gentle Exfoliating Hemp Soap 100 grammi"},"content":{"rendered":"","protected":false},"excerpt":{"rendered":"<ul>\n<li>Kergelt kooriv kanepiseep kanepiseemne\u00f5li ja mandlikoorega<\/li>\n<li>100 grammi<\/li>\n<li>S\u00fcgavalt puhastav ja kergelt kooriv kanepiseep, mis lisaks kanepiseemne\u00f5lile sisaldab ka peenestatud mandlikoort. Lisaks annab\u00a0 tsitruseliste koore \u00f5li nahale eluj\u00f5udu ning gl\u00fctseriin niisutab ja kaitseb.<\/li>\n<li><\/li>\n<li><i><span lang=\"ET\">Koostis: kanepiseemne\u00f5li,\u00a0 magusa mandli koor, karamell, gl\u00fctseriin, magusa apelsini koore \u00f5li, tsitrusviljade koore \u00f5li, vesi, naatriumstearaat, prop\u00fcleengl\u00fckool, sorbitool, naatriumlauraat, naatriumlauretsulfaat, naatriumkloriid, naatriumlaur\u00fc\u00fclsulfaat, parf\u00fc\u00fcm, sidrunhape, naatriumtsitraat, IDS-Na4, tetraetidronat-naatrium, heksamet\u00fc\u00fclindanop\u00fcraan, limoneen, geraniool, heks\u00fc\u00fclkannaal, linalool, alfa-isomet\u00fc\u00fclioon, linal\u00fc\u00fclatsetaat, vanilliin, pinene, trimethylcyclopentenyl methylisopentenol, pineen,\u00a0<a target=\"_blank\" rel=\"noopener noreferrer\" name=\"_Hlk198645355\"><\/a>Iso E Super.<\/span><\/i><\/li>\n<\/ul>\n","protected":false},"featured_media":7363,"template":"","meta":[],"product_brand":[],"product_cat":[123],"product_tag":[],"class_list":{"0":"post-7391","1":"product","2":"type-product","3":"status-publish","4":"has-post-thumbnail","6":"product_cat-herb-hemp","8":"first","9":"instock","10":"taxable","11":"shipping-taxable","12":"purchasable","13":"product-type-simple"},"yoast_head":"<!-- This site is optimized with the Yoast SEO plugin v26.4 - https:\/\/yoast.com\/wordpress\/plugins\/seo\/ -->\n<title>Gentle Exfoliating Hemp Soap 100 grammi | Nailspa e-pood<\/title>\n<meta name=\"robots\" content=\"index, follow, max-snippet:-1, max-image-preview:large, max-video-preview:-1\" \/>\n<link rel=\"canonical\" href=\"https:\/\/nailspa.ee\/e-pood\/toode\/gentle-exfoliating-hemp-soap\/\" \/>\n<meta property=\"og:locale\" content=\"et_EE\" \/>\n<meta property=\"og:type\" content=\"article\" \/>\n<meta property=\"og:title\" content=\"Gentle Exfoliating Hemp Soap 100 grammi | Nailspa e-pood\" \/>\n<meta property=\"og:description\" content=\"Kergelt kooriv kanepiseep kanepiseemne\u00f5li ja mandlikoorega  100 grammi  S\u00fcgavalt puhastav ja kergelt kooriv kanepiseep, mis lisaks kanepiseemne\u00f5lile sisaldab ka peenestatud mandlikoort. Lisaks annab\u00a0 tsitruseliste koore \u00f5li nahale eluj\u00f5udu ning gl\u00fctseriin niisutab ja kaitseb.    Koostis: kanepiseemne\u00f5li,\u00a0 magusa mandli koor, karamell, gl\u00fctseriin, magusa apelsini koore \u00f5li, tsitrusviljade koore \u00f5li, vesi, naatriumstearaat, prop\u00fcleengl\u00fckool, sorbitool, naatriumlauraat, naatriumlauretsulfaat, naatriumkloriid, naatriumlaur\u00fc\u00fclsulfaat, parf\u00fc\u00fcm, sidrunhape, naatriumtsitraat, IDS-Na4, tetraetidronat-naatrium, heksamet\u00fc\u00fclindanop\u00fcraan, limoneen, geraniool, heks\u00fc\u00fclkannaal, linalool, alfa-isomet\u00fc\u00fclioon, linal\u00fc\u00fclatsetaat, vanilliin, pinene, trimethylcyclopentenyl methylisopentenol, pineen,\u00a0Iso E Super.\" \/>\n<meta property=\"og:url\" content=\"https:\/\/nailspa.ee\/e-pood\/toode\/gentle-exfoliating-hemp-soap\/\" \/>\n<meta property=\"og:site_name\" content=\"Nailspa e-pood\" \/>\n<meta property=\"article:modified_time\" content=\"2026-01-31T13:08:06+00:00\" \/>\n<meta property=\"og:image\" content=\"https:\/\/nailspa.ee\/e-pood\/wp-content\/uploads\/2025\/09\/Herb-Hemp-soap-vari-2-scaled.jpg\" \/>\n\t<meta property=\"og:image:width\" content=\"2560\" \/>\n\t<meta property=\"og:image:height\" content=\"1707\" \/>\n\t<meta property=\"og:image:type\" content=\"image\/jpeg\" \/>\n<meta name=\"twitter:card\" content=\"summary_large_image\" \/>\n<meta name=\"twitter:label1\" content=\"Est. reading time\" \/>\n\t<meta name=\"twitter:data1\" content=\"1 minut\" \/>\n<script type=\"application\/ld+json\" class=\"yoast-schema-graph\">{\"@context\":\"https:\/\/schema.org\",\"@graph\":[{\"@type\":\"WebPage\",\"@id\":\"https:\/\/nailspa.ee\/e-pood\/toode\/gentle-exfoliating-hemp-soap\/\",\"url\":\"https:\/\/nailspa.ee\/e-pood\/toode\/gentle-exfoliating-hemp-soap\/\",\"name\":\"Gentle Exfoliating Hemp Soap 100 grammi | Nailspa e-pood\",\"isPartOf\":{\"@id\":\"https:\/\/nailspa.ee\/e-pood\/#website\"},\"primaryImageOfPage\":{\"@id\":\"https:\/\/nailspa.ee\/e-pood\/toode\/gentle-exfoliating-hemp-soap\/#primaryimage\"},\"image\":{\"@id\":\"https:\/\/nailspa.ee\/e-pood\/toode\/gentle-exfoliating-hemp-soap\/#primaryimage\"},\"thumbnailUrl\":\"https:\/\/nailspa.ee\/e-pood\/wp-content\/uploads\/2025\/09\/Herb-Hemp-soap-vari-2-scaled.jpg\",\"datePublished\":\"2025-09-22T09:18:10+00:00\",\"dateModified\":\"2026-01-31T13:08:06+00:00\",\"breadcrumb\":{\"@id\":\"https:\/\/nailspa.ee\/e-pood\/toode\/gentle-exfoliating-hemp-soap\/#breadcrumb\"},\"inLanguage\":\"et\",\"potentialAction\":[{\"@type\":\"ReadAction\",\"target\":[\"https:\/\/nailspa.ee\/e-pood\/toode\/gentle-exfoliating-hemp-soap\/\"]}]},{\"@type\":\"ImageObject\",\"inLanguage\":\"et\",\"@id\":\"https:\/\/nailspa.ee\/e-pood\/toode\/gentle-exfoliating-hemp-soap\/#primaryimage\",\"url\":\"https:\/\/nailspa.ee\/e-pood\/wp-content\/uploads\/2025\/09\/Herb-Hemp-soap-vari-2-scaled.jpg\",\"contentUrl\":\"https:\/\/nailspa.ee\/e-pood\/wp-content\/uploads\/2025\/09\/Herb-Hemp-soap-vari-2-scaled.jpg\",\"width\":2560,\"height\":1707},{\"@type\":\"BreadcrumbList\",\"@id\":\"https:\/\/nailspa.ee\/e-pood\/toode\/gentle-exfoliating-hemp-soap\/#breadcrumb\",\"itemListElement\":[{\"@type\":\"ListItem\",\"position\":1,\"name\":\"Home\",\"item\":\"https:\/\/nailspa.ee\/e-pood\/\"},{\"@type\":\"ListItem\",\"position\":2,\"name\":\"Pood\",\"item\":\"https:\/\/nailspa.ee\/e-pood\/pood\/\"},{\"@type\":\"ListItem\",\"position\":3,\"name\":\"Gentle Exfoliating Hemp Soap 100 grammi\"}]},{\"@type\":\"WebSite\",\"@id\":\"https:\/\/nailspa.ee\/e-pood\/#website\",\"url\":\"https:\/\/nailspa.ee\/e-pood\/\",\"name\":\"Nailspa e-pood\",\"description\":\"\",\"potentialAction\":[{\"@type\":\"SearchAction\",\"target\":{\"@type\":\"EntryPoint\",\"urlTemplate\":\"https:\/\/nailspa.ee\/e-pood\/?s={search_term_string}\"},\"query-input\":{\"@type\":\"PropertyValueSpecification\",\"valueRequired\":true,\"valueName\":\"search_term_string\"}}],\"inLanguage\":\"et\"}]}<\/script>\n<!-- \/ Yoast SEO plugin. -->","yoast_head_json":{"title":"Gentle Exfoliating Hemp Soap 100 grammi | Nailspa e-pood","robots":{"index":"index","follow":"follow","max-snippet":"max-snippet:-1","max-image-preview":"max-image-preview:large","max-video-preview":"max-video-preview:-1"},"canonical":"https:\/\/nailspa.ee\/e-pood\/toode\/gentle-exfoliating-hemp-soap\/","og_locale":"et_EE","og_type":"article","og_title":"Gentle Exfoliating Hemp Soap 100 grammi | Nailspa e-pood","og_description":"Kergelt kooriv kanepiseep kanepiseemne\u00f5li ja mandlikoorega  100 grammi  S\u00fcgavalt puhastav ja kergelt kooriv kanepiseep, mis lisaks kanepiseemne\u00f5lile sisaldab ka peenestatud mandlikoort. Lisaks annab\u00a0 tsitruseliste koore \u00f5li nahale eluj\u00f5udu ning gl\u00fctseriin niisutab ja kaitseb.    Koostis: kanepiseemne\u00f5li,\u00a0 magusa mandli koor, karamell, gl\u00fctseriin, magusa apelsini koore \u00f5li, tsitrusviljade koore \u00f5li, vesi, naatriumstearaat, prop\u00fcleengl\u00fckool, sorbitool, naatriumlauraat, naatriumlauretsulfaat, naatriumkloriid, naatriumlaur\u00fc\u00fclsulfaat, parf\u00fc\u00fcm, sidrunhape, naatriumtsitraat, IDS-Na4, tetraetidronat-naatrium, heksamet\u00fc\u00fclindanop\u00fcraan, limoneen, geraniool, heks\u00fc\u00fclkannaal, linalool, alfa-isomet\u00fc\u00fclioon, linal\u00fc\u00fclatsetaat, vanilliin, pinene, trimethylcyclopentenyl methylisopentenol, pineen,\u00a0Iso E Super.","og_url":"https:\/\/nailspa.ee\/e-pood\/toode\/gentle-exfoliating-hemp-soap\/","og_site_name":"Nailspa e-pood","article_modified_time":"2026-01-31T13:08:06+00:00","og_image":[{"width":2560,"height":1707,"url":"https:\/\/nailspa.ee\/e-pood\/wp-content\/uploads\/2025\/09\/Herb-Hemp-soap-vari-2-scaled.jpg","type":"image\/jpeg"}],"twitter_card":"summary_large_image","twitter_misc":{"Est. reading time":"1 minut"},"schema":{"@context":"https:\/\/schema.org","@graph":[{"@type":"WebPage","@id":"https:\/\/nailspa.ee\/e-pood\/toode\/gentle-exfoliating-hemp-soap\/","url":"https:\/\/nailspa.ee\/e-pood\/toode\/gentle-exfoliating-hemp-soap\/","name":"Gentle Exfoliating Hemp Soap 100 grammi | Nailspa e-pood","isPartOf":{"@id":"https:\/\/nailspa.ee\/e-pood\/#website"},"primaryImageOfPage":{"@id":"https:\/\/nailspa.ee\/e-pood\/toode\/gentle-exfoliating-hemp-soap\/#primaryimage"},"image":{"@id":"https:\/\/nailspa.ee\/e-pood\/toode\/gentle-exfoliating-hemp-soap\/#primaryimage"},"thumbnailUrl":"https:\/\/nailspa.ee\/e-pood\/wp-content\/uploads\/2025\/09\/Herb-Hemp-soap-vari-2-scaled.jpg","datePublished":"2025-09-22T09:18:10+00:00","dateModified":"2026-01-31T13:08:06+00:00","breadcrumb":{"@id":"https:\/\/nailspa.ee\/e-pood\/toode\/gentle-exfoliating-hemp-soap\/#breadcrumb"},"inLanguage":"et","potentialAction":[{"@type":"ReadAction","target":["https:\/\/nailspa.ee\/e-pood\/toode\/gentle-exfoliating-hemp-soap\/"]}]},{"@type":"ImageObject","inLanguage":"et","@id":"https:\/\/nailspa.ee\/e-pood\/toode\/gentle-exfoliating-hemp-soap\/#primaryimage","url":"https:\/\/nailspa.ee\/e-pood\/wp-content\/uploads\/2025\/09\/Herb-Hemp-soap-vari-2-scaled.jpg","contentUrl":"https:\/\/nailspa.ee\/e-pood\/wp-content\/uploads\/2025\/09\/Herb-Hemp-soap-vari-2-scaled.jpg","width":2560,"height":1707},{"@type":"BreadcrumbList","@id":"https:\/\/nailspa.ee\/e-pood\/toode\/gentle-exfoliating-hemp-soap\/#breadcrumb","itemListElement":[{"@type":"ListItem","position":1,"name":"Home","item":"https:\/\/nailspa.ee\/e-pood\/"},{"@type":"ListItem","position":2,"name":"Pood","item":"https:\/\/nailspa.ee\/e-pood\/pood\/"},{"@type":"ListItem","position":3,"name":"Gentle Exfoliating Hemp Soap 100 grammi"}]},{"@type":"WebSite","@id":"https:\/\/nailspa.ee\/e-pood\/#website","url":"https:\/\/nailspa.ee\/e-pood\/","name":"Nailspa e-pood","description":"","potentialAction":[{"@type":"SearchAction","target":{"@type":"EntryPoint","urlTemplate":"https:\/\/nailspa.ee\/e-pood\/?s={search_term_string}"},"query-input":{"@type":"PropertyValueSpecification","valueRequired":true,"valueName":"search_term_string"}}],"inLanguage":"et"}]}},"_links":{"self":[{"href":"https:\/\/nailspa.ee\/e-pood\/wp-json\/wp\/v2\/product\/7391","targetHints":{"allow":["GET"]}}],"collection":[{"href":"https:\/\/nailspa.ee\/e-pood\/wp-json\/wp\/v2\/product"}],"about":[{"href":"https:\/\/nailspa.ee\/e-pood\/wp-json\/wp\/v2\/types\/product"}],"wp:featuredmedia":[{"embeddable":true,"href":"https:\/\/nailspa.ee\/e-pood\/wp-json\/wp\/v2\/media\/7363"}],"wp:attachment":[{"href":"https:\/\/nailspa.ee\/e-pood\/wp-json\/wp\/v2\/media?parent=7391"}],"wp:term":[{"taxonomy":"product_brand","embeddable":true,"href":"https:\/\/nailspa.ee\/e-pood\/wp-json\/wp\/v2\/product_brand?post=7391"},{"taxonomy":"product_cat","embeddable":true,"href":"https:\/\/nailspa.ee\/e-pood\/wp-json\/wp\/v2\/product_cat?post=7391"},{"taxonomy":"product_tag","embeddable":true,"href":"https:\/\/nailspa.ee\/e-pood\/wp-json\/wp\/v2\/product_tag?post=7391"}],"curies":[{"name":"wp","href":"https:\/\/api.w.org\/{rel}","templated":true}]}}