{"id":7231,"date":"2025-03-19T14:40:18","date_gmt":"2025-03-19T12:40:18","guid":{"rendered":"https:\/\/nailspa.ee\/e-pood\/?post_type=product&#038;p=7231"},"modified":"2025-03-20T09:33:42","modified_gmt":"2025-03-20T07:33:42","slug":"nail-repair-oil-30-ml","status":"publish","type":"product","link":"https:\/\/nailspa.ee\/e-pood\/toode\/nail-repair-oil-30-ml\/","title":{"rendered":"Herb &#038; Hemp Nail Repair Oil 30 ml"},"content":{"rendered":"","protected":false},"excerpt":{"rendered":"<ul>\n<li>Niisutav ja toitev k\u00fc\u00fcne\u00f5li kanepi- ja makadaamiap\u00e4hkli\u00f5liga<\/li>\n<li>Sisaldab rohkelt looduslikke \u00f5lisid, vitamiine ja antioks\u00fcdante<\/li>\n<li>Lisaks kanepi\u00f5lile on k\u00fc\u00fcne\u00f5lis ka madadaamiap\u00e4hkli\u00f5li, mida soovitatakse just tundlikule ja kahjustunud k\u00fc\u00fcnenahale, aidates kaasa naha paranemisele<\/li>\n<li>K\u00fc\u00fcne\u00f5li imendub kiirelt ja ei j\u00e4ta nahka rasvaseks<\/li>\n<li>Kerge tekstuuriga<\/li>\n<\/ul>\n","protected":false},"featured_media":7227,"template":"","meta":[],"product_brand":[],"product_cat":[123,83,84],"product_tag":[],"class_list":{"0":"post-7231","1":"product","2":"type-product","3":"status-publish","4":"has-post-thumbnail","6":"product_cat-herb-hemp","7":"product_cat-katehooldus","8":"product_cat-kuuntehooldus","10":"first","11":"instock","12":"taxable","13":"shipping-taxable","14":"purchasable","15":"product-type-simple"},"yoast_head":"<!-- This site is optimized with the Yoast SEO plugin v26.4 - https:\/\/yoast.com\/wordpress\/plugins\/seo\/ -->\n<title>Herb &amp; Hemp Nail Repair Oil 30 ml | Nailspa e-pood<\/title>\n<meta name=\"robots\" content=\"index, follow, max-snippet:-1, max-image-preview:large, max-video-preview:-1\" \/>\n<link rel=\"canonical\" href=\"https:\/\/nailspa.ee\/e-pood\/toode\/nail-repair-oil-30-ml\/\" \/>\n<meta property=\"og:locale\" content=\"et_EE\" \/>\n<meta property=\"og:type\" content=\"article\" \/>\n<meta property=\"og:title\" content=\"Herb &amp; Hemp Nail Repair Oil 30 ml | Nailspa e-pood\" \/>\n<meta property=\"og:description\" content=\"Niisutav ja toitev k\u00fc\u00fcne\u00f5li kanepi- ja makadaamiap\u00e4hkli\u00f5liga  Sisaldab rohkelt looduslikke \u00f5lisid, vitamiine ja antioks\u00fcdante  Lisaks kanepi\u00f5lile on k\u00fc\u00fcne\u00f5lis ka madadaamiap\u00e4hkli\u00f5li, mida soovitatakse just tundlikule ja kahjustunud k\u00fc\u00fcnenahale, aidates kaasa naha paranemisele  K\u00fc\u00fcne\u00f5li imendub kiirelt ja ei j\u00e4ta nahka rasvaseks  Kerge tekstuuriga\" \/>\n<meta property=\"og:url\" content=\"https:\/\/nailspa.ee\/e-pood\/toode\/nail-repair-oil-30-ml\/\" \/>\n<meta property=\"og:site_name\" content=\"Nailspa e-pood\" \/>\n<meta property=\"article:modified_time\" content=\"2025-03-20T07:33:42+00:00\" \/>\n<meta property=\"og:image\" content=\"https:\/\/nailspa.ee\/e-pood\/wp-content\/uploads\/2025\/03\/oil2.jpg\" \/>\n\t<meta property=\"og:image:width\" content=\"1001\" \/>\n\t<meta property=\"og:image:height\" content=\"1013\" \/>\n\t<meta property=\"og:image:type\" content=\"image\/jpeg\" \/>\n<meta name=\"twitter:card\" content=\"summary_large_image\" \/>\n<meta name=\"twitter:label1\" content=\"Est. reading time\" \/>\n\t<meta name=\"twitter:data1\" content=\"1 minut\" \/>\n<script type=\"application\/ld+json\" class=\"yoast-schema-graph\">{\"@context\":\"https:\/\/schema.org\",\"@graph\":[{\"@type\":\"WebPage\",\"@id\":\"https:\/\/nailspa.ee\/e-pood\/toode\/nail-repair-oil-30-ml\/\",\"url\":\"https:\/\/nailspa.ee\/e-pood\/toode\/nail-repair-oil-30-ml\/\",\"name\":\"Herb & Hemp Nail Repair Oil 30 ml | Nailspa e-pood\",\"isPartOf\":{\"@id\":\"https:\/\/nailspa.ee\/e-pood\/#website\"},\"primaryImageOfPage\":{\"@id\":\"https:\/\/nailspa.ee\/e-pood\/toode\/nail-repair-oil-30-ml\/#primaryimage\"},\"image\":{\"@id\":\"https:\/\/nailspa.ee\/e-pood\/toode\/nail-repair-oil-30-ml\/#primaryimage\"},\"thumbnailUrl\":\"https:\/\/nailspa.ee\/e-pood\/wp-content\/uploads\/2025\/03\/oil2.jpg\",\"datePublished\":\"2025-03-19T12:40:18+00:00\",\"dateModified\":\"2025-03-20T07:33:42+00:00\",\"breadcrumb\":{\"@id\":\"https:\/\/nailspa.ee\/e-pood\/toode\/nail-repair-oil-30-ml\/#breadcrumb\"},\"inLanguage\":\"et\",\"potentialAction\":[{\"@type\":\"ReadAction\",\"target\":[\"https:\/\/nailspa.ee\/e-pood\/toode\/nail-repair-oil-30-ml\/\"]}]},{\"@type\":\"ImageObject\",\"inLanguage\":\"et\",\"@id\":\"https:\/\/nailspa.ee\/e-pood\/toode\/nail-repair-oil-30-ml\/#primaryimage\",\"url\":\"https:\/\/nailspa.ee\/e-pood\/wp-content\/uploads\/2025\/03\/oil2.jpg\",\"contentUrl\":\"https:\/\/nailspa.ee\/e-pood\/wp-content\/uploads\/2025\/03\/oil2.jpg\",\"width\":1001,\"height\":1013},{\"@type\":\"BreadcrumbList\",\"@id\":\"https:\/\/nailspa.ee\/e-pood\/toode\/nail-repair-oil-30-ml\/#breadcrumb\",\"itemListElement\":[{\"@type\":\"ListItem\",\"position\":1,\"name\":\"Home\",\"item\":\"https:\/\/nailspa.ee\/e-pood\/\"},{\"@type\":\"ListItem\",\"position\":2,\"name\":\"Pood\",\"item\":\"https:\/\/nailspa.ee\/e-pood\/pood\/\"},{\"@type\":\"ListItem\",\"position\":3,\"name\":\"Herb &#038; Hemp Nail Repair Oil 30 ml\"}]},{\"@type\":\"WebSite\",\"@id\":\"https:\/\/nailspa.ee\/e-pood\/#website\",\"url\":\"https:\/\/nailspa.ee\/e-pood\/\",\"name\":\"Nailspa e-pood\",\"description\":\"\",\"potentialAction\":[{\"@type\":\"SearchAction\",\"target\":{\"@type\":\"EntryPoint\",\"urlTemplate\":\"https:\/\/nailspa.ee\/e-pood\/?s={search_term_string}\"},\"query-input\":{\"@type\":\"PropertyValueSpecification\",\"valueRequired\":true,\"valueName\":\"search_term_string\"}}],\"inLanguage\":\"et\"}]}<\/script>\n<!-- \/ Yoast SEO plugin. -->","yoast_head_json":{"title":"Herb & Hemp Nail Repair Oil 30 ml | Nailspa e-pood","robots":{"index":"index","follow":"follow","max-snippet":"max-snippet:-1","max-image-preview":"max-image-preview:large","max-video-preview":"max-video-preview:-1"},"canonical":"https:\/\/nailspa.ee\/e-pood\/toode\/nail-repair-oil-30-ml\/","og_locale":"et_EE","og_type":"article","og_title":"Herb & Hemp Nail Repair Oil 30 ml | Nailspa e-pood","og_description":"Niisutav ja toitev k\u00fc\u00fcne\u00f5li kanepi- ja makadaamiap\u00e4hkli\u00f5liga  Sisaldab rohkelt looduslikke \u00f5lisid, vitamiine ja antioks\u00fcdante  Lisaks kanepi\u00f5lile on k\u00fc\u00fcne\u00f5lis ka madadaamiap\u00e4hkli\u00f5li, mida soovitatakse just tundlikule ja kahjustunud k\u00fc\u00fcnenahale, aidates kaasa naha paranemisele  K\u00fc\u00fcne\u00f5li imendub kiirelt ja ei j\u00e4ta nahka rasvaseks  Kerge tekstuuriga","og_url":"https:\/\/nailspa.ee\/e-pood\/toode\/nail-repair-oil-30-ml\/","og_site_name":"Nailspa e-pood","article_modified_time":"2025-03-20T07:33:42+00:00","og_image":[{"width":1001,"height":1013,"url":"https:\/\/nailspa.ee\/e-pood\/wp-content\/uploads\/2025\/03\/oil2.jpg","type":"image\/jpeg"}],"twitter_card":"summary_large_image","twitter_misc":{"Est. reading time":"1 minut"},"schema":{"@context":"https:\/\/schema.org","@graph":[{"@type":"WebPage","@id":"https:\/\/nailspa.ee\/e-pood\/toode\/nail-repair-oil-30-ml\/","url":"https:\/\/nailspa.ee\/e-pood\/toode\/nail-repair-oil-30-ml\/","name":"Herb & Hemp Nail Repair Oil 30 ml | Nailspa e-pood","isPartOf":{"@id":"https:\/\/nailspa.ee\/e-pood\/#website"},"primaryImageOfPage":{"@id":"https:\/\/nailspa.ee\/e-pood\/toode\/nail-repair-oil-30-ml\/#primaryimage"},"image":{"@id":"https:\/\/nailspa.ee\/e-pood\/toode\/nail-repair-oil-30-ml\/#primaryimage"},"thumbnailUrl":"https:\/\/nailspa.ee\/e-pood\/wp-content\/uploads\/2025\/03\/oil2.jpg","datePublished":"2025-03-19T12:40:18+00:00","dateModified":"2025-03-20T07:33:42+00:00","breadcrumb":{"@id":"https:\/\/nailspa.ee\/e-pood\/toode\/nail-repair-oil-30-ml\/#breadcrumb"},"inLanguage":"et","potentialAction":[{"@type":"ReadAction","target":["https:\/\/nailspa.ee\/e-pood\/toode\/nail-repair-oil-30-ml\/"]}]},{"@type":"ImageObject","inLanguage":"et","@id":"https:\/\/nailspa.ee\/e-pood\/toode\/nail-repair-oil-30-ml\/#primaryimage","url":"https:\/\/nailspa.ee\/e-pood\/wp-content\/uploads\/2025\/03\/oil2.jpg","contentUrl":"https:\/\/nailspa.ee\/e-pood\/wp-content\/uploads\/2025\/03\/oil2.jpg","width":1001,"height":1013},{"@type":"BreadcrumbList","@id":"https:\/\/nailspa.ee\/e-pood\/toode\/nail-repair-oil-30-ml\/#breadcrumb","itemListElement":[{"@type":"ListItem","position":1,"name":"Home","item":"https:\/\/nailspa.ee\/e-pood\/"},{"@type":"ListItem","position":2,"name":"Pood","item":"https:\/\/nailspa.ee\/e-pood\/pood\/"},{"@type":"ListItem","position":3,"name":"Herb &#038; Hemp Nail Repair Oil 30 ml"}]},{"@type":"WebSite","@id":"https:\/\/nailspa.ee\/e-pood\/#website","url":"https:\/\/nailspa.ee\/e-pood\/","name":"Nailspa e-pood","description":"","potentialAction":[{"@type":"SearchAction","target":{"@type":"EntryPoint","urlTemplate":"https:\/\/nailspa.ee\/e-pood\/?s={search_term_string}"},"query-input":{"@type":"PropertyValueSpecification","valueRequired":true,"valueName":"search_term_string"}}],"inLanguage":"et"}]}},"_links":{"self":[{"href":"https:\/\/nailspa.ee\/e-pood\/wp-json\/wp\/v2\/product\/7231","targetHints":{"allow":["GET"]}}],"collection":[{"href":"https:\/\/nailspa.ee\/e-pood\/wp-json\/wp\/v2\/product"}],"about":[{"href":"https:\/\/nailspa.ee\/e-pood\/wp-json\/wp\/v2\/types\/product"}],"wp:featuredmedia":[{"embeddable":true,"href":"https:\/\/nailspa.ee\/e-pood\/wp-json\/wp\/v2\/media\/7227"}],"wp:attachment":[{"href":"https:\/\/nailspa.ee\/e-pood\/wp-json\/wp\/v2\/media?parent=7231"}],"wp:term":[{"taxonomy":"product_brand","embeddable":true,"href":"https:\/\/nailspa.ee\/e-pood\/wp-json\/wp\/v2\/product_brand?post=7231"},{"taxonomy":"product_cat","embeddable":true,"href":"https:\/\/nailspa.ee\/e-pood\/wp-json\/wp\/v2\/product_cat?post=7231"},{"taxonomy":"product_tag","embeddable":true,"href":"https:\/\/nailspa.ee\/e-pood\/wp-json\/wp\/v2\/product_tag?post=7231"}],"curies":[{"name":"wp","href":"https:\/\/api.w.org\/{rel}","templated":true}]}}