{"id":7230,"date":"2025-03-19T14:38:29","date_gmt":"2025-03-19T12:38:29","guid":{"rendered":"https:\/\/nailspa.ee\/e-pood\/?post_type=product&#038;p=7230"},"modified":"2025-10-22T16:26:53","modified_gmt":"2025-10-22T13:26:53","slug":"body-moisturiser","status":"publish","type":"product","link":"https:\/\/nailspa.ee\/e-pood\/toode\/body-moisturiser\/","title":{"rendered":"Herb &#038; Hemp Body Moisturiser 250 ml"},"content":{"rendered":"","protected":false},"excerpt":{"rendered":"<ul>\n<li>Niisutav ja toitev kehakreem kanepi\u00f5li ja hobukastani ekstraktiga<\/li>\n<li>Sisaldab rohkelt looduslikke \u00f5lisid, vitamiine ja antioks\u00fcdante<\/li>\n<li>Kreem imendub kiirelt ja ei j\u00e4ta nahka rasvaseks<\/li>\n<li>Lisaks kanepi\u00f5lile on kehakreemis ka hobukastani ekstrakt, millel on nahatooni \u00fchtlustav toime, stimuleerides mikrotsirkulatsiooni ja toniseerides nahaaluseid veresooni<\/li>\n<\/ul>\n","protected":false},"featured_media":7226,"template":"","meta":[],"product_brand":[],"product_cat":[123,83],"product_tag":[],"class_list":{"0":"post-7230","1":"product","2":"type-product","3":"status-publish","4":"has-post-thumbnail","6":"product_cat-herb-hemp","7":"product_cat-katehooldus","9":"first","10":"instock","11":"taxable","12":"shipping-taxable","13":"purchasable","14":"product-type-simple"},"yoast_head":"<!-- This site is optimized with the Yoast SEO plugin v26.4 - https:\/\/yoast.com\/wordpress\/plugins\/seo\/ -->\n<title>Herb &amp; Hemp Body Moisturiser 250 ml | Nailspa e-pood<\/title>\n<meta name=\"robots\" content=\"index, follow, max-snippet:-1, max-image-preview:large, max-video-preview:-1\" \/>\n<link rel=\"canonical\" href=\"https:\/\/nailspa.ee\/e-pood\/toode\/body-moisturiser\/\" \/>\n<meta property=\"og:locale\" content=\"et_EE\" \/>\n<meta property=\"og:type\" content=\"article\" \/>\n<meta property=\"og:title\" content=\"Herb &amp; Hemp Body Moisturiser 250 ml | Nailspa e-pood\" \/>\n<meta property=\"og:description\" content=\"Niisutav ja toitev kehakreem kanepi\u00f5li ja hobukastani ekstraktiga  Sisaldab rohkelt looduslikke \u00f5lisid, vitamiine ja antioks\u00fcdante  Kreem imendub kiirelt ja ei j\u00e4ta nahka rasvaseks  Lisaks kanepi\u00f5lile on kehakreemis ka hobukastani ekstrakt, millel on nahatooni \u00fchtlustav toime, stimuleerides mikrotsirkulatsiooni ja toniseerides nahaaluseid veresooni\" \/>\n<meta property=\"og:url\" content=\"https:\/\/nailspa.ee\/e-pood\/toode\/body-moisturiser\/\" \/>\n<meta property=\"og:site_name\" content=\"Nailspa e-pood\" \/>\n<meta property=\"article:modified_time\" content=\"2025-10-22T13:26:53+00:00\" \/>\n<meta property=\"og:image\" content=\"https:\/\/nailspa.ee\/e-pood\/wp-content\/uploads\/2025\/03\/body2.jpg\" \/>\n\t<meta property=\"og:image:width\" content=\"1000\" \/>\n\t<meta property=\"og:image:height\" content=\"1000\" \/>\n\t<meta property=\"og:image:type\" content=\"image\/jpeg\" \/>\n<meta name=\"twitter:card\" content=\"summary_large_image\" \/>\n<meta name=\"twitter:label1\" content=\"Est. reading time\" \/>\n\t<meta name=\"twitter:data1\" content=\"1 minut\" \/>\n<script type=\"application\/ld+json\" class=\"yoast-schema-graph\">{\"@context\":\"https:\/\/schema.org\",\"@graph\":[{\"@type\":\"WebPage\",\"@id\":\"https:\/\/nailspa.ee\/e-pood\/toode\/body-moisturiser\/\",\"url\":\"https:\/\/nailspa.ee\/e-pood\/toode\/body-moisturiser\/\",\"name\":\"Herb & Hemp Body Moisturiser 250 ml | Nailspa e-pood\",\"isPartOf\":{\"@id\":\"https:\/\/nailspa.ee\/e-pood\/#website\"},\"primaryImageOfPage\":{\"@id\":\"https:\/\/nailspa.ee\/e-pood\/toode\/body-moisturiser\/#primaryimage\"},\"image\":{\"@id\":\"https:\/\/nailspa.ee\/e-pood\/toode\/body-moisturiser\/#primaryimage\"},\"thumbnailUrl\":\"https:\/\/nailspa.ee\/e-pood\/wp-content\/uploads\/2025\/03\/body2.jpg\",\"datePublished\":\"2025-03-19T12:38:29+00:00\",\"dateModified\":\"2025-10-22T13:26:53+00:00\",\"breadcrumb\":{\"@id\":\"https:\/\/nailspa.ee\/e-pood\/toode\/body-moisturiser\/#breadcrumb\"},\"inLanguage\":\"et\",\"potentialAction\":[{\"@type\":\"ReadAction\",\"target\":[\"https:\/\/nailspa.ee\/e-pood\/toode\/body-moisturiser\/\"]}]},{\"@type\":\"ImageObject\",\"inLanguage\":\"et\",\"@id\":\"https:\/\/nailspa.ee\/e-pood\/toode\/body-moisturiser\/#primaryimage\",\"url\":\"https:\/\/nailspa.ee\/e-pood\/wp-content\/uploads\/2025\/03\/body2.jpg\",\"contentUrl\":\"https:\/\/nailspa.ee\/e-pood\/wp-content\/uploads\/2025\/03\/body2.jpg\",\"width\":1000,\"height\":1000},{\"@type\":\"BreadcrumbList\",\"@id\":\"https:\/\/nailspa.ee\/e-pood\/toode\/body-moisturiser\/#breadcrumb\",\"itemListElement\":[{\"@type\":\"ListItem\",\"position\":1,\"name\":\"Home\",\"item\":\"https:\/\/nailspa.ee\/e-pood\/\"},{\"@type\":\"ListItem\",\"position\":2,\"name\":\"Pood\",\"item\":\"https:\/\/nailspa.ee\/e-pood\/pood\/\"},{\"@type\":\"ListItem\",\"position\":3,\"name\":\"Herb &#038; Hemp Body Moisturiser 250 ml\"}]},{\"@type\":\"WebSite\",\"@id\":\"https:\/\/nailspa.ee\/e-pood\/#website\",\"url\":\"https:\/\/nailspa.ee\/e-pood\/\",\"name\":\"Nailspa e-pood\",\"description\":\"\",\"potentialAction\":[{\"@type\":\"SearchAction\",\"target\":{\"@type\":\"EntryPoint\",\"urlTemplate\":\"https:\/\/nailspa.ee\/e-pood\/?s={search_term_string}\"},\"query-input\":{\"@type\":\"PropertyValueSpecification\",\"valueRequired\":true,\"valueName\":\"search_term_string\"}}],\"inLanguage\":\"et\"}]}<\/script>\n<!-- \/ Yoast SEO plugin. -->","yoast_head_json":{"title":"Herb & Hemp Body Moisturiser 250 ml | Nailspa e-pood","robots":{"index":"index","follow":"follow","max-snippet":"max-snippet:-1","max-image-preview":"max-image-preview:large","max-video-preview":"max-video-preview:-1"},"canonical":"https:\/\/nailspa.ee\/e-pood\/toode\/body-moisturiser\/","og_locale":"et_EE","og_type":"article","og_title":"Herb & Hemp Body Moisturiser 250 ml | Nailspa e-pood","og_description":"Niisutav ja toitev kehakreem kanepi\u00f5li ja hobukastani ekstraktiga  Sisaldab rohkelt looduslikke \u00f5lisid, vitamiine ja antioks\u00fcdante  Kreem imendub kiirelt ja ei j\u00e4ta nahka rasvaseks  Lisaks kanepi\u00f5lile on kehakreemis ka hobukastani ekstrakt, millel on nahatooni \u00fchtlustav toime, stimuleerides mikrotsirkulatsiooni ja toniseerides nahaaluseid veresooni","og_url":"https:\/\/nailspa.ee\/e-pood\/toode\/body-moisturiser\/","og_site_name":"Nailspa e-pood","article_modified_time":"2025-10-22T13:26:53+00:00","og_image":[{"width":1000,"height":1000,"url":"https:\/\/nailspa.ee\/e-pood\/wp-content\/uploads\/2025\/03\/body2.jpg","type":"image\/jpeg"}],"twitter_card":"summary_large_image","twitter_misc":{"Est. reading time":"1 minut"},"schema":{"@context":"https:\/\/schema.org","@graph":[{"@type":"WebPage","@id":"https:\/\/nailspa.ee\/e-pood\/toode\/body-moisturiser\/","url":"https:\/\/nailspa.ee\/e-pood\/toode\/body-moisturiser\/","name":"Herb & Hemp Body Moisturiser 250 ml | Nailspa e-pood","isPartOf":{"@id":"https:\/\/nailspa.ee\/e-pood\/#website"},"primaryImageOfPage":{"@id":"https:\/\/nailspa.ee\/e-pood\/toode\/body-moisturiser\/#primaryimage"},"image":{"@id":"https:\/\/nailspa.ee\/e-pood\/toode\/body-moisturiser\/#primaryimage"},"thumbnailUrl":"https:\/\/nailspa.ee\/e-pood\/wp-content\/uploads\/2025\/03\/body2.jpg","datePublished":"2025-03-19T12:38:29+00:00","dateModified":"2025-10-22T13:26:53+00:00","breadcrumb":{"@id":"https:\/\/nailspa.ee\/e-pood\/toode\/body-moisturiser\/#breadcrumb"},"inLanguage":"et","potentialAction":[{"@type":"ReadAction","target":["https:\/\/nailspa.ee\/e-pood\/toode\/body-moisturiser\/"]}]},{"@type":"ImageObject","inLanguage":"et","@id":"https:\/\/nailspa.ee\/e-pood\/toode\/body-moisturiser\/#primaryimage","url":"https:\/\/nailspa.ee\/e-pood\/wp-content\/uploads\/2025\/03\/body2.jpg","contentUrl":"https:\/\/nailspa.ee\/e-pood\/wp-content\/uploads\/2025\/03\/body2.jpg","width":1000,"height":1000},{"@type":"BreadcrumbList","@id":"https:\/\/nailspa.ee\/e-pood\/toode\/body-moisturiser\/#breadcrumb","itemListElement":[{"@type":"ListItem","position":1,"name":"Home","item":"https:\/\/nailspa.ee\/e-pood\/"},{"@type":"ListItem","position":2,"name":"Pood","item":"https:\/\/nailspa.ee\/e-pood\/pood\/"},{"@type":"ListItem","position":3,"name":"Herb &#038; Hemp Body Moisturiser 250 ml"}]},{"@type":"WebSite","@id":"https:\/\/nailspa.ee\/e-pood\/#website","url":"https:\/\/nailspa.ee\/e-pood\/","name":"Nailspa e-pood","description":"","potentialAction":[{"@type":"SearchAction","target":{"@type":"EntryPoint","urlTemplate":"https:\/\/nailspa.ee\/e-pood\/?s={search_term_string}"},"query-input":{"@type":"PropertyValueSpecification","valueRequired":true,"valueName":"search_term_string"}}],"inLanguage":"et"}]}},"_links":{"self":[{"href":"https:\/\/nailspa.ee\/e-pood\/wp-json\/wp\/v2\/product\/7230","targetHints":{"allow":["GET"]}}],"collection":[{"href":"https:\/\/nailspa.ee\/e-pood\/wp-json\/wp\/v2\/product"}],"about":[{"href":"https:\/\/nailspa.ee\/e-pood\/wp-json\/wp\/v2\/types\/product"}],"wp:featuredmedia":[{"embeddable":true,"href":"https:\/\/nailspa.ee\/e-pood\/wp-json\/wp\/v2\/media\/7226"}],"wp:attachment":[{"href":"https:\/\/nailspa.ee\/e-pood\/wp-json\/wp\/v2\/media?parent=7230"}],"wp:term":[{"taxonomy":"product_brand","embeddable":true,"href":"https:\/\/nailspa.ee\/e-pood\/wp-json\/wp\/v2\/product_brand?post=7230"},{"taxonomy":"product_cat","embeddable":true,"href":"https:\/\/nailspa.ee\/e-pood\/wp-json\/wp\/v2\/product_cat?post=7230"},{"taxonomy":"product_tag","embeddable":true,"href":"https:\/\/nailspa.ee\/e-pood\/wp-json\/wp\/v2\/product_tag?post=7230"}],"curies":[{"name":"wp","href":"https:\/\/api.w.org\/{rel}","templated":true}]}}