{"id":7202,"date":"2025-03-13T12:30:31","date_gmt":"2025-03-13T10:30:31","guid":{"rendered":"https:\/\/nailspa.ee\/e-pood\/?post_type=product&#038;p=7202"},"modified":"2025-09-22T11:55:42","modified_gmt":"2025-09-22T08:55:42","slug":"sand-gel-3d-varv-chalk-white-5-ml","status":"publish","type":"product","link":"https:\/\/nailspa.ee\/e-pood\/toode\/sand-gel-3d-varv-chalk-white-5-ml\/","title":{"rendered":"Sand Gel 3D v\u00e4rv Chalk White 5 ml"},"content":{"rendered":"","protected":false},"excerpt":{"rendered":"<ul>\n<li>Aitab luua k\u00fc\u00fcntele silmatorkava kriidise ilme<\/li>\n<li>Ideaalne modernseks matiks 3D tulemuseks<\/li>\n<li>J\u00e4me tekstuur ja s\u00e4rav mattvalge toon muudavad selle mitmek\u00fclgseks tooteks ainulaadsete ja teravate kujunduste jaoks, mis kohe pilku t\u00f5mbavad.<\/li>\n<li>3D kriidine geel annab k\u00fc\u00fcnele karmi, v\u00e4rvitud mulje, mille tekstuur sarnaneb v\u00e4rskelt v\u00e4rvitud seinale<\/li>\n<\/ul>\n","protected":false},"featured_media":7161,"template":"","meta":[],"product_brand":[],"product_cat":[90],"product_tag":[],"class_list":{"0":"post-7202","1":"product","2":"type-product","3":"status-publish","4":"has-post-thumbnail","6":"product_cat-kuunedisain","8":"first","9":"instock","10":"taxable","11":"shipping-taxable","12":"purchasable","13":"product-type-simple"},"yoast_head":"<!-- This site is optimized with the Yoast SEO plugin v26.4 - https:\/\/yoast.com\/wordpress\/plugins\/seo\/ -->\n<title>Sand Gel 3D v\u00e4rv Chalk White 5 ml | Nailspa e-pood<\/title>\n<meta name=\"robots\" content=\"index, follow, max-snippet:-1, max-image-preview:large, max-video-preview:-1\" \/>\n<link rel=\"canonical\" href=\"http:\/\/nailspa.ee\/e-pood\/toode\/sand-gel-3d-varv-chalk-white-5-ml\/\" \/>\n<meta property=\"og:locale\" content=\"et_EE\" \/>\n<meta property=\"og:type\" content=\"article\" \/>\n<meta property=\"og:title\" content=\"Sand Gel 3D v\u00e4rv Chalk White 5 ml | Nailspa e-pood\" \/>\n<meta property=\"og:description\" content=\"Aitab luua k\u00fc\u00fcntele silmatorkava kriidise ilme  Ideaalne modernseks matiks 3D tulemuseks  J\u00e4me tekstuur ja s\u00e4rav mattvalge toon muudavad selle mitmek\u00fclgseks tooteks ainulaadsete ja teravate kujunduste jaoks, mis kohe pilku t\u00f5mbavad.  3D kriidine geel annab k\u00fc\u00fcnele karmi, v\u00e4rvitud mulje, mille tekstuur sarnaneb v\u00e4rskelt v\u00e4rvitud seinale\" \/>\n<meta property=\"og:url\" content=\"http:\/\/nailspa.ee\/e-pood\/toode\/sand-gel-3d-varv-chalk-white-5-ml\/\" \/>\n<meta property=\"og:site_name\" content=\"Nailspa e-pood\" \/>\n<meta property=\"article:modified_time\" content=\"2025-09-22T08:55:42+00:00\" \/>\n<meta property=\"og:image\" content=\"http:\/\/nailspa.ee\/e-pood\/wp-content\/uploads\/2025\/03\/30430_Sand-Gel-3D-Paint-Chalk-White-scaled.jpg\" \/>\n\t<meta property=\"og:image:width\" content=\"2560\" \/>\n\t<meta property=\"og:image:height\" content=\"1703\" \/>\n\t<meta property=\"og:image:type\" content=\"image\/jpeg\" \/>\n<meta name=\"twitter:card\" content=\"summary_large_image\" \/>\n<meta name=\"twitter:label1\" content=\"Est. reading time\" \/>\n\t<meta name=\"twitter:data1\" content=\"1 minut\" \/>\n<script type=\"application\/ld+json\" class=\"yoast-schema-graph\">{\"@context\":\"https:\/\/schema.org\",\"@graph\":[{\"@type\":\"WebPage\",\"@id\":\"http:\/\/nailspa.ee\/e-pood\/toode\/sand-gel-3d-varv-chalk-white-5-ml\/\",\"url\":\"http:\/\/nailspa.ee\/e-pood\/toode\/sand-gel-3d-varv-chalk-white-5-ml\/\",\"name\":\"Sand Gel 3D v\u00e4rv Chalk White 5 ml | Nailspa e-pood\",\"isPartOf\":{\"@id\":\"http:\/\/nailspa.ee\/e-pood\/#website\"},\"primaryImageOfPage\":{\"@id\":\"http:\/\/nailspa.ee\/e-pood\/toode\/sand-gel-3d-varv-chalk-white-5-ml\/#primaryimage\"},\"image\":{\"@id\":\"http:\/\/nailspa.ee\/e-pood\/toode\/sand-gel-3d-varv-chalk-white-5-ml\/#primaryimage\"},\"thumbnailUrl\":\"https:\/\/nailspa.ee\/e-pood\/wp-content\/uploads\/2025\/03\/30430_Sand-Gel-3D-Paint-Chalk-White-scaled.jpg\",\"datePublished\":\"2025-03-13T10:30:31+00:00\",\"dateModified\":\"2025-09-22T08:55:42+00:00\",\"breadcrumb\":{\"@id\":\"http:\/\/nailspa.ee\/e-pood\/toode\/sand-gel-3d-varv-chalk-white-5-ml\/#breadcrumb\"},\"inLanguage\":\"et\",\"potentialAction\":[{\"@type\":\"ReadAction\",\"target\":[\"http:\/\/nailspa.ee\/e-pood\/toode\/sand-gel-3d-varv-chalk-white-5-ml\/\"]}]},{\"@type\":\"ImageObject\",\"inLanguage\":\"et\",\"@id\":\"http:\/\/nailspa.ee\/e-pood\/toode\/sand-gel-3d-varv-chalk-white-5-ml\/#primaryimage\",\"url\":\"https:\/\/nailspa.ee\/e-pood\/wp-content\/uploads\/2025\/03\/30430_Sand-Gel-3D-Paint-Chalk-White-scaled.jpg\",\"contentUrl\":\"https:\/\/nailspa.ee\/e-pood\/wp-content\/uploads\/2025\/03\/30430_Sand-Gel-3D-Paint-Chalk-White-scaled.jpg\",\"width\":2560,\"height\":1703},{\"@type\":\"BreadcrumbList\",\"@id\":\"http:\/\/nailspa.ee\/e-pood\/toode\/sand-gel-3d-varv-chalk-white-5-ml\/#breadcrumb\",\"itemListElement\":[{\"@type\":\"ListItem\",\"position\":1,\"name\":\"Home\",\"item\":\"http:\/\/nailspa.ee\/e-pood\/\"},{\"@type\":\"ListItem\",\"position\":2,\"name\":\"Pood\",\"item\":\"http:\/\/nailspa.ee\/e-pood\/pood\/\"},{\"@type\":\"ListItem\",\"position\":3,\"name\":\"Sand Gel 3D v\u00e4rv Chalk White 5 ml\"}]},{\"@type\":\"WebSite\",\"@id\":\"http:\/\/nailspa.ee\/e-pood\/#website\",\"url\":\"http:\/\/nailspa.ee\/e-pood\/\",\"name\":\"Nailspa e-pood\",\"description\":\"\",\"potentialAction\":[{\"@type\":\"SearchAction\",\"target\":{\"@type\":\"EntryPoint\",\"urlTemplate\":\"http:\/\/nailspa.ee\/e-pood\/?s={search_term_string}\"},\"query-input\":{\"@type\":\"PropertyValueSpecification\",\"valueRequired\":true,\"valueName\":\"search_term_string\"}}],\"inLanguage\":\"et\"}]}<\/script>\n<!-- \/ Yoast SEO plugin. -->","yoast_head_json":{"title":"Sand Gel 3D v\u00e4rv Chalk White 5 ml | Nailspa e-pood","robots":{"index":"index","follow":"follow","max-snippet":"max-snippet:-1","max-image-preview":"max-image-preview:large","max-video-preview":"max-video-preview:-1"},"canonical":"http:\/\/nailspa.ee\/e-pood\/toode\/sand-gel-3d-varv-chalk-white-5-ml\/","og_locale":"et_EE","og_type":"article","og_title":"Sand Gel 3D v\u00e4rv Chalk White 5 ml | Nailspa e-pood","og_description":"Aitab luua k\u00fc\u00fcntele silmatorkava kriidise ilme  Ideaalne modernseks matiks 3D tulemuseks  J\u00e4me tekstuur ja s\u00e4rav mattvalge toon muudavad selle mitmek\u00fclgseks tooteks ainulaadsete ja teravate kujunduste jaoks, mis kohe pilku t\u00f5mbavad.  3D kriidine geel annab k\u00fc\u00fcnele karmi, v\u00e4rvitud mulje, mille tekstuur sarnaneb v\u00e4rskelt v\u00e4rvitud seinale","og_url":"http:\/\/nailspa.ee\/e-pood\/toode\/sand-gel-3d-varv-chalk-white-5-ml\/","og_site_name":"Nailspa e-pood","article_modified_time":"2025-09-22T08:55:42+00:00","og_image":[{"width":2560,"height":1703,"url":"http:\/\/nailspa.ee\/e-pood\/wp-content\/uploads\/2025\/03\/30430_Sand-Gel-3D-Paint-Chalk-White-scaled.jpg","type":"image\/jpeg"}],"twitter_card":"summary_large_image","twitter_misc":{"Est. reading time":"1 minut"},"schema":{"@context":"https:\/\/schema.org","@graph":[{"@type":"WebPage","@id":"http:\/\/nailspa.ee\/e-pood\/toode\/sand-gel-3d-varv-chalk-white-5-ml\/","url":"http:\/\/nailspa.ee\/e-pood\/toode\/sand-gel-3d-varv-chalk-white-5-ml\/","name":"Sand Gel 3D v\u00e4rv Chalk White 5 ml | Nailspa e-pood","isPartOf":{"@id":"http:\/\/nailspa.ee\/e-pood\/#website"},"primaryImageOfPage":{"@id":"http:\/\/nailspa.ee\/e-pood\/toode\/sand-gel-3d-varv-chalk-white-5-ml\/#primaryimage"},"image":{"@id":"http:\/\/nailspa.ee\/e-pood\/toode\/sand-gel-3d-varv-chalk-white-5-ml\/#primaryimage"},"thumbnailUrl":"https:\/\/nailspa.ee\/e-pood\/wp-content\/uploads\/2025\/03\/30430_Sand-Gel-3D-Paint-Chalk-White-scaled.jpg","datePublished":"2025-03-13T10:30:31+00:00","dateModified":"2025-09-22T08:55:42+00:00","breadcrumb":{"@id":"http:\/\/nailspa.ee\/e-pood\/toode\/sand-gel-3d-varv-chalk-white-5-ml\/#breadcrumb"},"inLanguage":"et","potentialAction":[{"@type":"ReadAction","target":["http:\/\/nailspa.ee\/e-pood\/toode\/sand-gel-3d-varv-chalk-white-5-ml\/"]}]},{"@type":"ImageObject","inLanguage":"et","@id":"http:\/\/nailspa.ee\/e-pood\/toode\/sand-gel-3d-varv-chalk-white-5-ml\/#primaryimage","url":"https:\/\/nailspa.ee\/e-pood\/wp-content\/uploads\/2025\/03\/30430_Sand-Gel-3D-Paint-Chalk-White-scaled.jpg","contentUrl":"https:\/\/nailspa.ee\/e-pood\/wp-content\/uploads\/2025\/03\/30430_Sand-Gel-3D-Paint-Chalk-White-scaled.jpg","width":2560,"height":1703},{"@type":"BreadcrumbList","@id":"http:\/\/nailspa.ee\/e-pood\/toode\/sand-gel-3d-varv-chalk-white-5-ml\/#breadcrumb","itemListElement":[{"@type":"ListItem","position":1,"name":"Home","item":"http:\/\/nailspa.ee\/e-pood\/"},{"@type":"ListItem","position":2,"name":"Pood","item":"http:\/\/nailspa.ee\/e-pood\/pood\/"},{"@type":"ListItem","position":3,"name":"Sand Gel 3D v\u00e4rv Chalk White 5 ml"}]},{"@type":"WebSite","@id":"http:\/\/nailspa.ee\/e-pood\/#website","url":"http:\/\/nailspa.ee\/e-pood\/","name":"Nailspa e-pood","description":"","potentialAction":[{"@type":"SearchAction","target":{"@type":"EntryPoint","urlTemplate":"http:\/\/nailspa.ee\/e-pood\/?s={search_term_string}"},"query-input":{"@type":"PropertyValueSpecification","valueRequired":true,"valueName":"search_term_string"}}],"inLanguage":"et"}]}},"_links":{"self":[{"href":"https:\/\/nailspa.ee\/e-pood\/wp-json\/wp\/v2\/product\/7202","targetHints":{"allow":["GET"]}}],"collection":[{"href":"https:\/\/nailspa.ee\/e-pood\/wp-json\/wp\/v2\/product"}],"about":[{"href":"https:\/\/nailspa.ee\/e-pood\/wp-json\/wp\/v2\/types\/product"}],"wp:featuredmedia":[{"embeddable":true,"href":"https:\/\/nailspa.ee\/e-pood\/wp-json\/wp\/v2\/media\/7161"}],"wp:attachment":[{"href":"https:\/\/nailspa.ee\/e-pood\/wp-json\/wp\/v2\/media?parent=7202"}],"wp:term":[{"taxonomy":"product_brand","embeddable":true,"href":"https:\/\/nailspa.ee\/e-pood\/wp-json\/wp\/v2\/product_brand?post=7202"},{"taxonomy":"product_cat","embeddable":true,"href":"https:\/\/nailspa.ee\/e-pood\/wp-json\/wp\/v2\/product_cat?post=7202"},{"taxonomy":"product_tag","embeddable":true,"href":"https:\/\/nailspa.ee\/e-pood\/wp-json\/wp\/v2\/product_tag?post=7202"}],"curies":[{"name":"wp","href":"https:\/\/api.w.org\/{rel}","templated":true}]}}