{"id":7058,"date":"2024-12-13T12:43:42","date_gmt":"2024-12-13T10:43:42","guid":{"rendered":"https:\/\/nailspa.ee\/e-pood\/?post_type=product&#038;p=7058"},"modified":"2025-09-22T11:53:46","modified_gmt":"2025-09-22T08:53:46","slug":"lohnakuunal-bergamoti-ja-jasmiiniga","status":"publish","type":"product","link":"https:\/\/nailspa.ee\/e-pood\/toode\/lohnakuunal-bergamoti-ja-jasmiiniga\/","title":{"rendered":"L\u00f5hnak\u00fc\u00fcnal bergamoti ja jasmiiniga"},"content":{"rendered":"","protected":false},"excerpt":{"rendered":"<ul class=\"pdp-usplist\">\n<li class=\"pdp-usplist__item pdp-usplist__item--product\">Naturaalse sojavahaga<\/li>\n<li class=\"pdp-usplist__item pdp-usplist__item--product\"><i class=\"fal fa-check\"><\/i>P\u00f5lemiseg kuni 46 tundi<\/li>\n<li class=\"pdp-usplist__item pdp-usplist__item--product\"><i class=\"fal fa-check\"><\/i>Peamised l\u00f5hnad: apelsin, ingver, bergamot<\/li>\n<li class=\"pdp-usplist__item pdp-usplist__item--product\"><i class=\"fal fa-check\"><\/i>S\u00fcgavamad l\u00f5hnad: jasmiin, kookos, frangipani lill<\/li>\n<li class=\"pdp-usplist__item pdp-usplist__item--product\"><i class=\"fal fa-check\"><\/i>Baasl\u00f5hnad: vanilje, muskus, merevaik<\/li>\n<\/ul>\n","protected":false},"featured_media":7056,"template":"","meta":[],"product_brand":[],"product_cat":[123],"product_tag":[],"class_list":{"0":"post-7058","1":"product","2":"type-product","3":"status-publish","4":"has-post-thumbnail","6":"product_cat-herb-hemp","8":"first","9":"instock","10":"taxable","11":"shipping-taxable","12":"purchasable","13":"product-type-simple"},"yoast_head":"<!-- This site is optimized with the Yoast SEO plugin v26.4 - https:\/\/yoast.com\/wordpress\/plugins\/seo\/ -->\n<title>L\u00f5hnak\u00fc\u00fcnal bergamoti ja jasmiiniga | Nailspa e-pood<\/title>\n<meta name=\"robots\" content=\"index, follow, max-snippet:-1, max-image-preview:large, max-video-preview:-1\" \/>\n<link rel=\"canonical\" href=\"https:\/\/nailspa.ee\/e-pood\/toode\/lohnakuunal-bergamoti-ja-jasmiiniga\/\" \/>\n<meta property=\"og:locale\" content=\"et_EE\" \/>\n<meta property=\"og:type\" content=\"article\" \/>\n<meta property=\"og:title\" content=\"L\u00f5hnak\u00fc\u00fcnal bergamoti ja jasmiiniga | Nailspa e-pood\" \/>\n<meta property=\"og:description\" content=\"Naturaalse sojavahaga  P\u00f5lemiseg kuni 46 tundi  Peamised l\u00f5hnad: apelsin, ingver, bergamot  S\u00fcgavamad l\u00f5hnad: jasmiin, kookos, frangipani lill  Baasl\u00f5hnad: vanilje, muskus, merevaik\" \/>\n<meta property=\"og:url\" content=\"https:\/\/nailspa.ee\/e-pood\/toode\/lohnakuunal-bergamoti-ja-jasmiiniga\/\" \/>\n<meta property=\"og:site_name\" content=\"Nailspa e-pood\" \/>\n<meta property=\"article:modified_time\" content=\"2025-09-22T08:53:46+00:00\" \/>\n<meta property=\"og:image\" content=\"https:\/\/nailspa.ee\/e-pood\/wp-content\/uploads\/2024\/12\/71439_Bergamot-Jasmine-Scented-Candle_1-scaled.jpg\" \/>\n\t<meta property=\"og:image:width\" content=\"1707\" \/>\n\t<meta property=\"og:image:height\" content=\"2560\" \/>\n\t<meta property=\"og:image:type\" content=\"image\/jpeg\" \/>\n<meta name=\"twitter:card\" content=\"summary_large_image\" \/>\n<meta name=\"twitter:label1\" content=\"Est. reading time\" \/>\n\t<meta name=\"twitter:data1\" content=\"1 minut\" \/>\n<script type=\"application\/ld+json\" class=\"yoast-schema-graph\">{\"@context\":\"https:\/\/schema.org\",\"@graph\":[{\"@type\":\"WebPage\",\"@id\":\"https:\/\/nailspa.ee\/e-pood\/toode\/lohnakuunal-bergamoti-ja-jasmiiniga\/\",\"url\":\"https:\/\/nailspa.ee\/e-pood\/toode\/lohnakuunal-bergamoti-ja-jasmiiniga\/\",\"name\":\"L\u00f5hnak\u00fc\u00fcnal bergamoti ja jasmiiniga | Nailspa e-pood\",\"isPartOf\":{\"@id\":\"https:\/\/nailspa.ee\/e-pood\/#website\"},\"primaryImageOfPage\":{\"@id\":\"https:\/\/nailspa.ee\/e-pood\/toode\/lohnakuunal-bergamoti-ja-jasmiiniga\/#primaryimage\"},\"image\":{\"@id\":\"https:\/\/nailspa.ee\/e-pood\/toode\/lohnakuunal-bergamoti-ja-jasmiiniga\/#primaryimage\"},\"thumbnailUrl\":\"https:\/\/nailspa.ee\/e-pood\/wp-content\/uploads\/2024\/12\/71439_Bergamot-Jasmine-Scented-Candle_1-scaled.jpg\",\"datePublished\":\"2024-12-13T10:43:42+00:00\",\"dateModified\":\"2025-09-22T08:53:46+00:00\",\"breadcrumb\":{\"@id\":\"https:\/\/nailspa.ee\/e-pood\/toode\/lohnakuunal-bergamoti-ja-jasmiiniga\/#breadcrumb\"},\"inLanguage\":\"et\",\"potentialAction\":[{\"@type\":\"ReadAction\",\"target\":[\"https:\/\/nailspa.ee\/e-pood\/toode\/lohnakuunal-bergamoti-ja-jasmiiniga\/\"]}]},{\"@type\":\"ImageObject\",\"inLanguage\":\"et\",\"@id\":\"https:\/\/nailspa.ee\/e-pood\/toode\/lohnakuunal-bergamoti-ja-jasmiiniga\/#primaryimage\",\"url\":\"https:\/\/nailspa.ee\/e-pood\/wp-content\/uploads\/2024\/12\/71439_Bergamot-Jasmine-Scented-Candle_1-scaled.jpg\",\"contentUrl\":\"https:\/\/nailspa.ee\/e-pood\/wp-content\/uploads\/2024\/12\/71439_Bergamot-Jasmine-Scented-Candle_1-scaled.jpg\",\"width\":1707,\"height\":2560},{\"@type\":\"BreadcrumbList\",\"@id\":\"https:\/\/nailspa.ee\/e-pood\/toode\/lohnakuunal-bergamoti-ja-jasmiiniga\/#breadcrumb\",\"itemListElement\":[{\"@type\":\"ListItem\",\"position\":1,\"name\":\"Home\",\"item\":\"https:\/\/nailspa.ee\/e-pood\/\"},{\"@type\":\"ListItem\",\"position\":2,\"name\":\"Pood\",\"item\":\"https:\/\/nailspa.ee\/e-pood\/pood\/\"},{\"@type\":\"ListItem\",\"position\":3,\"name\":\"L\u00f5hnak\u00fc\u00fcnal bergamoti ja jasmiiniga\"}]},{\"@type\":\"WebSite\",\"@id\":\"https:\/\/nailspa.ee\/e-pood\/#website\",\"url\":\"https:\/\/nailspa.ee\/e-pood\/\",\"name\":\"Nailspa e-pood\",\"description\":\"\",\"potentialAction\":[{\"@type\":\"SearchAction\",\"target\":{\"@type\":\"EntryPoint\",\"urlTemplate\":\"https:\/\/nailspa.ee\/e-pood\/?s={search_term_string}\"},\"query-input\":{\"@type\":\"PropertyValueSpecification\",\"valueRequired\":true,\"valueName\":\"search_term_string\"}}],\"inLanguage\":\"et\"}]}<\/script>\n<!-- \/ Yoast SEO plugin. -->","yoast_head_json":{"title":"L\u00f5hnak\u00fc\u00fcnal bergamoti ja jasmiiniga | Nailspa e-pood","robots":{"index":"index","follow":"follow","max-snippet":"max-snippet:-1","max-image-preview":"max-image-preview:large","max-video-preview":"max-video-preview:-1"},"canonical":"https:\/\/nailspa.ee\/e-pood\/toode\/lohnakuunal-bergamoti-ja-jasmiiniga\/","og_locale":"et_EE","og_type":"article","og_title":"L\u00f5hnak\u00fc\u00fcnal bergamoti ja jasmiiniga | Nailspa e-pood","og_description":"Naturaalse sojavahaga  P\u00f5lemiseg kuni 46 tundi  Peamised l\u00f5hnad: apelsin, ingver, bergamot  S\u00fcgavamad l\u00f5hnad: jasmiin, kookos, frangipani lill  Baasl\u00f5hnad: vanilje, muskus, merevaik","og_url":"https:\/\/nailspa.ee\/e-pood\/toode\/lohnakuunal-bergamoti-ja-jasmiiniga\/","og_site_name":"Nailspa e-pood","article_modified_time":"2025-09-22T08:53:46+00:00","og_image":[{"width":1707,"height":2560,"url":"https:\/\/nailspa.ee\/e-pood\/wp-content\/uploads\/2024\/12\/71439_Bergamot-Jasmine-Scented-Candle_1-scaled.jpg","type":"image\/jpeg"}],"twitter_card":"summary_large_image","twitter_misc":{"Est. reading time":"1 minut"},"schema":{"@context":"https:\/\/schema.org","@graph":[{"@type":"WebPage","@id":"https:\/\/nailspa.ee\/e-pood\/toode\/lohnakuunal-bergamoti-ja-jasmiiniga\/","url":"https:\/\/nailspa.ee\/e-pood\/toode\/lohnakuunal-bergamoti-ja-jasmiiniga\/","name":"L\u00f5hnak\u00fc\u00fcnal bergamoti ja jasmiiniga | Nailspa e-pood","isPartOf":{"@id":"https:\/\/nailspa.ee\/e-pood\/#website"},"primaryImageOfPage":{"@id":"https:\/\/nailspa.ee\/e-pood\/toode\/lohnakuunal-bergamoti-ja-jasmiiniga\/#primaryimage"},"image":{"@id":"https:\/\/nailspa.ee\/e-pood\/toode\/lohnakuunal-bergamoti-ja-jasmiiniga\/#primaryimage"},"thumbnailUrl":"https:\/\/nailspa.ee\/e-pood\/wp-content\/uploads\/2024\/12\/71439_Bergamot-Jasmine-Scented-Candle_1-scaled.jpg","datePublished":"2024-12-13T10:43:42+00:00","dateModified":"2025-09-22T08:53:46+00:00","breadcrumb":{"@id":"https:\/\/nailspa.ee\/e-pood\/toode\/lohnakuunal-bergamoti-ja-jasmiiniga\/#breadcrumb"},"inLanguage":"et","potentialAction":[{"@type":"ReadAction","target":["https:\/\/nailspa.ee\/e-pood\/toode\/lohnakuunal-bergamoti-ja-jasmiiniga\/"]}]},{"@type":"ImageObject","inLanguage":"et","@id":"https:\/\/nailspa.ee\/e-pood\/toode\/lohnakuunal-bergamoti-ja-jasmiiniga\/#primaryimage","url":"https:\/\/nailspa.ee\/e-pood\/wp-content\/uploads\/2024\/12\/71439_Bergamot-Jasmine-Scented-Candle_1-scaled.jpg","contentUrl":"https:\/\/nailspa.ee\/e-pood\/wp-content\/uploads\/2024\/12\/71439_Bergamot-Jasmine-Scented-Candle_1-scaled.jpg","width":1707,"height":2560},{"@type":"BreadcrumbList","@id":"https:\/\/nailspa.ee\/e-pood\/toode\/lohnakuunal-bergamoti-ja-jasmiiniga\/#breadcrumb","itemListElement":[{"@type":"ListItem","position":1,"name":"Home","item":"https:\/\/nailspa.ee\/e-pood\/"},{"@type":"ListItem","position":2,"name":"Pood","item":"https:\/\/nailspa.ee\/e-pood\/pood\/"},{"@type":"ListItem","position":3,"name":"L\u00f5hnak\u00fc\u00fcnal bergamoti ja jasmiiniga"}]},{"@type":"WebSite","@id":"https:\/\/nailspa.ee\/e-pood\/#website","url":"https:\/\/nailspa.ee\/e-pood\/","name":"Nailspa e-pood","description":"","potentialAction":[{"@type":"SearchAction","target":{"@type":"EntryPoint","urlTemplate":"https:\/\/nailspa.ee\/e-pood\/?s={search_term_string}"},"query-input":{"@type":"PropertyValueSpecification","valueRequired":true,"valueName":"search_term_string"}}],"inLanguage":"et"}]}},"_links":{"self":[{"href":"https:\/\/nailspa.ee\/e-pood\/wp-json\/wp\/v2\/product\/7058","targetHints":{"allow":["GET"]}}],"collection":[{"href":"https:\/\/nailspa.ee\/e-pood\/wp-json\/wp\/v2\/product"}],"about":[{"href":"https:\/\/nailspa.ee\/e-pood\/wp-json\/wp\/v2\/types\/product"}],"wp:featuredmedia":[{"embeddable":true,"href":"https:\/\/nailspa.ee\/e-pood\/wp-json\/wp\/v2\/media\/7056"}],"wp:attachment":[{"href":"https:\/\/nailspa.ee\/e-pood\/wp-json\/wp\/v2\/media?parent=7058"}],"wp:term":[{"taxonomy":"product_brand","embeddable":true,"href":"https:\/\/nailspa.ee\/e-pood\/wp-json\/wp\/v2\/product_brand?post=7058"},{"taxonomy":"product_cat","embeddable":true,"href":"https:\/\/nailspa.ee\/e-pood\/wp-json\/wp\/v2\/product_cat?post=7058"},{"taxonomy":"product_tag","embeddable":true,"href":"https:\/\/nailspa.ee\/e-pood\/wp-json\/wp\/v2\/product_tag?post=7058"}],"curies":[{"name":"wp","href":"https:\/\/api.w.org\/{rel}","templated":true}]}}