{"id":6790,"date":"2024-06-30T16:52:49","date_gmt":"2024-06-30T13:52:49","guid":{"rendered":"https:\/\/nailspa.ee\/e-pood\/?post_type=product&#038;p=6790"},"modified":"2024-09-22T16:55:37","modified_gmt":"2024-09-22T13:55:37","slug":"candy-gel-geelide-komplekt-5-x-14-ml","status":"publish","type":"product","link":"https:\/\/nailspa.ee\/e-pood\/toode\/candy-gel-geelide-komplekt-5-x-14-ml\/","title":{"rendered":"Candy gel &#8211; geelide komplekt 5 x 14 ml"},"content":{"rendered":"","protected":false},"excerpt":{"rendered":"<ul class=\"pdp-usplist\">\n<li>5 puuviljast k\u00fc\u00fcnedisaini geeli &#8211; maasikas, apelsin, banaan, kiivi, mustikas<\/li>\n<li class=\"pdp-usplist__item pdp-usplist__item--product\">L\u00e4bipaistvad glitter geelid<\/li>\n<li>Glitter on eri suuruses<\/li>\n<li>Sobib kokku k\u00f5ikide geelidega<\/li>\n<li class=\"pdp-usplist__item pdp-usplist__item--product\">\u00a0Puuviljased toonid<\/li>\n<\/ul>\n","protected":false},"featured_media":6796,"template":"","meta":[],"product_brand":[],"product_cat":[90],"product_tag":[],"class_list":{"0":"post-6790","1":"product","2":"type-product","3":"status-publish","4":"has-post-thumbnail","6":"product_cat-kuunedisain","8":"first","9":"instock","10":"taxable","11":"shipping-taxable","12":"purchasable","13":"product-type-simple"},"yoast_head":"<!-- This site is optimized with the Yoast SEO plugin v26.4 - https:\/\/yoast.com\/wordpress\/plugins\/seo\/ -->\n<title>Candy gel - geelide komplekt 5 x 14 ml | Nailspa e-pood<\/title>\n<meta name=\"robots\" content=\"index, follow, max-snippet:-1, max-image-preview:large, max-video-preview:-1\" \/>\n<link rel=\"canonical\" href=\"https:\/\/nailspa.ee\/e-pood\/toode\/candy-gel-geelide-komplekt-5-x-14-ml\/\" \/>\n<meta property=\"og:locale\" content=\"et_EE\" \/>\n<meta property=\"og:type\" content=\"article\" \/>\n<meta property=\"og:title\" content=\"Candy gel - geelide komplekt 5 x 14 ml | Nailspa e-pood\" \/>\n<meta property=\"og:description\" content=\"5 puuviljast k\u00fc\u00fcnedisaini geeli - maasikas, apelsin, banaan, kiivi, mustikas  L\u00e4bipaistvad glitter geelid  Glitter on eri suuruses  Sobib kokku k\u00f5ikide geelidega  \u00a0Puuviljased toonid\" \/>\n<meta property=\"og:url\" content=\"https:\/\/nailspa.ee\/e-pood\/toode\/candy-gel-geelide-komplekt-5-x-14-ml\/\" \/>\n<meta property=\"og:site_name\" content=\"Nailspa e-pood\" \/>\n<meta property=\"article:modified_time\" content=\"2024-09-22T13:55:37+00:00\" \/>\n<meta property=\"og:image\" content=\"https:\/\/nailspa.ee\/e-pood\/wp-content\/uploads\/2024\/06\/DSC00028.jpg\" \/>\n\t<meta property=\"og:image:width\" content=\"1365\" \/>\n\t<meta property=\"og:image:height\" content=\"2048\" \/>\n\t<meta property=\"og:image:type\" content=\"image\/jpeg\" \/>\n<meta name=\"twitter:card\" content=\"summary_large_image\" \/>\n<meta name=\"twitter:label1\" content=\"Est. reading time\" \/>\n\t<meta name=\"twitter:data1\" content=\"1 minut\" \/>\n<script type=\"application\/ld+json\" class=\"yoast-schema-graph\">{\"@context\":\"https:\/\/schema.org\",\"@graph\":[{\"@type\":\"WebPage\",\"@id\":\"https:\/\/nailspa.ee\/e-pood\/toode\/candy-gel-geelide-komplekt-5-x-14-ml\/\",\"url\":\"https:\/\/nailspa.ee\/e-pood\/toode\/candy-gel-geelide-komplekt-5-x-14-ml\/\",\"name\":\"Candy gel - geelide komplekt 5 x 14 ml | Nailspa e-pood\",\"isPartOf\":{\"@id\":\"http:\/\/nailspa.ee\/e-pood\/#website\"},\"primaryImageOfPage\":{\"@id\":\"https:\/\/nailspa.ee\/e-pood\/toode\/candy-gel-geelide-komplekt-5-x-14-ml\/#primaryimage\"},\"image\":{\"@id\":\"https:\/\/nailspa.ee\/e-pood\/toode\/candy-gel-geelide-komplekt-5-x-14-ml\/#primaryimage\"},\"thumbnailUrl\":\"https:\/\/nailspa.ee\/e-pood\/wp-content\/uploads\/2024\/06\/DSC00028.jpg\",\"datePublished\":\"2024-06-30T13:52:49+00:00\",\"dateModified\":\"2024-09-22T13:55:37+00:00\",\"breadcrumb\":{\"@id\":\"https:\/\/nailspa.ee\/e-pood\/toode\/candy-gel-geelide-komplekt-5-x-14-ml\/#breadcrumb\"},\"inLanguage\":\"et\",\"potentialAction\":[{\"@type\":\"ReadAction\",\"target\":[\"https:\/\/nailspa.ee\/e-pood\/toode\/candy-gel-geelide-komplekt-5-x-14-ml\/\"]}]},{\"@type\":\"ImageObject\",\"inLanguage\":\"et\",\"@id\":\"https:\/\/nailspa.ee\/e-pood\/toode\/candy-gel-geelide-komplekt-5-x-14-ml\/#primaryimage\",\"url\":\"https:\/\/nailspa.ee\/e-pood\/wp-content\/uploads\/2024\/06\/DSC00028.jpg\",\"contentUrl\":\"https:\/\/nailspa.ee\/e-pood\/wp-content\/uploads\/2024\/06\/DSC00028.jpg\",\"width\":1365,\"height\":2048},{\"@type\":\"BreadcrumbList\",\"@id\":\"https:\/\/nailspa.ee\/e-pood\/toode\/candy-gel-geelide-komplekt-5-x-14-ml\/#breadcrumb\",\"itemListElement\":[{\"@type\":\"ListItem\",\"position\":1,\"name\":\"Home\",\"item\":\"http:\/\/nailspa.ee\/e-pood\/\"},{\"@type\":\"ListItem\",\"position\":2,\"name\":\"Pood\",\"item\":\"http:\/\/nailspa.ee\/e-pood\/pood\/\"},{\"@type\":\"ListItem\",\"position\":3,\"name\":\"Candy gel &#8211; geelide komplekt 5 x 14 ml\"}]},{\"@type\":\"WebSite\",\"@id\":\"http:\/\/nailspa.ee\/e-pood\/#website\",\"url\":\"http:\/\/nailspa.ee\/e-pood\/\",\"name\":\"Nailspa e-pood\",\"description\":\"\",\"potentialAction\":[{\"@type\":\"SearchAction\",\"target\":{\"@type\":\"EntryPoint\",\"urlTemplate\":\"http:\/\/nailspa.ee\/e-pood\/?s={search_term_string}\"},\"query-input\":{\"@type\":\"PropertyValueSpecification\",\"valueRequired\":true,\"valueName\":\"search_term_string\"}}],\"inLanguage\":\"et\"}]}<\/script>\n<!-- \/ Yoast SEO plugin. -->","yoast_head_json":{"title":"Candy gel - geelide komplekt 5 x 14 ml | Nailspa e-pood","robots":{"index":"index","follow":"follow","max-snippet":"max-snippet:-1","max-image-preview":"max-image-preview:large","max-video-preview":"max-video-preview:-1"},"canonical":"https:\/\/nailspa.ee\/e-pood\/toode\/candy-gel-geelide-komplekt-5-x-14-ml\/","og_locale":"et_EE","og_type":"article","og_title":"Candy gel - geelide komplekt 5 x 14 ml | Nailspa e-pood","og_description":"5 puuviljast k\u00fc\u00fcnedisaini geeli - maasikas, apelsin, banaan, kiivi, mustikas  L\u00e4bipaistvad glitter geelid  Glitter on eri suuruses  Sobib kokku k\u00f5ikide geelidega  \u00a0Puuviljased toonid","og_url":"https:\/\/nailspa.ee\/e-pood\/toode\/candy-gel-geelide-komplekt-5-x-14-ml\/","og_site_name":"Nailspa e-pood","article_modified_time":"2024-09-22T13:55:37+00:00","og_image":[{"width":1365,"height":2048,"url":"https:\/\/nailspa.ee\/e-pood\/wp-content\/uploads\/2024\/06\/DSC00028.jpg","type":"image\/jpeg"}],"twitter_card":"summary_large_image","twitter_misc":{"Est. reading time":"1 minut"},"schema":{"@context":"https:\/\/schema.org","@graph":[{"@type":"WebPage","@id":"https:\/\/nailspa.ee\/e-pood\/toode\/candy-gel-geelide-komplekt-5-x-14-ml\/","url":"https:\/\/nailspa.ee\/e-pood\/toode\/candy-gel-geelide-komplekt-5-x-14-ml\/","name":"Candy gel - geelide komplekt 5 x 14 ml | Nailspa e-pood","isPartOf":{"@id":"http:\/\/nailspa.ee\/e-pood\/#website"},"primaryImageOfPage":{"@id":"https:\/\/nailspa.ee\/e-pood\/toode\/candy-gel-geelide-komplekt-5-x-14-ml\/#primaryimage"},"image":{"@id":"https:\/\/nailspa.ee\/e-pood\/toode\/candy-gel-geelide-komplekt-5-x-14-ml\/#primaryimage"},"thumbnailUrl":"https:\/\/nailspa.ee\/e-pood\/wp-content\/uploads\/2024\/06\/DSC00028.jpg","datePublished":"2024-06-30T13:52:49+00:00","dateModified":"2024-09-22T13:55:37+00:00","breadcrumb":{"@id":"https:\/\/nailspa.ee\/e-pood\/toode\/candy-gel-geelide-komplekt-5-x-14-ml\/#breadcrumb"},"inLanguage":"et","potentialAction":[{"@type":"ReadAction","target":["https:\/\/nailspa.ee\/e-pood\/toode\/candy-gel-geelide-komplekt-5-x-14-ml\/"]}]},{"@type":"ImageObject","inLanguage":"et","@id":"https:\/\/nailspa.ee\/e-pood\/toode\/candy-gel-geelide-komplekt-5-x-14-ml\/#primaryimage","url":"https:\/\/nailspa.ee\/e-pood\/wp-content\/uploads\/2024\/06\/DSC00028.jpg","contentUrl":"https:\/\/nailspa.ee\/e-pood\/wp-content\/uploads\/2024\/06\/DSC00028.jpg","width":1365,"height":2048},{"@type":"BreadcrumbList","@id":"https:\/\/nailspa.ee\/e-pood\/toode\/candy-gel-geelide-komplekt-5-x-14-ml\/#breadcrumb","itemListElement":[{"@type":"ListItem","position":1,"name":"Home","item":"http:\/\/nailspa.ee\/e-pood\/"},{"@type":"ListItem","position":2,"name":"Pood","item":"http:\/\/nailspa.ee\/e-pood\/pood\/"},{"@type":"ListItem","position":3,"name":"Candy gel &#8211; geelide komplekt 5 x 14 ml"}]},{"@type":"WebSite","@id":"http:\/\/nailspa.ee\/e-pood\/#website","url":"http:\/\/nailspa.ee\/e-pood\/","name":"Nailspa e-pood","description":"","potentialAction":[{"@type":"SearchAction","target":{"@type":"EntryPoint","urlTemplate":"http:\/\/nailspa.ee\/e-pood\/?s={search_term_string}"},"query-input":{"@type":"PropertyValueSpecification","valueRequired":true,"valueName":"search_term_string"}}],"inLanguage":"et"}]}},"_links":{"self":[{"href":"https:\/\/nailspa.ee\/e-pood\/wp-json\/wp\/v2\/product\/6790","targetHints":{"allow":["GET"]}}],"collection":[{"href":"https:\/\/nailspa.ee\/e-pood\/wp-json\/wp\/v2\/product"}],"about":[{"href":"https:\/\/nailspa.ee\/e-pood\/wp-json\/wp\/v2\/types\/product"}],"wp:featuredmedia":[{"embeddable":true,"href":"https:\/\/nailspa.ee\/e-pood\/wp-json\/wp\/v2\/media\/6796"}],"wp:attachment":[{"href":"https:\/\/nailspa.ee\/e-pood\/wp-json\/wp\/v2\/media?parent=6790"}],"wp:term":[{"taxonomy":"product_brand","embeddable":true,"href":"https:\/\/nailspa.ee\/e-pood\/wp-json\/wp\/v2\/product_brand?post=6790"},{"taxonomy":"product_cat","embeddable":true,"href":"https:\/\/nailspa.ee\/e-pood\/wp-json\/wp\/v2\/product_cat?post=6790"},{"taxonomy":"product_tag","embeddable":true,"href":"https:\/\/nailspa.ee\/e-pood\/wp-json\/wp\/v2\/product_tag?post=6790"}],"curies":[{"name":"wp","href":"https:\/\/api.w.org\/{rel}","templated":true}]}}