{"id":6678,"date":"2024-03-01T17:38:11","date_gmt":"2024-03-01T15:38:11","guid":{"rendered":"https:\/\/nailspa.ee\/e-pood\/?post_type=product&#038;p=6678"},"modified":"2024-09-22T16:59:30","modified_gmt":"2024-09-22T13:59:30","slug":"liquid-pearl-5-ml","status":"publish","type":"product","link":"https:\/\/nailspa.ee\/e-pood\/toode\/liquid-pearl-5-ml\/","title":{"rendered":"Liquid Pearl -vedel kroom 5 ml"},"content":{"rendered":"","protected":false},"excerpt":{"rendered":"<ul>\n<li>Kergesti lisatav k\u00fc\u00fcnedisan<\/li>\n<li>Vedel p\u00e4rli kroom<\/li>\n<li>Lisa kiht vedelat kroomi kas geellaki v\u00f5i v\u00e4rvigeeli peale, eemaldades enne kleepuva kihti. Lase 10 sekundit kuivada, seej\u00e4rel h\u00f5\u00f5ru kindaga k\u00fc\u00fcne sisse. Kanna peale meelep\u00e4rane pealislakk.<\/li>\n<\/ul>\n","protected":false},"featured_media":6677,"template":"","meta":[],"product_brand":[],"product_cat":[90],"product_tag":[],"class_list":{"0":"post-6678","1":"product","2":"type-product","3":"status-publish","4":"has-post-thumbnail","6":"product_cat-kuunedisain","8":"first","9":"instock","10":"taxable","11":"shipping-taxable","12":"purchasable","13":"product-type-simple"},"yoast_head":"<!-- This site is optimized with the Yoast SEO plugin v26.4 - https:\/\/yoast.com\/wordpress\/plugins\/seo\/ -->\n<title>Liquid Pearl -vedel kroom 5 ml | Nailspa e-pood<\/title>\n<meta name=\"robots\" content=\"index, follow, max-snippet:-1, max-image-preview:large, max-video-preview:-1\" \/>\n<link rel=\"canonical\" href=\"http:\/\/nailspa.ee\/e-pood\/toode\/liquid-pearl-5-ml\/\" \/>\n<meta property=\"og:locale\" content=\"et_EE\" \/>\n<meta property=\"og:type\" content=\"article\" \/>\n<meta property=\"og:title\" content=\"Liquid Pearl -vedel kroom 5 ml | Nailspa e-pood\" \/>\n<meta property=\"og:description\" content=\"Kergesti lisatav k\u00fc\u00fcnedisan  Vedel p\u00e4rli kroom  Lisa kiht vedelat kroomi kas geellaki v\u00f5i v\u00e4rvigeeli peale, eemaldades enne kleepuva kihti. Lase 10 sekundit kuivada, seej\u00e4rel h\u00f5\u00f5ru kindaga k\u00fc\u00fcne sisse. Kanna peale meelep\u00e4rane pealislakk.\" \/>\n<meta property=\"og:url\" content=\"http:\/\/nailspa.ee\/e-pood\/toode\/liquid-pearl-5-ml\/\" \/>\n<meta property=\"og:site_name\" content=\"Nailspa e-pood\" \/>\n<meta property=\"article:modified_time\" content=\"2024-09-22T13:59:30+00:00\" \/>\n<meta property=\"og:image\" content=\"http:\/\/nailspa.ee\/e-pood\/wp-content\/uploads\/2024\/03\/30308_Liquid-Pearl-Chrome-5ml-scaled.jpg\" \/>\n\t<meta property=\"og:image:width\" content=\"1706\" \/>\n\t<meta property=\"og:image:height\" content=\"2560\" \/>\n\t<meta property=\"og:image:type\" content=\"image\/jpeg\" \/>\n<meta name=\"twitter:card\" content=\"summary_large_image\" \/>\n<meta name=\"twitter:label1\" content=\"Est. reading time\" \/>\n\t<meta name=\"twitter:data1\" content=\"1 minut\" \/>\n<script type=\"application\/ld+json\" class=\"yoast-schema-graph\">{\"@context\":\"https:\/\/schema.org\",\"@graph\":[{\"@type\":\"WebPage\",\"@id\":\"http:\/\/nailspa.ee\/e-pood\/toode\/liquid-pearl-5-ml\/\",\"url\":\"http:\/\/nailspa.ee\/e-pood\/toode\/liquid-pearl-5-ml\/\",\"name\":\"Liquid Pearl -vedel kroom 5 ml | Nailspa e-pood\",\"isPartOf\":{\"@id\":\"http:\/\/nailspa.ee\/e-pood\/#website\"},\"primaryImageOfPage\":{\"@id\":\"http:\/\/nailspa.ee\/e-pood\/toode\/liquid-pearl-5-ml\/#primaryimage\"},\"image\":{\"@id\":\"http:\/\/nailspa.ee\/e-pood\/toode\/liquid-pearl-5-ml\/#primaryimage\"},\"thumbnailUrl\":\"https:\/\/nailspa.ee\/e-pood\/wp-content\/uploads\/2024\/03\/30308_Liquid-Pearl-Chrome-5ml-scaled.jpg\",\"datePublished\":\"2024-03-01T15:38:11+00:00\",\"dateModified\":\"2024-09-22T13:59:30+00:00\",\"breadcrumb\":{\"@id\":\"http:\/\/nailspa.ee\/e-pood\/toode\/liquid-pearl-5-ml\/#breadcrumb\"},\"inLanguage\":\"et\",\"potentialAction\":[{\"@type\":\"ReadAction\",\"target\":[\"http:\/\/nailspa.ee\/e-pood\/toode\/liquid-pearl-5-ml\/\"]}]},{\"@type\":\"ImageObject\",\"inLanguage\":\"et\",\"@id\":\"http:\/\/nailspa.ee\/e-pood\/toode\/liquid-pearl-5-ml\/#primaryimage\",\"url\":\"https:\/\/nailspa.ee\/e-pood\/wp-content\/uploads\/2024\/03\/30308_Liquid-Pearl-Chrome-5ml-scaled.jpg\",\"contentUrl\":\"https:\/\/nailspa.ee\/e-pood\/wp-content\/uploads\/2024\/03\/30308_Liquid-Pearl-Chrome-5ml-scaled.jpg\",\"width\":1706,\"height\":2560},{\"@type\":\"BreadcrumbList\",\"@id\":\"http:\/\/nailspa.ee\/e-pood\/toode\/liquid-pearl-5-ml\/#breadcrumb\",\"itemListElement\":[{\"@type\":\"ListItem\",\"position\":1,\"name\":\"Home\",\"item\":\"http:\/\/nailspa.ee\/e-pood\/\"},{\"@type\":\"ListItem\",\"position\":2,\"name\":\"Pood\",\"item\":\"http:\/\/nailspa.ee\/e-pood\/pood\/\"},{\"@type\":\"ListItem\",\"position\":3,\"name\":\"Liquid Pearl -vedel kroom 5 ml\"}]},{\"@type\":\"WebSite\",\"@id\":\"http:\/\/nailspa.ee\/e-pood\/#website\",\"url\":\"http:\/\/nailspa.ee\/e-pood\/\",\"name\":\"Nailspa e-pood\",\"description\":\"\",\"potentialAction\":[{\"@type\":\"SearchAction\",\"target\":{\"@type\":\"EntryPoint\",\"urlTemplate\":\"http:\/\/nailspa.ee\/e-pood\/?s={search_term_string}\"},\"query-input\":{\"@type\":\"PropertyValueSpecification\",\"valueRequired\":true,\"valueName\":\"search_term_string\"}}],\"inLanguage\":\"et\"}]}<\/script>\n<!-- \/ Yoast SEO plugin. -->","yoast_head_json":{"title":"Liquid Pearl -vedel kroom 5 ml | Nailspa e-pood","robots":{"index":"index","follow":"follow","max-snippet":"max-snippet:-1","max-image-preview":"max-image-preview:large","max-video-preview":"max-video-preview:-1"},"canonical":"http:\/\/nailspa.ee\/e-pood\/toode\/liquid-pearl-5-ml\/","og_locale":"et_EE","og_type":"article","og_title":"Liquid Pearl -vedel kroom 5 ml | Nailspa e-pood","og_description":"Kergesti lisatav k\u00fc\u00fcnedisan  Vedel p\u00e4rli kroom  Lisa kiht vedelat kroomi kas geellaki v\u00f5i v\u00e4rvigeeli peale, eemaldades enne kleepuva kihti. Lase 10 sekundit kuivada, seej\u00e4rel h\u00f5\u00f5ru kindaga k\u00fc\u00fcne sisse. Kanna peale meelep\u00e4rane pealislakk.","og_url":"http:\/\/nailspa.ee\/e-pood\/toode\/liquid-pearl-5-ml\/","og_site_name":"Nailspa e-pood","article_modified_time":"2024-09-22T13:59:30+00:00","og_image":[{"width":1706,"height":2560,"url":"http:\/\/nailspa.ee\/e-pood\/wp-content\/uploads\/2024\/03\/30308_Liquid-Pearl-Chrome-5ml-scaled.jpg","type":"image\/jpeg"}],"twitter_card":"summary_large_image","twitter_misc":{"Est. reading time":"1 minut"},"schema":{"@context":"https:\/\/schema.org","@graph":[{"@type":"WebPage","@id":"http:\/\/nailspa.ee\/e-pood\/toode\/liquid-pearl-5-ml\/","url":"http:\/\/nailspa.ee\/e-pood\/toode\/liquid-pearl-5-ml\/","name":"Liquid Pearl -vedel kroom 5 ml | Nailspa e-pood","isPartOf":{"@id":"http:\/\/nailspa.ee\/e-pood\/#website"},"primaryImageOfPage":{"@id":"http:\/\/nailspa.ee\/e-pood\/toode\/liquid-pearl-5-ml\/#primaryimage"},"image":{"@id":"http:\/\/nailspa.ee\/e-pood\/toode\/liquid-pearl-5-ml\/#primaryimage"},"thumbnailUrl":"https:\/\/nailspa.ee\/e-pood\/wp-content\/uploads\/2024\/03\/30308_Liquid-Pearl-Chrome-5ml-scaled.jpg","datePublished":"2024-03-01T15:38:11+00:00","dateModified":"2024-09-22T13:59:30+00:00","breadcrumb":{"@id":"http:\/\/nailspa.ee\/e-pood\/toode\/liquid-pearl-5-ml\/#breadcrumb"},"inLanguage":"et","potentialAction":[{"@type":"ReadAction","target":["http:\/\/nailspa.ee\/e-pood\/toode\/liquid-pearl-5-ml\/"]}]},{"@type":"ImageObject","inLanguage":"et","@id":"http:\/\/nailspa.ee\/e-pood\/toode\/liquid-pearl-5-ml\/#primaryimage","url":"https:\/\/nailspa.ee\/e-pood\/wp-content\/uploads\/2024\/03\/30308_Liquid-Pearl-Chrome-5ml-scaled.jpg","contentUrl":"https:\/\/nailspa.ee\/e-pood\/wp-content\/uploads\/2024\/03\/30308_Liquid-Pearl-Chrome-5ml-scaled.jpg","width":1706,"height":2560},{"@type":"BreadcrumbList","@id":"http:\/\/nailspa.ee\/e-pood\/toode\/liquid-pearl-5-ml\/#breadcrumb","itemListElement":[{"@type":"ListItem","position":1,"name":"Home","item":"http:\/\/nailspa.ee\/e-pood\/"},{"@type":"ListItem","position":2,"name":"Pood","item":"http:\/\/nailspa.ee\/e-pood\/pood\/"},{"@type":"ListItem","position":3,"name":"Liquid Pearl -vedel kroom 5 ml"}]},{"@type":"WebSite","@id":"http:\/\/nailspa.ee\/e-pood\/#website","url":"http:\/\/nailspa.ee\/e-pood\/","name":"Nailspa e-pood","description":"","potentialAction":[{"@type":"SearchAction","target":{"@type":"EntryPoint","urlTemplate":"http:\/\/nailspa.ee\/e-pood\/?s={search_term_string}"},"query-input":{"@type":"PropertyValueSpecification","valueRequired":true,"valueName":"search_term_string"}}],"inLanguage":"et"}]}},"_links":{"self":[{"href":"https:\/\/nailspa.ee\/e-pood\/wp-json\/wp\/v2\/product\/6678","targetHints":{"allow":["GET"]}}],"collection":[{"href":"https:\/\/nailspa.ee\/e-pood\/wp-json\/wp\/v2\/product"}],"about":[{"href":"https:\/\/nailspa.ee\/e-pood\/wp-json\/wp\/v2\/types\/product"}],"wp:featuredmedia":[{"embeddable":true,"href":"https:\/\/nailspa.ee\/e-pood\/wp-json\/wp\/v2\/media\/6677"}],"wp:attachment":[{"href":"https:\/\/nailspa.ee\/e-pood\/wp-json\/wp\/v2\/media?parent=6678"}],"wp:term":[{"taxonomy":"product_brand","embeddable":true,"href":"https:\/\/nailspa.ee\/e-pood\/wp-json\/wp\/v2\/product_brand?post=6678"},{"taxonomy":"product_cat","embeddable":true,"href":"https:\/\/nailspa.ee\/e-pood\/wp-json\/wp\/v2\/product_cat?post=6678"},{"taxonomy":"product_tag","embeddable":true,"href":"https:\/\/nailspa.ee\/e-pood\/wp-json\/wp\/v2\/product_tag?post=6678"}],"curies":[{"name":"wp","href":"https:\/\/api.w.org\/{rel}","templated":true}]}}