{"id":6494,"date":"2023-07-21T14:12:24","date_gmt":"2023-07-21T11:12:24","guid":{"rendered":"https:\/\/nailspa.ee\/e-pood\/?post_type=product&#038;p=6494"},"modified":"2023-09-15T11:15:21","modified_gmt":"2023-09-15T08:15:21","slug":"bflex-led-gel-jazzy-14-ml","status":"publish","type":"product","link":"https:\/\/nailspa.ee\/e-pood\/toode\/bflex-led-gel-jazzy-14-ml\/","title":{"rendered":"BFlex LED Geel Jazzy 14 ml"},"content":{"rendered":"","protected":false},"excerpt":{"rendered":"<ul>\n<li>Uus innovaatiline BFlex geel.<\/li>\n<li>Vegan s\u00f5bralik happevaba kvaliteetne geel, mis annab manik\u00fc\u00fcrile imeilusa naturaalse stiiliga l\u00f5pptulemuse<\/li>\n<li>V\u00e4ga k\u00fc\u00fcnes\u00f5bralik toode<\/li>\n<li>V\u00e4ga painduv geel, mis aitab oma k\u00fc\u00fcntel pikemaks kasvada.<\/li>\n<li>All-in-one geel (baas, ehitusgeel ja top)<\/li>\n<li>NB! Toodet peab kasutama AINULT happevaba primeriga (<a href=\"https:\/\/nailspa.ee\/e-pood\/toode\/acid-free-primer-15-ml-happevaba-primer\/\">https:\/\/nailspa.ee\/e-pood\/toode\/acid-free-primer-15-ml-happevaba-primer\/<\/a>)<\/li>\n<li>Parima p\u00fcsivuse ja l\u00e4ike saavutamiseks soovitame katta BFlex Clear geeliga <a href=\"https:\/\/nailspa.ee\/e-pood\/toode\/bflex-led-geel-clear-14-ml\/\">https:\/\/nailspa.ee\/e-pood\/toode\/bflex-led-geel-clear-14-ml\/<\/a><\/li>\n<li>KUIDAS KASUTADA: <a href=\"https:\/\/youtu.be\/T8fJGWWO11s?t=48\">https:\/\/youtu.be\/T8fJGWWO11s?t=48<\/a><\/li>\n<li>Loe l\u00e4hemalt: <a href=\"https:\/\/nailspa.ee\/e-pood\/et\/2022\/05\/04\/bflex-geel-innovatsioon-kuunemaailmas\/\">https:\/\/nailspa.ee\/e-pood\/et\/2022\/05\/04\/bflex-geel-innovatsioon-kuunemaailmas\/<\/a><\/li>\n<\/ul>\n","protected":false},"featured_media":6484,"template":"","meta":[],"product_brand":[],"product_cat":[99],"product_tag":[],"class_list":{"0":"post-6494","1":"product","2":"type-product","3":"status-publish","4":"has-post-thumbnail","6":"product_cat-ehitusgeelid","8":"first","9":"instock","10":"taxable","11":"shipping-taxable","12":"purchasable","13":"product-type-simple"},"yoast_head":"<!-- This site is optimized with the Yoast SEO plugin v26.4 - https:\/\/yoast.com\/wordpress\/plugins\/seo\/ -->\n<title>BFlex LED Geel Jazzy 14 ml | Nailspa e-pood<\/title>\n<meta name=\"robots\" content=\"index, follow, max-snippet:-1, max-image-preview:large, max-video-preview:-1\" \/>\n<link rel=\"canonical\" href=\"https:\/\/nailspa.ee\/e-pood\/toode\/bflex-led-gel-jazzy-14-ml\/\" \/>\n<meta property=\"og:locale\" content=\"et_EE\" \/>\n<meta property=\"og:type\" content=\"article\" \/>\n<meta property=\"og:title\" content=\"BFlex LED Geel Jazzy 14 ml | Nailspa e-pood\" \/>\n<meta property=\"og:description\" content=\"Uus innovaatiline BFlex geel.  Vegan s\u00f5bralik happevaba kvaliteetne geel, mis annab manik\u00fc\u00fcrile imeilusa naturaalse stiiliga l\u00f5pptulemuse  V\u00e4ga k\u00fc\u00fcnes\u00f5bralik toode  V\u00e4ga painduv geel, mis aitab oma k\u00fc\u00fcntel pikemaks kasvada.  All-in-one geel (baas, ehitusgeel ja top)  NB! Toodet peab kasutama AINULT happevaba primeriga (https:\/\/nailspa.ee\/e-pood\/toode\/acid-free-primer-15-ml-happevaba-primer\/)  Parima p\u00fcsivuse ja l\u00e4ike saavutamiseks soovitame katta BFlex Clear geeliga https:\/\/nailspa.ee\/e-pood\/toode\/bflex-led-geel-clear-14-ml\/  KUIDAS KASUTADA: https:\/\/youtu.be\/T8fJGWWO11s?t=48  Loe l\u00e4hemalt: https:\/\/nailspa.ee\/e-pood\/et\/2022\/05\/04\/bflex-geel-innovatsioon-kuunemaailmas\/\" \/>\n<meta property=\"og:url\" content=\"https:\/\/nailspa.ee\/e-pood\/toode\/bflex-led-gel-jazzy-14-ml\/\" \/>\n<meta property=\"og:site_name\" content=\"Nailspa e-pood\" \/>\n<meta property=\"article:modified_time\" content=\"2023-09-15T08:15:21+00:00\" \/>\n<meta property=\"og:image\" content=\"https:\/\/nailspa.ee\/e-pood\/wp-content\/uploads\/2023\/07\/jazzy1.webp\" \/>\n\t<meta property=\"og:image:width\" content=\"800\" \/>\n\t<meta property=\"og:image:height\" content=\"800\" \/>\n\t<meta property=\"og:image:type\" content=\"image\/webp\" \/>\n<meta name=\"twitter:card\" content=\"summary_large_image\" \/>\n<script type=\"application\/ld+json\" class=\"yoast-schema-graph\">{\"@context\":\"https:\/\/schema.org\",\"@graph\":[{\"@type\":\"WebPage\",\"@id\":\"https:\/\/nailspa.ee\/e-pood\/toode\/bflex-led-gel-jazzy-14-ml\/\",\"url\":\"https:\/\/nailspa.ee\/e-pood\/toode\/bflex-led-gel-jazzy-14-ml\/\",\"name\":\"BFlex LED Geel Jazzy 14 ml | Nailspa e-pood\",\"isPartOf\":{\"@id\":\"http:\/\/nailspa.ee\/e-pood\/#website\"},\"primaryImageOfPage\":{\"@id\":\"https:\/\/nailspa.ee\/e-pood\/toode\/bflex-led-gel-jazzy-14-ml\/#primaryimage\"},\"image\":{\"@id\":\"https:\/\/nailspa.ee\/e-pood\/toode\/bflex-led-gel-jazzy-14-ml\/#primaryimage\"},\"thumbnailUrl\":\"https:\/\/nailspa.ee\/e-pood\/wp-content\/uploads\/2023\/07\/jazzy1.webp\",\"datePublished\":\"2023-07-21T11:12:24+00:00\",\"dateModified\":\"2023-09-15T08:15:21+00:00\",\"breadcrumb\":{\"@id\":\"https:\/\/nailspa.ee\/e-pood\/toode\/bflex-led-gel-jazzy-14-ml\/#breadcrumb\"},\"inLanguage\":\"et\",\"potentialAction\":[{\"@type\":\"ReadAction\",\"target\":[\"https:\/\/nailspa.ee\/e-pood\/toode\/bflex-led-gel-jazzy-14-ml\/\"]}]},{\"@type\":\"ImageObject\",\"inLanguage\":\"et\",\"@id\":\"https:\/\/nailspa.ee\/e-pood\/toode\/bflex-led-gel-jazzy-14-ml\/#primaryimage\",\"url\":\"https:\/\/nailspa.ee\/e-pood\/wp-content\/uploads\/2023\/07\/jazzy1.webp\",\"contentUrl\":\"https:\/\/nailspa.ee\/e-pood\/wp-content\/uploads\/2023\/07\/jazzy1.webp\",\"width\":800,\"height\":800},{\"@type\":\"BreadcrumbList\",\"@id\":\"https:\/\/nailspa.ee\/e-pood\/toode\/bflex-led-gel-jazzy-14-ml\/#breadcrumb\",\"itemListElement\":[{\"@type\":\"ListItem\",\"position\":1,\"name\":\"Home\",\"item\":\"http:\/\/nailspa.ee\/e-pood\/\"},{\"@type\":\"ListItem\",\"position\":2,\"name\":\"Pood\",\"item\":\"http:\/\/nailspa.ee\/e-pood\/pood\/\"},{\"@type\":\"ListItem\",\"position\":3,\"name\":\"BFlex LED Geel Jazzy 14 ml\"}]},{\"@type\":\"WebSite\",\"@id\":\"http:\/\/nailspa.ee\/e-pood\/#website\",\"url\":\"http:\/\/nailspa.ee\/e-pood\/\",\"name\":\"Nailspa e-pood\",\"description\":\"\",\"potentialAction\":[{\"@type\":\"SearchAction\",\"target\":{\"@type\":\"EntryPoint\",\"urlTemplate\":\"http:\/\/nailspa.ee\/e-pood\/?s={search_term_string}\"},\"query-input\":{\"@type\":\"PropertyValueSpecification\",\"valueRequired\":true,\"valueName\":\"search_term_string\"}}],\"inLanguage\":\"et\"}]}<\/script>\n<!-- \/ Yoast SEO plugin. -->","yoast_head_json":{"title":"BFlex LED Geel Jazzy 14 ml | Nailspa e-pood","robots":{"index":"index","follow":"follow","max-snippet":"max-snippet:-1","max-image-preview":"max-image-preview:large","max-video-preview":"max-video-preview:-1"},"canonical":"https:\/\/nailspa.ee\/e-pood\/toode\/bflex-led-gel-jazzy-14-ml\/","og_locale":"et_EE","og_type":"article","og_title":"BFlex LED Geel Jazzy 14 ml | Nailspa e-pood","og_description":"Uus innovaatiline BFlex geel.  Vegan s\u00f5bralik happevaba kvaliteetne geel, mis annab manik\u00fc\u00fcrile imeilusa naturaalse stiiliga l\u00f5pptulemuse  V\u00e4ga k\u00fc\u00fcnes\u00f5bralik toode  V\u00e4ga painduv geel, mis aitab oma k\u00fc\u00fcntel pikemaks kasvada.  All-in-one geel (baas, ehitusgeel ja top)  NB! Toodet peab kasutama AINULT happevaba primeriga (https:\/\/nailspa.ee\/e-pood\/toode\/acid-free-primer-15-ml-happevaba-primer\/)  Parima p\u00fcsivuse ja l\u00e4ike saavutamiseks soovitame katta BFlex Clear geeliga https:\/\/nailspa.ee\/e-pood\/toode\/bflex-led-geel-clear-14-ml\/  KUIDAS KASUTADA: https:\/\/youtu.be\/T8fJGWWO11s?t=48  Loe l\u00e4hemalt: https:\/\/nailspa.ee\/e-pood\/et\/2022\/05\/04\/bflex-geel-innovatsioon-kuunemaailmas\/","og_url":"https:\/\/nailspa.ee\/e-pood\/toode\/bflex-led-gel-jazzy-14-ml\/","og_site_name":"Nailspa e-pood","article_modified_time":"2023-09-15T08:15:21+00:00","og_image":[{"width":800,"height":800,"url":"https:\/\/nailspa.ee\/e-pood\/wp-content\/uploads\/2023\/07\/jazzy1.webp","type":"image\/webp"}],"twitter_card":"summary_large_image","schema":{"@context":"https:\/\/schema.org","@graph":[{"@type":"WebPage","@id":"https:\/\/nailspa.ee\/e-pood\/toode\/bflex-led-gel-jazzy-14-ml\/","url":"https:\/\/nailspa.ee\/e-pood\/toode\/bflex-led-gel-jazzy-14-ml\/","name":"BFlex LED Geel Jazzy 14 ml | Nailspa e-pood","isPartOf":{"@id":"http:\/\/nailspa.ee\/e-pood\/#website"},"primaryImageOfPage":{"@id":"https:\/\/nailspa.ee\/e-pood\/toode\/bflex-led-gel-jazzy-14-ml\/#primaryimage"},"image":{"@id":"https:\/\/nailspa.ee\/e-pood\/toode\/bflex-led-gel-jazzy-14-ml\/#primaryimage"},"thumbnailUrl":"https:\/\/nailspa.ee\/e-pood\/wp-content\/uploads\/2023\/07\/jazzy1.webp","datePublished":"2023-07-21T11:12:24+00:00","dateModified":"2023-09-15T08:15:21+00:00","breadcrumb":{"@id":"https:\/\/nailspa.ee\/e-pood\/toode\/bflex-led-gel-jazzy-14-ml\/#breadcrumb"},"inLanguage":"et","potentialAction":[{"@type":"ReadAction","target":["https:\/\/nailspa.ee\/e-pood\/toode\/bflex-led-gel-jazzy-14-ml\/"]}]},{"@type":"ImageObject","inLanguage":"et","@id":"https:\/\/nailspa.ee\/e-pood\/toode\/bflex-led-gel-jazzy-14-ml\/#primaryimage","url":"https:\/\/nailspa.ee\/e-pood\/wp-content\/uploads\/2023\/07\/jazzy1.webp","contentUrl":"https:\/\/nailspa.ee\/e-pood\/wp-content\/uploads\/2023\/07\/jazzy1.webp","width":800,"height":800},{"@type":"BreadcrumbList","@id":"https:\/\/nailspa.ee\/e-pood\/toode\/bflex-led-gel-jazzy-14-ml\/#breadcrumb","itemListElement":[{"@type":"ListItem","position":1,"name":"Home","item":"http:\/\/nailspa.ee\/e-pood\/"},{"@type":"ListItem","position":2,"name":"Pood","item":"http:\/\/nailspa.ee\/e-pood\/pood\/"},{"@type":"ListItem","position":3,"name":"BFlex LED Geel Jazzy 14 ml"}]},{"@type":"WebSite","@id":"http:\/\/nailspa.ee\/e-pood\/#website","url":"http:\/\/nailspa.ee\/e-pood\/","name":"Nailspa e-pood","description":"","potentialAction":[{"@type":"SearchAction","target":{"@type":"EntryPoint","urlTemplate":"http:\/\/nailspa.ee\/e-pood\/?s={search_term_string}"},"query-input":{"@type":"PropertyValueSpecification","valueRequired":true,"valueName":"search_term_string"}}],"inLanguage":"et"}]}},"_links":{"self":[{"href":"https:\/\/nailspa.ee\/e-pood\/wp-json\/wp\/v2\/product\/6494","targetHints":{"allow":["GET"]}}],"collection":[{"href":"https:\/\/nailspa.ee\/e-pood\/wp-json\/wp\/v2\/product"}],"about":[{"href":"https:\/\/nailspa.ee\/e-pood\/wp-json\/wp\/v2\/types\/product"}],"wp:featuredmedia":[{"embeddable":true,"href":"https:\/\/nailspa.ee\/e-pood\/wp-json\/wp\/v2\/media\/6484"}],"wp:attachment":[{"href":"https:\/\/nailspa.ee\/e-pood\/wp-json\/wp\/v2\/media?parent=6494"}],"wp:term":[{"taxonomy":"product_brand","embeddable":true,"href":"https:\/\/nailspa.ee\/e-pood\/wp-json\/wp\/v2\/product_brand?post=6494"},{"taxonomy":"product_cat","embeddable":true,"href":"https:\/\/nailspa.ee\/e-pood\/wp-json\/wp\/v2\/product_cat?post=6494"},{"taxonomy":"product_tag","embeddable":true,"href":"https:\/\/nailspa.ee\/e-pood\/wp-json\/wp\/v2\/product_tag?post=6494"}],"curies":[{"name":"wp","href":"https:\/\/api.w.org\/{rel}","templated":true}]}}