{"id":5811,"date":"2022-03-13T14:42:54","date_gmt":"2022-03-13T12:42:54","guid":{"rendered":"https:\/\/nailspa.ee\/e-pood\/?post_type=product&#038;p=5811"},"modified":"2025-06-26T12:25:25","modified_gmt":"2025-06-26T09:25:25","slug":"extreme-white-n-80-geelvarv-15-m","status":"publish","type":"product","link":"https:\/\/nailspa.ee\/e-pood\/toode\/extreme-white-n-80-geelvarv-15-m\/","title":{"rendered":"Ombre White geelv\u00e4rv 5 ml"},"content":{"rendered":"","protected":false},"excerpt":{"rendered":"<ul>\n<li>Kergesti kasutatav ja isetasanduv geelv\u00e4rv<\/li>\n<li>V\u00e4ga hea katvusega<\/li>\n<li>Tugeva pigmendiga<\/li>\n<li>\u00d5hukese koostisega<\/li>\n<\/ul>\n","protected":false},"featured_media":6799,"template":"","meta":[],"product_brand":[],"product_cat":[90],"product_tag":[],"class_list":{"0":"post-5811","1":"product","2":"type-product","3":"status-publish","4":"has-post-thumbnail","6":"product_cat-kuunedisain","8":"first","9":"instock","10":"taxable","11":"shipping-taxable","12":"purchasable","13":"product-type-simple"},"yoast_head":"<!-- This site is optimized with the Yoast SEO plugin v26.4 - https:\/\/yoast.com\/wordpress\/plugins\/seo\/ -->\n<title>Ombre White geelv\u00e4rv 5 ml | Nailspa e-pood<\/title>\n<meta name=\"robots\" content=\"index, follow, max-snippet:-1, max-image-preview:large, max-video-preview:-1\" \/>\n<link rel=\"canonical\" href=\"http:\/\/nailspa.ee\/e-pood\/toode\/extreme-white-n-80-geelvarv-15-m\/\" \/>\n<meta property=\"og:locale\" content=\"et_EE\" \/>\n<meta property=\"og:type\" content=\"article\" \/>\n<meta property=\"og:title\" content=\"Ombre White geelv\u00e4rv 5 ml | Nailspa e-pood\" \/>\n<meta property=\"og:description\" content=\"Kergesti kasutatav ja isetasanduv geelv\u00e4rv  V\u00e4ga hea katvusega  Tugeva pigmendiga  \u00d5hukese koostisega\" \/>\n<meta property=\"og:url\" content=\"http:\/\/nailspa.ee\/e-pood\/toode\/extreme-white-n-80-geelvarv-15-m\/\" \/>\n<meta property=\"og:site_name\" content=\"Nailspa e-pood\" \/>\n<meta property=\"article:modified_time\" content=\"2025-06-26T09:25:25+00:00\" \/>\n<meta property=\"og:image\" content=\"http:\/\/nailspa.ee\/e-pood\/wp-content\/uploads\/2024\/06\/30090_1.webp\" \/>\n\t<meta property=\"og:image:width\" content=\"800\" \/>\n\t<meta property=\"og:image:height\" content=\"800\" \/>\n\t<meta property=\"og:image:type\" content=\"image\/webp\" \/>\n<meta name=\"twitter:card\" content=\"summary_large_image\" \/>\n<meta name=\"twitter:label1\" content=\"Est. reading time\" \/>\n\t<meta name=\"twitter:data1\" content=\"1 minut\" \/>\n<script type=\"application\/ld+json\" class=\"yoast-schema-graph\">{\"@context\":\"https:\/\/schema.org\",\"@graph\":[{\"@type\":\"WebPage\",\"@id\":\"http:\/\/nailspa.ee\/e-pood\/toode\/extreme-white-n-80-geelvarv-15-m\/\",\"url\":\"http:\/\/nailspa.ee\/e-pood\/toode\/extreme-white-n-80-geelvarv-15-m\/\",\"name\":\"Ombre White geelv\u00e4rv 5 ml | Nailspa e-pood\",\"isPartOf\":{\"@id\":\"http:\/\/nailspa.ee\/e-pood\/#website\"},\"primaryImageOfPage\":{\"@id\":\"http:\/\/nailspa.ee\/e-pood\/toode\/extreme-white-n-80-geelvarv-15-m\/#primaryimage\"},\"image\":{\"@id\":\"http:\/\/nailspa.ee\/e-pood\/toode\/extreme-white-n-80-geelvarv-15-m\/#primaryimage\"},\"thumbnailUrl\":\"https:\/\/nailspa.ee\/e-pood\/wp-content\/uploads\/2024\/06\/30090_1.webp\",\"datePublished\":\"2022-03-13T12:42:54+00:00\",\"dateModified\":\"2025-06-26T09:25:25+00:00\",\"breadcrumb\":{\"@id\":\"http:\/\/nailspa.ee\/e-pood\/toode\/extreme-white-n-80-geelvarv-15-m\/#breadcrumb\"},\"inLanguage\":\"et\",\"potentialAction\":[{\"@type\":\"ReadAction\",\"target\":[\"http:\/\/nailspa.ee\/e-pood\/toode\/extreme-white-n-80-geelvarv-15-m\/\"]}]},{\"@type\":\"ImageObject\",\"inLanguage\":\"et\",\"@id\":\"http:\/\/nailspa.ee\/e-pood\/toode\/extreme-white-n-80-geelvarv-15-m\/#primaryimage\",\"url\":\"https:\/\/nailspa.ee\/e-pood\/wp-content\/uploads\/2024\/06\/30090_1.webp\",\"contentUrl\":\"https:\/\/nailspa.ee\/e-pood\/wp-content\/uploads\/2024\/06\/30090_1.webp\",\"width\":800,\"height\":800},{\"@type\":\"BreadcrumbList\",\"@id\":\"http:\/\/nailspa.ee\/e-pood\/toode\/extreme-white-n-80-geelvarv-15-m\/#breadcrumb\",\"itemListElement\":[{\"@type\":\"ListItem\",\"position\":1,\"name\":\"Home\",\"item\":\"http:\/\/nailspa.ee\/e-pood\/\"},{\"@type\":\"ListItem\",\"position\":2,\"name\":\"Pood\",\"item\":\"http:\/\/nailspa.ee\/e-pood\/pood\/\"},{\"@type\":\"ListItem\",\"position\":3,\"name\":\"Ombre White geelv\u00e4rv 5 ml\"}]},{\"@type\":\"WebSite\",\"@id\":\"http:\/\/nailspa.ee\/e-pood\/#website\",\"url\":\"http:\/\/nailspa.ee\/e-pood\/\",\"name\":\"Nailspa e-pood\",\"description\":\"\",\"potentialAction\":[{\"@type\":\"SearchAction\",\"target\":{\"@type\":\"EntryPoint\",\"urlTemplate\":\"http:\/\/nailspa.ee\/e-pood\/?s={search_term_string}\"},\"query-input\":{\"@type\":\"PropertyValueSpecification\",\"valueRequired\":true,\"valueName\":\"search_term_string\"}}],\"inLanguage\":\"et\"}]}<\/script>\n<!-- \/ Yoast SEO plugin. -->","yoast_head_json":{"title":"Ombre White geelv\u00e4rv 5 ml | Nailspa e-pood","robots":{"index":"index","follow":"follow","max-snippet":"max-snippet:-1","max-image-preview":"max-image-preview:large","max-video-preview":"max-video-preview:-1"},"canonical":"http:\/\/nailspa.ee\/e-pood\/toode\/extreme-white-n-80-geelvarv-15-m\/","og_locale":"et_EE","og_type":"article","og_title":"Ombre White geelv\u00e4rv 5 ml | Nailspa e-pood","og_description":"Kergesti kasutatav ja isetasanduv geelv\u00e4rv  V\u00e4ga hea katvusega  Tugeva pigmendiga  \u00d5hukese koostisega","og_url":"http:\/\/nailspa.ee\/e-pood\/toode\/extreme-white-n-80-geelvarv-15-m\/","og_site_name":"Nailspa e-pood","article_modified_time":"2025-06-26T09:25:25+00:00","og_image":[{"width":800,"height":800,"url":"http:\/\/nailspa.ee\/e-pood\/wp-content\/uploads\/2024\/06\/30090_1.webp","type":"image\/webp"}],"twitter_card":"summary_large_image","twitter_misc":{"Est. reading time":"1 minut"},"schema":{"@context":"https:\/\/schema.org","@graph":[{"@type":"WebPage","@id":"http:\/\/nailspa.ee\/e-pood\/toode\/extreme-white-n-80-geelvarv-15-m\/","url":"http:\/\/nailspa.ee\/e-pood\/toode\/extreme-white-n-80-geelvarv-15-m\/","name":"Ombre White geelv\u00e4rv 5 ml | Nailspa e-pood","isPartOf":{"@id":"http:\/\/nailspa.ee\/e-pood\/#website"},"primaryImageOfPage":{"@id":"http:\/\/nailspa.ee\/e-pood\/toode\/extreme-white-n-80-geelvarv-15-m\/#primaryimage"},"image":{"@id":"http:\/\/nailspa.ee\/e-pood\/toode\/extreme-white-n-80-geelvarv-15-m\/#primaryimage"},"thumbnailUrl":"https:\/\/nailspa.ee\/e-pood\/wp-content\/uploads\/2024\/06\/30090_1.webp","datePublished":"2022-03-13T12:42:54+00:00","dateModified":"2025-06-26T09:25:25+00:00","breadcrumb":{"@id":"http:\/\/nailspa.ee\/e-pood\/toode\/extreme-white-n-80-geelvarv-15-m\/#breadcrumb"},"inLanguage":"et","potentialAction":[{"@type":"ReadAction","target":["http:\/\/nailspa.ee\/e-pood\/toode\/extreme-white-n-80-geelvarv-15-m\/"]}]},{"@type":"ImageObject","inLanguage":"et","@id":"http:\/\/nailspa.ee\/e-pood\/toode\/extreme-white-n-80-geelvarv-15-m\/#primaryimage","url":"https:\/\/nailspa.ee\/e-pood\/wp-content\/uploads\/2024\/06\/30090_1.webp","contentUrl":"https:\/\/nailspa.ee\/e-pood\/wp-content\/uploads\/2024\/06\/30090_1.webp","width":800,"height":800},{"@type":"BreadcrumbList","@id":"http:\/\/nailspa.ee\/e-pood\/toode\/extreme-white-n-80-geelvarv-15-m\/#breadcrumb","itemListElement":[{"@type":"ListItem","position":1,"name":"Home","item":"http:\/\/nailspa.ee\/e-pood\/"},{"@type":"ListItem","position":2,"name":"Pood","item":"http:\/\/nailspa.ee\/e-pood\/pood\/"},{"@type":"ListItem","position":3,"name":"Ombre White geelv\u00e4rv 5 ml"}]},{"@type":"WebSite","@id":"http:\/\/nailspa.ee\/e-pood\/#website","url":"http:\/\/nailspa.ee\/e-pood\/","name":"Nailspa e-pood","description":"","potentialAction":[{"@type":"SearchAction","target":{"@type":"EntryPoint","urlTemplate":"http:\/\/nailspa.ee\/e-pood\/?s={search_term_string}"},"query-input":{"@type":"PropertyValueSpecification","valueRequired":true,"valueName":"search_term_string"}}],"inLanguage":"et"}]}},"_links":{"self":[{"href":"https:\/\/nailspa.ee\/e-pood\/wp-json\/wp\/v2\/product\/5811","targetHints":{"allow":["GET"]}}],"collection":[{"href":"https:\/\/nailspa.ee\/e-pood\/wp-json\/wp\/v2\/product"}],"about":[{"href":"https:\/\/nailspa.ee\/e-pood\/wp-json\/wp\/v2\/types\/product"}],"wp:featuredmedia":[{"embeddable":true,"href":"https:\/\/nailspa.ee\/e-pood\/wp-json\/wp\/v2\/media\/6799"}],"wp:attachment":[{"href":"https:\/\/nailspa.ee\/e-pood\/wp-json\/wp\/v2\/media?parent=5811"}],"wp:term":[{"taxonomy":"product_brand","embeddable":true,"href":"https:\/\/nailspa.ee\/e-pood\/wp-json\/wp\/v2\/product_brand?post=5811"},{"taxonomy":"product_cat","embeddable":true,"href":"https:\/\/nailspa.ee\/e-pood\/wp-json\/wp\/v2\/product_cat?post=5811"},{"taxonomy":"product_tag","embeddable":true,"href":"https:\/\/nailspa.ee\/e-pood\/wp-json\/wp\/v2\/product_tag?post=5811"}],"curies":[{"name":"wp","href":"https:\/\/api.w.org\/{rel}","templated":true}]}}