{"id":5305,"date":"2021-06-23T19:45:12","date_gmt":"2021-06-23T16:45:12","guid":{"rendered":"https:\/\/nailspa.ee\/e-pood\/?post_type=product&#038;p=5305"},"modified":"2022-12-23T11:14:13","modified_gmt":"2022-12-23T09:14:13","slug":"pintsel-nr-10-punky-brush","status":"publish","type":"product","link":"https:\/\/nailspa.ee\/e-pood\/toode\/pintsel-nr-10-punky-brush\/","title":{"rendered":"Pintsel nr 10 Punky brush"},"content":{"rendered":"","protected":false},"excerpt":{"rendered":"<ul>\n<li>Ideaalne valik erinevate pulbrite k\u00fc\u00fcnele kandmiseks<\/li>\n<li>Topelt karvade kiht aitab pulbrit k\u00fc\u00fcnele kanda kiirelt ja efektiivselt<\/li>\n<li>Ergonoomiline ja \u00e4\u00e4rmiselt vastupidav pintsel<\/li>\n<li>Innovatiivne, graatsilise keeruga disain, mugavaks pintsli k\u00e4es hoidmiseks<\/li>\n<li>Pintsli tipus on ots geeli eemalduseks k\u00fc\u00fcnevallidest<\/li>\n<li>Kaasas innovatiivne clip-on kork ja v\u00e4rvilised r\u00f5ngad pintslite eraldamiseks<\/li>\n<li>Pintsli metallist detailid on allergiavabad<\/li>\n<li><\/li>\n<\/ul>\n","protected":false},"featured_media":5285,"template":"","meta":[],"product_brand":[],"product_cat":[87],"product_tag":[],"class_list":{"0":"post-5305","1":"product","2":"type-product","3":"status-publish","4":"has-post-thumbnail","6":"product_cat-pintslid","8":"first","9":"instock","10":"taxable","11":"shipping-taxable","12":"product-type-simple"},"yoast_head":"<!-- This site is optimized with the Yoast SEO plugin v26.4 - https:\/\/yoast.com\/wordpress\/plugins\/seo\/ -->\n<title>Pintsel nr 10 Punky brush | Nailspa e-pood<\/title>\n<meta name=\"robots\" content=\"index, follow, max-snippet:-1, max-image-preview:large, max-video-preview:-1\" \/>\n<link rel=\"canonical\" href=\"https:\/\/nailspa.ee\/e-pood\/toode\/pintsel-nr-10-punky-brush\/\" \/>\n<meta property=\"og:locale\" content=\"et_EE\" \/>\n<meta property=\"og:type\" content=\"article\" \/>\n<meta property=\"og:title\" content=\"Pintsel nr 10 Punky brush | Nailspa e-pood\" \/>\n<meta property=\"og:description\" content=\"Ideaalne valik erinevate pulbrite k\u00fc\u00fcnele kandmiseks  Topelt karvade kiht aitab pulbrit k\u00fc\u00fcnele kanda kiirelt ja efektiivselt  Ergonoomiline ja \u00e4\u00e4rmiselt vastupidav pintsel  Innovatiivne, graatsilise keeruga disain, mugavaks pintsli k\u00e4es hoidmiseks  Pintsli tipus on ots geeli eemalduseks k\u00fc\u00fcnevallidest  Kaasas innovatiivne clip-on kork ja v\u00e4rvilised r\u00f5ngad pintslite eraldamiseks  Pintsli metallist detailid on allergiavabad\" \/>\n<meta property=\"og:url\" content=\"https:\/\/nailspa.ee\/e-pood\/toode\/pintsel-nr-10-punky-brush\/\" \/>\n<meta property=\"og:site_name\" content=\"Nailspa e-pood\" \/>\n<meta property=\"article:modified_time\" content=\"2022-12-23T09:14:13+00:00\" \/>\n<meta property=\"og:image\" content=\"https:\/\/nailspa.ee\/e-pood\/wp-content\/uploads\/2021\/06\/29082_2.jpg\" \/>\n\t<meta property=\"og:image:width\" content=\"1050\" \/>\n\t<meta property=\"og:image:height\" content=\"1050\" \/>\n\t<meta property=\"og:image:type\" content=\"image\/jpeg\" \/>\n<meta name=\"twitter:card\" content=\"summary_large_image\" \/>\n<script type=\"application\/ld+json\" class=\"yoast-schema-graph\">{\"@context\":\"https:\/\/schema.org\",\"@graph\":[{\"@type\":\"WebPage\",\"@id\":\"https:\/\/nailspa.ee\/e-pood\/toode\/pintsel-nr-10-punky-brush\/\",\"url\":\"https:\/\/nailspa.ee\/e-pood\/toode\/pintsel-nr-10-punky-brush\/\",\"name\":\"Pintsel nr 10 Punky brush | Nailspa e-pood\",\"isPartOf\":{\"@id\":\"http:\/\/nailspa.ee\/e-pood\/#website\"},\"primaryImageOfPage\":{\"@id\":\"https:\/\/nailspa.ee\/e-pood\/toode\/pintsel-nr-10-punky-brush\/#primaryimage\"},\"image\":{\"@id\":\"https:\/\/nailspa.ee\/e-pood\/toode\/pintsel-nr-10-punky-brush\/#primaryimage\"},\"thumbnailUrl\":\"https:\/\/nailspa.ee\/e-pood\/wp-content\/uploads\/2021\/06\/29082_2.jpg\",\"datePublished\":\"2021-06-23T16:45:12+00:00\",\"dateModified\":\"2022-12-23T09:14:13+00:00\",\"breadcrumb\":{\"@id\":\"https:\/\/nailspa.ee\/e-pood\/toode\/pintsel-nr-10-punky-brush\/#breadcrumb\"},\"inLanguage\":\"et\",\"potentialAction\":[{\"@type\":\"ReadAction\",\"target\":[\"https:\/\/nailspa.ee\/e-pood\/toode\/pintsel-nr-10-punky-brush\/\"]}]},{\"@type\":\"ImageObject\",\"inLanguage\":\"et\",\"@id\":\"https:\/\/nailspa.ee\/e-pood\/toode\/pintsel-nr-10-punky-brush\/#primaryimage\",\"url\":\"https:\/\/nailspa.ee\/e-pood\/wp-content\/uploads\/2021\/06\/29082_2.jpg\",\"contentUrl\":\"https:\/\/nailspa.ee\/e-pood\/wp-content\/uploads\/2021\/06\/29082_2.jpg\",\"width\":1050,\"height\":1050},{\"@type\":\"BreadcrumbList\",\"@id\":\"https:\/\/nailspa.ee\/e-pood\/toode\/pintsel-nr-10-punky-brush\/#breadcrumb\",\"itemListElement\":[{\"@type\":\"ListItem\",\"position\":1,\"name\":\"Home\",\"item\":\"http:\/\/nailspa.ee\/e-pood\/\"},{\"@type\":\"ListItem\",\"position\":2,\"name\":\"Pood\",\"item\":\"http:\/\/nailspa.ee\/e-pood\/pood\/\"},{\"@type\":\"ListItem\",\"position\":3,\"name\":\"Pintsel nr 10 Punky brush\"}]},{\"@type\":\"WebSite\",\"@id\":\"http:\/\/nailspa.ee\/e-pood\/#website\",\"url\":\"http:\/\/nailspa.ee\/e-pood\/\",\"name\":\"Nailspa e-pood\",\"description\":\"\",\"potentialAction\":[{\"@type\":\"SearchAction\",\"target\":{\"@type\":\"EntryPoint\",\"urlTemplate\":\"http:\/\/nailspa.ee\/e-pood\/?s={search_term_string}\"},\"query-input\":{\"@type\":\"PropertyValueSpecification\",\"valueRequired\":true,\"valueName\":\"search_term_string\"}}],\"inLanguage\":\"et\"}]}<\/script>\n<!-- \/ Yoast SEO plugin. -->","yoast_head_json":{"title":"Pintsel nr 10 Punky brush | Nailspa e-pood","robots":{"index":"index","follow":"follow","max-snippet":"max-snippet:-1","max-image-preview":"max-image-preview:large","max-video-preview":"max-video-preview:-1"},"canonical":"https:\/\/nailspa.ee\/e-pood\/toode\/pintsel-nr-10-punky-brush\/","og_locale":"et_EE","og_type":"article","og_title":"Pintsel nr 10 Punky brush | Nailspa e-pood","og_description":"Ideaalne valik erinevate pulbrite k\u00fc\u00fcnele kandmiseks  Topelt karvade kiht aitab pulbrit k\u00fc\u00fcnele kanda kiirelt ja efektiivselt  Ergonoomiline ja \u00e4\u00e4rmiselt vastupidav pintsel  Innovatiivne, graatsilise keeruga disain, mugavaks pintsli k\u00e4es hoidmiseks  Pintsli tipus on ots geeli eemalduseks k\u00fc\u00fcnevallidest  Kaasas innovatiivne clip-on kork ja v\u00e4rvilised r\u00f5ngad pintslite eraldamiseks  Pintsli metallist detailid on allergiavabad","og_url":"https:\/\/nailspa.ee\/e-pood\/toode\/pintsel-nr-10-punky-brush\/","og_site_name":"Nailspa e-pood","article_modified_time":"2022-12-23T09:14:13+00:00","og_image":[{"width":1050,"height":1050,"url":"https:\/\/nailspa.ee\/e-pood\/wp-content\/uploads\/2021\/06\/29082_2.jpg","type":"image\/jpeg"}],"twitter_card":"summary_large_image","schema":{"@context":"https:\/\/schema.org","@graph":[{"@type":"WebPage","@id":"https:\/\/nailspa.ee\/e-pood\/toode\/pintsel-nr-10-punky-brush\/","url":"https:\/\/nailspa.ee\/e-pood\/toode\/pintsel-nr-10-punky-brush\/","name":"Pintsel nr 10 Punky brush | Nailspa e-pood","isPartOf":{"@id":"http:\/\/nailspa.ee\/e-pood\/#website"},"primaryImageOfPage":{"@id":"https:\/\/nailspa.ee\/e-pood\/toode\/pintsel-nr-10-punky-brush\/#primaryimage"},"image":{"@id":"https:\/\/nailspa.ee\/e-pood\/toode\/pintsel-nr-10-punky-brush\/#primaryimage"},"thumbnailUrl":"https:\/\/nailspa.ee\/e-pood\/wp-content\/uploads\/2021\/06\/29082_2.jpg","datePublished":"2021-06-23T16:45:12+00:00","dateModified":"2022-12-23T09:14:13+00:00","breadcrumb":{"@id":"https:\/\/nailspa.ee\/e-pood\/toode\/pintsel-nr-10-punky-brush\/#breadcrumb"},"inLanguage":"et","potentialAction":[{"@type":"ReadAction","target":["https:\/\/nailspa.ee\/e-pood\/toode\/pintsel-nr-10-punky-brush\/"]}]},{"@type":"ImageObject","inLanguage":"et","@id":"https:\/\/nailspa.ee\/e-pood\/toode\/pintsel-nr-10-punky-brush\/#primaryimage","url":"https:\/\/nailspa.ee\/e-pood\/wp-content\/uploads\/2021\/06\/29082_2.jpg","contentUrl":"https:\/\/nailspa.ee\/e-pood\/wp-content\/uploads\/2021\/06\/29082_2.jpg","width":1050,"height":1050},{"@type":"BreadcrumbList","@id":"https:\/\/nailspa.ee\/e-pood\/toode\/pintsel-nr-10-punky-brush\/#breadcrumb","itemListElement":[{"@type":"ListItem","position":1,"name":"Home","item":"http:\/\/nailspa.ee\/e-pood\/"},{"@type":"ListItem","position":2,"name":"Pood","item":"http:\/\/nailspa.ee\/e-pood\/pood\/"},{"@type":"ListItem","position":3,"name":"Pintsel nr 10 Punky brush"}]},{"@type":"WebSite","@id":"http:\/\/nailspa.ee\/e-pood\/#website","url":"http:\/\/nailspa.ee\/e-pood\/","name":"Nailspa e-pood","description":"","potentialAction":[{"@type":"SearchAction","target":{"@type":"EntryPoint","urlTemplate":"http:\/\/nailspa.ee\/e-pood\/?s={search_term_string}"},"query-input":{"@type":"PropertyValueSpecification","valueRequired":true,"valueName":"search_term_string"}}],"inLanguage":"et"}]}},"_links":{"self":[{"href":"https:\/\/nailspa.ee\/e-pood\/wp-json\/wp\/v2\/product\/5305","targetHints":{"allow":["GET"]}}],"collection":[{"href":"https:\/\/nailspa.ee\/e-pood\/wp-json\/wp\/v2\/product"}],"about":[{"href":"https:\/\/nailspa.ee\/e-pood\/wp-json\/wp\/v2\/types\/product"}],"wp:featuredmedia":[{"embeddable":true,"href":"https:\/\/nailspa.ee\/e-pood\/wp-json\/wp\/v2\/media\/5285"}],"wp:attachment":[{"href":"https:\/\/nailspa.ee\/e-pood\/wp-json\/wp\/v2\/media?parent=5305"}],"wp:term":[{"taxonomy":"product_brand","embeddable":true,"href":"https:\/\/nailspa.ee\/e-pood\/wp-json\/wp\/v2\/product_brand?post=5305"},{"taxonomy":"product_cat","embeddable":true,"href":"https:\/\/nailspa.ee\/e-pood\/wp-json\/wp\/v2\/product_cat?post=5305"},{"taxonomy":"product_tag","embeddable":true,"href":"https:\/\/nailspa.ee\/e-pood\/wp-json\/wp\/v2\/product_tag?post=5305"}],"curies":[{"name":"wp","href":"https:\/\/api.w.org\/{rel}","templated":true}]}}