{"id":5298,"date":"2021-06-23T19:28:13","date_gmt":"2021-06-23T16:28:13","guid":{"rendered":"https:\/\/nailspa.ee\/e-pood\/?post_type=product&#038;p=5298"},"modified":"2026-01-20T17:55:05","modified_gmt":"2026-01-20T15:55:05","slug":"nail-hardener-kuusi-tugevdav-lakk-10-ml","status":"publish","type":"product","link":"https:\/\/nailspa.ee\/e-pood\/toode\/nail-hardener-kuusi-tugevdav-lakk-10-ml\/","title":{"rendered":"Nail hardener &#8211; k\u00fc\u00fcsi tugevdav lakk 10 ml"},"content":{"rendered":"","protected":false},"excerpt":{"rendered":"<ul>\n<li>Tugevdab ja hooldab hapraid, \u00f5hukesi ja katkiseid k\u00fc\u00fcsi. Aktiivne k\u00fc\u00fcneravi on parim viis taastada tugevaid ja terveid k\u00fc\u00fcsi. Hiljem v\u00f5ib sama toodet kasutada ka aluslakina ja hooldust v\u00f5ib korrata mitu korda aastas. Kanda peale 2 kihina. Kuna esimene kiht kuivab kiiresti, siis j\u00e4rgmine kanda peale koheselt. Selliselt saavutame me maksimaalse efekti.<br \/>\nKodusel kasutamisel kanda toodet peale iga 2 p\u00e4eva j\u00e4rgi (eemaldada eelmine kiht ja kanda peale uued). Mitte kasutada j\u00e4rjest rohkem kui 3 n\u00e4dalat.<\/li>\n<\/ul>\n","protected":false},"featured_media":5290,"template":"","meta":[],"product_brand":[],"product_cat":[84],"product_tag":[],"class_list":{"0":"post-5298","1":"product","2":"type-product","3":"status-publish","4":"has-post-thumbnail","6":"product_cat-kuuntehooldus","8":"first","9":"instock","10":"taxable","11":"shipping-taxable","12":"purchasable","13":"product-type-simple"},"yoast_head":"<!-- This site is optimized with the Yoast SEO plugin v26.4 - https:\/\/yoast.com\/wordpress\/plugins\/seo\/ -->\n<title>Nail hardener - k\u00fc\u00fcsi tugevdav lakk 10 ml | Nailspa e-pood<\/title>\n<meta name=\"robots\" content=\"index, follow, max-snippet:-1, max-image-preview:large, max-video-preview:-1\" \/>\n<link rel=\"canonical\" href=\"http:\/\/nailspa.ee\/e-pood\/toode\/nail-hardener-kuusi-tugevdav-lakk-10-ml\/\" \/>\n<meta property=\"og:locale\" content=\"et_EE\" \/>\n<meta property=\"og:type\" content=\"article\" \/>\n<meta property=\"og:title\" content=\"Nail hardener - k\u00fc\u00fcsi tugevdav lakk 10 ml | Nailspa e-pood\" \/>\n<meta property=\"og:description\" content=\"Tugevdab ja hooldab hapraid, \u00f5hukesi ja katkiseid k\u00fc\u00fcsi. Aktiivne k\u00fc\u00fcneravi on parim viis taastada tugevaid ja terveid k\u00fc\u00fcsi. Hiljem v\u00f5ib sama toodet kasutada ka aluslakina ja hooldust v\u00f5ib korrata mitu korda aastas. Kanda peale 2 kihina. Kuna esimene kiht kuivab kiiresti, siis j\u00e4rgmine kanda peale koheselt. Selliselt saavutame me maksimaalse efekti. Kodusel kasutamisel kanda toodet peale iga 2 p\u00e4eva j\u00e4rgi (eemaldada eelmine kiht ja kanda peale uued). Mitte kasutada j\u00e4rjest rohkem kui 3 n\u00e4dalat.\" \/>\n<meta property=\"og:url\" content=\"http:\/\/nailspa.ee\/e-pood\/toode\/nail-hardener-kuusi-tugevdav-lakk-10-ml\/\" \/>\n<meta property=\"og:site_name\" content=\"Nailspa e-pood\" \/>\n<meta property=\"article:modified_time\" content=\"2026-01-20T15:55:05+00:00\" \/>\n<meta property=\"og:image\" content=\"http:\/\/nailspa.ee\/e-pood\/wp-content\/uploads\/2021\/06\/29702_1.jpg\" \/>\n\t<meta property=\"og:image:width\" content=\"1050\" \/>\n\t<meta property=\"og:image:height\" content=\"1050\" \/>\n\t<meta property=\"og:image:type\" content=\"image\/jpeg\" \/>\n<meta name=\"twitter:card\" content=\"summary_large_image\" \/>\n<meta name=\"twitter:label1\" content=\"Est. reading time\" \/>\n\t<meta name=\"twitter:data1\" content=\"1 minut\" \/>\n<script type=\"application\/ld+json\" class=\"yoast-schema-graph\">{\"@context\":\"https:\/\/schema.org\",\"@graph\":[{\"@type\":\"WebPage\",\"@id\":\"http:\/\/nailspa.ee\/e-pood\/toode\/nail-hardener-kuusi-tugevdav-lakk-10-ml\/\",\"url\":\"http:\/\/nailspa.ee\/e-pood\/toode\/nail-hardener-kuusi-tugevdav-lakk-10-ml\/\",\"name\":\"Nail hardener - k\u00fc\u00fcsi tugevdav lakk 10 ml | Nailspa e-pood\",\"isPartOf\":{\"@id\":\"http:\/\/nailspa.ee\/e-pood\/#website\"},\"primaryImageOfPage\":{\"@id\":\"http:\/\/nailspa.ee\/e-pood\/toode\/nail-hardener-kuusi-tugevdav-lakk-10-ml\/#primaryimage\"},\"image\":{\"@id\":\"http:\/\/nailspa.ee\/e-pood\/toode\/nail-hardener-kuusi-tugevdav-lakk-10-ml\/#primaryimage\"},\"thumbnailUrl\":\"https:\/\/nailspa.ee\/e-pood\/wp-content\/uploads\/2021\/06\/29702_1.jpg\",\"datePublished\":\"2021-06-23T16:28:13+00:00\",\"dateModified\":\"2026-01-20T15:55:05+00:00\",\"breadcrumb\":{\"@id\":\"http:\/\/nailspa.ee\/e-pood\/toode\/nail-hardener-kuusi-tugevdav-lakk-10-ml\/#breadcrumb\"},\"inLanguage\":\"et\",\"potentialAction\":[{\"@type\":\"ReadAction\",\"target\":[\"http:\/\/nailspa.ee\/e-pood\/toode\/nail-hardener-kuusi-tugevdav-lakk-10-ml\/\"]}]},{\"@type\":\"ImageObject\",\"inLanguage\":\"et\",\"@id\":\"http:\/\/nailspa.ee\/e-pood\/toode\/nail-hardener-kuusi-tugevdav-lakk-10-ml\/#primaryimage\",\"url\":\"https:\/\/nailspa.ee\/e-pood\/wp-content\/uploads\/2021\/06\/29702_1.jpg\",\"contentUrl\":\"https:\/\/nailspa.ee\/e-pood\/wp-content\/uploads\/2021\/06\/29702_1.jpg\",\"width\":1050,\"height\":1050},{\"@type\":\"BreadcrumbList\",\"@id\":\"http:\/\/nailspa.ee\/e-pood\/toode\/nail-hardener-kuusi-tugevdav-lakk-10-ml\/#breadcrumb\",\"itemListElement\":[{\"@type\":\"ListItem\",\"position\":1,\"name\":\"Home\",\"item\":\"http:\/\/nailspa.ee\/e-pood\/\"},{\"@type\":\"ListItem\",\"position\":2,\"name\":\"Pood\",\"item\":\"http:\/\/nailspa.ee\/e-pood\/pood\/\"},{\"@type\":\"ListItem\",\"position\":3,\"name\":\"Nail hardener &#8211; k\u00fc\u00fcsi tugevdav lakk 10 ml\"}]},{\"@type\":\"WebSite\",\"@id\":\"http:\/\/nailspa.ee\/e-pood\/#website\",\"url\":\"http:\/\/nailspa.ee\/e-pood\/\",\"name\":\"Nailspa e-pood\",\"description\":\"\",\"potentialAction\":[{\"@type\":\"SearchAction\",\"target\":{\"@type\":\"EntryPoint\",\"urlTemplate\":\"http:\/\/nailspa.ee\/e-pood\/?s={search_term_string}\"},\"query-input\":{\"@type\":\"PropertyValueSpecification\",\"valueRequired\":true,\"valueName\":\"search_term_string\"}}],\"inLanguage\":\"et\"}]}<\/script>\n<!-- \/ Yoast SEO plugin. -->","yoast_head_json":{"title":"Nail hardener - k\u00fc\u00fcsi tugevdav lakk 10 ml | Nailspa e-pood","robots":{"index":"index","follow":"follow","max-snippet":"max-snippet:-1","max-image-preview":"max-image-preview:large","max-video-preview":"max-video-preview:-1"},"canonical":"http:\/\/nailspa.ee\/e-pood\/toode\/nail-hardener-kuusi-tugevdav-lakk-10-ml\/","og_locale":"et_EE","og_type":"article","og_title":"Nail hardener - k\u00fc\u00fcsi tugevdav lakk 10 ml | Nailspa e-pood","og_description":"Tugevdab ja hooldab hapraid, \u00f5hukesi ja katkiseid k\u00fc\u00fcsi. Aktiivne k\u00fc\u00fcneravi on parim viis taastada tugevaid ja terveid k\u00fc\u00fcsi. Hiljem v\u00f5ib sama toodet kasutada ka aluslakina ja hooldust v\u00f5ib korrata mitu korda aastas. Kanda peale 2 kihina. Kuna esimene kiht kuivab kiiresti, siis j\u00e4rgmine kanda peale koheselt. Selliselt saavutame me maksimaalse efekti. Kodusel kasutamisel kanda toodet peale iga 2 p\u00e4eva j\u00e4rgi (eemaldada eelmine kiht ja kanda peale uued). Mitte kasutada j\u00e4rjest rohkem kui 3 n\u00e4dalat.","og_url":"http:\/\/nailspa.ee\/e-pood\/toode\/nail-hardener-kuusi-tugevdav-lakk-10-ml\/","og_site_name":"Nailspa e-pood","article_modified_time":"2026-01-20T15:55:05+00:00","og_image":[{"width":1050,"height":1050,"url":"http:\/\/nailspa.ee\/e-pood\/wp-content\/uploads\/2021\/06\/29702_1.jpg","type":"image\/jpeg"}],"twitter_card":"summary_large_image","twitter_misc":{"Est. reading time":"1 minut"},"schema":{"@context":"https:\/\/schema.org","@graph":[{"@type":"WebPage","@id":"http:\/\/nailspa.ee\/e-pood\/toode\/nail-hardener-kuusi-tugevdav-lakk-10-ml\/","url":"http:\/\/nailspa.ee\/e-pood\/toode\/nail-hardener-kuusi-tugevdav-lakk-10-ml\/","name":"Nail hardener - k\u00fc\u00fcsi tugevdav lakk 10 ml | Nailspa e-pood","isPartOf":{"@id":"http:\/\/nailspa.ee\/e-pood\/#website"},"primaryImageOfPage":{"@id":"http:\/\/nailspa.ee\/e-pood\/toode\/nail-hardener-kuusi-tugevdav-lakk-10-ml\/#primaryimage"},"image":{"@id":"http:\/\/nailspa.ee\/e-pood\/toode\/nail-hardener-kuusi-tugevdav-lakk-10-ml\/#primaryimage"},"thumbnailUrl":"https:\/\/nailspa.ee\/e-pood\/wp-content\/uploads\/2021\/06\/29702_1.jpg","datePublished":"2021-06-23T16:28:13+00:00","dateModified":"2026-01-20T15:55:05+00:00","breadcrumb":{"@id":"http:\/\/nailspa.ee\/e-pood\/toode\/nail-hardener-kuusi-tugevdav-lakk-10-ml\/#breadcrumb"},"inLanguage":"et","potentialAction":[{"@type":"ReadAction","target":["http:\/\/nailspa.ee\/e-pood\/toode\/nail-hardener-kuusi-tugevdav-lakk-10-ml\/"]}]},{"@type":"ImageObject","inLanguage":"et","@id":"http:\/\/nailspa.ee\/e-pood\/toode\/nail-hardener-kuusi-tugevdav-lakk-10-ml\/#primaryimage","url":"https:\/\/nailspa.ee\/e-pood\/wp-content\/uploads\/2021\/06\/29702_1.jpg","contentUrl":"https:\/\/nailspa.ee\/e-pood\/wp-content\/uploads\/2021\/06\/29702_1.jpg","width":1050,"height":1050},{"@type":"BreadcrumbList","@id":"http:\/\/nailspa.ee\/e-pood\/toode\/nail-hardener-kuusi-tugevdav-lakk-10-ml\/#breadcrumb","itemListElement":[{"@type":"ListItem","position":1,"name":"Home","item":"http:\/\/nailspa.ee\/e-pood\/"},{"@type":"ListItem","position":2,"name":"Pood","item":"http:\/\/nailspa.ee\/e-pood\/pood\/"},{"@type":"ListItem","position":3,"name":"Nail hardener &#8211; k\u00fc\u00fcsi tugevdav lakk 10 ml"}]},{"@type":"WebSite","@id":"http:\/\/nailspa.ee\/e-pood\/#website","url":"http:\/\/nailspa.ee\/e-pood\/","name":"Nailspa e-pood","description":"","potentialAction":[{"@type":"SearchAction","target":{"@type":"EntryPoint","urlTemplate":"http:\/\/nailspa.ee\/e-pood\/?s={search_term_string}"},"query-input":{"@type":"PropertyValueSpecification","valueRequired":true,"valueName":"search_term_string"}}],"inLanguage":"et"}]}},"_links":{"self":[{"href":"https:\/\/nailspa.ee\/e-pood\/wp-json\/wp\/v2\/product\/5298","targetHints":{"allow":["GET"]}}],"collection":[{"href":"https:\/\/nailspa.ee\/e-pood\/wp-json\/wp\/v2\/product"}],"about":[{"href":"https:\/\/nailspa.ee\/e-pood\/wp-json\/wp\/v2\/types\/product"}],"wp:featuredmedia":[{"embeddable":true,"href":"https:\/\/nailspa.ee\/e-pood\/wp-json\/wp\/v2\/media\/5290"}],"wp:attachment":[{"href":"https:\/\/nailspa.ee\/e-pood\/wp-json\/wp\/v2\/media?parent=5298"}],"wp:term":[{"taxonomy":"product_brand","embeddable":true,"href":"https:\/\/nailspa.ee\/e-pood\/wp-json\/wp\/v2\/product_brand?post=5298"},{"taxonomy":"product_cat","embeddable":true,"href":"https:\/\/nailspa.ee\/e-pood\/wp-json\/wp\/v2\/product_cat?post=5298"},{"taxonomy":"product_tag","embeddable":true,"href":"https:\/\/nailspa.ee\/e-pood\/wp-json\/wp\/v2\/product_tag?post=5298"}],"curies":[{"name":"wp","href":"https:\/\/api.w.org\/{rel}","templated":true}]}}