{"id":4539,"date":"2020-07-01T12:22:08","date_gmt":"2020-07-01T09:22:08","guid":{"rendered":"https:\/\/nailspa.ee\/e-pood\/?post_type=product&#038;p=4539"},"modified":"2024-12-19T11:30:05","modified_gmt":"2024-12-19T09:30:05","slug":"magic-foot-file-jalaviil","status":"publish","type":"product","link":"https:\/\/nailspa.ee\/e-pood\/toode\/magic-foot-file-jalaviil\/","title":{"rendered":"Magic Foot File &#8211; Jalaviil"},"content":{"rendered":"","protected":false},"excerpt":{"rendered":"<ul>\n<li>JALAVIIL on kahepoolne<\/li>\n<li>\u00c4\u00e4rmiselt efektiivne abivahend nahapaksendide eemaldamisel<\/li>\n<li>H\u00fcgieeniline ja kergesti puhastatav<\/li>\n<li>Pikk kasutusiga ja vastupidav kvaliteet<\/li>\n<li>H\u00fcpoallergiline roostevaba teras pehme k\u00e4epidemega<\/li>\n<\/ul>\n","protected":false},"featured_media":4518,"template":"","meta":[],"product_brand":[],"product_cat":[86],"product_tag":[],"class_list":{"0":"post-4539","1":"product","2":"type-product","3":"status-publish","4":"has-post-thumbnail","6":"product_cat-jalahooldus","8":"first","9":"instock","10":"taxable","11":"shipping-taxable","12":"purchasable","13":"product-type-simple"},"yoast_head":"<!-- This site is optimized with the Yoast SEO plugin v26.4 - https:\/\/yoast.com\/wordpress\/plugins\/seo\/ -->\n<title>Magic Foot File - Jalaviil | Nailspa e-pood<\/title>\n<meta name=\"robots\" content=\"index, follow, max-snippet:-1, max-image-preview:large, max-video-preview:-1\" \/>\n<link rel=\"canonical\" href=\"https:\/\/nailspa.ee\/e-pood\/toode\/magic-foot-file-jalaviil\/\" \/>\n<meta property=\"og:locale\" content=\"et_EE\" \/>\n<meta property=\"og:type\" content=\"article\" \/>\n<meta property=\"og:title\" content=\"Magic Foot File - Jalaviil | Nailspa e-pood\" \/>\n<meta property=\"og:description\" content=\"JALAVIIL on kahepoolne  \u00c4\u00e4rmiselt efektiivne abivahend nahapaksendide eemaldamisel  H\u00fcgieeniline ja kergesti puhastatav  Pikk kasutusiga ja vastupidav kvaliteet  H\u00fcpoallergiline roostevaba teras pehme k\u00e4epidemega\" \/>\n<meta property=\"og:url\" content=\"https:\/\/nailspa.ee\/e-pood\/toode\/magic-foot-file-jalaviil\/\" \/>\n<meta property=\"og:site_name\" content=\"Nailspa e-pood\" \/>\n<meta property=\"article:modified_time\" content=\"2024-12-19T09:30:05+00:00\" \/>\n<meta property=\"og:image\" content=\"https:\/\/nailspa.ee\/e-pood\/wp-content\/uploads\/2020\/06\/27879-scaled.jpg\" \/>\n\t<meta property=\"og:image:width\" content=\"2560\" \/>\n\t<meta property=\"og:image:height\" content=\"2560\" \/>\n\t<meta property=\"og:image:type\" content=\"image\/jpeg\" \/>\n<meta name=\"twitter:card\" content=\"summary_large_image\" \/>\n<meta name=\"twitter:label1\" content=\"Est. reading time\" \/>\n\t<meta name=\"twitter:data1\" content=\"1 minut\" \/>\n<script type=\"application\/ld+json\" class=\"yoast-schema-graph\">{\"@context\":\"https:\/\/schema.org\",\"@graph\":[{\"@type\":\"WebPage\",\"@id\":\"https:\/\/nailspa.ee\/e-pood\/toode\/magic-foot-file-jalaviil\/\",\"url\":\"https:\/\/nailspa.ee\/e-pood\/toode\/magic-foot-file-jalaviil\/\",\"name\":\"Magic Foot File - Jalaviil | Nailspa e-pood\",\"isPartOf\":{\"@id\":\"http:\/\/nailspa.ee\/e-pood\/#website\"},\"primaryImageOfPage\":{\"@id\":\"https:\/\/nailspa.ee\/e-pood\/toode\/magic-foot-file-jalaviil\/#primaryimage\"},\"image\":{\"@id\":\"https:\/\/nailspa.ee\/e-pood\/toode\/magic-foot-file-jalaviil\/#primaryimage\"},\"thumbnailUrl\":\"https:\/\/nailspa.ee\/e-pood\/wp-content\/uploads\/2020\/06\/27879-scaled.jpg\",\"datePublished\":\"2020-07-01T09:22:08+00:00\",\"dateModified\":\"2024-12-19T09:30:05+00:00\",\"breadcrumb\":{\"@id\":\"https:\/\/nailspa.ee\/e-pood\/toode\/magic-foot-file-jalaviil\/#breadcrumb\"},\"inLanguage\":\"et\",\"potentialAction\":[{\"@type\":\"ReadAction\",\"target\":[\"https:\/\/nailspa.ee\/e-pood\/toode\/magic-foot-file-jalaviil\/\"]}]},{\"@type\":\"ImageObject\",\"inLanguage\":\"et\",\"@id\":\"https:\/\/nailspa.ee\/e-pood\/toode\/magic-foot-file-jalaviil\/#primaryimage\",\"url\":\"https:\/\/nailspa.ee\/e-pood\/wp-content\/uploads\/2020\/06\/27879-scaled.jpg\",\"contentUrl\":\"https:\/\/nailspa.ee\/e-pood\/wp-content\/uploads\/2020\/06\/27879-scaled.jpg\",\"width\":2560,\"height\":2560},{\"@type\":\"BreadcrumbList\",\"@id\":\"https:\/\/nailspa.ee\/e-pood\/toode\/magic-foot-file-jalaviil\/#breadcrumb\",\"itemListElement\":[{\"@type\":\"ListItem\",\"position\":1,\"name\":\"Home\",\"item\":\"http:\/\/nailspa.ee\/e-pood\/\"},{\"@type\":\"ListItem\",\"position\":2,\"name\":\"Pood\",\"item\":\"http:\/\/nailspa.ee\/e-pood\/pood\/\"},{\"@type\":\"ListItem\",\"position\":3,\"name\":\"Magic Foot File &#8211; Jalaviil\"}]},{\"@type\":\"WebSite\",\"@id\":\"http:\/\/nailspa.ee\/e-pood\/#website\",\"url\":\"http:\/\/nailspa.ee\/e-pood\/\",\"name\":\"Nailspa e-pood\",\"description\":\"\",\"potentialAction\":[{\"@type\":\"SearchAction\",\"target\":{\"@type\":\"EntryPoint\",\"urlTemplate\":\"http:\/\/nailspa.ee\/e-pood\/?s={search_term_string}\"},\"query-input\":{\"@type\":\"PropertyValueSpecification\",\"valueRequired\":true,\"valueName\":\"search_term_string\"}}],\"inLanguage\":\"et\"}]}<\/script>\n<!-- \/ Yoast SEO plugin. -->","yoast_head_json":{"title":"Magic Foot File - Jalaviil | Nailspa e-pood","robots":{"index":"index","follow":"follow","max-snippet":"max-snippet:-1","max-image-preview":"max-image-preview:large","max-video-preview":"max-video-preview:-1"},"canonical":"https:\/\/nailspa.ee\/e-pood\/toode\/magic-foot-file-jalaviil\/","og_locale":"et_EE","og_type":"article","og_title":"Magic Foot File - Jalaviil | Nailspa e-pood","og_description":"JALAVIIL on kahepoolne  \u00c4\u00e4rmiselt efektiivne abivahend nahapaksendide eemaldamisel  H\u00fcgieeniline ja kergesti puhastatav  Pikk kasutusiga ja vastupidav kvaliteet  H\u00fcpoallergiline roostevaba teras pehme k\u00e4epidemega","og_url":"https:\/\/nailspa.ee\/e-pood\/toode\/magic-foot-file-jalaviil\/","og_site_name":"Nailspa e-pood","article_modified_time":"2024-12-19T09:30:05+00:00","og_image":[{"width":2560,"height":2560,"url":"https:\/\/nailspa.ee\/e-pood\/wp-content\/uploads\/2020\/06\/27879-scaled.jpg","type":"image\/jpeg"}],"twitter_card":"summary_large_image","twitter_misc":{"Est. reading time":"1 minut"},"schema":{"@context":"https:\/\/schema.org","@graph":[{"@type":"WebPage","@id":"https:\/\/nailspa.ee\/e-pood\/toode\/magic-foot-file-jalaviil\/","url":"https:\/\/nailspa.ee\/e-pood\/toode\/magic-foot-file-jalaviil\/","name":"Magic Foot File - Jalaviil | Nailspa e-pood","isPartOf":{"@id":"http:\/\/nailspa.ee\/e-pood\/#website"},"primaryImageOfPage":{"@id":"https:\/\/nailspa.ee\/e-pood\/toode\/magic-foot-file-jalaviil\/#primaryimage"},"image":{"@id":"https:\/\/nailspa.ee\/e-pood\/toode\/magic-foot-file-jalaviil\/#primaryimage"},"thumbnailUrl":"https:\/\/nailspa.ee\/e-pood\/wp-content\/uploads\/2020\/06\/27879-scaled.jpg","datePublished":"2020-07-01T09:22:08+00:00","dateModified":"2024-12-19T09:30:05+00:00","breadcrumb":{"@id":"https:\/\/nailspa.ee\/e-pood\/toode\/magic-foot-file-jalaviil\/#breadcrumb"},"inLanguage":"et","potentialAction":[{"@type":"ReadAction","target":["https:\/\/nailspa.ee\/e-pood\/toode\/magic-foot-file-jalaviil\/"]}]},{"@type":"ImageObject","inLanguage":"et","@id":"https:\/\/nailspa.ee\/e-pood\/toode\/magic-foot-file-jalaviil\/#primaryimage","url":"https:\/\/nailspa.ee\/e-pood\/wp-content\/uploads\/2020\/06\/27879-scaled.jpg","contentUrl":"https:\/\/nailspa.ee\/e-pood\/wp-content\/uploads\/2020\/06\/27879-scaled.jpg","width":2560,"height":2560},{"@type":"BreadcrumbList","@id":"https:\/\/nailspa.ee\/e-pood\/toode\/magic-foot-file-jalaviil\/#breadcrumb","itemListElement":[{"@type":"ListItem","position":1,"name":"Home","item":"http:\/\/nailspa.ee\/e-pood\/"},{"@type":"ListItem","position":2,"name":"Pood","item":"http:\/\/nailspa.ee\/e-pood\/pood\/"},{"@type":"ListItem","position":3,"name":"Magic Foot File &#8211; Jalaviil"}]},{"@type":"WebSite","@id":"http:\/\/nailspa.ee\/e-pood\/#website","url":"http:\/\/nailspa.ee\/e-pood\/","name":"Nailspa e-pood","description":"","potentialAction":[{"@type":"SearchAction","target":{"@type":"EntryPoint","urlTemplate":"http:\/\/nailspa.ee\/e-pood\/?s={search_term_string}"},"query-input":{"@type":"PropertyValueSpecification","valueRequired":true,"valueName":"search_term_string"}}],"inLanguage":"et"}]}},"_links":{"self":[{"href":"https:\/\/nailspa.ee\/e-pood\/wp-json\/wp\/v2\/product\/4539","targetHints":{"allow":["GET"]}}],"collection":[{"href":"https:\/\/nailspa.ee\/e-pood\/wp-json\/wp\/v2\/product"}],"about":[{"href":"https:\/\/nailspa.ee\/e-pood\/wp-json\/wp\/v2\/types\/product"}],"wp:featuredmedia":[{"embeddable":true,"href":"https:\/\/nailspa.ee\/e-pood\/wp-json\/wp\/v2\/media\/4518"}],"wp:attachment":[{"href":"https:\/\/nailspa.ee\/e-pood\/wp-json\/wp\/v2\/media?parent=4539"}],"wp:term":[{"taxonomy":"product_brand","embeddable":true,"href":"https:\/\/nailspa.ee\/e-pood\/wp-json\/wp\/v2\/product_brand?post=4539"},{"taxonomy":"product_cat","embeddable":true,"href":"https:\/\/nailspa.ee\/e-pood\/wp-json\/wp\/v2\/product_cat?post=4539"},{"taxonomy":"product_tag","embeddable":true,"href":"https:\/\/nailspa.ee\/e-pood\/wp-json\/wp\/v2\/product_tag?post=4539"}],"curies":[{"name":"wp","href":"https:\/\/api.w.org\/{rel}","templated":true}]}}