{"id":4516,"date":"2020-06-26T21:54:41","date_gmt":"2020-06-26T18:54:41","guid":{"rendered":"https:\/\/nailspa.ee\/e-pood\/?post_type=product&#038;p=4516"},"modified":"2025-09-22T16:09:43","modified_gmt":"2025-09-22T13:09:43","slug":"callus-off-190ml-jalaviil-komplekt","status":"publish","type":"product","link":"https:\/\/nailspa.ee\/e-pood\/toode\/callus-off-190ml-jalaviil-komplekt\/","title":{"rendered":"KOMPLEKT (Callus Off 120ml + jalaviil komplekt)"},"content":{"rendered":"","protected":false},"excerpt":{"rendered":"<ul>\n<li>V\u00e4ga efektiivne jalgade nahapaksendite pehmendaja. Sisaldab uread. V\u00f5ib kasutada ka k\u00fc\u00fcnenahkade pehmendamiseks jalgadel<\/li>\n<li>Sprei nahapaksendi pehmendaja<\/li>\n<li>Ka k\u00fc\u00fcnenaha pehmendaja<\/li>\n<li>Sobib tundlikule nahale. \u00d5rnatoimeline<\/li>\n<li>Ei ole vaja maha pesta<\/li>\n<li>Lase m\u00f5juda 2 min<\/li>\n<\/ul>\n<p>&nbsp;<\/p>\n<ul>\n<li>JALAVIIL on kahepoolne<\/li>\n<li>\u00c4\u00e4rmiselt efektiivne abivahend nahapaksendide eemaldamisel<\/li>\n<li>H\u00fcgieeniline ja kergesti puhastatav<\/li>\n<li>Pikk kasutusiga ja vastupidav kvaliteet<\/li>\n<li>H\u00fcpoallergiline roostevaba teras pehme k\u00e4epidemega<\/li>\n<li>Jalaviili t\u00e4ishind 19\u20ac<\/li>\n<\/ul>\n","protected":false},"featured_media":4517,"template":"","meta":[],"product_brand":[],"product_cat":[86],"product_tag":[],"class_list":{"0":"post-4516","1":"product","2":"type-product","3":"status-publish","4":"has-post-thumbnail","6":"product_cat-jalahooldus","8":"first","9":"instock","10":"taxable","11":"shipping-taxable","12":"purchasable","13":"product-type-simple"},"yoast_head":"<!-- This site is optimized with the Yoast SEO plugin v26.4 - https:\/\/yoast.com\/wordpress\/plugins\/seo\/ -->\n<title>KOMPLEKT (Callus Off 120ml + jalaviil komplekt) | Nailspa e-pood<\/title>\n<meta name=\"description\" content=\"Asendamatu komplekt koduses jalahoolduses - jalaviil ja kannanaha pehmendaja\" \/>\n<meta name=\"robots\" content=\"index, follow, max-snippet:-1, max-image-preview:large, max-video-preview:-1\" \/>\n<link rel=\"canonical\" href=\"https:\/\/nailspa.ee\/e-pood\/toode\/callus-off-190ml-jalaviil-komplekt\/\" \/>\n<meta property=\"og:locale\" content=\"et_EE\" \/>\n<meta property=\"og:type\" content=\"article\" \/>\n<meta property=\"og:title\" content=\"KOMPLEKT (Callus Off 120ml + jalaviil komplekt) | Nailspa e-pood\" \/>\n<meta property=\"og:description\" content=\"Asendamatu komplekt koduses jalahoolduses - jalaviil ja kannanaha pehmendaja\" \/>\n<meta property=\"og:url\" content=\"https:\/\/nailspa.ee\/e-pood\/toode\/callus-off-190ml-jalaviil-komplekt\/\" \/>\n<meta property=\"og:site_name\" content=\"Nailspa e-pood\" \/>\n<meta property=\"article:modified_time\" content=\"2025-09-22T13:09:43+00:00\" \/>\n<meta property=\"og:image\" content=\"https:\/\/nailspa.ee\/e-pood\/wp-content\/uploads\/2020\/06\/2JUNE_WinningDuo.jpg\" \/>\n\t<meta property=\"og:image:width\" content=\"2250\" \/>\n\t<meta property=\"og:image:height\" content=\"2250\" \/>\n\t<meta property=\"og:image:type\" content=\"image\/jpeg\" \/>\n<meta name=\"twitter:card\" content=\"summary_large_image\" \/>\n<meta name=\"twitter:label1\" content=\"Est. reading time\" \/>\n\t<meta name=\"twitter:data1\" content=\"1 minut\" \/>\n<script type=\"application\/ld+json\" class=\"yoast-schema-graph\">{\"@context\":\"https:\/\/schema.org\",\"@graph\":[{\"@type\":\"WebPage\",\"@id\":\"https:\/\/nailspa.ee\/e-pood\/toode\/callus-off-190ml-jalaviil-komplekt\/\",\"url\":\"https:\/\/nailspa.ee\/e-pood\/toode\/callus-off-190ml-jalaviil-komplekt\/\",\"name\":\"KOMPLEKT (Callus Off 120ml + jalaviil komplekt) | Nailspa e-pood\",\"isPartOf\":{\"@id\":\"http:\/\/nailspa.ee\/e-pood\/#website\"},\"primaryImageOfPage\":{\"@id\":\"https:\/\/nailspa.ee\/e-pood\/toode\/callus-off-190ml-jalaviil-komplekt\/#primaryimage\"},\"image\":{\"@id\":\"https:\/\/nailspa.ee\/e-pood\/toode\/callus-off-190ml-jalaviil-komplekt\/#primaryimage\"},\"thumbnailUrl\":\"https:\/\/nailspa.ee\/e-pood\/wp-content\/uploads\/2020\/06\/2JUNE_WinningDuo.jpg\",\"datePublished\":\"2020-06-26T18:54:41+00:00\",\"dateModified\":\"2025-09-22T13:09:43+00:00\",\"description\":\"Asendamatu komplekt koduses jalahoolduses - jalaviil ja kannanaha pehmendaja\",\"breadcrumb\":{\"@id\":\"https:\/\/nailspa.ee\/e-pood\/toode\/callus-off-190ml-jalaviil-komplekt\/#breadcrumb\"},\"inLanguage\":\"et\",\"potentialAction\":[{\"@type\":\"ReadAction\",\"target\":[\"https:\/\/nailspa.ee\/e-pood\/toode\/callus-off-190ml-jalaviil-komplekt\/\"]}]},{\"@type\":\"ImageObject\",\"inLanguage\":\"et\",\"@id\":\"https:\/\/nailspa.ee\/e-pood\/toode\/callus-off-190ml-jalaviil-komplekt\/#primaryimage\",\"url\":\"https:\/\/nailspa.ee\/e-pood\/wp-content\/uploads\/2020\/06\/2JUNE_WinningDuo.jpg\",\"contentUrl\":\"https:\/\/nailspa.ee\/e-pood\/wp-content\/uploads\/2020\/06\/2JUNE_WinningDuo.jpg\",\"width\":2250,\"height\":2250},{\"@type\":\"BreadcrumbList\",\"@id\":\"https:\/\/nailspa.ee\/e-pood\/toode\/callus-off-190ml-jalaviil-komplekt\/#breadcrumb\",\"itemListElement\":[{\"@type\":\"ListItem\",\"position\":1,\"name\":\"Home\",\"item\":\"http:\/\/nailspa.ee\/e-pood\/\"},{\"@type\":\"ListItem\",\"position\":2,\"name\":\"Pood\",\"item\":\"http:\/\/nailspa.ee\/e-pood\/pood\/\"},{\"@type\":\"ListItem\",\"position\":3,\"name\":\"KOMPLEKT (Callus Off 120ml + jalaviil komplekt)\"}]},{\"@type\":\"WebSite\",\"@id\":\"http:\/\/nailspa.ee\/e-pood\/#website\",\"url\":\"http:\/\/nailspa.ee\/e-pood\/\",\"name\":\"Nailspa e-pood\",\"description\":\"\",\"potentialAction\":[{\"@type\":\"SearchAction\",\"target\":{\"@type\":\"EntryPoint\",\"urlTemplate\":\"http:\/\/nailspa.ee\/e-pood\/?s={search_term_string}\"},\"query-input\":{\"@type\":\"PropertyValueSpecification\",\"valueRequired\":true,\"valueName\":\"search_term_string\"}}],\"inLanguage\":\"et\"}]}<\/script>\n<!-- \/ Yoast SEO plugin. -->","yoast_head_json":{"title":"KOMPLEKT (Callus Off 120ml + jalaviil komplekt) | Nailspa e-pood","description":"Asendamatu komplekt koduses jalahoolduses - jalaviil ja kannanaha pehmendaja","robots":{"index":"index","follow":"follow","max-snippet":"max-snippet:-1","max-image-preview":"max-image-preview:large","max-video-preview":"max-video-preview:-1"},"canonical":"https:\/\/nailspa.ee\/e-pood\/toode\/callus-off-190ml-jalaviil-komplekt\/","og_locale":"et_EE","og_type":"article","og_title":"KOMPLEKT (Callus Off 120ml + jalaviil komplekt) | Nailspa e-pood","og_description":"Asendamatu komplekt koduses jalahoolduses - jalaviil ja kannanaha pehmendaja","og_url":"https:\/\/nailspa.ee\/e-pood\/toode\/callus-off-190ml-jalaviil-komplekt\/","og_site_name":"Nailspa e-pood","article_modified_time":"2025-09-22T13:09:43+00:00","og_image":[{"width":2250,"height":2250,"url":"https:\/\/nailspa.ee\/e-pood\/wp-content\/uploads\/2020\/06\/2JUNE_WinningDuo.jpg","type":"image\/jpeg"}],"twitter_card":"summary_large_image","twitter_misc":{"Est. reading time":"1 minut"},"schema":{"@context":"https:\/\/schema.org","@graph":[{"@type":"WebPage","@id":"https:\/\/nailspa.ee\/e-pood\/toode\/callus-off-190ml-jalaviil-komplekt\/","url":"https:\/\/nailspa.ee\/e-pood\/toode\/callus-off-190ml-jalaviil-komplekt\/","name":"KOMPLEKT (Callus Off 120ml + jalaviil komplekt) | Nailspa e-pood","isPartOf":{"@id":"http:\/\/nailspa.ee\/e-pood\/#website"},"primaryImageOfPage":{"@id":"https:\/\/nailspa.ee\/e-pood\/toode\/callus-off-190ml-jalaviil-komplekt\/#primaryimage"},"image":{"@id":"https:\/\/nailspa.ee\/e-pood\/toode\/callus-off-190ml-jalaviil-komplekt\/#primaryimage"},"thumbnailUrl":"https:\/\/nailspa.ee\/e-pood\/wp-content\/uploads\/2020\/06\/2JUNE_WinningDuo.jpg","datePublished":"2020-06-26T18:54:41+00:00","dateModified":"2025-09-22T13:09:43+00:00","description":"Asendamatu komplekt koduses jalahoolduses - jalaviil ja kannanaha pehmendaja","breadcrumb":{"@id":"https:\/\/nailspa.ee\/e-pood\/toode\/callus-off-190ml-jalaviil-komplekt\/#breadcrumb"},"inLanguage":"et","potentialAction":[{"@type":"ReadAction","target":["https:\/\/nailspa.ee\/e-pood\/toode\/callus-off-190ml-jalaviil-komplekt\/"]}]},{"@type":"ImageObject","inLanguage":"et","@id":"https:\/\/nailspa.ee\/e-pood\/toode\/callus-off-190ml-jalaviil-komplekt\/#primaryimage","url":"https:\/\/nailspa.ee\/e-pood\/wp-content\/uploads\/2020\/06\/2JUNE_WinningDuo.jpg","contentUrl":"https:\/\/nailspa.ee\/e-pood\/wp-content\/uploads\/2020\/06\/2JUNE_WinningDuo.jpg","width":2250,"height":2250},{"@type":"BreadcrumbList","@id":"https:\/\/nailspa.ee\/e-pood\/toode\/callus-off-190ml-jalaviil-komplekt\/#breadcrumb","itemListElement":[{"@type":"ListItem","position":1,"name":"Home","item":"http:\/\/nailspa.ee\/e-pood\/"},{"@type":"ListItem","position":2,"name":"Pood","item":"http:\/\/nailspa.ee\/e-pood\/pood\/"},{"@type":"ListItem","position":3,"name":"KOMPLEKT (Callus Off 120ml + jalaviil komplekt)"}]},{"@type":"WebSite","@id":"http:\/\/nailspa.ee\/e-pood\/#website","url":"http:\/\/nailspa.ee\/e-pood\/","name":"Nailspa e-pood","description":"","potentialAction":[{"@type":"SearchAction","target":{"@type":"EntryPoint","urlTemplate":"http:\/\/nailspa.ee\/e-pood\/?s={search_term_string}"},"query-input":{"@type":"PropertyValueSpecification","valueRequired":true,"valueName":"search_term_string"}}],"inLanguage":"et"}]}},"_links":{"self":[{"href":"https:\/\/nailspa.ee\/e-pood\/wp-json\/wp\/v2\/product\/4516","targetHints":{"allow":["GET"]}}],"collection":[{"href":"https:\/\/nailspa.ee\/e-pood\/wp-json\/wp\/v2\/product"}],"about":[{"href":"https:\/\/nailspa.ee\/e-pood\/wp-json\/wp\/v2\/types\/product"}],"wp:featuredmedia":[{"embeddable":true,"href":"https:\/\/nailspa.ee\/e-pood\/wp-json\/wp\/v2\/media\/4517"}],"wp:attachment":[{"href":"https:\/\/nailspa.ee\/e-pood\/wp-json\/wp\/v2\/media?parent=4516"}],"wp:term":[{"taxonomy":"product_brand","embeddable":true,"href":"https:\/\/nailspa.ee\/e-pood\/wp-json\/wp\/v2\/product_brand?post=4516"},{"taxonomy":"product_cat","embeddable":true,"href":"https:\/\/nailspa.ee\/e-pood\/wp-json\/wp\/v2\/product_cat?post=4516"},{"taxonomy":"product_tag","embeddable":true,"href":"https:\/\/nailspa.ee\/e-pood\/wp-json\/wp\/v2\/product_tag?post=4516"}],"curies":[{"name":"wp","href":"https:\/\/api.w.org\/{rel}","templated":true}]}}