{"id":2837,"date":"2020-01-15T21:51:43","date_gmt":"2020-01-15T19:51:43","guid":{"rendered":"https:\/\/nailspa.ee\/e-pood\/toode\/sopolish-start-easy-peel-8ml\/"},"modified":"2026-03-19T16:20:18","modified_gmt":"2026-03-19T14:20:18","slug":"sopolish-start-easy-peel-8ml","status":"publish","type":"product","link":"https:\/\/nailspa.ee\/e-pood\/toode\/sopolish-start-easy-peel-8ml\/","title":{"rendered":"SoPolish Start &#8211; Easy Peel 8ml"},"content":{"rendered":"","protected":false},"excerpt":{"rendered":"<ul>\n<li>ProNails PeelOff manik\u00fc\u00fcri on n\u00fc\u00fcd veel kergem teha! Kata k\u00fc\u00fcned uue baasiga mis kuivab \u00f5hu k\u00e4es ja siis laki k\u00fc\u00fcned oma lemmik ProNails geellaki tooniga. Kata k\u00fc\u00fcned kas Shine\u00b4iga, Shimmeriga v\u00f5i Matt geellakiga ja kaunis kauakestev Easy Peel geellaki manik\u00fc\u00fcr ongi valmis!<\/li>\n<li>Ei mingit geellaki manik\u00fc\u00fcri hooldust \u2013 s\u00e4\u00e4sta raha ja aega<\/li>\n<li>Ei mingit k\u00fc\u00fcnte leotamist vedelikus \u2013 hoia k\u00fc\u00fcnte tervist<\/li>\n<li>Mugav ja kiire manik\u00fc\u00fcr<\/li>\n<li>Eemalda ise manik\u00fc\u00fcr k\u00fc\u00fcsi kashjustamata<\/li>\n<li>Meeletu valik imelisi toone, mis t\u00e4ieneb 2 x aastas!<\/li>\n<li>V\u00e4ga hea pigmendi sisaldus v\u00e4rvilistes geellakkides \u2013 Belgia k\u00f5rgkvaliteet!<\/li>\n<li>\u00a0Parim pintsel geellaki pudelis \u2013 mugav lakkida<\/li>\n<li><strong>NB! Toode sobib AINULT ProNails SoPolish geellakiga! Tallnail O\u00dc (ProNails Eesti) ei vastuta kvaliteedi, p\u00fcsivuse ja toodete omavahelise sobivuse eest kui kasutatakse muu firma geellakki ProNails Easy Peeliga!<\/strong><\/li>\n<\/ul>\n","protected":false},"featured_media":3458,"template":"","meta":[],"product_brand":[],"product_cat":[82],"product_tag":[],"class_list":{"0":"post-2837","1":"product","2":"type-product","3":"status-publish","4":"has-post-thumbnail","6":"product_cat-geellakid","8":"first","9":"instock","10":"taxable","11":"shipping-taxable","12":"product-type-simple"},"yoast_head":"<!-- This site is optimized with the Yoast SEO plugin v26.4 - https:\/\/yoast.com\/wordpress\/plugins\/seo\/ -->\n<title>SoPolish Start - Easy Peel 8ml | Nailspa e-pood<\/title>\n<meta name=\"robots\" content=\"index, follow, max-snippet:-1, max-image-preview:large, max-video-preview:-1\" \/>\n<link rel=\"canonical\" href=\"https:\/\/nailspa.ee\/e-pood\/toode\/sopolish-start-easy-peel-8ml\/\" \/>\n<meta property=\"og:locale\" content=\"et_EE\" \/>\n<meta property=\"og:type\" content=\"article\" \/>\n<meta property=\"og:title\" content=\"SoPolish Start - Easy Peel 8ml | Nailspa e-pood\" \/>\n<meta property=\"og:description\" content=\"ProNails PeelOff manik\u00fc\u00fcri on n\u00fc\u00fcd veel kergem teha! Kata k\u00fc\u00fcned uue baasiga mis kuivab \u00f5hu k\u00e4es ja siis laki k\u00fc\u00fcned oma lemmik ProNails geellaki tooniga. Kata k\u00fc\u00fcned kas Shine\u00b4iga, Shimmeriga v\u00f5i Matt geellakiga ja kaunis kauakestev Easy Peel geellaki manik\u00fc\u00fcr ongi valmis!  Ei mingit geellaki manik\u00fc\u00fcri hooldust \u2013 s\u00e4\u00e4sta raha ja aega  Ei mingit k\u00fc\u00fcnte leotamist vedelikus \u2013 hoia k\u00fc\u00fcnte tervist  Mugav ja kiire manik\u00fc\u00fcr  Eemalda ise manik\u00fc\u00fcr k\u00fc\u00fcsi kashjustamata  Meeletu valik imelisi toone, mis t\u00e4ieneb 2 x aastas!  V\u00e4ga hea pigmendi sisaldus v\u00e4rvilistes geellakkides \u2013 Belgia k\u00f5rgkvaliteet!  \u00a0Parim pintsel geellaki pudelis \u2013 mugav lakkida  NB! Toode sobib AINULT ProNails SoPolish geellakiga! Tallnail O\u00dc (ProNails Eesti) ei vastuta kvaliteedi, p\u00fcsivuse ja toodete omavahelise sobivuse eest kui kasutatakse muu firma geellakki ProNails Easy Peeliga!\" \/>\n<meta property=\"og:url\" content=\"https:\/\/nailspa.ee\/e-pood\/toode\/sopolish-start-easy-peel-8ml\/\" \/>\n<meta property=\"og:site_name\" content=\"Nailspa e-pood\" \/>\n<meta property=\"article:modified_time\" content=\"2026-03-19T14:20:18+00:00\" \/>\n<meta property=\"og:image\" content=\"https:\/\/nailspa.ee\/e-pood\/wp-content\/uploads\/2020\/01\/Easy-Peel-off-EN.jpg\" \/>\n\t<meta property=\"og:image:width\" content=\"2083\" \/>\n\t<meta property=\"og:image:height\" content=\"2083\" \/>\n\t<meta property=\"og:image:type\" content=\"image\/jpeg\" \/>\n<meta name=\"twitter:card\" content=\"summary_large_image\" \/>\n<meta name=\"twitter:label1\" content=\"Est. reading time\" \/>\n\t<meta name=\"twitter:data1\" content=\"1 minut\" \/>\n<script type=\"application\/ld+json\" class=\"yoast-schema-graph\">{\"@context\":\"https:\/\/schema.org\",\"@graph\":[{\"@type\":\"WebPage\",\"@id\":\"https:\/\/nailspa.ee\/e-pood\/toode\/sopolish-start-easy-peel-8ml\/\",\"url\":\"https:\/\/nailspa.ee\/e-pood\/toode\/sopolish-start-easy-peel-8ml\/\",\"name\":\"SoPolish Start - Easy Peel 8ml | Nailspa e-pood\",\"isPartOf\":{\"@id\":\"https:\/\/nailspa.ee\/e-pood\/#website\"},\"primaryImageOfPage\":{\"@id\":\"https:\/\/nailspa.ee\/e-pood\/toode\/sopolish-start-easy-peel-8ml\/#primaryimage\"},\"image\":{\"@id\":\"https:\/\/nailspa.ee\/e-pood\/toode\/sopolish-start-easy-peel-8ml\/#primaryimage\"},\"thumbnailUrl\":\"https:\/\/nailspa.ee\/e-pood\/wp-content\/uploads\/2020\/01\/Easy-Peel-off-EN.jpg\",\"datePublished\":\"2020-01-15T19:51:43+00:00\",\"dateModified\":\"2026-03-19T14:20:18+00:00\",\"breadcrumb\":{\"@id\":\"https:\/\/nailspa.ee\/e-pood\/toode\/sopolish-start-easy-peel-8ml\/#breadcrumb\"},\"inLanguage\":\"et\",\"potentialAction\":[{\"@type\":\"ReadAction\",\"target\":[\"https:\/\/nailspa.ee\/e-pood\/toode\/sopolish-start-easy-peel-8ml\/\"]}]},{\"@type\":\"ImageObject\",\"inLanguage\":\"et\",\"@id\":\"https:\/\/nailspa.ee\/e-pood\/toode\/sopolish-start-easy-peel-8ml\/#primaryimage\",\"url\":\"https:\/\/nailspa.ee\/e-pood\/wp-content\/uploads\/2020\/01\/Easy-Peel-off-EN.jpg\",\"contentUrl\":\"https:\/\/nailspa.ee\/e-pood\/wp-content\/uploads\/2020\/01\/Easy-Peel-off-EN.jpg\",\"width\":2083,\"height\":2083},{\"@type\":\"BreadcrumbList\",\"@id\":\"https:\/\/nailspa.ee\/e-pood\/toode\/sopolish-start-easy-peel-8ml\/#breadcrumb\",\"itemListElement\":[{\"@type\":\"ListItem\",\"position\":1,\"name\":\"Home\",\"item\":\"https:\/\/nailspa.ee\/e-pood\/\"},{\"@type\":\"ListItem\",\"position\":2,\"name\":\"Pood\",\"item\":\"https:\/\/nailspa.ee\/e-pood\/pood\/\"},{\"@type\":\"ListItem\",\"position\":3,\"name\":\"SoPolish Start &#8211; Easy Peel 8ml\"}]},{\"@type\":\"WebSite\",\"@id\":\"https:\/\/nailspa.ee\/e-pood\/#website\",\"url\":\"https:\/\/nailspa.ee\/e-pood\/\",\"name\":\"Nailspa e-pood\",\"description\":\"\",\"potentialAction\":[{\"@type\":\"SearchAction\",\"target\":{\"@type\":\"EntryPoint\",\"urlTemplate\":\"https:\/\/nailspa.ee\/e-pood\/?s={search_term_string}\"},\"query-input\":{\"@type\":\"PropertyValueSpecification\",\"valueRequired\":true,\"valueName\":\"search_term_string\"}}],\"inLanguage\":\"et\"}]}<\/script>\n<!-- \/ Yoast SEO plugin. -->","yoast_head_json":{"title":"SoPolish Start - Easy Peel 8ml | Nailspa e-pood","robots":{"index":"index","follow":"follow","max-snippet":"max-snippet:-1","max-image-preview":"max-image-preview:large","max-video-preview":"max-video-preview:-1"},"canonical":"https:\/\/nailspa.ee\/e-pood\/toode\/sopolish-start-easy-peel-8ml\/","og_locale":"et_EE","og_type":"article","og_title":"SoPolish Start - Easy Peel 8ml | Nailspa e-pood","og_description":"ProNails PeelOff manik\u00fc\u00fcri on n\u00fc\u00fcd veel kergem teha! Kata k\u00fc\u00fcned uue baasiga mis kuivab \u00f5hu k\u00e4es ja siis laki k\u00fc\u00fcned oma lemmik ProNails geellaki tooniga. Kata k\u00fc\u00fcned kas Shine\u00b4iga, Shimmeriga v\u00f5i Matt geellakiga ja kaunis kauakestev Easy Peel geellaki manik\u00fc\u00fcr ongi valmis!  Ei mingit geellaki manik\u00fc\u00fcri hooldust \u2013 s\u00e4\u00e4sta raha ja aega  Ei mingit k\u00fc\u00fcnte leotamist vedelikus \u2013 hoia k\u00fc\u00fcnte tervist  Mugav ja kiire manik\u00fc\u00fcr  Eemalda ise manik\u00fc\u00fcr k\u00fc\u00fcsi kashjustamata  Meeletu valik imelisi toone, mis t\u00e4ieneb 2 x aastas!  V\u00e4ga hea pigmendi sisaldus v\u00e4rvilistes geellakkides \u2013 Belgia k\u00f5rgkvaliteet!  \u00a0Parim pintsel geellaki pudelis \u2013 mugav lakkida  NB! Toode sobib AINULT ProNails SoPolish geellakiga! Tallnail O\u00dc (ProNails Eesti) ei vastuta kvaliteedi, p\u00fcsivuse ja toodete omavahelise sobivuse eest kui kasutatakse muu firma geellakki ProNails Easy Peeliga!","og_url":"https:\/\/nailspa.ee\/e-pood\/toode\/sopolish-start-easy-peel-8ml\/","og_site_name":"Nailspa e-pood","article_modified_time":"2026-03-19T14:20:18+00:00","og_image":[{"width":2083,"height":2083,"url":"https:\/\/nailspa.ee\/e-pood\/wp-content\/uploads\/2020\/01\/Easy-Peel-off-EN.jpg","type":"image\/jpeg"}],"twitter_card":"summary_large_image","twitter_misc":{"Est. reading time":"1 minut"},"schema":{"@context":"https:\/\/schema.org","@graph":[{"@type":"WebPage","@id":"https:\/\/nailspa.ee\/e-pood\/toode\/sopolish-start-easy-peel-8ml\/","url":"https:\/\/nailspa.ee\/e-pood\/toode\/sopolish-start-easy-peel-8ml\/","name":"SoPolish Start - Easy Peel 8ml | Nailspa e-pood","isPartOf":{"@id":"https:\/\/nailspa.ee\/e-pood\/#website"},"primaryImageOfPage":{"@id":"https:\/\/nailspa.ee\/e-pood\/toode\/sopolish-start-easy-peel-8ml\/#primaryimage"},"image":{"@id":"https:\/\/nailspa.ee\/e-pood\/toode\/sopolish-start-easy-peel-8ml\/#primaryimage"},"thumbnailUrl":"https:\/\/nailspa.ee\/e-pood\/wp-content\/uploads\/2020\/01\/Easy-Peel-off-EN.jpg","datePublished":"2020-01-15T19:51:43+00:00","dateModified":"2026-03-19T14:20:18+00:00","breadcrumb":{"@id":"https:\/\/nailspa.ee\/e-pood\/toode\/sopolish-start-easy-peel-8ml\/#breadcrumb"},"inLanguage":"et","potentialAction":[{"@type":"ReadAction","target":["https:\/\/nailspa.ee\/e-pood\/toode\/sopolish-start-easy-peel-8ml\/"]}]},{"@type":"ImageObject","inLanguage":"et","@id":"https:\/\/nailspa.ee\/e-pood\/toode\/sopolish-start-easy-peel-8ml\/#primaryimage","url":"https:\/\/nailspa.ee\/e-pood\/wp-content\/uploads\/2020\/01\/Easy-Peel-off-EN.jpg","contentUrl":"https:\/\/nailspa.ee\/e-pood\/wp-content\/uploads\/2020\/01\/Easy-Peel-off-EN.jpg","width":2083,"height":2083},{"@type":"BreadcrumbList","@id":"https:\/\/nailspa.ee\/e-pood\/toode\/sopolish-start-easy-peel-8ml\/#breadcrumb","itemListElement":[{"@type":"ListItem","position":1,"name":"Home","item":"https:\/\/nailspa.ee\/e-pood\/"},{"@type":"ListItem","position":2,"name":"Pood","item":"https:\/\/nailspa.ee\/e-pood\/pood\/"},{"@type":"ListItem","position":3,"name":"SoPolish Start &#8211; Easy Peel 8ml"}]},{"@type":"WebSite","@id":"https:\/\/nailspa.ee\/e-pood\/#website","url":"https:\/\/nailspa.ee\/e-pood\/","name":"Nailspa e-pood","description":"","potentialAction":[{"@type":"SearchAction","target":{"@type":"EntryPoint","urlTemplate":"https:\/\/nailspa.ee\/e-pood\/?s={search_term_string}"},"query-input":{"@type":"PropertyValueSpecification","valueRequired":true,"valueName":"search_term_string"}}],"inLanguage":"et"}]}},"_links":{"self":[{"href":"https:\/\/nailspa.ee\/e-pood\/wp-json\/wp\/v2\/product\/2837","targetHints":{"allow":["GET"]}}],"collection":[{"href":"https:\/\/nailspa.ee\/e-pood\/wp-json\/wp\/v2\/product"}],"about":[{"href":"https:\/\/nailspa.ee\/e-pood\/wp-json\/wp\/v2\/types\/product"}],"wp:featuredmedia":[{"embeddable":true,"href":"https:\/\/nailspa.ee\/e-pood\/wp-json\/wp\/v2\/media\/3458"}],"wp:attachment":[{"href":"https:\/\/nailspa.ee\/e-pood\/wp-json\/wp\/v2\/media?parent=2837"}],"wp:term":[{"taxonomy":"product_brand","embeddable":true,"href":"https:\/\/nailspa.ee\/e-pood\/wp-json\/wp\/v2\/product_brand?post=2837"},{"taxonomy":"product_cat","embeddable":true,"href":"https:\/\/nailspa.ee\/e-pood\/wp-json\/wp\/v2\/product_cat?post=2837"},{"taxonomy":"product_tag","embeddable":true,"href":"https:\/\/nailspa.ee\/e-pood\/wp-json\/wp\/v2\/product_tag?post=2837"}],"curies":[{"name":"wp","href":"https:\/\/api.w.org\/{rel}","templated":true}]}}