{"id":2836,"date":"2020-01-15T21:51:43","date_gmt":"2020-01-15T19:51:43","guid":{"rendered":"https:\/\/nailspa.ee\/e-pood\/toode\/flexi-base-14ml-alusgeel\/"},"modified":"2024-09-22T15:34:18","modified_gmt":"2024-09-22T12:34:18","slug":"flexi-base-14ml-alusgeel","status":"publish","type":"product","link":"https:\/\/nailspa.ee\/e-pood\/toode\/flexi-base-14ml-alusgeel\/","title":{"rendered":"Flexi Base 14ml &#8211; alusgeel"},"content":{"rendered":"","protected":false},"excerpt":{"rendered":"<ul>\n<li>Ultra painduv alusgeel iga ehitusgeeli alla<\/li>\n<li>Annab \u00e4\u00e4rmiselt hea haakuvuse geeliga painduvate, \u00f5hukeste, rasuste ja kahjustatud k\u00fc\u00fcnte puhul<\/li>\n<li>Sobib k\u00f5ikidele probleemsetele k\u00fc\u00fcntele<\/li>\n<li>Kuivab LED lambis 30 sek<\/li>\n<li>T\u00f5eline hitt-toode alusgeelide hulgas<\/li>\n<\/ul>\n","protected":false},"featured_media":3371,"template":"","meta":[],"product_brand":[],"product_cat":[77],"product_tag":[],"class_list":{"0":"post-2836","1":"product","2":"type-product","3":"status-publish","4":"has-post-thumbnail","6":"product_cat-alusgeelid","8":"first","9":"instock","10":"taxable","11":"shipping-taxable","12":"purchasable","13":"product-type-simple"},"yoast_head":"<!-- This site is optimized with the Yoast SEO plugin v26.4 - https:\/\/yoast.com\/wordpress\/plugins\/seo\/ -->\n<title>Flexi Base 14ml - alusgeel | Nailspa e-pood<\/title>\n<meta name=\"robots\" content=\"index, follow, max-snippet:-1, max-image-preview:large, max-video-preview:-1\" \/>\n<link rel=\"canonical\" href=\"https:\/\/nailspa.ee\/e-pood\/toode\/flexi-base-14ml-alusgeel\/\" \/>\n<meta property=\"og:locale\" content=\"et_EE\" \/>\n<meta property=\"og:type\" content=\"article\" \/>\n<meta property=\"og:title\" content=\"Flexi Base 14ml - alusgeel | Nailspa e-pood\" \/>\n<meta property=\"og:description\" content=\"Ultra painduv alusgeel iga ehitusgeeli alla  Annab \u00e4\u00e4rmiselt hea haakuvuse geeliga painduvate, \u00f5hukeste, rasuste ja kahjustatud k\u00fc\u00fcnte puhul  Sobib k\u00f5ikidele probleemsetele k\u00fc\u00fcntele  Kuivab LED lambis 30 sek  T\u00f5eline hitt-toode alusgeelide hulgas\" \/>\n<meta property=\"og:url\" content=\"https:\/\/nailspa.ee\/e-pood\/toode\/flexi-base-14ml-alusgeel\/\" \/>\n<meta property=\"og:site_name\" content=\"Nailspa e-pood\" \/>\n<meta property=\"article:modified_time\" content=\"2024-09-22T12:34:18+00:00\" \/>\n<meta property=\"og:image\" content=\"https:\/\/nailspa.ee\/e-pood\/wp-content\/uploads\/2020\/01\/flexi-based29185_1.png\" \/>\n\t<meta property=\"og:image:width\" content=\"400\" \/>\n\t<meta property=\"og:image:height\" content=\"400\" \/>\n\t<meta property=\"og:image:type\" content=\"image\/png\" \/>\n<meta name=\"twitter:card\" content=\"summary_large_image\" \/>\n<meta name=\"twitter:label1\" content=\"Est. reading time\" \/>\n\t<meta name=\"twitter:data1\" content=\"1 minut\" \/>\n<script type=\"application\/ld+json\" class=\"yoast-schema-graph\">{\"@context\":\"https:\/\/schema.org\",\"@graph\":[{\"@type\":\"WebPage\",\"@id\":\"https:\/\/nailspa.ee\/e-pood\/toode\/flexi-base-14ml-alusgeel\/\",\"url\":\"https:\/\/nailspa.ee\/e-pood\/toode\/flexi-base-14ml-alusgeel\/\",\"name\":\"Flexi Base 14ml - alusgeel | Nailspa e-pood\",\"isPartOf\":{\"@id\":\"https:\/\/nailspa.ee\/e-pood\/#website\"},\"primaryImageOfPage\":{\"@id\":\"https:\/\/nailspa.ee\/e-pood\/toode\/flexi-base-14ml-alusgeel\/#primaryimage\"},\"image\":{\"@id\":\"https:\/\/nailspa.ee\/e-pood\/toode\/flexi-base-14ml-alusgeel\/#primaryimage\"},\"thumbnailUrl\":\"https:\/\/nailspa.ee\/e-pood\/wp-content\/uploads\/2020\/01\/flexi-based29185_1.png\",\"datePublished\":\"2020-01-15T19:51:43+00:00\",\"dateModified\":\"2024-09-22T12:34:18+00:00\",\"breadcrumb\":{\"@id\":\"https:\/\/nailspa.ee\/e-pood\/toode\/flexi-base-14ml-alusgeel\/#breadcrumb\"},\"inLanguage\":\"et\",\"potentialAction\":[{\"@type\":\"ReadAction\",\"target\":[\"https:\/\/nailspa.ee\/e-pood\/toode\/flexi-base-14ml-alusgeel\/\"]}]},{\"@type\":\"ImageObject\",\"inLanguage\":\"et\",\"@id\":\"https:\/\/nailspa.ee\/e-pood\/toode\/flexi-base-14ml-alusgeel\/#primaryimage\",\"url\":\"https:\/\/nailspa.ee\/e-pood\/wp-content\/uploads\/2020\/01\/flexi-based29185_1.png\",\"contentUrl\":\"https:\/\/nailspa.ee\/e-pood\/wp-content\/uploads\/2020\/01\/flexi-based29185_1.png\",\"width\":400,\"height\":400},{\"@type\":\"BreadcrumbList\",\"@id\":\"https:\/\/nailspa.ee\/e-pood\/toode\/flexi-base-14ml-alusgeel\/#breadcrumb\",\"itemListElement\":[{\"@type\":\"ListItem\",\"position\":1,\"name\":\"Home\",\"item\":\"https:\/\/nailspa.ee\/e-pood\/\"},{\"@type\":\"ListItem\",\"position\":2,\"name\":\"Pood\",\"item\":\"https:\/\/nailspa.ee\/e-pood\/pood\/\"},{\"@type\":\"ListItem\",\"position\":3,\"name\":\"Flexi Base 14ml &#8211; alusgeel\"}]},{\"@type\":\"WebSite\",\"@id\":\"https:\/\/nailspa.ee\/e-pood\/#website\",\"url\":\"https:\/\/nailspa.ee\/e-pood\/\",\"name\":\"Nailspa e-pood\",\"description\":\"\",\"potentialAction\":[{\"@type\":\"SearchAction\",\"target\":{\"@type\":\"EntryPoint\",\"urlTemplate\":\"https:\/\/nailspa.ee\/e-pood\/?s={search_term_string}\"},\"query-input\":{\"@type\":\"PropertyValueSpecification\",\"valueRequired\":true,\"valueName\":\"search_term_string\"}}],\"inLanguage\":\"et\"}]}<\/script>\n<!-- \/ Yoast SEO plugin. -->","yoast_head_json":{"title":"Flexi Base 14ml - alusgeel | Nailspa e-pood","robots":{"index":"index","follow":"follow","max-snippet":"max-snippet:-1","max-image-preview":"max-image-preview:large","max-video-preview":"max-video-preview:-1"},"canonical":"https:\/\/nailspa.ee\/e-pood\/toode\/flexi-base-14ml-alusgeel\/","og_locale":"et_EE","og_type":"article","og_title":"Flexi Base 14ml - alusgeel | Nailspa e-pood","og_description":"Ultra painduv alusgeel iga ehitusgeeli alla  Annab \u00e4\u00e4rmiselt hea haakuvuse geeliga painduvate, \u00f5hukeste, rasuste ja kahjustatud k\u00fc\u00fcnte puhul  Sobib k\u00f5ikidele probleemsetele k\u00fc\u00fcntele  Kuivab LED lambis 30 sek  T\u00f5eline hitt-toode alusgeelide hulgas","og_url":"https:\/\/nailspa.ee\/e-pood\/toode\/flexi-base-14ml-alusgeel\/","og_site_name":"Nailspa e-pood","article_modified_time":"2024-09-22T12:34:18+00:00","og_image":[{"width":400,"height":400,"url":"https:\/\/nailspa.ee\/e-pood\/wp-content\/uploads\/2020\/01\/flexi-based29185_1.png","type":"image\/png"}],"twitter_card":"summary_large_image","twitter_misc":{"Est. reading time":"1 minut"},"schema":{"@context":"https:\/\/schema.org","@graph":[{"@type":"WebPage","@id":"https:\/\/nailspa.ee\/e-pood\/toode\/flexi-base-14ml-alusgeel\/","url":"https:\/\/nailspa.ee\/e-pood\/toode\/flexi-base-14ml-alusgeel\/","name":"Flexi Base 14ml - alusgeel | Nailspa e-pood","isPartOf":{"@id":"https:\/\/nailspa.ee\/e-pood\/#website"},"primaryImageOfPage":{"@id":"https:\/\/nailspa.ee\/e-pood\/toode\/flexi-base-14ml-alusgeel\/#primaryimage"},"image":{"@id":"https:\/\/nailspa.ee\/e-pood\/toode\/flexi-base-14ml-alusgeel\/#primaryimage"},"thumbnailUrl":"https:\/\/nailspa.ee\/e-pood\/wp-content\/uploads\/2020\/01\/flexi-based29185_1.png","datePublished":"2020-01-15T19:51:43+00:00","dateModified":"2024-09-22T12:34:18+00:00","breadcrumb":{"@id":"https:\/\/nailspa.ee\/e-pood\/toode\/flexi-base-14ml-alusgeel\/#breadcrumb"},"inLanguage":"et","potentialAction":[{"@type":"ReadAction","target":["https:\/\/nailspa.ee\/e-pood\/toode\/flexi-base-14ml-alusgeel\/"]}]},{"@type":"ImageObject","inLanguage":"et","@id":"https:\/\/nailspa.ee\/e-pood\/toode\/flexi-base-14ml-alusgeel\/#primaryimage","url":"https:\/\/nailspa.ee\/e-pood\/wp-content\/uploads\/2020\/01\/flexi-based29185_1.png","contentUrl":"https:\/\/nailspa.ee\/e-pood\/wp-content\/uploads\/2020\/01\/flexi-based29185_1.png","width":400,"height":400},{"@type":"BreadcrumbList","@id":"https:\/\/nailspa.ee\/e-pood\/toode\/flexi-base-14ml-alusgeel\/#breadcrumb","itemListElement":[{"@type":"ListItem","position":1,"name":"Home","item":"https:\/\/nailspa.ee\/e-pood\/"},{"@type":"ListItem","position":2,"name":"Pood","item":"https:\/\/nailspa.ee\/e-pood\/pood\/"},{"@type":"ListItem","position":3,"name":"Flexi Base 14ml &#8211; alusgeel"}]},{"@type":"WebSite","@id":"https:\/\/nailspa.ee\/e-pood\/#website","url":"https:\/\/nailspa.ee\/e-pood\/","name":"Nailspa e-pood","description":"","potentialAction":[{"@type":"SearchAction","target":{"@type":"EntryPoint","urlTemplate":"https:\/\/nailspa.ee\/e-pood\/?s={search_term_string}"},"query-input":{"@type":"PropertyValueSpecification","valueRequired":true,"valueName":"search_term_string"}}],"inLanguage":"et"}]}},"_links":{"self":[{"href":"https:\/\/nailspa.ee\/e-pood\/wp-json\/wp\/v2\/product\/2836","targetHints":{"allow":["GET"]}}],"collection":[{"href":"https:\/\/nailspa.ee\/e-pood\/wp-json\/wp\/v2\/product"}],"about":[{"href":"https:\/\/nailspa.ee\/e-pood\/wp-json\/wp\/v2\/types\/product"}],"wp:featuredmedia":[{"embeddable":true,"href":"https:\/\/nailspa.ee\/e-pood\/wp-json\/wp\/v2\/media\/3371"}],"wp:attachment":[{"href":"https:\/\/nailspa.ee\/e-pood\/wp-json\/wp\/v2\/media?parent=2836"}],"wp:term":[{"taxonomy":"product_brand","embeddable":true,"href":"https:\/\/nailspa.ee\/e-pood\/wp-json\/wp\/v2\/product_brand?post=2836"},{"taxonomy":"product_cat","embeddable":true,"href":"https:\/\/nailspa.ee\/e-pood\/wp-json\/wp\/v2\/product_cat?post=2836"},{"taxonomy":"product_tag","embeddable":true,"href":"https:\/\/nailspa.ee\/e-pood\/wp-json\/wp\/v2\/product_tag?post=2836"}],"curies":[{"name":"wp","href":"https:\/\/api.w.org\/{rel}","templated":true}]}}