{"id":2809,"date":"2020-01-15T21:51:41","date_gmt":"2020-01-15T19:51:41","guid":{"rendered":"https:\/\/nailspa.ee\/e-pood\/toode\/cooling-legfoot-lotion-100ml-jahutav-jalalosjoon\/"},"modified":"2024-07-01T16:15:00","modified_gmt":"2024-07-01T13:15:00","slug":"cooling-legfoot-lotion-100ml-jahutav-jalalosjoon","status":"publish","type":"product","link":"https:\/\/nailspa.ee\/e-pood\/toode\/cooling-legfoot-lotion-100ml-jahutav-jalalosjoon\/","title":{"rendered":"Cooling Leg&#038;Foot Lotion 100ml &#8211; jahutav jalalosjoon"},"content":{"rendered":"","protected":false},"excerpt":{"rendered":"<ul>\n<li>Cooling Leg &amp; Foot Lotion 100ml on jahutav ja stimuleeriv emulsioon v\u00e4sinud jalgadele.<\/li>\n<li>Sisaldab Aloe Verat, mis on suurep\u00e4rane niisutaja.<\/li>\n<li>Toode on nahka pehmendavate omadustega ja sobib ka tundlikule nahale.<\/li>\n<li>Eukal\u00fcpti \u00f5li v\u00f5itleb paistetusega ja on p\u00f5letikuvastane ning j\u00e4tab nahale v\u00e4rskustunde.<\/li>\n<li>Kandke emulsioon jalgadele ja masseerige sisse.<\/li>\n<li>Toode ei j\u00e4ta rasust ja kleepuvat kihti.<\/li>\n<\/ul>\n","protected":false},"featured_media":2982,"template":"","meta":[],"product_brand":[],"product_cat":[86],"product_tag":[],"class_list":{"0":"post-2809","1":"product","2":"type-product","3":"status-publish","4":"has-post-thumbnail","6":"product_cat-jalahooldus","8":"first","9":"instock","10":"taxable","11":"shipping-taxable","12":"product-type-simple"},"yoast_head":"<!-- This site is optimized with the Yoast SEO plugin v26.4 - https:\/\/yoast.com\/wordpress\/plugins\/seo\/ -->\n<title>Cooling Leg&amp;Foot Lotion 100ml - jahutav jalalosjoon | Nailspa e-pood<\/title>\n<meta name=\"robots\" content=\"index, follow, max-snippet:-1, max-image-preview:large, max-video-preview:-1\" \/>\n<link rel=\"canonical\" href=\"https:\/\/nailspa.ee\/e-pood\/toode\/cooling-legfoot-lotion-100ml-jahutav-jalalosjoon\/\" \/>\n<meta property=\"og:locale\" content=\"et_EE\" \/>\n<meta property=\"og:type\" content=\"article\" \/>\n<meta property=\"og:title\" content=\"Cooling Leg&amp;Foot Lotion 100ml - jahutav jalalosjoon | Nailspa e-pood\" \/>\n<meta property=\"og:description\" content=\"Cooling Leg &amp; Foot Lotion 100ml on jahutav ja stimuleeriv emulsioon v\u00e4sinud jalgadele.  Sisaldab Aloe Verat, mis on suurep\u00e4rane niisutaja.  Toode on nahka pehmendavate omadustega ja sobib ka tundlikule nahale.  Eukal\u00fcpti \u00f5li v\u00f5itleb paistetusega ja on p\u00f5letikuvastane ning j\u00e4tab nahale v\u00e4rskustunde.  Kandke emulsioon jalgadele ja masseerige sisse.  Toode ei j\u00e4ta rasust ja kleepuvat kihti.\" \/>\n<meta property=\"og:url\" content=\"https:\/\/nailspa.ee\/e-pood\/toode\/cooling-legfoot-lotion-100ml-jahutav-jalalosjoon\/\" \/>\n<meta property=\"og:site_name\" content=\"Nailspa e-pood\" \/>\n<meta property=\"article:modified_time\" content=\"2024-07-01T13:15:00+00:00\" \/>\n<meta property=\"og:image\" content=\"https:\/\/nailspa.ee\/e-pood\/wp-content\/uploads\/2020\/01\/18_April_Retail_Products_4.jpg\" \/>\n\t<meta property=\"og:image:width\" content=\"2250\" \/>\n\t<meta property=\"og:image:height\" content=\"2250\" \/>\n\t<meta property=\"og:image:type\" content=\"image\/jpeg\" \/>\n<meta name=\"twitter:card\" content=\"summary_large_image\" \/>\n<meta name=\"twitter:label1\" content=\"Est. reading time\" \/>\n\t<meta name=\"twitter:data1\" content=\"1 minut\" \/>\n<script type=\"application\/ld+json\" class=\"yoast-schema-graph\">{\"@context\":\"https:\/\/schema.org\",\"@graph\":[{\"@type\":\"WebPage\",\"@id\":\"https:\/\/nailspa.ee\/e-pood\/toode\/cooling-legfoot-lotion-100ml-jahutav-jalalosjoon\/\",\"url\":\"https:\/\/nailspa.ee\/e-pood\/toode\/cooling-legfoot-lotion-100ml-jahutav-jalalosjoon\/\",\"name\":\"Cooling Leg&Foot Lotion 100ml - jahutav jalalosjoon | Nailspa e-pood\",\"isPartOf\":{\"@id\":\"http:\/\/nailspa.ee\/e-pood\/#website\"},\"primaryImageOfPage\":{\"@id\":\"https:\/\/nailspa.ee\/e-pood\/toode\/cooling-legfoot-lotion-100ml-jahutav-jalalosjoon\/#primaryimage\"},\"image\":{\"@id\":\"https:\/\/nailspa.ee\/e-pood\/toode\/cooling-legfoot-lotion-100ml-jahutav-jalalosjoon\/#primaryimage\"},\"thumbnailUrl\":\"https:\/\/nailspa.ee\/e-pood\/wp-content\/uploads\/2020\/01\/18_April_Retail_Products_4.jpg\",\"datePublished\":\"2020-01-15T19:51:41+00:00\",\"dateModified\":\"2024-07-01T13:15:00+00:00\",\"breadcrumb\":{\"@id\":\"https:\/\/nailspa.ee\/e-pood\/toode\/cooling-legfoot-lotion-100ml-jahutav-jalalosjoon\/#breadcrumb\"},\"inLanguage\":\"et\",\"potentialAction\":[{\"@type\":\"ReadAction\",\"target\":[\"https:\/\/nailspa.ee\/e-pood\/toode\/cooling-legfoot-lotion-100ml-jahutav-jalalosjoon\/\"]}]},{\"@type\":\"ImageObject\",\"inLanguage\":\"et\",\"@id\":\"https:\/\/nailspa.ee\/e-pood\/toode\/cooling-legfoot-lotion-100ml-jahutav-jalalosjoon\/#primaryimage\",\"url\":\"https:\/\/nailspa.ee\/e-pood\/wp-content\/uploads\/2020\/01\/18_April_Retail_Products_4.jpg\",\"contentUrl\":\"https:\/\/nailspa.ee\/e-pood\/wp-content\/uploads\/2020\/01\/18_April_Retail_Products_4.jpg\",\"width\":2250,\"height\":2250},{\"@type\":\"BreadcrumbList\",\"@id\":\"https:\/\/nailspa.ee\/e-pood\/toode\/cooling-legfoot-lotion-100ml-jahutav-jalalosjoon\/#breadcrumb\",\"itemListElement\":[{\"@type\":\"ListItem\",\"position\":1,\"name\":\"Home\",\"item\":\"http:\/\/nailspa.ee\/e-pood\/\"},{\"@type\":\"ListItem\",\"position\":2,\"name\":\"Pood\",\"item\":\"http:\/\/nailspa.ee\/e-pood\/pood\/\"},{\"@type\":\"ListItem\",\"position\":3,\"name\":\"Cooling Leg&#038;Foot Lotion 100ml &#8211; jahutav jalalosjoon\"}]},{\"@type\":\"WebSite\",\"@id\":\"http:\/\/nailspa.ee\/e-pood\/#website\",\"url\":\"http:\/\/nailspa.ee\/e-pood\/\",\"name\":\"Nailspa e-pood\",\"description\":\"\",\"potentialAction\":[{\"@type\":\"SearchAction\",\"target\":{\"@type\":\"EntryPoint\",\"urlTemplate\":\"http:\/\/nailspa.ee\/e-pood\/?s={search_term_string}\"},\"query-input\":{\"@type\":\"PropertyValueSpecification\",\"valueRequired\":true,\"valueName\":\"search_term_string\"}}],\"inLanguage\":\"et\"}]}<\/script>\n<!-- \/ Yoast SEO plugin. -->","yoast_head_json":{"title":"Cooling Leg&Foot Lotion 100ml - jahutav jalalosjoon | Nailspa e-pood","robots":{"index":"index","follow":"follow","max-snippet":"max-snippet:-1","max-image-preview":"max-image-preview:large","max-video-preview":"max-video-preview:-1"},"canonical":"https:\/\/nailspa.ee\/e-pood\/toode\/cooling-legfoot-lotion-100ml-jahutav-jalalosjoon\/","og_locale":"et_EE","og_type":"article","og_title":"Cooling Leg&Foot Lotion 100ml - jahutav jalalosjoon | Nailspa e-pood","og_description":"Cooling Leg &amp; Foot Lotion 100ml on jahutav ja stimuleeriv emulsioon v\u00e4sinud jalgadele.  Sisaldab Aloe Verat, mis on suurep\u00e4rane niisutaja.  Toode on nahka pehmendavate omadustega ja sobib ka tundlikule nahale.  Eukal\u00fcpti \u00f5li v\u00f5itleb paistetusega ja on p\u00f5letikuvastane ning j\u00e4tab nahale v\u00e4rskustunde.  Kandke emulsioon jalgadele ja masseerige sisse.  Toode ei j\u00e4ta rasust ja kleepuvat kihti.","og_url":"https:\/\/nailspa.ee\/e-pood\/toode\/cooling-legfoot-lotion-100ml-jahutav-jalalosjoon\/","og_site_name":"Nailspa e-pood","article_modified_time":"2024-07-01T13:15:00+00:00","og_image":[{"width":2250,"height":2250,"url":"https:\/\/nailspa.ee\/e-pood\/wp-content\/uploads\/2020\/01\/18_April_Retail_Products_4.jpg","type":"image\/jpeg"}],"twitter_card":"summary_large_image","twitter_misc":{"Est. reading time":"1 minut"},"schema":{"@context":"https:\/\/schema.org","@graph":[{"@type":"WebPage","@id":"https:\/\/nailspa.ee\/e-pood\/toode\/cooling-legfoot-lotion-100ml-jahutav-jalalosjoon\/","url":"https:\/\/nailspa.ee\/e-pood\/toode\/cooling-legfoot-lotion-100ml-jahutav-jalalosjoon\/","name":"Cooling Leg&Foot Lotion 100ml - jahutav jalalosjoon | Nailspa e-pood","isPartOf":{"@id":"http:\/\/nailspa.ee\/e-pood\/#website"},"primaryImageOfPage":{"@id":"https:\/\/nailspa.ee\/e-pood\/toode\/cooling-legfoot-lotion-100ml-jahutav-jalalosjoon\/#primaryimage"},"image":{"@id":"https:\/\/nailspa.ee\/e-pood\/toode\/cooling-legfoot-lotion-100ml-jahutav-jalalosjoon\/#primaryimage"},"thumbnailUrl":"https:\/\/nailspa.ee\/e-pood\/wp-content\/uploads\/2020\/01\/18_April_Retail_Products_4.jpg","datePublished":"2020-01-15T19:51:41+00:00","dateModified":"2024-07-01T13:15:00+00:00","breadcrumb":{"@id":"https:\/\/nailspa.ee\/e-pood\/toode\/cooling-legfoot-lotion-100ml-jahutav-jalalosjoon\/#breadcrumb"},"inLanguage":"et","potentialAction":[{"@type":"ReadAction","target":["https:\/\/nailspa.ee\/e-pood\/toode\/cooling-legfoot-lotion-100ml-jahutav-jalalosjoon\/"]}]},{"@type":"ImageObject","inLanguage":"et","@id":"https:\/\/nailspa.ee\/e-pood\/toode\/cooling-legfoot-lotion-100ml-jahutav-jalalosjoon\/#primaryimage","url":"https:\/\/nailspa.ee\/e-pood\/wp-content\/uploads\/2020\/01\/18_April_Retail_Products_4.jpg","contentUrl":"https:\/\/nailspa.ee\/e-pood\/wp-content\/uploads\/2020\/01\/18_April_Retail_Products_4.jpg","width":2250,"height":2250},{"@type":"BreadcrumbList","@id":"https:\/\/nailspa.ee\/e-pood\/toode\/cooling-legfoot-lotion-100ml-jahutav-jalalosjoon\/#breadcrumb","itemListElement":[{"@type":"ListItem","position":1,"name":"Home","item":"http:\/\/nailspa.ee\/e-pood\/"},{"@type":"ListItem","position":2,"name":"Pood","item":"http:\/\/nailspa.ee\/e-pood\/pood\/"},{"@type":"ListItem","position":3,"name":"Cooling Leg&#038;Foot Lotion 100ml &#8211; jahutav jalalosjoon"}]},{"@type":"WebSite","@id":"http:\/\/nailspa.ee\/e-pood\/#website","url":"http:\/\/nailspa.ee\/e-pood\/","name":"Nailspa e-pood","description":"","potentialAction":[{"@type":"SearchAction","target":{"@type":"EntryPoint","urlTemplate":"http:\/\/nailspa.ee\/e-pood\/?s={search_term_string}"},"query-input":{"@type":"PropertyValueSpecification","valueRequired":true,"valueName":"search_term_string"}}],"inLanguage":"et"}]}},"_links":{"self":[{"href":"https:\/\/nailspa.ee\/e-pood\/wp-json\/wp\/v2\/product\/2809","targetHints":{"allow":["GET"]}}],"collection":[{"href":"https:\/\/nailspa.ee\/e-pood\/wp-json\/wp\/v2\/product"}],"about":[{"href":"https:\/\/nailspa.ee\/e-pood\/wp-json\/wp\/v2\/types\/product"}],"wp:featuredmedia":[{"embeddable":true,"href":"https:\/\/nailspa.ee\/e-pood\/wp-json\/wp\/v2\/media\/2982"}],"wp:attachment":[{"href":"https:\/\/nailspa.ee\/e-pood\/wp-json\/wp\/v2\/media?parent=2809"}],"wp:term":[{"taxonomy":"product_brand","embeddable":true,"href":"https:\/\/nailspa.ee\/e-pood\/wp-json\/wp\/v2\/product_brand?post=2809"},{"taxonomy":"product_cat","embeddable":true,"href":"https:\/\/nailspa.ee\/e-pood\/wp-json\/wp\/v2\/product_cat?post=2809"},{"taxonomy":"product_tag","embeddable":true,"href":"https:\/\/nailspa.ee\/e-pood\/wp-json\/wp\/v2\/product_tag?post=2809"}],"curies":[{"name":"wp","href":"https:\/\/api.w.org\/{rel}","templated":true}]}}