{"id":2808,"date":"2020-01-15T21:51:41","date_gmt":"2020-01-15T19:51:41","guid":{"rendered":"https:\/\/nailspa.ee\/e-pood\/toode\/softening-balm-100ml-pehmendav-jalapalsam\/"},"modified":"2024-07-01T11:54:53","modified_gmt":"2024-07-01T08:54:53","slug":"softening-balm-100ml-pehmendav-jalapalsam","status":"publish","type":"product","link":"https:\/\/nailspa.ee\/e-pood\/toode\/softening-balm-100ml-pehmendav-jalapalsam\/","title":{"rendered":"Softening Balm 100ml &#8211; pehmendav jalapalsam"},"content":{"rendered":"","protected":false},"excerpt":{"rendered":"<ul>\n<li>SOFTENING BALM &#8211; Igap\u00e4eva niisutus siidpehmeteks jalgadeks<br \/>\nEmulsioon sisaldab lisaks uureale palju niisutavaid ja toitvaid aktiivaineid. Ideaalne igap\u00e4evaseks jalanaha niisutuseks. Emulsioon on m\u00f5nusa tekstuuriga ja seda on lihtne sisse masseerida. Sisaldab eukal\u00fcpti\u00f5li mis on p\u00f5letikuvastane ja annab jalgadele v\u00e4rskustunde. Emulsioon on s\u00fcgavniisutav ja kauakestva toimega. Taastab ja pehmendab nahka.<br \/>\nKasutus: 2-4 pumpa \u00fche jala kohta. Masseeri sisse. Toode ei j\u00e4ta kleepuvat kihti<\/li>\n<\/ul>\n","protected":false},"featured_media":2979,"template":"","meta":[],"product_brand":[],"product_cat":[86],"product_tag":[],"class_list":{"0":"post-2808","1":"product","2":"type-product","3":"status-publish","4":"has-post-thumbnail","6":"product_cat-jalahooldus","8":"first","9":"instock","10":"taxable","11":"shipping-taxable","12":"purchasable","13":"product-type-simple"},"yoast_head":"<!-- This site is optimized with the Yoast SEO plugin v26.4 - https:\/\/yoast.com\/wordpress\/plugins\/seo\/ -->\n<title>Softening Balm 100ml - pehmendav jalapalsam | Nailspa e-pood<\/title>\n<meta name=\"robots\" content=\"index, follow, max-snippet:-1, max-image-preview:large, max-video-preview:-1\" \/>\n<link rel=\"canonical\" href=\"https:\/\/nailspa.ee\/e-pood\/toode\/softening-balm-100ml-pehmendav-jalapalsam\/\" \/>\n<meta property=\"og:locale\" content=\"et_EE\" \/>\n<meta property=\"og:type\" content=\"article\" \/>\n<meta property=\"og:title\" content=\"Softening Balm 100ml - pehmendav jalapalsam | Nailspa e-pood\" \/>\n<meta property=\"og:description\" content=\"SOFTENING BALM - Igap\u00e4eva niisutus siidpehmeteks jalgadeks Emulsioon sisaldab lisaks uureale palju niisutavaid ja toitvaid aktiivaineid. Ideaalne igap\u00e4evaseks jalanaha niisutuseks. Emulsioon on m\u00f5nusa tekstuuriga ja seda on lihtne sisse masseerida. Sisaldab eukal\u00fcpti\u00f5li mis on p\u00f5letikuvastane ja annab jalgadele v\u00e4rskustunde. Emulsioon on s\u00fcgavniisutav ja kauakestva toimega. Taastab ja pehmendab nahka. Kasutus: 2-4 pumpa \u00fche jala kohta. Masseeri sisse. Toode ei j\u00e4ta kleepuvat kihti\" \/>\n<meta property=\"og:url\" content=\"https:\/\/nailspa.ee\/e-pood\/toode\/softening-balm-100ml-pehmendav-jalapalsam\/\" \/>\n<meta property=\"og:site_name\" content=\"Nailspa e-pood\" \/>\n<meta property=\"article:modified_time\" content=\"2024-07-01T08:54:53+00:00\" \/>\n<meta property=\"og:image\" content=\"https:\/\/nailspa.ee\/e-pood\/wp-content\/uploads\/2020\/01\/18_April_Retail_Products_1.jpg\" \/>\n\t<meta property=\"og:image:width\" content=\"2250\" \/>\n\t<meta property=\"og:image:height\" content=\"2250\" \/>\n\t<meta property=\"og:image:type\" content=\"image\/jpeg\" \/>\n<meta name=\"twitter:card\" content=\"summary_large_image\" \/>\n<meta name=\"twitter:label1\" content=\"Est. reading time\" \/>\n\t<meta name=\"twitter:data1\" content=\"1 minut\" \/>\n<script type=\"application\/ld+json\" class=\"yoast-schema-graph\">{\"@context\":\"https:\/\/schema.org\",\"@graph\":[{\"@type\":\"WebPage\",\"@id\":\"https:\/\/nailspa.ee\/e-pood\/toode\/softening-balm-100ml-pehmendav-jalapalsam\/\",\"url\":\"https:\/\/nailspa.ee\/e-pood\/toode\/softening-balm-100ml-pehmendav-jalapalsam\/\",\"name\":\"Softening Balm 100ml - pehmendav jalapalsam | Nailspa e-pood\",\"isPartOf\":{\"@id\":\"http:\/\/nailspa.ee\/e-pood\/#website\"},\"primaryImageOfPage\":{\"@id\":\"https:\/\/nailspa.ee\/e-pood\/toode\/softening-balm-100ml-pehmendav-jalapalsam\/#primaryimage\"},\"image\":{\"@id\":\"https:\/\/nailspa.ee\/e-pood\/toode\/softening-balm-100ml-pehmendav-jalapalsam\/#primaryimage\"},\"thumbnailUrl\":\"https:\/\/nailspa.ee\/e-pood\/wp-content\/uploads\/2020\/01\/18_April_Retail_Products_1.jpg\",\"datePublished\":\"2020-01-15T19:51:41+00:00\",\"dateModified\":\"2024-07-01T08:54:53+00:00\",\"breadcrumb\":{\"@id\":\"https:\/\/nailspa.ee\/e-pood\/toode\/softening-balm-100ml-pehmendav-jalapalsam\/#breadcrumb\"},\"inLanguage\":\"et\",\"potentialAction\":[{\"@type\":\"ReadAction\",\"target\":[\"https:\/\/nailspa.ee\/e-pood\/toode\/softening-balm-100ml-pehmendav-jalapalsam\/\"]}]},{\"@type\":\"ImageObject\",\"inLanguage\":\"et\",\"@id\":\"https:\/\/nailspa.ee\/e-pood\/toode\/softening-balm-100ml-pehmendav-jalapalsam\/#primaryimage\",\"url\":\"https:\/\/nailspa.ee\/e-pood\/wp-content\/uploads\/2020\/01\/18_April_Retail_Products_1.jpg\",\"contentUrl\":\"https:\/\/nailspa.ee\/e-pood\/wp-content\/uploads\/2020\/01\/18_April_Retail_Products_1.jpg\",\"width\":2250,\"height\":2250},{\"@type\":\"BreadcrumbList\",\"@id\":\"https:\/\/nailspa.ee\/e-pood\/toode\/softening-balm-100ml-pehmendav-jalapalsam\/#breadcrumb\",\"itemListElement\":[{\"@type\":\"ListItem\",\"position\":1,\"name\":\"Home\",\"item\":\"http:\/\/nailspa.ee\/e-pood\/\"},{\"@type\":\"ListItem\",\"position\":2,\"name\":\"Pood\",\"item\":\"http:\/\/nailspa.ee\/e-pood\/pood\/\"},{\"@type\":\"ListItem\",\"position\":3,\"name\":\"Softening Balm 100ml &#8211; pehmendav jalapalsam\"}]},{\"@type\":\"WebSite\",\"@id\":\"http:\/\/nailspa.ee\/e-pood\/#website\",\"url\":\"http:\/\/nailspa.ee\/e-pood\/\",\"name\":\"Nailspa e-pood\",\"description\":\"\",\"potentialAction\":[{\"@type\":\"SearchAction\",\"target\":{\"@type\":\"EntryPoint\",\"urlTemplate\":\"http:\/\/nailspa.ee\/e-pood\/?s={search_term_string}\"},\"query-input\":{\"@type\":\"PropertyValueSpecification\",\"valueRequired\":true,\"valueName\":\"search_term_string\"}}],\"inLanguage\":\"et\"}]}<\/script>\n<!-- \/ Yoast SEO plugin. -->","yoast_head_json":{"title":"Softening Balm 100ml - pehmendav jalapalsam | Nailspa e-pood","robots":{"index":"index","follow":"follow","max-snippet":"max-snippet:-1","max-image-preview":"max-image-preview:large","max-video-preview":"max-video-preview:-1"},"canonical":"https:\/\/nailspa.ee\/e-pood\/toode\/softening-balm-100ml-pehmendav-jalapalsam\/","og_locale":"et_EE","og_type":"article","og_title":"Softening Balm 100ml - pehmendav jalapalsam | Nailspa e-pood","og_description":"SOFTENING BALM - Igap\u00e4eva niisutus siidpehmeteks jalgadeks Emulsioon sisaldab lisaks uureale palju niisutavaid ja toitvaid aktiivaineid. Ideaalne igap\u00e4evaseks jalanaha niisutuseks. Emulsioon on m\u00f5nusa tekstuuriga ja seda on lihtne sisse masseerida. Sisaldab eukal\u00fcpti\u00f5li mis on p\u00f5letikuvastane ja annab jalgadele v\u00e4rskustunde. Emulsioon on s\u00fcgavniisutav ja kauakestva toimega. Taastab ja pehmendab nahka. Kasutus: 2-4 pumpa \u00fche jala kohta. Masseeri sisse. Toode ei j\u00e4ta kleepuvat kihti","og_url":"https:\/\/nailspa.ee\/e-pood\/toode\/softening-balm-100ml-pehmendav-jalapalsam\/","og_site_name":"Nailspa e-pood","article_modified_time":"2024-07-01T08:54:53+00:00","og_image":[{"width":2250,"height":2250,"url":"https:\/\/nailspa.ee\/e-pood\/wp-content\/uploads\/2020\/01\/18_April_Retail_Products_1.jpg","type":"image\/jpeg"}],"twitter_card":"summary_large_image","twitter_misc":{"Est. reading time":"1 minut"},"schema":{"@context":"https:\/\/schema.org","@graph":[{"@type":"WebPage","@id":"https:\/\/nailspa.ee\/e-pood\/toode\/softening-balm-100ml-pehmendav-jalapalsam\/","url":"https:\/\/nailspa.ee\/e-pood\/toode\/softening-balm-100ml-pehmendav-jalapalsam\/","name":"Softening Balm 100ml - pehmendav jalapalsam | Nailspa e-pood","isPartOf":{"@id":"http:\/\/nailspa.ee\/e-pood\/#website"},"primaryImageOfPage":{"@id":"https:\/\/nailspa.ee\/e-pood\/toode\/softening-balm-100ml-pehmendav-jalapalsam\/#primaryimage"},"image":{"@id":"https:\/\/nailspa.ee\/e-pood\/toode\/softening-balm-100ml-pehmendav-jalapalsam\/#primaryimage"},"thumbnailUrl":"https:\/\/nailspa.ee\/e-pood\/wp-content\/uploads\/2020\/01\/18_April_Retail_Products_1.jpg","datePublished":"2020-01-15T19:51:41+00:00","dateModified":"2024-07-01T08:54:53+00:00","breadcrumb":{"@id":"https:\/\/nailspa.ee\/e-pood\/toode\/softening-balm-100ml-pehmendav-jalapalsam\/#breadcrumb"},"inLanguage":"et","potentialAction":[{"@type":"ReadAction","target":["https:\/\/nailspa.ee\/e-pood\/toode\/softening-balm-100ml-pehmendav-jalapalsam\/"]}]},{"@type":"ImageObject","inLanguage":"et","@id":"https:\/\/nailspa.ee\/e-pood\/toode\/softening-balm-100ml-pehmendav-jalapalsam\/#primaryimage","url":"https:\/\/nailspa.ee\/e-pood\/wp-content\/uploads\/2020\/01\/18_April_Retail_Products_1.jpg","contentUrl":"https:\/\/nailspa.ee\/e-pood\/wp-content\/uploads\/2020\/01\/18_April_Retail_Products_1.jpg","width":2250,"height":2250},{"@type":"BreadcrumbList","@id":"https:\/\/nailspa.ee\/e-pood\/toode\/softening-balm-100ml-pehmendav-jalapalsam\/#breadcrumb","itemListElement":[{"@type":"ListItem","position":1,"name":"Home","item":"http:\/\/nailspa.ee\/e-pood\/"},{"@type":"ListItem","position":2,"name":"Pood","item":"http:\/\/nailspa.ee\/e-pood\/pood\/"},{"@type":"ListItem","position":3,"name":"Softening Balm 100ml &#8211; pehmendav jalapalsam"}]},{"@type":"WebSite","@id":"http:\/\/nailspa.ee\/e-pood\/#website","url":"http:\/\/nailspa.ee\/e-pood\/","name":"Nailspa e-pood","description":"","potentialAction":[{"@type":"SearchAction","target":{"@type":"EntryPoint","urlTemplate":"http:\/\/nailspa.ee\/e-pood\/?s={search_term_string}"},"query-input":{"@type":"PropertyValueSpecification","valueRequired":true,"valueName":"search_term_string"}}],"inLanguage":"et"}]}},"_links":{"self":[{"href":"https:\/\/nailspa.ee\/e-pood\/wp-json\/wp\/v2\/product\/2808","targetHints":{"allow":["GET"]}}],"collection":[{"href":"https:\/\/nailspa.ee\/e-pood\/wp-json\/wp\/v2\/product"}],"about":[{"href":"https:\/\/nailspa.ee\/e-pood\/wp-json\/wp\/v2\/types\/product"}],"wp:featuredmedia":[{"embeddable":true,"href":"https:\/\/nailspa.ee\/e-pood\/wp-json\/wp\/v2\/media\/2979"}],"wp:attachment":[{"href":"https:\/\/nailspa.ee\/e-pood\/wp-json\/wp\/v2\/media?parent=2808"}],"wp:term":[{"taxonomy":"product_brand","embeddable":true,"href":"https:\/\/nailspa.ee\/e-pood\/wp-json\/wp\/v2\/product_brand?post=2808"},{"taxonomy":"product_cat","embeddable":true,"href":"https:\/\/nailspa.ee\/e-pood\/wp-json\/wp\/v2\/product_cat?post=2808"},{"taxonomy":"product_tag","embeddable":true,"href":"https:\/\/nailspa.ee\/e-pood\/wp-json\/wp\/v2\/product_tag?post=2808"}],"curies":[{"name":"wp","href":"https:\/\/api.w.org\/{rel}","templated":true}]}}