{"id":2807,"date":"2020-01-15T21:51:41","date_gmt":"2020-01-15T19:51:41","guid":{"rendered":"https:\/\/nailspa.ee\/e-pood\/toode\/foot-fungus-protector-100ml-jalaseene-kaitsevahend\/"},"modified":"2024-07-01T11:18:20","modified_gmt":"2024-07-01T08:18:20","slug":"foot-fungus-protector-100ml-jalaseene-kaitsevahend","status":"publish","type":"product","link":"https:\/\/nailspa.ee\/e-pood\/toode\/foot-fungus-protector-100ml-jalaseene-kaitsevahend\/","title":{"rendered":"Foot Fungus Protector 100ml &#8211; jalaseene kaitsevahend"},"content":{"rendered":"","protected":false},"excerpt":{"rendered":"<ul>\n<li>FOOT FUNGUS PTOTECTOR \u2013 jalaseene kaitsevahend.<br \/>\nV\u00e4ga efektiivne ja v\u00f5imas kaitse jalaseene vastu. Tootes sisalduv klotrimasool ja piroktoon olamiin ennetab ja v\u00f5itleb jalaseenega. T\u00e4nu unikaalsele ja kaitsvale kihile saavad aktiivained keskenduda kahjustatud piirkonnale ja h\u00e4vitada t\u00f5husalt jalaseene. T\u00e4nu mugavale otsikule saab toodet kasutada h\u00fcgieeniliselt nakatunud piirkonnas<\/li>\n<li>Kas teil on (niiske) helbeline nahk? Kas teie jalgadel on ebameeldiv l\u00f5hn? V\u00f5i kas teil on s\u00fcgelus, p\u00f5letustunne v\u00f5i punetus? See on t\u00f5en\u00e4oliselt seennakkus. See tekib peamiselt varvaste vahel &#8211; seal on soe ja niiske mis on t\u00e4iuslik elupaik bakteritele.Jala seeninfektsiooni on v\u00e4ga lihtne ravida ProNails Foot Fungaliga. See v\u00e4ga efektiivne pihusti sisaldab \u00fchest k\u00fcljest klotrimasooli &#8211; see koostisosa h\u00e4vitab seeninfektsioonrakke &#8211; ja teiselt poolt piroktoon olamiini, mis takistab seeninfektsioonrakkude kasvu ja tapab baktereid.Pihustage toodet kaks korda p\u00e4evas nakatunud piirkonnale ja laske sellel imenduda.<br \/>\nTesti tulemused on n\u00e4idanud, et s\u00fcmptomid kaovad 1 n\u00e4dala p\u00e4rast. Seened aga on v\u00e4ga nakkavad ja kui teil on infektsioon, on t\u00f5en\u00e4oline, et nakatute \u00a0uuesti. See pihusti t\u00f6\u00f6tab ennetavalt. Seet\u00f5ttu soovitame toote kasutamist j\u00e4tkata &#8211; isegi kui s\u00fcmptomid on kadunud.<\/li>\n<\/ul>\n","protected":false},"featured_media":2998,"template":"","meta":[],"product_brand":[],"product_cat":[86],"product_tag":[],"class_list":{"0":"post-2807","1":"product","2":"type-product","3":"status-publish","4":"has-post-thumbnail","6":"product_cat-jalahooldus","8":"first","9":"instock","10":"taxable","11":"shipping-taxable","12":"purchasable","13":"product-type-simple"},"yoast_head":"<!-- This site is optimized with the Yoast SEO plugin v26.4 - https:\/\/yoast.com\/wordpress\/plugins\/seo\/ -->\n<title>Foot Fungus Protector 100ml - jalaseene kaitsevahend | Nailspa e-pood<\/title>\n<meta name=\"robots\" content=\"index, follow, max-snippet:-1, max-image-preview:large, max-video-preview:-1\" \/>\n<link rel=\"canonical\" href=\"https:\/\/nailspa.ee\/e-pood\/toode\/foot-fungus-protector-100ml-jalaseene-kaitsevahend\/\" \/>\n<meta property=\"og:locale\" content=\"et_EE\" \/>\n<meta property=\"og:type\" content=\"article\" \/>\n<meta property=\"og:title\" content=\"Foot Fungus Protector 100ml - jalaseene kaitsevahend | Nailspa e-pood\" \/>\n<meta property=\"og:description\" content=\"FOOT FUNGUS PTOTECTOR \u2013 jalaseene kaitsevahend. V\u00e4ga efektiivne ja v\u00f5imas kaitse jalaseene vastu. Tootes sisalduv klotrimasool ja piroktoon olamiin ennetab ja v\u00f5itleb jalaseenega. T\u00e4nu unikaalsele ja kaitsvale kihile saavad aktiivained keskenduda kahjustatud piirkonnale ja h\u00e4vitada t\u00f5husalt jalaseene. T\u00e4nu mugavale otsikule saab toodet kasutada h\u00fcgieeniliselt nakatunud piirkonnas  Kas teil on (niiske) helbeline nahk? Kas teie jalgadel on ebameeldiv l\u00f5hn? V\u00f5i kas teil on s\u00fcgelus, p\u00f5letustunne v\u00f5i punetus? See on t\u00f5en\u00e4oliselt seennakkus. See tekib peamiselt varvaste vahel - seal on soe ja niiske mis on t\u00e4iuslik elupaik bakteritele.Jala seeninfektsiooni on v\u00e4ga lihtne ravida ProNails Foot Fungaliga. See v\u00e4ga efektiivne pihusti sisaldab \u00fchest k\u00fcljest klotrimasooli - see koostisosa h\u00e4vitab seeninfektsioonrakke - ja teiselt poolt piroktoon olamiini, mis takistab seeninfektsioonrakkude kasvu ja tapab baktereid.Pihustage toodet kaks korda p\u00e4evas nakatunud piirkonnale ja laske sellel imenduda. Testi tulemused on n\u00e4idanud, et s\u00fcmptomid kaovad 1 n\u00e4dala p\u00e4rast. Seened aga on v\u00e4ga nakkavad ja kui teil on infektsioon, on t\u00f5en\u00e4oline, et nakatute \u00a0uuesti. See pihusti t\u00f6\u00f6tab ennetavalt. Seet\u00f5ttu soovitame toote kasutamist j\u00e4tkata - isegi kui s\u00fcmptomid on kadunud.\" \/>\n<meta property=\"og:url\" content=\"https:\/\/nailspa.ee\/e-pood\/toode\/foot-fungus-protector-100ml-jalaseene-kaitsevahend\/\" \/>\n<meta property=\"og:site_name\" content=\"Nailspa e-pood\" \/>\n<meta property=\"article:modified_time\" content=\"2024-07-01T08:18:20+00:00\" \/>\n<meta property=\"og:image\" content=\"https:\/\/nailspa.ee\/e-pood\/wp-content\/uploads\/2020\/01\/Footcare-post3-scaled.jpg\" \/>\n\t<meta property=\"og:image:width\" content=\"2560\" \/>\n\t<meta property=\"og:image:height\" content=\"2560\" \/>\n\t<meta property=\"og:image:type\" content=\"image\/jpeg\" \/>\n<meta name=\"twitter:card\" content=\"summary_large_image\" \/>\n<meta name=\"twitter:label1\" content=\"Est. reading time\" \/>\n\t<meta name=\"twitter:data1\" content=\"1 minut\" \/>\n<script type=\"application\/ld+json\" class=\"yoast-schema-graph\">{\"@context\":\"https:\/\/schema.org\",\"@graph\":[{\"@type\":\"WebPage\",\"@id\":\"https:\/\/nailspa.ee\/e-pood\/toode\/foot-fungus-protector-100ml-jalaseene-kaitsevahend\/\",\"url\":\"https:\/\/nailspa.ee\/e-pood\/toode\/foot-fungus-protector-100ml-jalaseene-kaitsevahend\/\",\"name\":\"Foot Fungus Protector 100ml - jalaseene kaitsevahend | Nailspa e-pood\",\"isPartOf\":{\"@id\":\"https:\/\/nailspa.ee\/e-pood\/#website\"},\"primaryImageOfPage\":{\"@id\":\"https:\/\/nailspa.ee\/e-pood\/toode\/foot-fungus-protector-100ml-jalaseene-kaitsevahend\/#primaryimage\"},\"image\":{\"@id\":\"https:\/\/nailspa.ee\/e-pood\/toode\/foot-fungus-protector-100ml-jalaseene-kaitsevahend\/#primaryimage\"},\"thumbnailUrl\":\"https:\/\/nailspa.ee\/e-pood\/wp-content\/uploads\/2020\/01\/Footcare-post3-scaled.jpg\",\"datePublished\":\"2020-01-15T19:51:41+00:00\",\"dateModified\":\"2024-07-01T08:18:20+00:00\",\"breadcrumb\":{\"@id\":\"https:\/\/nailspa.ee\/e-pood\/toode\/foot-fungus-protector-100ml-jalaseene-kaitsevahend\/#breadcrumb\"},\"inLanguage\":\"et\",\"potentialAction\":[{\"@type\":\"ReadAction\",\"target\":[\"https:\/\/nailspa.ee\/e-pood\/toode\/foot-fungus-protector-100ml-jalaseene-kaitsevahend\/\"]}]},{\"@type\":\"ImageObject\",\"inLanguage\":\"et\",\"@id\":\"https:\/\/nailspa.ee\/e-pood\/toode\/foot-fungus-protector-100ml-jalaseene-kaitsevahend\/#primaryimage\",\"url\":\"https:\/\/nailspa.ee\/e-pood\/wp-content\/uploads\/2020\/01\/Footcare-post3-scaled.jpg\",\"contentUrl\":\"https:\/\/nailspa.ee\/e-pood\/wp-content\/uploads\/2020\/01\/Footcare-post3-scaled.jpg\",\"width\":2560,\"height\":2560},{\"@type\":\"BreadcrumbList\",\"@id\":\"https:\/\/nailspa.ee\/e-pood\/toode\/foot-fungus-protector-100ml-jalaseene-kaitsevahend\/#breadcrumb\",\"itemListElement\":[{\"@type\":\"ListItem\",\"position\":1,\"name\":\"Home\",\"item\":\"https:\/\/nailspa.ee\/e-pood\/\"},{\"@type\":\"ListItem\",\"position\":2,\"name\":\"Pood\",\"item\":\"https:\/\/nailspa.ee\/e-pood\/pood\/\"},{\"@type\":\"ListItem\",\"position\":3,\"name\":\"Foot Fungus Protector 100ml &#8211; jalaseene kaitsevahend\"}]},{\"@type\":\"WebSite\",\"@id\":\"https:\/\/nailspa.ee\/e-pood\/#website\",\"url\":\"https:\/\/nailspa.ee\/e-pood\/\",\"name\":\"Nailspa e-pood\",\"description\":\"\",\"potentialAction\":[{\"@type\":\"SearchAction\",\"target\":{\"@type\":\"EntryPoint\",\"urlTemplate\":\"https:\/\/nailspa.ee\/e-pood\/?s={search_term_string}\"},\"query-input\":{\"@type\":\"PropertyValueSpecification\",\"valueRequired\":true,\"valueName\":\"search_term_string\"}}],\"inLanguage\":\"et\"}]}<\/script>\n<!-- \/ Yoast SEO plugin. -->","yoast_head_json":{"title":"Foot Fungus Protector 100ml - jalaseene kaitsevahend | Nailspa e-pood","robots":{"index":"index","follow":"follow","max-snippet":"max-snippet:-1","max-image-preview":"max-image-preview:large","max-video-preview":"max-video-preview:-1"},"canonical":"https:\/\/nailspa.ee\/e-pood\/toode\/foot-fungus-protector-100ml-jalaseene-kaitsevahend\/","og_locale":"et_EE","og_type":"article","og_title":"Foot Fungus Protector 100ml - jalaseene kaitsevahend | Nailspa e-pood","og_description":"FOOT FUNGUS PTOTECTOR \u2013 jalaseene kaitsevahend. V\u00e4ga efektiivne ja v\u00f5imas kaitse jalaseene vastu. Tootes sisalduv klotrimasool ja piroktoon olamiin ennetab ja v\u00f5itleb jalaseenega. T\u00e4nu unikaalsele ja kaitsvale kihile saavad aktiivained keskenduda kahjustatud piirkonnale ja h\u00e4vitada t\u00f5husalt jalaseene. T\u00e4nu mugavale otsikule saab toodet kasutada h\u00fcgieeniliselt nakatunud piirkonnas  Kas teil on (niiske) helbeline nahk? Kas teie jalgadel on ebameeldiv l\u00f5hn? V\u00f5i kas teil on s\u00fcgelus, p\u00f5letustunne v\u00f5i punetus? See on t\u00f5en\u00e4oliselt seennakkus. See tekib peamiselt varvaste vahel - seal on soe ja niiske mis on t\u00e4iuslik elupaik bakteritele.Jala seeninfektsiooni on v\u00e4ga lihtne ravida ProNails Foot Fungaliga. See v\u00e4ga efektiivne pihusti sisaldab \u00fchest k\u00fcljest klotrimasooli - see koostisosa h\u00e4vitab seeninfektsioonrakke - ja teiselt poolt piroktoon olamiini, mis takistab seeninfektsioonrakkude kasvu ja tapab baktereid.Pihustage toodet kaks korda p\u00e4evas nakatunud piirkonnale ja laske sellel imenduda. Testi tulemused on n\u00e4idanud, et s\u00fcmptomid kaovad 1 n\u00e4dala p\u00e4rast. Seened aga on v\u00e4ga nakkavad ja kui teil on infektsioon, on t\u00f5en\u00e4oline, et nakatute \u00a0uuesti. See pihusti t\u00f6\u00f6tab ennetavalt. Seet\u00f5ttu soovitame toote kasutamist j\u00e4tkata - isegi kui s\u00fcmptomid on kadunud.","og_url":"https:\/\/nailspa.ee\/e-pood\/toode\/foot-fungus-protector-100ml-jalaseene-kaitsevahend\/","og_site_name":"Nailspa e-pood","article_modified_time":"2024-07-01T08:18:20+00:00","og_image":[{"width":2560,"height":2560,"url":"https:\/\/nailspa.ee\/e-pood\/wp-content\/uploads\/2020\/01\/Footcare-post3-scaled.jpg","type":"image\/jpeg"}],"twitter_card":"summary_large_image","twitter_misc":{"Est. reading time":"1 minut"},"schema":{"@context":"https:\/\/schema.org","@graph":[{"@type":"WebPage","@id":"https:\/\/nailspa.ee\/e-pood\/toode\/foot-fungus-protector-100ml-jalaseene-kaitsevahend\/","url":"https:\/\/nailspa.ee\/e-pood\/toode\/foot-fungus-protector-100ml-jalaseene-kaitsevahend\/","name":"Foot Fungus Protector 100ml - jalaseene kaitsevahend | Nailspa e-pood","isPartOf":{"@id":"https:\/\/nailspa.ee\/e-pood\/#website"},"primaryImageOfPage":{"@id":"https:\/\/nailspa.ee\/e-pood\/toode\/foot-fungus-protector-100ml-jalaseene-kaitsevahend\/#primaryimage"},"image":{"@id":"https:\/\/nailspa.ee\/e-pood\/toode\/foot-fungus-protector-100ml-jalaseene-kaitsevahend\/#primaryimage"},"thumbnailUrl":"https:\/\/nailspa.ee\/e-pood\/wp-content\/uploads\/2020\/01\/Footcare-post3-scaled.jpg","datePublished":"2020-01-15T19:51:41+00:00","dateModified":"2024-07-01T08:18:20+00:00","breadcrumb":{"@id":"https:\/\/nailspa.ee\/e-pood\/toode\/foot-fungus-protector-100ml-jalaseene-kaitsevahend\/#breadcrumb"},"inLanguage":"et","potentialAction":[{"@type":"ReadAction","target":["https:\/\/nailspa.ee\/e-pood\/toode\/foot-fungus-protector-100ml-jalaseene-kaitsevahend\/"]}]},{"@type":"ImageObject","inLanguage":"et","@id":"https:\/\/nailspa.ee\/e-pood\/toode\/foot-fungus-protector-100ml-jalaseene-kaitsevahend\/#primaryimage","url":"https:\/\/nailspa.ee\/e-pood\/wp-content\/uploads\/2020\/01\/Footcare-post3-scaled.jpg","contentUrl":"https:\/\/nailspa.ee\/e-pood\/wp-content\/uploads\/2020\/01\/Footcare-post3-scaled.jpg","width":2560,"height":2560},{"@type":"BreadcrumbList","@id":"https:\/\/nailspa.ee\/e-pood\/toode\/foot-fungus-protector-100ml-jalaseene-kaitsevahend\/#breadcrumb","itemListElement":[{"@type":"ListItem","position":1,"name":"Home","item":"https:\/\/nailspa.ee\/e-pood\/"},{"@type":"ListItem","position":2,"name":"Pood","item":"https:\/\/nailspa.ee\/e-pood\/pood\/"},{"@type":"ListItem","position":3,"name":"Foot Fungus Protector 100ml &#8211; jalaseene kaitsevahend"}]},{"@type":"WebSite","@id":"https:\/\/nailspa.ee\/e-pood\/#website","url":"https:\/\/nailspa.ee\/e-pood\/","name":"Nailspa e-pood","description":"","potentialAction":[{"@type":"SearchAction","target":{"@type":"EntryPoint","urlTemplate":"https:\/\/nailspa.ee\/e-pood\/?s={search_term_string}"},"query-input":{"@type":"PropertyValueSpecification","valueRequired":true,"valueName":"search_term_string"}}],"inLanguage":"et"}]}},"_links":{"self":[{"href":"https:\/\/nailspa.ee\/e-pood\/wp-json\/wp\/v2\/product\/2807","targetHints":{"allow":["GET"]}}],"collection":[{"href":"https:\/\/nailspa.ee\/e-pood\/wp-json\/wp\/v2\/product"}],"about":[{"href":"https:\/\/nailspa.ee\/e-pood\/wp-json\/wp\/v2\/types\/product"}],"wp:featuredmedia":[{"embeddable":true,"href":"https:\/\/nailspa.ee\/e-pood\/wp-json\/wp\/v2\/media\/2998"}],"wp:attachment":[{"href":"https:\/\/nailspa.ee\/e-pood\/wp-json\/wp\/v2\/media?parent=2807"}],"wp:term":[{"taxonomy":"product_brand","embeddable":true,"href":"https:\/\/nailspa.ee\/e-pood\/wp-json\/wp\/v2\/product_brand?post=2807"},{"taxonomy":"product_cat","embeddable":true,"href":"https:\/\/nailspa.ee\/e-pood\/wp-json\/wp\/v2\/product_cat?post=2807"},{"taxonomy":"product_tag","embeddable":true,"href":"https:\/\/nailspa.ee\/e-pood\/wp-json\/wp\/v2\/product_tag?post=2807"}],"curies":[{"name":"wp","href":"https:\/\/api.w.org\/{rel}","templated":true}]}}