{"id":2720,"date":"2020-01-15T21:51:36","date_gmt":"2020-01-15T19:51:36","guid":{"rendered":"https:\/\/nailspa.ee\/e-pood\/toode\/banana-100-100-geeliviil\/"},"modified":"2023-07-01T15:22:29","modified_gmt":"2023-07-01T12:22:29","slug":"banana-100-100-geeliviil","status":"publish","type":"product","link":"https:\/\/nailspa.ee\/e-pood\/toode\/banana-100-100-geeliviil\/","title":{"rendered":"Banana 100\/100 &#8211; geeliviil"},"content":{"rendered":"","protected":false},"excerpt":{"rendered":"<ul>\n<li>Kiireks geeli eemalduseks ja kuju andmiseks<\/li>\n<li>Karedusega 100\/100<\/li>\n<li>Banana aka Bumerang viilikuju on geelk\u00fc\u00fcne modelleerimiseks, kahjustamata k\u00fc\u00fcnenaha piirkonda<\/li>\n<\/ul>\n","protected":false},"featured_media":3205,"template":"","meta":[],"product_brand":[],"product_cat":[84,88],"product_tag":[],"class_list":{"0":"post-2720","1":"product","2":"type-product","3":"status-publish","4":"has-post-thumbnail","6":"product_cat-kuuntehooldus","7":"product_cat-viilid-ja-poleerid","9":"first","10":"instock","11":"taxable","12":"shipping-taxable","13":"purchasable","14":"product-type-simple"},"yoast_head":"<!-- This site is optimized with the Yoast SEO plugin v26.4 - https:\/\/yoast.com\/wordpress\/plugins\/seo\/ -->\n<title>Banana 100\/100 - geeliviil | Nailspa e-pood<\/title>\n<meta name=\"robots\" content=\"index, follow, max-snippet:-1, max-image-preview:large, max-video-preview:-1\" \/>\n<link rel=\"canonical\" href=\"https:\/\/nailspa.ee\/e-pood\/toode\/banana-100-100-geeliviil\/\" \/>\n<meta property=\"og:locale\" content=\"et_EE\" \/>\n<meta property=\"og:type\" content=\"article\" \/>\n<meta property=\"og:title\" content=\"Banana 100\/100 - geeliviil | Nailspa e-pood\" \/>\n<meta property=\"og:description\" content=\"Kiireks geeli eemalduseks ja kuju andmiseks  Karedusega 100\/100  Banana aka Bumerang viilikuju on geelk\u00fc\u00fcne modelleerimiseks, kahjustamata k\u00fc\u00fcnenaha piirkonda\" \/>\n<meta property=\"og:url\" content=\"https:\/\/nailspa.ee\/e-pood\/toode\/banana-100-100-geeliviil\/\" \/>\n<meta property=\"og:site_name\" content=\"Nailspa e-pood\" \/>\n<meta property=\"article:modified_time\" content=\"2023-07-01T12:22:29+00:00\" \/>\n<meta property=\"og:image\" content=\"https:\/\/nailspa.ee\/e-pood\/wp-content\/uploads\/2020\/01\/Banana.jpg\" \/>\n\t<meta property=\"og:image:width\" content=\"1181\" \/>\n\t<meta property=\"og:image:height\" content=\"1181\" \/>\n\t<meta property=\"og:image:type\" content=\"image\/jpeg\" \/>\n<meta name=\"twitter:card\" content=\"summary_large_image\" \/>\n<script type=\"application\/ld+json\" class=\"yoast-schema-graph\">{\"@context\":\"https:\/\/schema.org\",\"@graph\":[{\"@type\":\"WebPage\",\"@id\":\"https:\/\/nailspa.ee\/e-pood\/toode\/banana-100-100-geeliviil\/\",\"url\":\"https:\/\/nailspa.ee\/e-pood\/toode\/banana-100-100-geeliviil\/\",\"name\":\"Banana 100\/100 - geeliviil | Nailspa e-pood\",\"isPartOf\":{\"@id\":\"https:\/\/nailspa.ee\/e-pood\/#website\"},\"primaryImageOfPage\":{\"@id\":\"https:\/\/nailspa.ee\/e-pood\/toode\/banana-100-100-geeliviil\/#primaryimage\"},\"image\":{\"@id\":\"https:\/\/nailspa.ee\/e-pood\/toode\/banana-100-100-geeliviil\/#primaryimage\"},\"thumbnailUrl\":\"https:\/\/nailspa.ee\/e-pood\/wp-content\/uploads\/2020\/01\/Banana.jpg\",\"datePublished\":\"2020-01-15T19:51:36+00:00\",\"dateModified\":\"2023-07-01T12:22:29+00:00\",\"breadcrumb\":{\"@id\":\"https:\/\/nailspa.ee\/e-pood\/toode\/banana-100-100-geeliviil\/#breadcrumb\"},\"inLanguage\":\"et\",\"potentialAction\":[{\"@type\":\"ReadAction\",\"target\":[\"https:\/\/nailspa.ee\/e-pood\/toode\/banana-100-100-geeliviil\/\"]}]},{\"@type\":\"ImageObject\",\"inLanguage\":\"et\",\"@id\":\"https:\/\/nailspa.ee\/e-pood\/toode\/banana-100-100-geeliviil\/#primaryimage\",\"url\":\"https:\/\/nailspa.ee\/e-pood\/wp-content\/uploads\/2020\/01\/Banana.jpg\",\"contentUrl\":\"https:\/\/nailspa.ee\/e-pood\/wp-content\/uploads\/2020\/01\/Banana.jpg\",\"width\":1181,\"height\":1181},{\"@type\":\"BreadcrumbList\",\"@id\":\"https:\/\/nailspa.ee\/e-pood\/toode\/banana-100-100-geeliviil\/#breadcrumb\",\"itemListElement\":[{\"@type\":\"ListItem\",\"position\":1,\"name\":\"Home\",\"item\":\"https:\/\/nailspa.ee\/e-pood\/\"},{\"@type\":\"ListItem\",\"position\":2,\"name\":\"Pood\",\"item\":\"https:\/\/nailspa.ee\/e-pood\/pood\/\"},{\"@type\":\"ListItem\",\"position\":3,\"name\":\"Banana 100\/100 &#8211; geeliviil\"}]},{\"@type\":\"WebSite\",\"@id\":\"https:\/\/nailspa.ee\/e-pood\/#website\",\"url\":\"https:\/\/nailspa.ee\/e-pood\/\",\"name\":\"Nailspa e-pood\",\"description\":\"\",\"potentialAction\":[{\"@type\":\"SearchAction\",\"target\":{\"@type\":\"EntryPoint\",\"urlTemplate\":\"https:\/\/nailspa.ee\/e-pood\/?s={search_term_string}\"},\"query-input\":{\"@type\":\"PropertyValueSpecification\",\"valueRequired\":true,\"valueName\":\"search_term_string\"}}],\"inLanguage\":\"et\"}]}<\/script>\n<!-- \/ Yoast SEO plugin. -->","yoast_head_json":{"title":"Banana 100\/100 - geeliviil | Nailspa e-pood","robots":{"index":"index","follow":"follow","max-snippet":"max-snippet:-1","max-image-preview":"max-image-preview:large","max-video-preview":"max-video-preview:-1"},"canonical":"https:\/\/nailspa.ee\/e-pood\/toode\/banana-100-100-geeliviil\/","og_locale":"et_EE","og_type":"article","og_title":"Banana 100\/100 - geeliviil | Nailspa e-pood","og_description":"Kiireks geeli eemalduseks ja kuju andmiseks  Karedusega 100\/100  Banana aka Bumerang viilikuju on geelk\u00fc\u00fcne modelleerimiseks, kahjustamata k\u00fc\u00fcnenaha piirkonda","og_url":"https:\/\/nailspa.ee\/e-pood\/toode\/banana-100-100-geeliviil\/","og_site_name":"Nailspa e-pood","article_modified_time":"2023-07-01T12:22:29+00:00","og_image":[{"width":1181,"height":1181,"url":"https:\/\/nailspa.ee\/e-pood\/wp-content\/uploads\/2020\/01\/Banana.jpg","type":"image\/jpeg"}],"twitter_card":"summary_large_image","schema":{"@context":"https:\/\/schema.org","@graph":[{"@type":"WebPage","@id":"https:\/\/nailspa.ee\/e-pood\/toode\/banana-100-100-geeliviil\/","url":"https:\/\/nailspa.ee\/e-pood\/toode\/banana-100-100-geeliviil\/","name":"Banana 100\/100 - geeliviil | Nailspa e-pood","isPartOf":{"@id":"https:\/\/nailspa.ee\/e-pood\/#website"},"primaryImageOfPage":{"@id":"https:\/\/nailspa.ee\/e-pood\/toode\/banana-100-100-geeliviil\/#primaryimage"},"image":{"@id":"https:\/\/nailspa.ee\/e-pood\/toode\/banana-100-100-geeliviil\/#primaryimage"},"thumbnailUrl":"https:\/\/nailspa.ee\/e-pood\/wp-content\/uploads\/2020\/01\/Banana.jpg","datePublished":"2020-01-15T19:51:36+00:00","dateModified":"2023-07-01T12:22:29+00:00","breadcrumb":{"@id":"https:\/\/nailspa.ee\/e-pood\/toode\/banana-100-100-geeliviil\/#breadcrumb"},"inLanguage":"et","potentialAction":[{"@type":"ReadAction","target":["https:\/\/nailspa.ee\/e-pood\/toode\/banana-100-100-geeliviil\/"]}]},{"@type":"ImageObject","inLanguage":"et","@id":"https:\/\/nailspa.ee\/e-pood\/toode\/banana-100-100-geeliviil\/#primaryimage","url":"https:\/\/nailspa.ee\/e-pood\/wp-content\/uploads\/2020\/01\/Banana.jpg","contentUrl":"https:\/\/nailspa.ee\/e-pood\/wp-content\/uploads\/2020\/01\/Banana.jpg","width":1181,"height":1181},{"@type":"BreadcrumbList","@id":"https:\/\/nailspa.ee\/e-pood\/toode\/banana-100-100-geeliviil\/#breadcrumb","itemListElement":[{"@type":"ListItem","position":1,"name":"Home","item":"https:\/\/nailspa.ee\/e-pood\/"},{"@type":"ListItem","position":2,"name":"Pood","item":"https:\/\/nailspa.ee\/e-pood\/pood\/"},{"@type":"ListItem","position":3,"name":"Banana 100\/100 &#8211; geeliviil"}]},{"@type":"WebSite","@id":"https:\/\/nailspa.ee\/e-pood\/#website","url":"https:\/\/nailspa.ee\/e-pood\/","name":"Nailspa e-pood","description":"","potentialAction":[{"@type":"SearchAction","target":{"@type":"EntryPoint","urlTemplate":"https:\/\/nailspa.ee\/e-pood\/?s={search_term_string}"},"query-input":{"@type":"PropertyValueSpecification","valueRequired":true,"valueName":"search_term_string"}}],"inLanguage":"et"}]}},"_links":{"self":[{"href":"https:\/\/nailspa.ee\/e-pood\/wp-json\/wp\/v2\/product\/2720","targetHints":{"allow":["GET"]}}],"collection":[{"href":"https:\/\/nailspa.ee\/e-pood\/wp-json\/wp\/v2\/product"}],"about":[{"href":"https:\/\/nailspa.ee\/e-pood\/wp-json\/wp\/v2\/types\/product"}],"wp:featuredmedia":[{"embeddable":true,"href":"https:\/\/nailspa.ee\/e-pood\/wp-json\/wp\/v2\/media\/3205"}],"wp:attachment":[{"href":"https:\/\/nailspa.ee\/e-pood\/wp-json\/wp\/v2\/media?parent=2720"}],"wp:term":[{"taxonomy":"product_brand","embeddable":true,"href":"https:\/\/nailspa.ee\/e-pood\/wp-json\/wp\/v2\/product_brand?post=2720"},{"taxonomy":"product_cat","embeddable":true,"href":"https:\/\/nailspa.ee\/e-pood\/wp-json\/wp\/v2\/product_cat?post=2720"},{"taxonomy":"product_tag","embeddable":true,"href":"https:\/\/nailspa.ee\/e-pood\/wp-json\/wp\/v2\/product_tag?post=2720"}],"curies":[{"name":"wp","href":"https:\/\/api.w.org\/{rel}","templated":true}]}}