{"id":2719,"date":"2020-01-15T21:51:36","date_gmt":"2020-01-15T19:51:36","guid":{"rendered":"https:\/\/nailspa.ee\/e-pood\/toode\/half-moon-80-80-geeli-ja-akruuliviil\/"},"modified":"2023-07-01T15:23:36","modified_gmt":"2023-07-01T12:23:36","slug":"half-moon-80-80-geeli-ja-akruuliviil","status":"publish","type":"product","link":"https:\/\/nailspa.ee\/e-pood\/toode\/half-moon-80-80-geeli-ja-akruuliviil\/","title":{"rendered":"Half Moon 80\/80 &#8211; geeli- ja akr\u00fc\u00fcliviil"},"content":{"rendered":"","protected":false},"excerpt":{"rendered":"<ul>\n<li>Viil akr\u00fc\u00fclk\u00fc\u00fcntele<\/li>\n<li>Karedusega 80\/80<\/li>\n<li>Poolkuu kuju on kombinatsioon sirgest ja bumerang\/banana k\u00fc\u00fcneviili kujust.<br \/>\nSirge pool: k\u00fc\u00fcne vaba\u00e4\u00e4re viilimiseks.<br \/>\n\u00dcmar pool: geelk\u00fc\u00fcne modelleerimiseks\/ kuju andmiseks.<\/li>\n<\/ul>\n","protected":false},"featured_media":3206,"template":"","meta":[],"product_brand":[],"product_cat":[84,88],"product_tag":[],"class_list":{"0":"post-2719","1":"product","2":"type-product","3":"status-publish","4":"has-post-thumbnail","6":"product_cat-kuuntehooldus","7":"product_cat-viilid-ja-poleerid","9":"first","10":"instock","11":"taxable","12":"shipping-taxable","13":"purchasable","14":"product-type-simple"},"yoast_head":"<!-- This site is optimized with the Yoast SEO plugin v26.4 - https:\/\/yoast.com\/wordpress\/plugins\/seo\/ -->\n<title>Half Moon 80\/80 - geeli- ja akr\u00fc\u00fcliviil | Nailspa e-pood<\/title>\n<meta name=\"robots\" content=\"index, follow, max-snippet:-1, max-image-preview:large, max-video-preview:-1\" \/>\n<link rel=\"canonical\" href=\"http:\/\/nailspa.ee\/e-pood\/toode\/half-moon-80-80-geeli-ja-akruuliviil\/\" \/>\n<meta property=\"og:locale\" content=\"et_EE\" \/>\n<meta property=\"og:type\" content=\"article\" \/>\n<meta property=\"og:title\" content=\"Half Moon 80\/80 - geeli- ja akr\u00fc\u00fcliviil | Nailspa e-pood\" \/>\n<meta property=\"og:description\" content=\"Viil akr\u00fc\u00fclk\u00fc\u00fcntele  Karedusega 80\/80  Poolkuu kuju on kombinatsioon sirgest ja bumerang\/banana k\u00fc\u00fcneviili kujust. Sirge pool: k\u00fc\u00fcne vaba\u00e4\u00e4re viilimiseks. \u00dcmar pool: geelk\u00fc\u00fcne modelleerimiseks\/ kuju andmiseks.\" \/>\n<meta property=\"og:url\" content=\"http:\/\/nailspa.ee\/e-pood\/toode\/half-moon-80-80-geeli-ja-akruuliviil\/\" \/>\n<meta property=\"og:site_name\" content=\"Nailspa e-pood\" \/>\n<meta property=\"article:modified_time\" content=\"2023-07-01T12:23:36+00:00\" \/>\n<meta property=\"og:image\" content=\"http:\/\/nailspa.ee\/e-pood\/wp-content\/uploads\/2020\/01\/Half_moon.jpg\" \/>\n\t<meta property=\"og:image:width\" content=\"1181\" \/>\n\t<meta property=\"og:image:height\" content=\"1181\" \/>\n\t<meta property=\"og:image:type\" content=\"image\/jpeg\" \/>\n<meta name=\"twitter:card\" content=\"summary_large_image\" \/>\n<script type=\"application\/ld+json\" class=\"yoast-schema-graph\">{\"@context\":\"https:\/\/schema.org\",\"@graph\":[{\"@type\":\"WebPage\",\"@id\":\"http:\/\/nailspa.ee\/e-pood\/toode\/half-moon-80-80-geeli-ja-akruuliviil\/\",\"url\":\"http:\/\/nailspa.ee\/e-pood\/toode\/half-moon-80-80-geeli-ja-akruuliviil\/\",\"name\":\"Half Moon 80\/80 - geeli- ja akr\u00fc\u00fcliviil | Nailspa e-pood\",\"isPartOf\":{\"@id\":\"http:\/\/nailspa.ee\/e-pood\/#website\"},\"primaryImageOfPage\":{\"@id\":\"http:\/\/nailspa.ee\/e-pood\/toode\/half-moon-80-80-geeli-ja-akruuliviil\/#primaryimage\"},\"image\":{\"@id\":\"http:\/\/nailspa.ee\/e-pood\/toode\/half-moon-80-80-geeli-ja-akruuliviil\/#primaryimage\"},\"thumbnailUrl\":\"https:\/\/nailspa.ee\/e-pood\/wp-content\/uploads\/2020\/01\/Half_moon.jpg\",\"datePublished\":\"2020-01-15T19:51:36+00:00\",\"dateModified\":\"2023-07-01T12:23:36+00:00\",\"breadcrumb\":{\"@id\":\"http:\/\/nailspa.ee\/e-pood\/toode\/half-moon-80-80-geeli-ja-akruuliviil\/#breadcrumb\"},\"inLanguage\":\"et\",\"potentialAction\":[{\"@type\":\"ReadAction\",\"target\":[\"http:\/\/nailspa.ee\/e-pood\/toode\/half-moon-80-80-geeli-ja-akruuliviil\/\"]}]},{\"@type\":\"ImageObject\",\"inLanguage\":\"et\",\"@id\":\"http:\/\/nailspa.ee\/e-pood\/toode\/half-moon-80-80-geeli-ja-akruuliviil\/#primaryimage\",\"url\":\"https:\/\/nailspa.ee\/e-pood\/wp-content\/uploads\/2020\/01\/Half_moon.jpg\",\"contentUrl\":\"https:\/\/nailspa.ee\/e-pood\/wp-content\/uploads\/2020\/01\/Half_moon.jpg\",\"width\":1181,\"height\":1181},{\"@type\":\"BreadcrumbList\",\"@id\":\"http:\/\/nailspa.ee\/e-pood\/toode\/half-moon-80-80-geeli-ja-akruuliviil\/#breadcrumb\",\"itemListElement\":[{\"@type\":\"ListItem\",\"position\":1,\"name\":\"Home\",\"item\":\"http:\/\/nailspa.ee\/e-pood\/\"},{\"@type\":\"ListItem\",\"position\":2,\"name\":\"Pood\",\"item\":\"http:\/\/nailspa.ee\/e-pood\/pood\/\"},{\"@type\":\"ListItem\",\"position\":3,\"name\":\"Half Moon 80\/80 &#8211; geeli- ja akr\u00fc\u00fcliviil\"}]},{\"@type\":\"WebSite\",\"@id\":\"http:\/\/nailspa.ee\/e-pood\/#website\",\"url\":\"http:\/\/nailspa.ee\/e-pood\/\",\"name\":\"Nailspa e-pood\",\"description\":\"\",\"potentialAction\":[{\"@type\":\"SearchAction\",\"target\":{\"@type\":\"EntryPoint\",\"urlTemplate\":\"http:\/\/nailspa.ee\/e-pood\/?s={search_term_string}\"},\"query-input\":{\"@type\":\"PropertyValueSpecification\",\"valueRequired\":true,\"valueName\":\"search_term_string\"}}],\"inLanguage\":\"et\"}]}<\/script>\n<!-- \/ Yoast SEO plugin. -->","yoast_head_json":{"title":"Half Moon 80\/80 - geeli- ja akr\u00fc\u00fcliviil | Nailspa e-pood","robots":{"index":"index","follow":"follow","max-snippet":"max-snippet:-1","max-image-preview":"max-image-preview:large","max-video-preview":"max-video-preview:-1"},"canonical":"http:\/\/nailspa.ee\/e-pood\/toode\/half-moon-80-80-geeli-ja-akruuliviil\/","og_locale":"et_EE","og_type":"article","og_title":"Half Moon 80\/80 - geeli- ja akr\u00fc\u00fcliviil | Nailspa e-pood","og_description":"Viil akr\u00fc\u00fclk\u00fc\u00fcntele  Karedusega 80\/80  Poolkuu kuju on kombinatsioon sirgest ja bumerang\/banana k\u00fc\u00fcneviili kujust. Sirge pool: k\u00fc\u00fcne vaba\u00e4\u00e4re viilimiseks. \u00dcmar pool: geelk\u00fc\u00fcne modelleerimiseks\/ kuju andmiseks.","og_url":"http:\/\/nailspa.ee\/e-pood\/toode\/half-moon-80-80-geeli-ja-akruuliviil\/","og_site_name":"Nailspa e-pood","article_modified_time":"2023-07-01T12:23:36+00:00","og_image":[{"width":1181,"height":1181,"url":"http:\/\/nailspa.ee\/e-pood\/wp-content\/uploads\/2020\/01\/Half_moon.jpg","type":"image\/jpeg"}],"twitter_card":"summary_large_image","schema":{"@context":"https:\/\/schema.org","@graph":[{"@type":"WebPage","@id":"http:\/\/nailspa.ee\/e-pood\/toode\/half-moon-80-80-geeli-ja-akruuliviil\/","url":"http:\/\/nailspa.ee\/e-pood\/toode\/half-moon-80-80-geeli-ja-akruuliviil\/","name":"Half Moon 80\/80 - geeli- ja akr\u00fc\u00fcliviil | Nailspa e-pood","isPartOf":{"@id":"http:\/\/nailspa.ee\/e-pood\/#website"},"primaryImageOfPage":{"@id":"http:\/\/nailspa.ee\/e-pood\/toode\/half-moon-80-80-geeli-ja-akruuliviil\/#primaryimage"},"image":{"@id":"http:\/\/nailspa.ee\/e-pood\/toode\/half-moon-80-80-geeli-ja-akruuliviil\/#primaryimage"},"thumbnailUrl":"https:\/\/nailspa.ee\/e-pood\/wp-content\/uploads\/2020\/01\/Half_moon.jpg","datePublished":"2020-01-15T19:51:36+00:00","dateModified":"2023-07-01T12:23:36+00:00","breadcrumb":{"@id":"http:\/\/nailspa.ee\/e-pood\/toode\/half-moon-80-80-geeli-ja-akruuliviil\/#breadcrumb"},"inLanguage":"et","potentialAction":[{"@type":"ReadAction","target":["http:\/\/nailspa.ee\/e-pood\/toode\/half-moon-80-80-geeli-ja-akruuliviil\/"]}]},{"@type":"ImageObject","inLanguage":"et","@id":"http:\/\/nailspa.ee\/e-pood\/toode\/half-moon-80-80-geeli-ja-akruuliviil\/#primaryimage","url":"https:\/\/nailspa.ee\/e-pood\/wp-content\/uploads\/2020\/01\/Half_moon.jpg","contentUrl":"https:\/\/nailspa.ee\/e-pood\/wp-content\/uploads\/2020\/01\/Half_moon.jpg","width":1181,"height":1181},{"@type":"BreadcrumbList","@id":"http:\/\/nailspa.ee\/e-pood\/toode\/half-moon-80-80-geeli-ja-akruuliviil\/#breadcrumb","itemListElement":[{"@type":"ListItem","position":1,"name":"Home","item":"http:\/\/nailspa.ee\/e-pood\/"},{"@type":"ListItem","position":2,"name":"Pood","item":"http:\/\/nailspa.ee\/e-pood\/pood\/"},{"@type":"ListItem","position":3,"name":"Half Moon 80\/80 &#8211; geeli- ja akr\u00fc\u00fcliviil"}]},{"@type":"WebSite","@id":"http:\/\/nailspa.ee\/e-pood\/#website","url":"http:\/\/nailspa.ee\/e-pood\/","name":"Nailspa e-pood","description":"","potentialAction":[{"@type":"SearchAction","target":{"@type":"EntryPoint","urlTemplate":"http:\/\/nailspa.ee\/e-pood\/?s={search_term_string}"},"query-input":{"@type":"PropertyValueSpecification","valueRequired":true,"valueName":"search_term_string"}}],"inLanguage":"et"}]}},"_links":{"self":[{"href":"https:\/\/nailspa.ee\/e-pood\/wp-json\/wp\/v2\/product\/2719","targetHints":{"allow":["GET"]}}],"collection":[{"href":"https:\/\/nailspa.ee\/e-pood\/wp-json\/wp\/v2\/product"}],"about":[{"href":"https:\/\/nailspa.ee\/e-pood\/wp-json\/wp\/v2\/types\/product"}],"wp:featuredmedia":[{"embeddable":true,"href":"https:\/\/nailspa.ee\/e-pood\/wp-json\/wp\/v2\/media\/3206"}],"wp:attachment":[{"href":"https:\/\/nailspa.ee\/e-pood\/wp-json\/wp\/v2\/media?parent=2719"}],"wp:term":[{"taxonomy":"product_brand","embeddable":true,"href":"https:\/\/nailspa.ee\/e-pood\/wp-json\/wp\/v2\/product_brand?post=2719"},{"taxonomy":"product_cat","embeddable":true,"href":"https:\/\/nailspa.ee\/e-pood\/wp-json\/wp\/v2\/product_cat?post=2719"},{"taxonomy":"product_tag","embeddable":true,"href":"https:\/\/nailspa.ee\/e-pood\/wp-json\/wp\/v2\/product_tag?post=2719"}],"curies":[{"name":"wp","href":"https:\/\/api.w.org\/{rel}","templated":true}]}}