{"id":2707,"date":"2020-01-15T21:51:35","date_gmt":"2020-01-15T19:51:35","guid":{"rendered":"https:\/\/nailspa.ee\/e-pood\/toode\/nail-serum-kuuneseerum-10ml\/"},"modified":"2026-03-11T12:21:09","modified_gmt":"2026-03-11T10:21:09","slug":"nail-serum-kuuneseerum-10ml","status":"publish","type":"product","link":"https:\/\/nailspa.ee\/e-pood\/toode\/nail-serum-kuuneseerum-10ml\/","title":{"rendered":"Nail Serum &#8211; k\u00fc\u00fcneseerum 10ml"},"content":{"rendered":"","protected":false},"excerpt":{"rendered":"<ul>\n<li>Toitev: pantenool on suurep\u00e4rane niisutav koostisosa. Seerum imendub h\u00e4sti l\u00e4bi k\u00fc\u00fcneplaadi ja niisutab s\u00fcgavuti kuiva ja habrast k\u00fc\u00fcnt. Alantoiin aitab lukustada niiskust. Toote koostises on looduslikud pol\u00fcsahhariidid, mis niisutavad k\u00fc\u00fcneplaati ja annavad naturaalsele k\u00fc\u00fcnele loomuliku l\u00e4ike.<\/li>\n<li>Kiirendab k\u00fc\u00fcnte kasvu: Seerum sisaldab biotiini, vitamiini B12 ja mineraale , mis stimuleerivad k\u00fc\u00fcnerakkude uuenemist seega selle tulemusel kasvavad naturaalsed k\u00fc\u00fcned kiiremini.<\/li>\n<li>Tugevdab: Toode sisaldab keratiini, mis tugevdab k\u00fc\u00fcsi ja on k\u00fc\u00fcneplaadi kasvu juures oluline komponent. Sinine agaav (taime kasutatakse tekiila valmistamisel) annab naturaalsele k\u00fc\u00fcnele tugevuse, vastupidavuse ja elastsuse<\/li>\n<li>ProNails k\u00fc\u00fcneseerum on #1 toode naturaalk\u00fc\u00fcne hoolduses, mida saab kombineerida k\u00fc\u00fcnelakkidega ja ProNails LongWear lakkidega. Seerum on s\u00fcgavniisutava ja raviva toimega ja juba 3-4 n\u00e4dala p\u00e4rast on sinu k\u00fc\u00fcned oluliselt tugevamad ja tervemad.<br \/>\nEsimesed silmaga n\u00e4htavad tulemused on n\u00e4ha juba 1. n\u00e4dala p\u00e4rast. K\u00fc\u00fcned on s\u00fcgavuti niisutatud, tervemad ja tugevamad. Suurep\u00e4rase tulemuse tagab seerumi 2 korda p\u00e4evas kasutamine! (hommikul ja \u00f5htul<\/li>\n<li>Kuidas kasutada<br \/>\nKanna toode pintsliga k\u00fc\u00fcnele ja h\u00f5\u00f5ru seerum k\u00fc\u00fcneplaadi sisse. Lase seerumil kuivada. ProNails k\u00fc\u00fcneseerumit v\u00f5ib kasutada enne k\u00fc\u00fcnte lakkimist v\u00f5i t\u00e4iesti eraldi hoolitsusena. Seerum j\u00e4tab k\u00fc\u00fcned kergelt l\u00e4ikivaks<\/li>\n<\/ul>\n","protected":false},"featured_media":2972,"template":"","meta":[],"product_brand":[],"product_cat":[84],"product_tag":[],"class_list":{"0":"post-2707","1":"product","2":"type-product","3":"status-publish","4":"has-post-thumbnail","6":"product_cat-kuuntehooldus","8":"first","9":"instock","10":"taxable","11":"shipping-taxable","12":"product-type-simple"},"yoast_head":"<!-- This site is optimized with the Yoast SEO plugin v26.4 - https:\/\/yoast.com\/wordpress\/plugins\/seo\/ -->\n<title>Nail Serum - k\u00fc\u00fcneseerum 10ml | Nailspa e-pood<\/title>\n<meta name=\"robots\" content=\"index, follow, max-snippet:-1, max-image-preview:large, max-video-preview:-1\" \/>\n<link rel=\"canonical\" href=\"https:\/\/nailspa.ee\/e-pood\/toode\/nail-serum-kuuneseerum-10ml\/\" \/>\n<meta property=\"og:locale\" content=\"et_EE\" \/>\n<meta property=\"og:type\" content=\"article\" \/>\n<meta property=\"og:title\" content=\"Nail Serum - k\u00fc\u00fcneseerum 10ml | Nailspa e-pood\" \/>\n<meta property=\"og:description\" content=\"Toitev: pantenool on suurep\u00e4rane niisutav koostisosa. Seerum imendub h\u00e4sti l\u00e4bi k\u00fc\u00fcneplaadi ja niisutab s\u00fcgavuti kuiva ja habrast k\u00fc\u00fcnt. Alantoiin aitab lukustada niiskust. Toote koostises on looduslikud pol\u00fcsahhariidid, mis niisutavad k\u00fc\u00fcneplaati ja annavad naturaalsele k\u00fc\u00fcnele loomuliku l\u00e4ike.  Kiirendab k\u00fc\u00fcnte kasvu: Seerum sisaldab biotiini, vitamiini B12 ja mineraale , mis stimuleerivad k\u00fc\u00fcnerakkude uuenemist seega selle tulemusel kasvavad naturaalsed k\u00fc\u00fcned kiiremini.  Tugevdab: Toode sisaldab keratiini, mis tugevdab k\u00fc\u00fcsi ja on k\u00fc\u00fcneplaadi kasvu juures oluline komponent. Sinine agaav (taime kasutatakse tekiila valmistamisel) annab naturaalsele k\u00fc\u00fcnele tugevuse, vastupidavuse ja elastsuse  ProNails k\u00fc\u00fcneseerum on #1 toode naturaalk\u00fc\u00fcne hoolduses, mida saab kombineerida k\u00fc\u00fcnelakkidega ja ProNails LongWear lakkidega. Seerum on s\u00fcgavniisutava ja raviva toimega ja juba 3-4 n\u00e4dala p\u00e4rast on sinu k\u00fc\u00fcned oluliselt tugevamad ja tervemad. Esimesed silmaga n\u00e4htavad tulemused on n\u00e4ha juba 1. n\u00e4dala p\u00e4rast. K\u00fc\u00fcned on s\u00fcgavuti niisutatud, tervemad ja tugevamad. Suurep\u00e4rase tulemuse tagab seerumi 2 korda p\u00e4evas kasutamine! (hommikul ja \u00f5htul  Kuidas kasutada Kanna toode pintsliga k\u00fc\u00fcnele ja h\u00f5\u00f5ru seerum k\u00fc\u00fcneplaadi sisse. Lase seerumil kuivada. ProNails k\u00fc\u00fcneseerumit v\u00f5ib kasutada enne k\u00fc\u00fcnte lakkimist v\u00f5i t\u00e4iesti eraldi hoolitsusena. Seerum j\u00e4tab k\u00fc\u00fcned kergelt l\u00e4ikivaks\" \/>\n<meta property=\"og:url\" content=\"https:\/\/nailspa.ee\/e-pood\/toode\/nail-serum-kuuneseerum-10ml\/\" \/>\n<meta property=\"og:site_name\" content=\"Nailspa e-pood\" \/>\n<meta property=\"article:modified_time\" content=\"2026-03-11T10:21:09+00:00\" \/>\n<meta property=\"og:image\" content=\"https:\/\/nailspa.ee\/e-pood\/wp-content\/uploads\/2020\/01\/PM6A7809-scaled.jpg\" \/>\n\t<meta property=\"og:image:width\" content=\"2560\" \/>\n\t<meta property=\"og:image:height\" content=\"2560\" \/>\n\t<meta property=\"og:image:type\" content=\"image\/jpeg\" \/>\n<meta name=\"twitter:card\" content=\"summary_large_image\" \/>\n<meta name=\"twitter:label1\" content=\"Est. reading time\" \/>\n\t<meta name=\"twitter:data1\" content=\"1 minut\" \/>\n<script type=\"application\/ld+json\" class=\"yoast-schema-graph\">{\"@context\":\"https:\/\/schema.org\",\"@graph\":[{\"@type\":\"WebPage\",\"@id\":\"https:\/\/nailspa.ee\/e-pood\/toode\/nail-serum-kuuneseerum-10ml\/\",\"url\":\"https:\/\/nailspa.ee\/e-pood\/toode\/nail-serum-kuuneseerum-10ml\/\",\"name\":\"Nail Serum - k\u00fc\u00fcneseerum 10ml | Nailspa e-pood\",\"isPartOf\":{\"@id\":\"http:\/\/nailspa.ee\/e-pood\/#website\"},\"primaryImageOfPage\":{\"@id\":\"https:\/\/nailspa.ee\/e-pood\/toode\/nail-serum-kuuneseerum-10ml\/#primaryimage\"},\"image\":{\"@id\":\"https:\/\/nailspa.ee\/e-pood\/toode\/nail-serum-kuuneseerum-10ml\/#primaryimage\"},\"thumbnailUrl\":\"https:\/\/nailspa.ee\/e-pood\/wp-content\/uploads\/2020\/01\/PM6A7809-scaled.jpg\",\"datePublished\":\"2020-01-15T19:51:35+00:00\",\"dateModified\":\"2026-03-11T10:21:09+00:00\",\"breadcrumb\":{\"@id\":\"https:\/\/nailspa.ee\/e-pood\/toode\/nail-serum-kuuneseerum-10ml\/#breadcrumb\"},\"inLanguage\":\"et\",\"potentialAction\":[{\"@type\":\"ReadAction\",\"target\":[\"https:\/\/nailspa.ee\/e-pood\/toode\/nail-serum-kuuneseerum-10ml\/\"]}]},{\"@type\":\"ImageObject\",\"inLanguage\":\"et\",\"@id\":\"https:\/\/nailspa.ee\/e-pood\/toode\/nail-serum-kuuneseerum-10ml\/#primaryimage\",\"url\":\"https:\/\/nailspa.ee\/e-pood\/wp-content\/uploads\/2020\/01\/PM6A7809-scaled.jpg\",\"contentUrl\":\"https:\/\/nailspa.ee\/e-pood\/wp-content\/uploads\/2020\/01\/PM6A7809-scaled.jpg\",\"width\":2560,\"height\":2560},{\"@type\":\"BreadcrumbList\",\"@id\":\"https:\/\/nailspa.ee\/e-pood\/toode\/nail-serum-kuuneseerum-10ml\/#breadcrumb\",\"itemListElement\":[{\"@type\":\"ListItem\",\"position\":1,\"name\":\"Home\",\"item\":\"http:\/\/nailspa.ee\/e-pood\/\"},{\"@type\":\"ListItem\",\"position\":2,\"name\":\"Pood\",\"item\":\"http:\/\/nailspa.ee\/e-pood\/pood\/\"},{\"@type\":\"ListItem\",\"position\":3,\"name\":\"Nail Serum &#8211; k\u00fc\u00fcneseerum 10ml\"}]},{\"@type\":\"WebSite\",\"@id\":\"http:\/\/nailspa.ee\/e-pood\/#website\",\"url\":\"http:\/\/nailspa.ee\/e-pood\/\",\"name\":\"Nailspa e-pood\",\"description\":\"\",\"potentialAction\":[{\"@type\":\"SearchAction\",\"target\":{\"@type\":\"EntryPoint\",\"urlTemplate\":\"http:\/\/nailspa.ee\/e-pood\/?s={search_term_string}\"},\"query-input\":{\"@type\":\"PropertyValueSpecification\",\"valueRequired\":true,\"valueName\":\"search_term_string\"}}],\"inLanguage\":\"et\"}]}<\/script>\n<!-- \/ Yoast SEO plugin. -->","yoast_head_json":{"title":"Nail Serum - k\u00fc\u00fcneseerum 10ml | Nailspa e-pood","robots":{"index":"index","follow":"follow","max-snippet":"max-snippet:-1","max-image-preview":"max-image-preview:large","max-video-preview":"max-video-preview:-1"},"canonical":"https:\/\/nailspa.ee\/e-pood\/toode\/nail-serum-kuuneseerum-10ml\/","og_locale":"et_EE","og_type":"article","og_title":"Nail Serum - k\u00fc\u00fcneseerum 10ml | Nailspa e-pood","og_description":"Toitev: pantenool on suurep\u00e4rane niisutav koostisosa. Seerum imendub h\u00e4sti l\u00e4bi k\u00fc\u00fcneplaadi ja niisutab s\u00fcgavuti kuiva ja habrast k\u00fc\u00fcnt. Alantoiin aitab lukustada niiskust. Toote koostises on looduslikud pol\u00fcsahhariidid, mis niisutavad k\u00fc\u00fcneplaati ja annavad naturaalsele k\u00fc\u00fcnele loomuliku l\u00e4ike.  Kiirendab k\u00fc\u00fcnte kasvu: Seerum sisaldab biotiini, vitamiini B12 ja mineraale , mis stimuleerivad k\u00fc\u00fcnerakkude uuenemist seega selle tulemusel kasvavad naturaalsed k\u00fc\u00fcned kiiremini.  Tugevdab: Toode sisaldab keratiini, mis tugevdab k\u00fc\u00fcsi ja on k\u00fc\u00fcneplaadi kasvu juures oluline komponent. Sinine agaav (taime kasutatakse tekiila valmistamisel) annab naturaalsele k\u00fc\u00fcnele tugevuse, vastupidavuse ja elastsuse  ProNails k\u00fc\u00fcneseerum on #1 toode naturaalk\u00fc\u00fcne hoolduses, mida saab kombineerida k\u00fc\u00fcnelakkidega ja ProNails LongWear lakkidega. Seerum on s\u00fcgavniisutava ja raviva toimega ja juba 3-4 n\u00e4dala p\u00e4rast on sinu k\u00fc\u00fcned oluliselt tugevamad ja tervemad. Esimesed silmaga n\u00e4htavad tulemused on n\u00e4ha juba 1. n\u00e4dala p\u00e4rast. K\u00fc\u00fcned on s\u00fcgavuti niisutatud, tervemad ja tugevamad. Suurep\u00e4rase tulemuse tagab seerumi 2 korda p\u00e4evas kasutamine! (hommikul ja \u00f5htul  Kuidas kasutada Kanna toode pintsliga k\u00fc\u00fcnele ja h\u00f5\u00f5ru seerum k\u00fc\u00fcneplaadi sisse. Lase seerumil kuivada. ProNails k\u00fc\u00fcneseerumit v\u00f5ib kasutada enne k\u00fc\u00fcnte lakkimist v\u00f5i t\u00e4iesti eraldi hoolitsusena. Seerum j\u00e4tab k\u00fc\u00fcned kergelt l\u00e4ikivaks","og_url":"https:\/\/nailspa.ee\/e-pood\/toode\/nail-serum-kuuneseerum-10ml\/","og_site_name":"Nailspa e-pood","article_modified_time":"2026-03-11T10:21:09+00:00","og_image":[{"width":2560,"height":2560,"url":"https:\/\/nailspa.ee\/e-pood\/wp-content\/uploads\/2020\/01\/PM6A7809-scaled.jpg","type":"image\/jpeg"}],"twitter_card":"summary_large_image","twitter_misc":{"Est. reading time":"1 minut"},"schema":{"@context":"https:\/\/schema.org","@graph":[{"@type":"WebPage","@id":"https:\/\/nailspa.ee\/e-pood\/toode\/nail-serum-kuuneseerum-10ml\/","url":"https:\/\/nailspa.ee\/e-pood\/toode\/nail-serum-kuuneseerum-10ml\/","name":"Nail Serum - k\u00fc\u00fcneseerum 10ml | Nailspa e-pood","isPartOf":{"@id":"http:\/\/nailspa.ee\/e-pood\/#website"},"primaryImageOfPage":{"@id":"https:\/\/nailspa.ee\/e-pood\/toode\/nail-serum-kuuneseerum-10ml\/#primaryimage"},"image":{"@id":"https:\/\/nailspa.ee\/e-pood\/toode\/nail-serum-kuuneseerum-10ml\/#primaryimage"},"thumbnailUrl":"https:\/\/nailspa.ee\/e-pood\/wp-content\/uploads\/2020\/01\/PM6A7809-scaled.jpg","datePublished":"2020-01-15T19:51:35+00:00","dateModified":"2026-03-11T10:21:09+00:00","breadcrumb":{"@id":"https:\/\/nailspa.ee\/e-pood\/toode\/nail-serum-kuuneseerum-10ml\/#breadcrumb"},"inLanguage":"et","potentialAction":[{"@type":"ReadAction","target":["https:\/\/nailspa.ee\/e-pood\/toode\/nail-serum-kuuneseerum-10ml\/"]}]},{"@type":"ImageObject","inLanguage":"et","@id":"https:\/\/nailspa.ee\/e-pood\/toode\/nail-serum-kuuneseerum-10ml\/#primaryimage","url":"https:\/\/nailspa.ee\/e-pood\/wp-content\/uploads\/2020\/01\/PM6A7809-scaled.jpg","contentUrl":"https:\/\/nailspa.ee\/e-pood\/wp-content\/uploads\/2020\/01\/PM6A7809-scaled.jpg","width":2560,"height":2560},{"@type":"BreadcrumbList","@id":"https:\/\/nailspa.ee\/e-pood\/toode\/nail-serum-kuuneseerum-10ml\/#breadcrumb","itemListElement":[{"@type":"ListItem","position":1,"name":"Home","item":"http:\/\/nailspa.ee\/e-pood\/"},{"@type":"ListItem","position":2,"name":"Pood","item":"http:\/\/nailspa.ee\/e-pood\/pood\/"},{"@type":"ListItem","position":3,"name":"Nail Serum &#8211; k\u00fc\u00fcneseerum 10ml"}]},{"@type":"WebSite","@id":"http:\/\/nailspa.ee\/e-pood\/#website","url":"http:\/\/nailspa.ee\/e-pood\/","name":"Nailspa e-pood","description":"","potentialAction":[{"@type":"SearchAction","target":{"@type":"EntryPoint","urlTemplate":"http:\/\/nailspa.ee\/e-pood\/?s={search_term_string}"},"query-input":{"@type":"PropertyValueSpecification","valueRequired":true,"valueName":"search_term_string"}}],"inLanguage":"et"}]}},"_links":{"self":[{"href":"https:\/\/nailspa.ee\/e-pood\/wp-json\/wp\/v2\/product\/2707","targetHints":{"allow":["GET"]}}],"collection":[{"href":"https:\/\/nailspa.ee\/e-pood\/wp-json\/wp\/v2\/product"}],"about":[{"href":"https:\/\/nailspa.ee\/e-pood\/wp-json\/wp\/v2\/types\/product"}],"wp:featuredmedia":[{"embeddable":true,"href":"https:\/\/nailspa.ee\/e-pood\/wp-json\/wp\/v2\/media\/2972"}],"wp:attachment":[{"href":"https:\/\/nailspa.ee\/e-pood\/wp-json\/wp\/v2\/media?parent=2707"}],"wp:term":[{"taxonomy":"product_brand","embeddable":true,"href":"https:\/\/nailspa.ee\/e-pood\/wp-json\/wp\/v2\/product_brand?post=2707"},{"taxonomy":"product_cat","embeddable":true,"href":"https:\/\/nailspa.ee\/e-pood\/wp-json\/wp\/v2\/product_cat?post=2707"},{"taxonomy":"product_tag","embeddable":true,"href":"https:\/\/nailspa.ee\/e-pood\/wp-json\/wp\/v2\/product_tag?post=2707"}],"curies":[{"name":"wp","href":"https:\/\/api.w.org\/{rel}","templated":true}]}}