{"id":2693,"date":"2020-01-15T21:51:34","date_gmt":"2020-01-15T19:51:34","guid":{"rendered":"https:\/\/nailspa.ee\/e-pood\/toode\/cuticle-remover-10ml-kuunenahapehmendaja\/"},"modified":"2024-09-22T17:48:34","modified_gmt":"2024-09-22T14:48:34","slug":"cuticle-remover-10ml-kuunenahapehmendaja","status":"publish","type":"product","link":"https:\/\/nailspa.ee\/e-pood\/toode\/cuticle-remover-10ml-kuunenahapehmendaja\/","title":{"rendered":"Cuticle Remover 10ml &#8211; k\u00fc\u00fcnenahapehmendaja"},"content":{"rendered":"","protected":false},"excerpt":{"rendered":"<ul>\n<li>See v\u00e4ga t\u00f5hus k\u00fc\u00fcnenaha pehmendaja v\u00f5imaldab l\u00fckata tagasi kuivad, karedad ja \u00fclekasvanud k\u00fc\u00fcnenahad lihtsalt, kiiresti ja t\u00f5husalt. T\u00e4iendatud koostisega toode niisutab ja toidab k\u00fc\u00fcsi ja k\u00fc\u00fcnenahkasid<\/li>\n<li>&#8211; Pehmendab \u2013 k\u00fc\u00fcnenahkade tagasil\u00fckkamine on oluliselt lihtsam<br \/>\n&#8211; Niisutab<br \/>\n&#8211; Puhastab<\/li>\n<li>Kuidas kasutada?<br \/>\n1) Kanna toode k\u00fc\u00fcnenahkadele ja lase toimida 30 sek.<br \/>\n2) L\u00fckka k\u00fc\u00fcnenahad \u00f5rnalt tagasi (kasutades k\u00fc\u00fcnenahal\u00fckkajat)<br \/>\n3) Eemalda \u00fcleliigne nahk ja puhasta ProSepticuga (kodus kasutades pese k\u00e4ed)<\/li>\n<li>Kuidas eemaldada?<br \/>\nEemalda kosmeetilise vatipadjaga ja ProSepticuga k\u00fc\u00fcnenaha pehmendaja j\u00e4\u00e4gid. (kodus kasutades pese k\u00e4ed)<\/li>\n<li>Kogus?<br \/>\nK\u00fc\u00fcnenaha pehmendaja tuleb kahes pakendis:<br \/>\n&#8211; ProNails pudelis 10 ml (pintsliga)<br \/>\n10 ml pudelist j\u00e4tkub 160 kasutuskorraks 10-le k\u00fc\u00fcnele. Eraldi on saadaval ka pipetid mis on komplektina 3 tk pakendis.<br \/>\n&#8211; T\u00e4itepudel 100 ml, kasutajas\u00f5braliku otsikuga<\/li>\n<\/ul>\n","protected":false},"featured_media":2955,"template":"","meta":[],"product_brand":[],"product_cat":[84],"product_tag":[],"class_list":{"0":"post-2693","1":"product","2":"type-product","3":"status-publish","4":"has-post-thumbnail","6":"product_cat-kuuntehooldus","8":"first","9":"instock","10":"taxable","11":"shipping-taxable","12":"purchasable","13":"product-type-simple"},"yoast_head":"<!-- This site is optimized with the Yoast SEO plugin v26.4 - https:\/\/yoast.com\/wordpress\/plugins\/seo\/ -->\n<title>Cuticle Remover 10ml - k\u00fc\u00fcnenahapehmendaja | Nailspa e-pood<\/title>\n<meta name=\"robots\" content=\"index, follow, max-snippet:-1, max-image-preview:large, max-video-preview:-1\" \/>\n<link rel=\"canonical\" href=\"https:\/\/nailspa.ee\/e-pood\/toode\/cuticle-remover-10ml-kuunenahapehmendaja\/\" \/>\n<meta property=\"og:locale\" content=\"et_EE\" \/>\n<meta property=\"og:type\" content=\"article\" \/>\n<meta property=\"og:title\" content=\"Cuticle Remover 10ml - k\u00fc\u00fcnenahapehmendaja | Nailspa e-pood\" \/>\n<meta property=\"og:description\" content=\"See v\u00e4ga t\u00f5hus k\u00fc\u00fcnenaha pehmendaja v\u00f5imaldab l\u00fckata tagasi kuivad, karedad ja \u00fclekasvanud k\u00fc\u00fcnenahad lihtsalt, kiiresti ja t\u00f5husalt. T\u00e4iendatud koostisega toode niisutab ja toidab k\u00fc\u00fcsi ja k\u00fc\u00fcnenahkasid  - Pehmendab \u2013 k\u00fc\u00fcnenahkade tagasil\u00fckkamine on oluliselt lihtsam - Niisutab - Puhastab  Kuidas kasutada? 1) Kanna toode k\u00fc\u00fcnenahkadele ja lase toimida 30 sek. 2) L\u00fckka k\u00fc\u00fcnenahad \u00f5rnalt tagasi (kasutades k\u00fc\u00fcnenahal\u00fckkajat) 3) Eemalda \u00fcleliigne nahk ja puhasta ProSepticuga (kodus kasutades pese k\u00e4ed)  Kuidas eemaldada? Eemalda kosmeetilise vatipadjaga ja ProSepticuga k\u00fc\u00fcnenaha pehmendaja j\u00e4\u00e4gid. (kodus kasutades pese k\u00e4ed)  Kogus? K\u00fc\u00fcnenaha pehmendaja tuleb kahes pakendis: - ProNails pudelis 10 ml (pintsliga) 10 ml pudelist j\u00e4tkub 160 kasutuskorraks 10-le k\u00fc\u00fcnele. Eraldi on saadaval ka pipetid mis on komplektina 3 tk pakendis. - T\u00e4itepudel 100 ml, kasutajas\u00f5braliku otsikuga\" \/>\n<meta property=\"og:url\" content=\"https:\/\/nailspa.ee\/e-pood\/toode\/cuticle-remover-10ml-kuunenahapehmendaja\/\" \/>\n<meta property=\"og:site_name\" content=\"Nailspa e-pood\" \/>\n<meta property=\"article:modified_time\" content=\"2024-09-22T14:48:34+00:00\" \/>\n<meta property=\"og:image\" content=\"https:\/\/nailspa.ee\/e-pood\/wp-content\/uploads\/2020\/01\/Cuticle-Remover.jpg\" \/>\n\t<meta property=\"og:image:width\" content=\"1358\" \/>\n\t<meta property=\"og:image:height\" content=\"1358\" \/>\n\t<meta property=\"og:image:type\" content=\"image\/jpeg\" \/>\n<meta name=\"twitter:card\" content=\"summary_large_image\" \/>\n<meta name=\"twitter:label1\" content=\"Est. reading time\" \/>\n\t<meta name=\"twitter:data1\" content=\"1 minut\" \/>\n<script type=\"application\/ld+json\" class=\"yoast-schema-graph\">{\"@context\":\"https:\/\/schema.org\",\"@graph\":[{\"@type\":\"WebPage\",\"@id\":\"https:\/\/nailspa.ee\/e-pood\/toode\/cuticle-remover-10ml-kuunenahapehmendaja\/\",\"url\":\"https:\/\/nailspa.ee\/e-pood\/toode\/cuticle-remover-10ml-kuunenahapehmendaja\/\",\"name\":\"Cuticle Remover 10ml - k\u00fc\u00fcnenahapehmendaja | Nailspa e-pood\",\"isPartOf\":{\"@id\":\"http:\/\/nailspa.ee\/e-pood\/#website\"},\"primaryImageOfPage\":{\"@id\":\"https:\/\/nailspa.ee\/e-pood\/toode\/cuticle-remover-10ml-kuunenahapehmendaja\/#primaryimage\"},\"image\":{\"@id\":\"https:\/\/nailspa.ee\/e-pood\/toode\/cuticle-remover-10ml-kuunenahapehmendaja\/#primaryimage\"},\"thumbnailUrl\":\"https:\/\/nailspa.ee\/e-pood\/wp-content\/uploads\/2020\/01\/Cuticle-Remover.jpg\",\"datePublished\":\"2020-01-15T19:51:34+00:00\",\"dateModified\":\"2024-09-22T14:48:34+00:00\",\"breadcrumb\":{\"@id\":\"https:\/\/nailspa.ee\/e-pood\/toode\/cuticle-remover-10ml-kuunenahapehmendaja\/#breadcrumb\"},\"inLanguage\":\"et\",\"potentialAction\":[{\"@type\":\"ReadAction\",\"target\":[\"https:\/\/nailspa.ee\/e-pood\/toode\/cuticle-remover-10ml-kuunenahapehmendaja\/\"]}]},{\"@type\":\"ImageObject\",\"inLanguage\":\"et\",\"@id\":\"https:\/\/nailspa.ee\/e-pood\/toode\/cuticle-remover-10ml-kuunenahapehmendaja\/#primaryimage\",\"url\":\"https:\/\/nailspa.ee\/e-pood\/wp-content\/uploads\/2020\/01\/Cuticle-Remover.jpg\",\"contentUrl\":\"https:\/\/nailspa.ee\/e-pood\/wp-content\/uploads\/2020\/01\/Cuticle-Remover.jpg\",\"width\":1358,\"height\":1358},{\"@type\":\"BreadcrumbList\",\"@id\":\"https:\/\/nailspa.ee\/e-pood\/toode\/cuticle-remover-10ml-kuunenahapehmendaja\/#breadcrumb\",\"itemListElement\":[{\"@type\":\"ListItem\",\"position\":1,\"name\":\"Home\",\"item\":\"http:\/\/nailspa.ee\/e-pood\/\"},{\"@type\":\"ListItem\",\"position\":2,\"name\":\"Pood\",\"item\":\"http:\/\/nailspa.ee\/e-pood\/pood\/\"},{\"@type\":\"ListItem\",\"position\":3,\"name\":\"Cuticle Remover 10ml &#8211; k\u00fc\u00fcnenahapehmendaja\"}]},{\"@type\":\"WebSite\",\"@id\":\"http:\/\/nailspa.ee\/e-pood\/#website\",\"url\":\"http:\/\/nailspa.ee\/e-pood\/\",\"name\":\"Nailspa e-pood\",\"description\":\"\",\"potentialAction\":[{\"@type\":\"SearchAction\",\"target\":{\"@type\":\"EntryPoint\",\"urlTemplate\":\"http:\/\/nailspa.ee\/e-pood\/?s={search_term_string}\"},\"query-input\":{\"@type\":\"PropertyValueSpecification\",\"valueRequired\":true,\"valueName\":\"search_term_string\"}}],\"inLanguage\":\"et\"}]}<\/script>\n<!-- \/ Yoast SEO plugin. -->","yoast_head_json":{"title":"Cuticle Remover 10ml - k\u00fc\u00fcnenahapehmendaja | Nailspa e-pood","robots":{"index":"index","follow":"follow","max-snippet":"max-snippet:-1","max-image-preview":"max-image-preview:large","max-video-preview":"max-video-preview:-1"},"canonical":"https:\/\/nailspa.ee\/e-pood\/toode\/cuticle-remover-10ml-kuunenahapehmendaja\/","og_locale":"et_EE","og_type":"article","og_title":"Cuticle Remover 10ml - k\u00fc\u00fcnenahapehmendaja | Nailspa e-pood","og_description":"See v\u00e4ga t\u00f5hus k\u00fc\u00fcnenaha pehmendaja v\u00f5imaldab l\u00fckata tagasi kuivad, karedad ja \u00fclekasvanud k\u00fc\u00fcnenahad lihtsalt, kiiresti ja t\u00f5husalt. T\u00e4iendatud koostisega toode niisutab ja toidab k\u00fc\u00fcsi ja k\u00fc\u00fcnenahkasid  - Pehmendab \u2013 k\u00fc\u00fcnenahkade tagasil\u00fckkamine on oluliselt lihtsam - Niisutab - Puhastab  Kuidas kasutada? 1) Kanna toode k\u00fc\u00fcnenahkadele ja lase toimida 30 sek. 2) L\u00fckka k\u00fc\u00fcnenahad \u00f5rnalt tagasi (kasutades k\u00fc\u00fcnenahal\u00fckkajat) 3) Eemalda \u00fcleliigne nahk ja puhasta ProSepticuga (kodus kasutades pese k\u00e4ed)  Kuidas eemaldada? Eemalda kosmeetilise vatipadjaga ja ProSepticuga k\u00fc\u00fcnenaha pehmendaja j\u00e4\u00e4gid. (kodus kasutades pese k\u00e4ed)  Kogus? K\u00fc\u00fcnenaha pehmendaja tuleb kahes pakendis: - ProNails pudelis 10 ml (pintsliga) 10 ml pudelist j\u00e4tkub 160 kasutuskorraks 10-le k\u00fc\u00fcnele. Eraldi on saadaval ka pipetid mis on komplektina 3 tk pakendis. - T\u00e4itepudel 100 ml, kasutajas\u00f5braliku otsikuga","og_url":"https:\/\/nailspa.ee\/e-pood\/toode\/cuticle-remover-10ml-kuunenahapehmendaja\/","og_site_name":"Nailspa e-pood","article_modified_time":"2024-09-22T14:48:34+00:00","og_image":[{"width":1358,"height":1358,"url":"https:\/\/nailspa.ee\/e-pood\/wp-content\/uploads\/2020\/01\/Cuticle-Remover.jpg","type":"image\/jpeg"}],"twitter_card":"summary_large_image","twitter_misc":{"Est. reading time":"1 minut"},"schema":{"@context":"https:\/\/schema.org","@graph":[{"@type":"WebPage","@id":"https:\/\/nailspa.ee\/e-pood\/toode\/cuticle-remover-10ml-kuunenahapehmendaja\/","url":"https:\/\/nailspa.ee\/e-pood\/toode\/cuticle-remover-10ml-kuunenahapehmendaja\/","name":"Cuticle Remover 10ml - k\u00fc\u00fcnenahapehmendaja | Nailspa e-pood","isPartOf":{"@id":"http:\/\/nailspa.ee\/e-pood\/#website"},"primaryImageOfPage":{"@id":"https:\/\/nailspa.ee\/e-pood\/toode\/cuticle-remover-10ml-kuunenahapehmendaja\/#primaryimage"},"image":{"@id":"https:\/\/nailspa.ee\/e-pood\/toode\/cuticle-remover-10ml-kuunenahapehmendaja\/#primaryimage"},"thumbnailUrl":"https:\/\/nailspa.ee\/e-pood\/wp-content\/uploads\/2020\/01\/Cuticle-Remover.jpg","datePublished":"2020-01-15T19:51:34+00:00","dateModified":"2024-09-22T14:48:34+00:00","breadcrumb":{"@id":"https:\/\/nailspa.ee\/e-pood\/toode\/cuticle-remover-10ml-kuunenahapehmendaja\/#breadcrumb"},"inLanguage":"et","potentialAction":[{"@type":"ReadAction","target":["https:\/\/nailspa.ee\/e-pood\/toode\/cuticle-remover-10ml-kuunenahapehmendaja\/"]}]},{"@type":"ImageObject","inLanguage":"et","@id":"https:\/\/nailspa.ee\/e-pood\/toode\/cuticle-remover-10ml-kuunenahapehmendaja\/#primaryimage","url":"https:\/\/nailspa.ee\/e-pood\/wp-content\/uploads\/2020\/01\/Cuticle-Remover.jpg","contentUrl":"https:\/\/nailspa.ee\/e-pood\/wp-content\/uploads\/2020\/01\/Cuticle-Remover.jpg","width":1358,"height":1358},{"@type":"BreadcrumbList","@id":"https:\/\/nailspa.ee\/e-pood\/toode\/cuticle-remover-10ml-kuunenahapehmendaja\/#breadcrumb","itemListElement":[{"@type":"ListItem","position":1,"name":"Home","item":"http:\/\/nailspa.ee\/e-pood\/"},{"@type":"ListItem","position":2,"name":"Pood","item":"http:\/\/nailspa.ee\/e-pood\/pood\/"},{"@type":"ListItem","position":3,"name":"Cuticle Remover 10ml &#8211; k\u00fc\u00fcnenahapehmendaja"}]},{"@type":"WebSite","@id":"http:\/\/nailspa.ee\/e-pood\/#website","url":"http:\/\/nailspa.ee\/e-pood\/","name":"Nailspa e-pood","description":"","potentialAction":[{"@type":"SearchAction","target":{"@type":"EntryPoint","urlTemplate":"http:\/\/nailspa.ee\/e-pood\/?s={search_term_string}"},"query-input":{"@type":"PropertyValueSpecification","valueRequired":true,"valueName":"search_term_string"}}],"inLanguage":"et"}]}},"_links":{"self":[{"href":"https:\/\/nailspa.ee\/e-pood\/wp-json\/wp\/v2\/product\/2693","targetHints":{"allow":["GET"]}}],"collection":[{"href":"https:\/\/nailspa.ee\/e-pood\/wp-json\/wp\/v2\/product"}],"about":[{"href":"https:\/\/nailspa.ee\/e-pood\/wp-json\/wp\/v2\/types\/product"}],"wp:featuredmedia":[{"embeddable":true,"href":"https:\/\/nailspa.ee\/e-pood\/wp-json\/wp\/v2\/media\/2955"}],"wp:attachment":[{"href":"https:\/\/nailspa.ee\/e-pood\/wp-json\/wp\/v2\/media?parent=2693"}],"wp:term":[{"taxonomy":"product_brand","embeddable":true,"href":"https:\/\/nailspa.ee\/e-pood\/wp-json\/wp\/v2\/product_brand?post=2693"},{"taxonomy":"product_cat","embeddable":true,"href":"https:\/\/nailspa.ee\/e-pood\/wp-json\/wp\/v2\/product_cat?post=2693"},{"taxonomy":"product_tag","embeddable":true,"href":"https:\/\/nailspa.ee\/e-pood\/wp-json\/wp\/v2\/product_tag?post=2693"}],"curies":[{"name":"wp","href":"https:\/\/api.w.org\/{rel}","templated":true}]}}