{"id":2689,"date":"2020-01-15T21:51:34","date_gmt":"2020-01-15T19:51:34","guid":{"rendered":"https:\/\/nailspa.ee\/e-pood\/toode\/polish-corrector-pen-4\/"},"modified":"2025-10-07T12:40:47","modified_gmt":"2025-10-07T09:40:47","slug":"polish-corrector-pen-4","status":"publish","type":"product","link":"https:\/\/nailspa.ee\/e-pood\/toode\/polish-corrector-pen-4\/","title":{"rendered":"Polish Corrector Pen 4,5ml &#8211; lakikorrektor"},"content":{"rendered":"","protected":false},"excerpt":{"rendered":"<ul>\n<li>K\u00fc\u00fcnelaki korrektorpliiatsiga saab parandada k\u00fc\u00fcnte lakkimisel tekkinud vigu. Lisaks on toode nahka toitva toimega<\/li>\n<li>&#8211; Eemaldab nahalt k\u00fc\u00fcnelaki ja LongWear laki.<br \/>\n&#8211; Niisutab<br \/>\n&#8211; Atsetoonivaba<\/li>\n<li>Mida sisaldab?<br \/>\nToode sisaldab antioks\u00fcdante ja loodusliku p\u00f5letikuvastast koostisosa.<br \/>\nLisaks sisaldab veel kollageeni taolist ainet mis muudab toote enamaks kui lihtsalt k\u00fc\u00fcnelaki korrektorpliiatsiks. Atsetoonivaba<\/li>\n<li>Kuidas kasutada?<br \/>\nKasuta korrektorpliiatsit kui k\u00fc\u00fcnte lakkimisel on tekkinud vead. Vajadusel vaheta otsikut. Varuotsikud on tootega kaasas. Varuotsikuid on v\u00f5imalik puhastada atsetoonivaba k\u00fc\u00fcnelaki eemaldajaga<br \/>\nN\u00f5uanne: Enne esimest kasutuskorda niisuta korrektorpliiatsi otsikut atsetoonivabas k\u00fc\u00fcnelaki eemaldajas.<\/li>\n<\/ul>\n","protected":false},"featured_media":3015,"template":"","meta":[],"product_brand":[],"product_cat":[84],"product_tag":[],"class_list":{"0":"post-2689","1":"product","2":"type-product","3":"status-publish","4":"has-post-thumbnail","6":"product_cat-kuuntehooldus","8":"first","9":"instock","10":"taxable","11":"shipping-taxable","12":"purchasable","13":"product-type-simple"},"yoast_head":"<!-- This site is optimized with the Yoast SEO plugin v26.4 - https:\/\/yoast.com\/wordpress\/plugins\/seo\/ -->\n<title>Polish Corrector Pen 4,5ml - lakikorrektor | Nailspa e-pood<\/title>\n<meta name=\"robots\" content=\"index, follow, max-snippet:-1, max-image-preview:large, max-video-preview:-1\" \/>\n<link rel=\"canonical\" href=\"https:\/\/nailspa.ee\/e-pood\/toode\/polish-corrector-pen-4\/\" \/>\n<meta property=\"og:locale\" content=\"et_EE\" \/>\n<meta property=\"og:type\" content=\"article\" \/>\n<meta property=\"og:title\" content=\"Polish Corrector Pen 4,5ml - lakikorrektor | Nailspa e-pood\" \/>\n<meta property=\"og:description\" content=\"K\u00fc\u00fcnelaki korrektorpliiatsiga saab parandada k\u00fc\u00fcnte lakkimisel tekkinud vigu. Lisaks on toode nahka toitva toimega  - Eemaldab nahalt k\u00fc\u00fcnelaki ja LongWear laki. - Niisutab - Atsetoonivaba  Mida sisaldab? Toode sisaldab antioks\u00fcdante ja loodusliku p\u00f5letikuvastast koostisosa. Lisaks sisaldab veel kollageeni taolist ainet mis muudab toote enamaks kui lihtsalt k\u00fc\u00fcnelaki korrektorpliiatsiks. Atsetoonivaba  Kuidas kasutada? Kasuta korrektorpliiatsit kui k\u00fc\u00fcnte lakkimisel on tekkinud vead. Vajadusel vaheta otsikut. Varuotsikud on tootega kaasas. Varuotsikuid on v\u00f5imalik puhastada atsetoonivaba k\u00fc\u00fcnelaki eemaldajaga N\u00f5uanne: Enne esimest kasutuskorda niisuta korrektorpliiatsi otsikut atsetoonivabas k\u00fc\u00fcnelaki eemaldajas.\" \/>\n<meta property=\"og:url\" content=\"https:\/\/nailspa.ee\/e-pood\/toode\/polish-corrector-pen-4\/\" \/>\n<meta property=\"og:site_name\" content=\"Nailspa e-pood\" \/>\n<meta property=\"article:modified_time\" content=\"2025-10-07T09:40:47+00:00\" \/>\n<meta property=\"og:image\" content=\"https:\/\/nailspa.ee\/e-pood\/wp-content\/uploads\/2020\/01\/Polish-Corrector-3.jpg\" \/>\n\t<meta property=\"og:image:width\" content=\"400\" \/>\n\t<meta property=\"og:image:height\" content=\"400\" \/>\n\t<meta property=\"og:image:type\" content=\"image\/jpeg\" \/>\n<meta name=\"twitter:card\" content=\"summary_large_image\" \/>\n<meta name=\"twitter:label1\" content=\"Est. reading time\" \/>\n\t<meta name=\"twitter:data1\" content=\"1 minut\" \/>\n<script type=\"application\/ld+json\" class=\"yoast-schema-graph\">{\"@context\":\"https:\/\/schema.org\",\"@graph\":[{\"@type\":\"WebPage\",\"@id\":\"https:\/\/nailspa.ee\/e-pood\/toode\/polish-corrector-pen-4\/\",\"url\":\"https:\/\/nailspa.ee\/e-pood\/toode\/polish-corrector-pen-4\/\",\"name\":\"Polish Corrector Pen 4,5ml - lakikorrektor | Nailspa e-pood\",\"isPartOf\":{\"@id\":\"https:\/\/nailspa.ee\/e-pood\/#website\"},\"primaryImageOfPage\":{\"@id\":\"https:\/\/nailspa.ee\/e-pood\/toode\/polish-corrector-pen-4\/#primaryimage\"},\"image\":{\"@id\":\"https:\/\/nailspa.ee\/e-pood\/toode\/polish-corrector-pen-4\/#primaryimage\"},\"thumbnailUrl\":\"https:\/\/nailspa.ee\/e-pood\/wp-content\/uploads\/2020\/01\/Polish-Corrector-3.jpg\",\"datePublished\":\"2020-01-15T19:51:34+00:00\",\"dateModified\":\"2025-10-07T09:40:47+00:00\",\"breadcrumb\":{\"@id\":\"https:\/\/nailspa.ee\/e-pood\/toode\/polish-corrector-pen-4\/#breadcrumb\"},\"inLanguage\":\"et\",\"potentialAction\":[{\"@type\":\"ReadAction\",\"target\":[\"https:\/\/nailspa.ee\/e-pood\/toode\/polish-corrector-pen-4\/\"]}]},{\"@type\":\"ImageObject\",\"inLanguage\":\"et\",\"@id\":\"https:\/\/nailspa.ee\/e-pood\/toode\/polish-corrector-pen-4\/#primaryimage\",\"url\":\"https:\/\/nailspa.ee\/e-pood\/wp-content\/uploads\/2020\/01\/Polish-Corrector-3.jpg\",\"contentUrl\":\"https:\/\/nailspa.ee\/e-pood\/wp-content\/uploads\/2020\/01\/Polish-Corrector-3.jpg\",\"width\":400,\"height\":400},{\"@type\":\"BreadcrumbList\",\"@id\":\"https:\/\/nailspa.ee\/e-pood\/toode\/polish-corrector-pen-4\/#breadcrumb\",\"itemListElement\":[{\"@type\":\"ListItem\",\"position\":1,\"name\":\"Home\",\"item\":\"https:\/\/nailspa.ee\/e-pood\/\"},{\"@type\":\"ListItem\",\"position\":2,\"name\":\"Pood\",\"item\":\"https:\/\/nailspa.ee\/e-pood\/pood\/\"},{\"@type\":\"ListItem\",\"position\":3,\"name\":\"Polish Corrector Pen 4,5ml &#8211; lakikorrektor\"}]},{\"@type\":\"WebSite\",\"@id\":\"https:\/\/nailspa.ee\/e-pood\/#website\",\"url\":\"https:\/\/nailspa.ee\/e-pood\/\",\"name\":\"Nailspa e-pood\",\"description\":\"\",\"potentialAction\":[{\"@type\":\"SearchAction\",\"target\":{\"@type\":\"EntryPoint\",\"urlTemplate\":\"https:\/\/nailspa.ee\/e-pood\/?s={search_term_string}\"},\"query-input\":{\"@type\":\"PropertyValueSpecification\",\"valueRequired\":true,\"valueName\":\"search_term_string\"}}],\"inLanguage\":\"et\"}]}<\/script>\n<!-- \/ Yoast SEO plugin. -->","yoast_head_json":{"title":"Polish Corrector Pen 4,5ml - lakikorrektor | Nailspa e-pood","robots":{"index":"index","follow":"follow","max-snippet":"max-snippet:-1","max-image-preview":"max-image-preview:large","max-video-preview":"max-video-preview:-1"},"canonical":"https:\/\/nailspa.ee\/e-pood\/toode\/polish-corrector-pen-4\/","og_locale":"et_EE","og_type":"article","og_title":"Polish Corrector Pen 4,5ml - lakikorrektor | Nailspa e-pood","og_description":"K\u00fc\u00fcnelaki korrektorpliiatsiga saab parandada k\u00fc\u00fcnte lakkimisel tekkinud vigu. Lisaks on toode nahka toitva toimega  - Eemaldab nahalt k\u00fc\u00fcnelaki ja LongWear laki. - Niisutab - Atsetoonivaba  Mida sisaldab? Toode sisaldab antioks\u00fcdante ja loodusliku p\u00f5letikuvastast koostisosa. Lisaks sisaldab veel kollageeni taolist ainet mis muudab toote enamaks kui lihtsalt k\u00fc\u00fcnelaki korrektorpliiatsiks. Atsetoonivaba  Kuidas kasutada? Kasuta korrektorpliiatsit kui k\u00fc\u00fcnte lakkimisel on tekkinud vead. Vajadusel vaheta otsikut. Varuotsikud on tootega kaasas. Varuotsikuid on v\u00f5imalik puhastada atsetoonivaba k\u00fc\u00fcnelaki eemaldajaga N\u00f5uanne: Enne esimest kasutuskorda niisuta korrektorpliiatsi otsikut atsetoonivabas k\u00fc\u00fcnelaki eemaldajas.","og_url":"https:\/\/nailspa.ee\/e-pood\/toode\/polish-corrector-pen-4\/","og_site_name":"Nailspa e-pood","article_modified_time":"2025-10-07T09:40:47+00:00","og_image":[{"width":400,"height":400,"url":"https:\/\/nailspa.ee\/e-pood\/wp-content\/uploads\/2020\/01\/Polish-Corrector-3.jpg","type":"image\/jpeg"}],"twitter_card":"summary_large_image","twitter_misc":{"Est. reading time":"1 minut"},"schema":{"@context":"https:\/\/schema.org","@graph":[{"@type":"WebPage","@id":"https:\/\/nailspa.ee\/e-pood\/toode\/polish-corrector-pen-4\/","url":"https:\/\/nailspa.ee\/e-pood\/toode\/polish-corrector-pen-4\/","name":"Polish Corrector Pen 4,5ml - lakikorrektor | Nailspa e-pood","isPartOf":{"@id":"https:\/\/nailspa.ee\/e-pood\/#website"},"primaryImageOfPage":{"@id":"https:\/\/nailspa.ee\/e-pood\/toode\/polish-corrector-pen-4\/#primaryimage"},"image":{"@id":"https:\/\/nailspa.ee\/e-pood\/toode\/polish-corrector-pen-4\/#primaryimage"},"thumbnailUrl":"https:\/\/nailspa.ee\/e-pood\/wp-content\/uploads\/2020\/01\/Polish-Corrector-3.jpg","datePublished":"2020-01-15T19:51:34+00:00","dateModified":"2025-10-07T09:40:47+00:00","breadcrumb":{"@id":"https:\/\/nailspa.ee\/e-pood\/toode\/polish-corrector-pen-4\/#breadcrumb"},"inLanguage":"et","potentialAction":[{"@type":"ReadAction","target":["https:\/\/nailspa.ee\/e-pood\/toode\/polish-corrector-pen-4\/"]}]},{"@type":"ImageObject","inLanguage":"et","@id":"https:\/\/nailspa.ee\/e-pood\/toode\/polish-corrector-pen-4\/#primaryimage","url":"https:\/\/nailspa.ee\/e-pood\/wp-content\/uploads\/2020\/01\/Polish-Corrector-3.jpg","contentUrl":"https:\/\/nailspa.ee\/e-pood\/wp-content\/uploads\/2020\/01\/Polish-Corrector-3.jpg","width":400,"height":400},{"@type":"BreadcrumbList","@id":"https:\/\/nailspa.ee\/e-pood\/toode\/polish-corrector-pen-4\/#breadcrumb","itemListElement":[{"@type":"ListItem","position":1,"name":"Home","item":"https:\/\/nailspa.ee\/e-pood\/"},{"@type":"ListItem","position":2,"name":"Pood","item":"https:\/\/nailspa.ee\/e-pood\/pood\/"},{"@type":"ListItem","position":3,"name":"Polish Corrector Pen 4,5ml &#8211; lakikorrektor"}]},{"@type":"WebSite","@id":"https:\/\/nailspa.ee\/e-pood\/#website","url":"https:\/\/nailspa.ee\/e-pood\/","name":"Nailspa e-pood","description":"","potentialAction":[{"@type":"SearchAction","target":{"@type":"EntryPoint","urlTemplate":"https:\/\/nailspa.ee\/e-pood\/?s={search_term_string}"},"query-input":{"@type":"PropertyValueSpecification","valueRequired":true,"valueName":"search_term_string"}}],"inLanguage":"et"}]}},"_links":{"self":[{"href":"https:\/\/nailspa.ee\/e-pood\/wp-json\/wp\/v2\/product\/2689","targetHints":{"allow":["GET"]}}],"collection":[{"href":"https:\/\/nailspa.ee\/e-pood\/wp-json\/wp\/v2\/product"}],"about":[{"href":"https:\/\/nailspa.ee\/e-pood\/wp-json\/wp\/v2\/types\/product"}],"wp:featuredmedia":[{"embeddable":true,"href":"https:\/\/nailspa.ee\/e-pood\/wp-json\/wp\/v2\/media\/3015"}],"wp:attachment":[{"href":"https:\/\/nailspa.ee\/e-pood\/wp-json\/wp\/v2\/media?parent=2689"}],"wp:term":[{"taxonomy":"product_brand","embeddable":true,"href":"https:\/\/nailspa.ee\/e-pood\/wp-json\/wp\/v2\/product_brand?post=2689"},{"taxonomy":"product_cat","embeddable":true,"href":"https:\/\/nailspa.ee\/e-pood\/wp-json\/wp\/v2\/product_cat?post=2689"},{"taxonomy":"product_tag","embeddable":true,"href":"https:\/\/nailspa.ee\/e-pood\/wp-json\/wp\/v2\/product_tag?post=2689"}],"curies":[{"name":"wp","href":"https:\/\/api.w.org\/{rel}","templated":true}]}}