{"id":2614,"date":"2020-01-15T21:51:29","date_gmt":"2020-01-15T19:51:29","guid":{"rendered":"https:\/\/nailspa.ee\/e-pood\/toode\/longwear-start-10ml\/"},"modified":"2022-02-15T16:46:21","modified_gmt":"2022-02-15T14:46:21","slug":"longwear-start-10ml","status":"publish","type":"product","link":"https:\/\/nailspa.ee\/e-pood\/toode\/longwear-start-10ml\/","title":{"rendered":"Longwear Start 10ml &#8211; Aluslakk"},"content":{"rendered":"","protected":false},"excerpt":{"rendered":"<ul>\n<li>Vastupidavus \u2013 kaks korda kauem kui tavalakk!<\/li>\n<li>Kiiresti kuivav<\/li>\n<li>Lihtne peale kanda<\/li>\n<li>Salongihoolitsus kui ka kodune hooldus<\/li>\n<li>Kuivab p\u00e4evavalguse kui ka p\u00e4ikese valguse m\u00f5jul<\/li>\n<li>Kaitseb k\u00fc\u00fcneplaati lakipigmendi eest<\/li>\n<li>Ennetab m\u00f5ranemist<\/li>\n<li>Parima p\u00fcsivuse tagamiseks kasutada koos Longwear v\u00e4rvilise ja\u00a0 Finish lakiga<\/li>\n<li>Pikendab vastupidavust<\/li>\n<\/ul>\n","protected":false},"featured_media":3040,"template":"","meta":[],"product_brand":[],"product_cat":[92],"product_tag":[],"class_list":{"0":"post-2614","1":"product","2":"type-product","3":"status-publish","4":"has-post-thumbnail","6":"product_cat-kuunelakid","8":"first","9":"instock","10":"taxable","11":"shipping-taxable","12":"purchasable","13":"product-type-simple"},"yoast_head":"<!-- This site is optimized with the Yoast SEO plugin v26.4 - https:\/\/yoast.com\/wordpress\/plugins\/seo\/ -->\n<title>Longwear Start 10ml - Aluslakk | Nailspa e-pood<\/title>\n<meta name=\"robots\" content=\"index, follow, max-snippet:-1, max-image-preview:large, max-video-preview:-1\" \/>\n<link rel=\"canonical\" href=\"https:\/\/nailspa.ee\/e-pood\/toode\/longwear-start-10ml\/\" \/>\n<meta property=\"og:locale\" content=\"et_EE\" \/>\n<meta property=\"og:type\" content=\"article\" \/>\n<meta property=\"og:title\" content=\"Longwear Start 10ml - Aluslakk | Nailspa e-pood\" \/>\n<meta property=\"og:description\" content=\"Vastupidavus \u2013 kaks korda kauem kui tavalakk!  Kiiresti kuivav  Lihtne peale kanda  Salongihoolitsus kui ka kodune hooldus  Kuivab p\u00e4evavalguse kui ka p\u00e4ikese valguse m\u00f5jul  Kaitseb k\u00fc\u00fcneplaati lakipigmendi eest  Ennetab m\u00f5ranemist  Parima p\u00fcsivuse tagamiseks kasutada koos Longwear v\u00e4rvilise ja\u00a0 Finish lakiga  Pikendab vastupidavust\" \/>\n<meta property=\"og:url\" content=\"https:\/\/nailspa.ee\/e-pood\/toode\/longwear-start-10ml\/\" \/>\n<meta property=\"og:site_name\" content=\"Nailspa e-pood\" \/>\n<meta property=\"article:modified_time\" content=\"2022-02-15T14:46:21+00:00\" \/>\n<meta property=\"og:image\" content=\"https:\/\/nailspa.ee\/e-pood\/wp-content\/uploads\/2020\/01\/28883_PN-Longwear-Start-10ml-2.jpg\" \/>\n\t<meta property=\"og:image:width\" content=\"601\" \/>\n\t<meta property=\"og:image:height\" content=\"850\" \/>\n\t<meta property=\"og:image:type\" content=\"image\/jpeg\" \/>\n<meta name=\"twitter:card\" content=\"summary_large_image\" \/>\n<script type=\"application\/ld+json\" class=\"yoast-schema-graph\">{\"@context\":\"https:\/\/schema.org\",\"@graph\":[{\"@type\":\"WebPage\",\"@id\":\"https:\/\/nailspa.ee\/e-pood\/toode\/longwear-start-10ml\/\",\"url\":\"https:\/\/nailspa.ee\/e-pood\/toode\/longwear-start-10ml\/\",\"name\":\"Longwear Start 10ml - Aluslakk | Nailspa e-pood\",\"isPartOf\":{\"@id\":\"http:\/\/nailspa.ee\/e-pood\/#website\"},\"primaryImageOfPage\":{\"@id\":\"https:\/\/nailspa.ee\/e-pood\/toode\/longwear-start-10ml\/#primaryimage\"},\"image\":{\"@id\":\"https:\/\/nailspa.ee\/e-pood\/toode\/longwear-start-10ml\/#primaryimage\"},\"thumbnailUrl\":\"https:\/\/nailspa.ee\/e-pood\/wp-content\/uploads\/2020\/01\/28883_PN-Longwear-Start-10ml-2.jpg\",\"datePublished\":\"2020-01-15T19:51:29+00:00\",\"dateModified\":\"2022-02-15T14:46:21+00:00\",\"breadcrumb\":{\"@id\":\"https:\/\/nailspa.ee\/e-pood\/toode\/longwear-start-10ml\/#breadcrumb\"},\"inLanguage\":\"et\",\"potentialAction\":[{\"@type\":\"ReadAction\",\"target\":[\"https:\/\/nailspa.ee\/e-pood\/toode\/longwear-start-10ml\/\"]}]},{\"@type\":\"ImageObject\",\"inLanguage\":\"et\",\"@id\":\"https:\/\/nailspa.ee\/e-pood\/toode\/longwear-start-10ml\/#primaryimage\",\"url\":\"https:\/\/nailspa.ee\/e-pood\/wp-content\/uploads\/2020\/01\/28883_PN-Longwear-Start-10ml-2.jpg\",\"contentUrl\":\"https:\/\/nailspa.ee\/e-pood\/wp-content\/uploads\/2020\/01\/28883_PN-Longwear-Start-10ml-2.jpg\",\"width\":601,\"height\":850},{\"@type\":\"BreadcrumbList\",\"@id\":\"https:\/\/nailspa.ee\/e-pood\/toode\/longwear-start-10ml\/#breadcrumb\",\"itemListElement\":[{\"@type\":\"ListItem\",\"position\":1,\"name\":\"Home\",\"item\":\"http:\/\/nailspa.ee\/e-pood\/\"},{\"@type\":\"ListItem\",\"position\":2,\"name\":\"Pood\",\"item\":\"http:\/\/nailspa.ee\/e-pood\/pood\/\"},{\"@type\":\"ListItem\",\"position\":3,\"name\":\"Longwear Start 10ml &#8211; Aluslakk\"}]},{\"@type\":\"WebSite\",\"@id\":\"http:\/\/nailspa.ee\/e-pood\/#website\",\"url\":\"http:\/\/nailspa.ee\/e-pood\/\",\"name\":\"Nailspa e-pood\",\"description\":\"\",\"potentialAction\":[{\"@type\":\"SearchAction\",\"target\":{\"@type\":\"EntryPoint\",\"urlTemplate\":\"http:\/\/nailspa.ee\/e-pood\/?s={search_term_string}\"},\"query-input\":{\"@type\":\"PropertyValueSpecification\",\"valueRequired\":true,\"valueName\":\"search_term_string\"}}],\"inLanguage\":\"et\"}]}<\/script>\n<!-- \/ Yoast SEO plugin. -->","yoast_head_json":{"title":"Longwear Start 10ml - Aluslakk | Nailspa e-pood","robots":{"index":"index","follow":"follow","max-snippet":"max-snippet:-1","max-image-preview":"max-image-preview:large","max-video-preview":"max-video-preview:-1"},"canonical":"https:\/\/nailspa.ee\/e-pood\/toode\/longwear-start-10ml\/","og_locale":"et_EE","og_type":"article","og_title":"Longwear Start 10ml - Aluslakk | Nailspa e-pood","og_description":"Vastupidavus \u2013 kaks korda kauem kui tavalakk!  Kiiresti kuivav  Lihtne peale kanda  Salongihoolitsus kui ka kodune hooldus  Kuivab p\u00e4evavalguse kui ka p\u00e4ikese valguse m\u00f5jul  Kaitseb k\u00fc\u00fcneplaati lakipigmendi eest  Ennetab m\u00f5ranemist  Parima p\u00fcsivuse tagamiseks kasutada koos Longwear v\u00e4rvilise ja\u00a0 Finish lakiga  Pikendab vastupidavust","og_url":"https:\/\/nailspa.ee\/e-pood\/toode\/longwear-start-10ml\/","og_site_name":"Nailspa e-pood","article_modified_time":"2022-02-15T14:46:21+00:00","og_image":[{"width":601,"height":850,"url":"https:\/\/nailspa.ee\/e-pood\/wp-content\/uploads\/2020\/01\/28883_PN-Longwear-Start-10ml-2.jpg","type":"image\/jpeg"}],"twitter_card":"summary_large_image","schema":{"@context":"https:\/\/schema.org","@graph":[{"@type":"WebPage","@id":"https:\/\/nailspa.ee\/e-pood\/toode\/longwear-start-10ml\/","url":"https:\/\/nailspa.ee\/e-pood\/toode\/longwear-start-10ml\/","name":"Longwear Start 10ml - Aluslakk | Nailspa e-pood","isPartOf":{"@id":"http:\/\/nailspa.ee\/e-pood\/#website"},"primaryImageOfPage":{"@id":"https:\/\/nailspa.ee\/e-pood\/toode\/longwear-start-10ml\/#primaryimage"},"image":{"@id":"https:\/\/nailspa.ee\/e-pood\/toode\/longwear-start-10ml\/#primaryimage"},"thumbnailUrl":"https:\/\/nailspa.ee\/e-pood\/wp-content\/uploads\/2020\/01\/28883_PN-Longwear-Start-10ml-2.jpg","datePublished":"2020-01-15T19:51:29+00:00","dateModified":"2022-02-15T14:46:21+00:00","breadcrumb":{"@id":"https:\/\/nailspa.ee\/e-pood\/toode\/longwear-start-10ml\/#breadcrumb"},"inLanguage":"et","potentialAction":[{"@type":"ReadAction","target":["https:\/\/nailspa.ee\/e-pood\/toode\/longwear-start-10ml\/"]}]},{"@type":"ImageObject","inLanguage":"et","@id":"https:\/\/nailspa.ee\/e-pood\/toode\/longwear-start-10ml\/#primaryimage","url":"https:\/\/nailspa.ee\/e-pood\/wp-content\/uploads\/2020\/01\/28883_PN-Longwear-Start-10ml-2.jpg","contentUrl":"https:\/\/nailspa.ee\/e-pood\/wp-content\/uploads\/2020\/01\/28883_PN-Longwear-Start-10ml-2.jpg","width":601,"height":850},{"@type":"BreadcrumbList","@id":"https:\/\/nailspa.ee\/e-pood\/toode\/longwear-start-10ml\/#breadcrumb","itemListElement":[{"@type":"ListItem","position":1,"name":"Home","item":"http:\/\/nailspa.ee\/e-pood\/"},{"@type":"ListItem","position":2,"name":"Pood","item":"http:\/\/nailspa.ee\/e-pood\/pood\/"},{"@type":"ListItem","position":3,"name":"Longwear Start 10ml &#8211; Aluslakk"}]},{"@type":"WebSite","@id":"http:\/\/nailspa.ee\/e-pood\/#website","url":"http:\/\/nailspa.ee\/e-pood\/","name":"Nailspa e-pood","description":"","potentialAction":[{"@type":"SearchAction","target":{"@type":"EntryPoint","urlTemplate":"http:\/\/nailspa.ee\/e-pood\/?s={search_term_string}"},"query-input":{"@type":"PropertyValueSpecification","valueRequired":true,"valueName":"search_term_string"}}],"inLanguage":"et"}]}},"_links":{"self":[{"href":"https:\/\/nailspa.ee\/e-pood\/wp-json\/wp\/v2\/product\/2614","targetHints":{"allow":["GET"]}}],"collection":[{"href":"https:\/\/nailspa.ee\/e-pood\/wp-json\/wp\/v2\/product"}],"about":[{"href":"https:\/\/nailspa.ee\/e-pood\/wp-json\/wp\/v2\/types\/product"}],"wp:featuredmedia":[{"embeddable":true,"href":"https:\/\/nailspa.ee\/e-pood\/wp-json\/wp\/v2\/media\/3040"}],"wp:attachment":[{"href":"https:\/\/nailspa.ee\/e-pood\/wp-json\/wp\/v2\/media?parent=2614"}],"wp:term":[{"taxonomy":"product_brand","embeddable":true,"href":"https:\/\/nailspa.ee\/e-pood\/wp-json\/wp\/v2\/product_brand?post=2614"},{"taxonomy":"product_cat","embeddable":true,"href":"https:\/\/nailspa.ee\/e-pood\/wp-json\/wp\/v2\/product_cat?post=2614"},{"taxonomy":"product_tag","embeddable":true,"href":"https:\/\/nailspa.ee\/e-pood\/wp-json\/wp\/v2\/product_tag?post=2614"}],"curies":[{"name":"wp","href":"https:\/\/api.w.org\/{rel}","templated":true}]}}