{"id":2613,"date":"2020-01-15T21:51:29","date_gmt":"2020-01-15T19:51:29","guid":{"rendered":"https:\/\/nailspa.ee\/e-pood\/toode\/longwear-finish-10ml\/"},"modified":"2026-01-05T14:32:54","modified_gmt":"2026-01-05T12:32:54","slug":"longwear-finish-10ml","status":"publish","type":"product","link":"https:\/\/nailspa.ee\/e-pood\/toode\/longwear-finish-10ml\/","title":{"rendered":"Longwear Finish 10ml &#8211; Pealislakk"},"content":{"rendered":"","protected":false},"excerpt":{"rendered":"<ul>\n<li>Erakordselt pikk p\u00fcsivus!<\/li>\n<li>P\u00fcsib\u00a0 kuni 2 x kauem kui tavalakk<\/li>\n<li>Uskumatu l\u00e4ige<\/li>\n<li>Parima p\u00fcsivuse tagamiseks kasutada koos Longwear Start ja v\u00e4rvilise lakiga<\/li>\n<\/ul>\n","protected":false},"featured_media":3043,"template":"","meta":[],"product_brand":[],"product_cat":[92],"product_tag":[],"class_list":{"0":"post-2613","1":"product","2":"type-product","3":"status-publish","4":"has-post-thumbnail","6":"product_cat-kuunelakid","8":"first","9":"instock","10":"taxable","11":"shipping-taxable","12":"product-type-simple"},"yoast_head":"<!-- This site is optimized with the Yoast SEO plugin v26.4 - https:\/\/yoast.com\/wordpress\/plugins\/seo\/ -->\n<title>Longwear Finish 10ml - Pealislakk | Nailspa e-pood<\/title>\n<meta name=\"description\" content=\"P\u00fcsib kuni 2 x kauem kui tavalakk; uskumatu l\u00e4ige; parima p\u00fcsivuse tagamiseks kasutada koos Longwear Start ja v\u00e4rvilise lakiga\" \/>\n<meta name=\"robots\" content=\"index, follow, max-snippet:-1, max-image-preview:large, max-video-preview:-1\" \/>\n<link rel=\"canonical\" href=\"https:\/\/nailspa.ee\/e-pood\/toode\/longwear-finish-10ml\/\" \/>\n<meta property=\"og:locale\" content=\"et_EE\" \/>\n<meta property=\"og:type\" content=\"article\" \/>\n<meta property=\"og:title\" content=\"Longwear Finish 10ml - Pealislakk | Nailspa e-pood\" \/>\n<meta property=\"og:description\" content=\"P\u00fcsib kuni 2 x kauem kui tavalakk; uskumatu l\u00e4ige; parima p\u00fcsivuse tagamiseks kasutada koos Longwear Start ja v\u00e4rvilise lakiga\" \/>\n<meta property=\"og:url\" content=\"https:\/\/nailspa.ee\/e-pood\/toode\/longwear-finish-10ml\/\" \/>\n<meta property=\"og:site_name\" content=\"Nailspa e-pood\" \/>\n<meta property=\"article:modified_time\" content=\"2026-01-05T12:32:54+00:00\" \/>\n<meta property=\"og:image\" content=\"https:\/\/nailspa.ee\/e-pood\/wp-content\/uploads\/2020\/01\/LongWear-Finish.jpg\" \/>\n\t<meta property=\"og:image:width\" content=\"1024\" \/>\n\t<meta property=\"og:image:height\" content=\"1024\" \/>\n\t<meta property=\"og:image:type\" content=\"image\/jpeg\" \/>\n<meta name=\"twitter:card\" content=\"summary_large_image\" \/>\n<meta name=\"twitter:label1\" content=\"Est. reading time\" \/>\n\t<meta name=\"twitter:data1\" content=\"1 minut\" \/>\n<script type=\"application\/ld+json\" class=\"yoast-schema-graph\">{\"@context\":\"https:\/\/schema.org\",\"@graph\":[{\"@type\":\"WebPage\",\"@id\":\"https:\/\/nailspa.ee\/e-pood\/toode\/longwear-finish-10ml\/\",\"url\":\"https:\/\/nailspa.ee\/e-pood\/toode\/longwear-finish-10ml\/\",\"name\":\"Longwear Finish 10ml - Pealislakk | Nailspa e-pood\",\"isPartOf\":{\"@id\":\"http:\/\/nailspa.ee\/e-pood\/#website\"},\"primaryImageOfPage\":{\"@id\":\"https:\/\/nailspa.ee\/e-pood\/toode\/longwear-finish-10ml\/#primaryimage\"},\"image\":{\"@id\":\"https:\/\/nailspa.ee\/e-pood\/toode\/longwear-finish-10ml\/#primaryimage\"},\"thumbnailUrl\":\"https:\/\/nailspa.ee\/e-pood\/wp-content\/uploads\/2020\/01\/LongWear-Finish.jpg\",\"datePublished\":\"2020-01-15T19:51:29+00:00\",\"dateModified\":\"2026-01-05T12:32:54+00:00\",\"description\":\"P\u00fcsib kuni 2 x kauem kui tavalakk; uskumatu l\u00e4ige; parima p\u00fcsivuse tagamiseks kasutada koos Longwear Start ja v\u00e4rvilise lakiga\",\"breadcrumb\":{\"@id\":\"https:\/\/nailspa.ee\/e-pood\/toode\/longwear-finish-10ml\/#breadcrumb\"},\"inLanguage\":\"et\",\"potentialAction\":[{\"@type\":\"ReadAction\",\"target\":[\"https:\/\/nailspa.ee\/e-pood\/toode\/longwear-finish-10ml\/\"]}]},{\"@type\":\"ImageObject\",\"inLanguage\":\"et\",\"@id\":\"https:\/\/nailspa.ee\/e-pood\/toode\/longwear-finish-10ml\/#primaryimage\",\"url\":\"https:\/\/nailspa.ee\/e-pood\/wp-content\/uploads\/2020\/01\/LongWear-Finish.jpg\",\"contentUrl\":\"https:\/\/nailspa.ee\/e-pood\/wp-content\/uploads\/2020\/01\/LongWear-Finish.jpg\",\"width\":1024,\"height\":1024},{\"@type\":\"BreadcrumbList\",\"@id\":\"https:\/\/nailspa.ee\/e-pood\/toode\/longwear-finish-10ml\/#breadcrumb\",\"itemListElement\":[{\"@type\":\"ListItem\",\"position\":1,\"name\":\"Home\",\"item\":\"http:\/\/nailspa.ee\/e-pood\/\"},{\"@type\":\"ListItem\",\"position\":2,\"name\":\"Pood\",\"item\":\"http:\/\/nailspa.ee\/e-pood\/pood\/\"},{\"@type\":\"ListItem\",\"position\":3,\"name\":\"Longwear Finish 10ml &#8211; Pealislakk\"}]},{\"@type\":\"WebSite\",\"@id\":\"http:\/\/nailspa.ee\/e-pood\/#website\",\"url\":\"http:\/\/nailspa.ee\/e-pood\/\",\"name\":\"Nailspa e-pood\",\"description\":\"\",\"potentialAction\":[{\"@type\":\"SearchAction\",\"target\":{\"@type\":\"EntryPoint\",\"urlTemplate\":\"http:\/\/nailspa.ee\/e-pood\/?s={search_term_string}\"},\"query-input\":{\"@type\":\"PropertyValueSpecification\",\"valueRequired\":true,\"valueName\":\"search_term_string\"}}],\"inLanguage\":\"et\"}]}<\/script>\n<!-- \/ Yoast SEO plugin. -->","yoast_head_json":{"title":"Longwear Finish 10ml - Pealislakk | Nailspa e-pood","description":"P\u00fcsib kuni 2 x kauem kui tavalakk; uskumatu l\u00e4ige; parima p\u00fcsivuse tagamiseks kasutada koos Longwear Start ja v\u00e4rvilise lakiga","robots":{"index":"index","follow":"follow","max-snippet":"max-snippet:-1","max-image-preview":"max-image-preview:large","max-video-preview":"max-video-preview:-1"},"canonical":"https:\/\/nailspa.ee\/e-pood\/toode\/longwear-finish-10ml\/","og_locale":"et_EE","og_type":"article","og_title":"Longwear Finish 10ml - Pealislakk | Nailspa e-pood","og_description":"P\u00fcsib kuni 2 x kauem kui tavalakk; uskumatu l\u00e4ige; parima p\u00fcsivuse tagamiseks kasutada koos Longwear Start ja v\u00e4rvilise lakiga","og_url":"https:\/\/nailspa.ee\/e-pood\/toode\/longwear-finish-10ml\/","og_site_name":"Nailspa e-pood","article_modified_time":"2026-01-05T12:32:54+00:00","og_image":[{"width":1024,"height":1024,"url":"https:\/\/nailspa.ee\/e-pood\/wp-content\/uploads\/2020\/01\/LongWear-Finish.jpg","type":"image\/jpeg"}],"twitter_card":"summary_large_image","twitter_misc":{"Est. reading time":"1 minut"},"schema":{"@context":"https:\/\/schema.org","@graph":[{"@type":"WebPage","@id":"https:\/\/nailspa.ee\/e-pood\/toode\/longwear-finish-10ml\/","url":"https:\/\/nailspa.ee\/e-pood\/toode\/longwear-finish-10ml\/","name":"Longwear Finish 10ml - Pealislakk | Nailspa e-pood","isPartOf":{"@id":"http:\/\/nailspa.ee\/e-pood\/#website"},"primaryImageOfPage":{"@id":"https:\/\/nailspa.ee\/e-pood\/toode\/longwear-finish-10ml\/#primaryimage"},"image":{"@id":"https:\/\/nailspa.ee\/e-pood\/toode\/longwear-finish-10ml\/#primaryimage"},"thumbnailUrl":"https:\/\/nailspa.ee\/e-pood\/wp-content\/uploads\/2020\/01\/LongWear-Finish.jpg","datePublished":"2020-01-15T19:51:29+00:00","dateModified":"2026-01-05T12:32:54+00:00","description":"P\u00fcsib kuni 2 x kauem kui tavalakk; uskumatu l\u00e4ige; parima p\u00fcsivuse tagamiseks kasutada koos Longwear Start ja v\u00e4rvilise lakiga","breadcrumb":{"@id":"https:\/\/nailspa.ee\/e-pood\/toode\/longwear-finish-10ml\/#breadcrumb"},"inLanguage":"et","potentialAction":[{"@type":"ReadAction","target":["https:\/\/nailspa.ee\/e-pood\/toode\/longwear-finish-10ml\/"]}]},{"@type":"ImageObject","inLanguage":"et","@id":"https:\/\/nailspa.ee\/e-pood\/toode\/longwear-finish-10ml\/#primaryimage","url":"https:\/\/nailspa.ee\/e-pood\/wp-content\/uploads\/2020\/01\/LongWear-Finish.jpg","contentUrl":"https:\/\/nailspa.ee\/e-pood\/wp-content\/uploads\/2020\/01\/LongWear-Finish.jpg","width":1024,"height":1024},{"@type":"BreadcrumbList","@id":"https:\/\/nailspa.ee\/e-pood\/toode\/longwear-finish-10ml\/#breadcrumb","itemListElement":[{"@type":"ListItem","position":1,"name":"Home","item":"http:\/\/nailspa.ee\/e-pood\/"},{"@type":"ListItem","position":2,"name":"Pood","item":"http:\/\/nailspa.ee\/e-pood\/pood\/"},{"@type":"ListItem","position":3,"name":"Longwear Finish 10ml &#8211; Pealislakk"}]},{"@type":"WebSite","@id":"http:\/\/nailspa.ee\/e-pood\/#website","url":"http:\/\/nailspa.ee\/e-pood\/","name":"Nailspa e-pood","description":"","potentialAction":[{"@type":"SearchAction","target":{"@type":"EntryPoint","urlTemplate":"http:\/\/nailspa.ee\/e-pood\/?s={search_term_string}"},"query-input":{"@type":"PropertyValueSpecification","valueRequired":true,"valueName":"search_term_string"}}],"inLanguage":"et"}]}},"_links":{"self":[{"href":"https:\/\/nailspa.ee\/e-pood\/wp-json\/wp\/v2\/product\/2613","targetHints":{"allow":["GET"]}}],"collection":[{"href":"https:\/\/nailspa.ee\/e-pood\/wp-json\/wp\/v2\/product"}],"about":[{"href":"https:\/\/nailspa.ee\/e-pood\/wp-json\/wp\/v2\/types\/product"}],"wp:featuredmedia":[{"embeddable":true,"href":"https:\/\/nailspa.ee\/e-pood\/wp-json\/wp\/v2\/media\/3043"}],"wp:attachment":[{"href":"https:\/\/nailspa.ee\/e-pood\/wp-json\/wp\/v2\/media?parent=2613"}],"wp:term":[{"taxonomy":"product_brand","embeddable":true,"href":"https:\/\/nailspa.ee\/e-pood\/wp-json\/wp\/v2\/product_brand?post=2613"},{"taxonomy":"product_cat","embeddable":true,"href":"https:\/\/nailspa.ee\/e-pood\/wp-json\/wp\/v2\/product_cat?post=2613"},{"taxonomy":"product_tag","embeddable":true,"href":"https:\/\/nailspa.ee\/e-pood\/wp-json\/wp\/v2\/product_tag?post=2613"}],"curies":[{"name":"wp","href":"https:\/\/api.w.org\/{rel}","templated":true}]}}