{"id":2608,"date":"2020-01-15T21:51:28","date_gmt":"2020-01-15T19:51:28","guid":{"rendered":"https:\/\/nailspa.ee\/e-pood\/toode\/longwear-146-back-to-wool-10ml\/"},"modified":"2024-10-16T14:22:06","modified_gmt":"2024-10-16T11:22:06","slug":"longwear-146-back-to-wool-10ml","status":"publish","type":"product","link":"https:\/\/nailspa.ee\/e-pood\/toode\/longwear-146-back-to-wool-10ml\/","title":{"rendered":"Longwear 146 Back To Wool 10ml"},"content":{"rendered":"","protected":false},"excerpt":{"rendered":"<ul>\n<li>V\u00e4ga hea katvusega<\/li>\n<li>P\u00fcsib isegi kuni 2 x kauem kui tavalakk<\/li>\n<li>Parima p\u00fcsivuse tagamiseks kasutada koos Longwear Start ja Finish lakiga<\/li>\n<\/ul>\n","protected":false},"featured_media":3109,"template":"","meta":[],"product_brand":[],"product_cat":[92],"product_tag":[],"class_list":{"0":"post-2608","1":"product","2":"type-product","3":"status-publish","4":"has-post-thumbnail","6":"product_cat-kuunelakid","8":"first","9":"instock","10":"taxable","11":"shipping-taxable","12":"purchasable","13":"product-type-simple"},"yoast_head":"<!-- This site is optimized with the Yoast SEO plugin v26.4 - https:\/\/yoast.com\/wordpress\/plugins\/seo\/ -->\n<title>Longwear 146 Back To Wool 10ml | Nailspa e-pood<\/title>\n<meta name=\"robots\" content=\"index, follow, max-snippet:-1, max-image-preview:large, max-video-preview:-1\" \/>\n<link rel=\"canonical\" href=\"http:\/\/nailspa.ee\/e-pood\/toode\/longwear-146-back-to-wool-10ml\/\" \/>\n<meta property=\"og:locale\" content=\"et_EE\" \/>\n<meta property=\"og:type\" content=\"article\" \/>\n<meta property=\"og:title\" content=\"Longwear 146 Back To Wool 10ml | Nailspa e-pood\" \/>\n<meta property=\"og:description\" content=\"V\u00e4ga hea katvusega  P\u00fcsib isegi kuni 2 x kauem kui tavalakk  Parima p\u00fcsivuse tagamiseks kasutada koos Longwear Start ja Finish lakiga\" \/>\n<meta property=\"og:url\" content=\"http:\/\/nailspa.ee\/e-pood\/toode\/longwear-146-back-to-wool-10ml\/\" \/>\n<meta property=\"og:site_name\" content=\"Nailspa e-pood\" \/>\n<meta property=\"article:modified_time\" content=\"2024-10-16T11:22:06+00:00\" \/>\n<meta property=\"og:image\" content=\"http:\/\/nailspa.ee\/e-pood\/wp-content\/uploads\/2020\/01\/28876-PN-LongWear-146-Back-To-Wool-10-ml-scaled.jpg\" \/>\n\t<meta property=\"og:image:width\" content=\"1810\" \/>\n\t<meta property=\"og:image:height\" content=\"2560\" \/>\n\t<meta property=\"og:image:type\" content=\"image\/jpeg\" \/>\n<meta name=\"twitter:card\" content=\"summary_large_image\" \/>\n<meta name=\"twitter:label1\" content=\"Est. reading time\" \/>\n\t<meta name=\"twitter:data1\" content=\"1 minut\" \/>\n<script type=\"application\/ld+json\" class=\"yoast-schema-graph\">{\"@context\":\"https:\/\/schema.org\",\"@graph\":[{\"@type\":\"WebPage\",\"@id\":\"http:\/\/nailspa.ee\/e-pood\/toode\/longwear-146-back-to-wool-10ml\/\",\"url\":\"http:\/\/nailspa.ee\/e-pood\/toode\/longwear-146-back-to-wool-10ml\/\",\"name\":\"Longwear 146 Back To Wool 10ml | Nailspa e-pood\",\"isPartOf\":{\"@id\":\"http:\/\/nailspa.ee\/e-pood\/#website\"},\"primaryImageOfPage\":{\"@id\":\"http:\/\/nailspa.ee\/e-pood\/toode\/longwear-146-back-to-wool-10ml\/#primaryimage\"},\"image\":{\"@id\":\"http:\/\/nailspa.ee\/e-pood\/toode\/longwear-146-back-to-wool-10ml\/#primaryimage\"},\"thumbnailUrl\":\"https:\/\/nailspa.ee\/e-pood\/wp-content\/uploads\/2020\/01\/28876-PN-LongWear-146-Back-To-Wool-10-ml-scaled.jpg\",\"datePublished\":\"2020-01-15T19:51:28+00:00\",\"dateModified\":\"2024-10-16T11:22:06+00:00\",\"breadcrumb\":{\"@id\":\"http:\/\/nailspa.ee\/e-pood\/toode\/longwear-146-back-to-wool-10ml\/#breadcrumb\"},\"inLanguage\":\"et\",\"potentialAction\":[{\"@type\":\"ReadAction\",\"target\":[\"http:\/\/nailspa.ee\/e-pood\/toode\/longwear-146-back-to-wool-10ml\/\"]}]},{\"@type\":\"ImageObject\",\"inLanguage\":\"et\",\"@id\":\"http:\/\/nailspa.ee\/e-pood\/toode\/longwear-146-back-to-wool-10ml\/#primaryimage\",\"url\":\"https:\/\/nailspa.ee\/e-pood\/wp-content\/uploads\/2020\/01\/28876-PN-LongWear-146-Back-To-Wool-10-ml-scaled.jpg\",\"contentUrl\":\"https:\/\/nailspa.ee\/e-pood\/wp-content\/uploads\/2020\/01\/28876-PN-LongWear-146-Back-To-Wool-10-ml-scaled.jpg\",\"width\":1810,\"height\":2560},{\"@type\":\"BreadcrumbList\",\"@id\":\"http:\/\/nailspa.ee\/e-pood\/toode\/longwear-146-back-to-wool-10ml\/#breadcrumb\",\"itemListElement\":[{\"@type\":\"ListItem\",\"position\":1,\"name\":\"Home\",\"item\":\"http:\/\/nailspa.ee\/e-pood\/\"},{\"@type\":\"ListItem\",\"position\":2,\"name\":\"Pood\",\"item\":\"http:\/\/nailspa.ee\/e-pood\/pood\/\"},{\"@type\":\"ListItem\",\"position\":3,\"name\":\"Longwear 146 Back To Wool 10ml\"}]},{\"@type\":\"WebSite\",\"@id\":\"http:\/\/nailspa.ee\/e-pood\/#website\",\"url\":\"http:\/\/nailspa.ee\/e-pood\/\",\"name\":\"Nailspa e-pood\",\"description\":\"\",\"potentialAction\":[{\"@type\":\"SearchAction\",\"target\":{\"@type\":\"EntryPoint\",\"urlTemplate\":\"http:\/\/nailspa.ee\/e-pood\/?s={search_term_string}\"},\"query-input\":{\"@type\":\"PropertyValueSpecification\",\"valueRequired\":true,\"valueName\":\"search_term_string\"}}],\"inLanguage\":\"et\"}]}<\/script>\n<!-- \/ Yoast SEO plugin. -->","yoast_head_json":{"title":"Longwear 146 Back To Wool 10ml | Nailspa e-pood","robots":{"index":"index","follow":"follow","max-snippet":"max-snippet:-1","max-image-preview":"max-image-preview:large","max-video-preview":"max-video-preview:-1"},"canonical":"http:\/\/nailspa.ee\/e-pood\/toode\/longwear-146-back-to-wool-10ml\/","og_locale":"et_EE","og_type":"article","og_title":"Longwear 146 Back To Wool 10ml | Nailspa e-pood","og_description":"V\u00e4ga hea katvusega  P\u00fcsib isegi kuni 2 x kauem kui tavalakk  Parima p\u00fcsivuse tagamiseks kasutada koos Longwear Start ja Finish lakiga","og_url":"http:\/\/nailspa.ee\/e-pood\/toode\/longwear-146-back-to-wool-10ml\/","og_site_name":"Nailspa e-pood","article_modified_time":"2024-10-16T11:22:06+00:00","og_image":[{"width":1810,"height":2560,"url":"http:\/\/nailspa.ee\/e-pood\/wp-content\/uploads\/2020\/01\/28876-PN-LongWear-146-Back-To-Wool-10-ml-scaled.jpg","type":"image\/jpeg"}],"twitter_card":"summary_large_image","twitter_misc":{"Est. reading time":"1 minut"},"schema":{"@context":"https:\/\/schema.org","@graph":[{"@type":"WebPage","@id":"http:\/\/nailspa.ee\/e-pood\/toode\/longwear-146-back-to-wool-10ml\/","url":"http:\/\/nailspa.ee\/e-pood\/toode\/longwear-146-back-to-wool-10ml\/","name":"Longwear 146 Back To Wool 10ml | Nailspa e-pood","isPartOf":{"@id":"http:\/\/nailspa.ee\/e-pood\/#website"},"primaryImageOfPage":{"@id":"http:\/\/nailspa.ee\/e-pood\/toode\/longwear-146-back-to-wool-10ml\/#primaryimage"},"image":{"@id":"http:\/\/nailspa.ee\/e-pood\/toode\/longwear-146-back-to-wool-10ml\/#primaryimage"},"thumbnailUrl":"https:\/\/nailspa.ee\/e-pood\/wp-content\/uploads\/2020\/01\/28876-PN-LongWear-146-Back-To-Wool-10-ml-scaled.jpg","datePublished":"2020-01-15T19:51:28+00:00","dateModified":"2024-10-16T11:22:06+00:00","breadcrumb":{"@id":"http:\/\/nailspa.ee\/e-pood\/toode\/longwear-146-back-to-wool-10ml\/#breadcrumb"},"inLanguage":"et","potentialAction":[{"@type":"ReadAction","target":["http:\/\/nailspa.ee\/e-pood\/toode\/longwear-146-back-to-wool-10ml\/"]}]},{"@type":"ImageObject","inLanguage":"et","@id":"http:\/\/nailspa.ee\/e-pood\/toode\/longwear-146-back-to-wool-10ml\/#primaryimage","url":"https:\/\/nailspa.ee\/e-pood\/wp-content\/uploads\/2020\/01\/28876-PN-LongWear-146-Back-To-Wool-10-ml-scaled.jpg","contentUrl":"https:\/\/nailspa.ee\/e-pood\/wp-content\/uploads\/2020\/01\/28876-PN-LongWear-146-Back-To-Wool-10-ml-scaled.jpg","width":1810,"height":2560},{"@type":"BreadcrumbList","@id":"http:\/\/nailspa.ee\/e-pood\/toode\/longwear-146-back-to-wool-10ml\/#breadcrumb","itemListElement":[{"@type":"ListItem","position":1,"name":"Home","item":"http:\/\/nailspa.ee\/e-pood\/"},{"@type":"ListItem","position":2,"name":"Pood","item":"http:\/\/nailspa.ee\/e-pood\/pood\/"},{"@type":"ListItem","position":3,"name":"Longwear 146 Back To Wool 10ml"}]},{"@type":"WebSite","@id":"http:\/\/nailspa.ee\/e-pood\/#website","url":"http:\/\/nailspa.ee\/e-pood\/","name":"Nailspa e-pood","description":"","potentialAction":[{"@type":"SearchAction","target":{"@type":"EntryPoint","urlTemplate":"http:\/\/nailspa.ee\/e-pood\/?s={search_term_string}"},"query-input":{"@type":"PropertyValueSpecification","valueRequired":true,"valueName":"search_term_string"}}],"inLanguage":"et"}]}},"_links":{"self":[{"href":"https:\/\/nailspa.ee\/e-pood\/wp-json\/wp\/v2\/product\/2608","targetHints":{"allow":["GET"]}}],"collection":[{"href":"https:\/\/nailspa.ee\/e-pood\/wp-json\/wp\/v2\/product"}],"about":[{"href":"https:\/\/nailspa.ee\/e-pood\/wp-json\/wp\/v2\/types\/product"}],"wp:featuredmedia":[{"embeddable":true,"href":"https:\/\/nailspa.ee\/e-pood\/wp-json\/wp\/v2\/media\/3109"}],"wp:attachment":[{"href":"https:\/\/nailspa.ee\/e-pood\/wp-json\/wp\/v2\/media?parent=2608"}],"wp:term":[{"taxonomy":"product_brand","embeddable":true,"href":"https:\/\/nailspa.ee\/e-pood\/wp-json\/wp\/v2\/product_brand?post=2608"},{"taxonomy":"product_cat","embeddable":true,"href":"https:\/\/nailspa.ee\/e-pood\/wp-json\/wp\/v2\/product_cat?post=2608"},{"taxonomy":"product_tag","embeddable":true,"href":"https:\/\/nailspa.ee\/e-pood\/wp-json\/wp\/v2\/product_tag?post=2608"}],"curies":[{"name":"wp","href":"https:\/\/api.w.org\/{rel}","templated":true}]}}