{"id":2580,"date":"2020-01-15T21:51:27","date_gmt":"2020-01-15T19:51:27","guid":{"rendered":"https:\/\/nailspa.ee\/e-pood\/toode\/natural-nail-forms-100tk\/"},"modified":"2025-01-13T16:06:18","modified_gmt":"2025-01-13T14:06:18","slug":"natural-nail-forms-100tk","status":"publish","type":"product","link":"https:\/\/nailspa.ee\/e-pood\/toode\/natural-nail-forms-100tk\/","title":{"rendered":"Natural Nail Forms 100tk &#8211; K\u00fc\u00fcnevormid"},"content":{"rendered":"","protected":false},"excerpt":{"rendered":"<ul>\n<li>K\u00fc\u00fcnte pikendamiseks<\/li>\n<li>Kiirem viis akr\u00fc\u00fcl- v\u00f5i geelk\u00fc\u00fcnte paigaldamiseks<\/li>\n<li>Tugev k\u00fc\u00fcnevorm<\/li>\n<li>Tugev haakuvus<\/li>\n<\/ul>\n","protected":false},"featured_media":7089,"template":"","meta":[],"product_brand":[],"product_cat":[75],"product_tag":[],"class_list":{"0":"post-2580","1":"product","2":"type-product","3":"status-publish","4":"has-post-thumbnail","6":"product_cat-primerid-liim-kuunevormid","8":"first","9":"instock","10":"taxable","11":"shipping-taxable","12":"purchasable","13":"product-type-simple"},"yoast_head":"<!-- This site is optimized with the Yoast SEO plugin v26.4 - https:\/\/yoast.com\/wordpress\/plugins\/seo\/ -->\n<title>Natural Nail Forms 100tk - K\u00fc\u00fcnevormid | Nailspa e-pood<\/title>\n<meta name=\"robots\" content=\"index, follow, max-snippet:-1, max-image-preview:large, max-video-preview:-1\" \/>\n<link rel=\"canonical\" href=\"https:\/\/nailspa.ee\/e-pood\/toode\/natural-nail-forms-100tk\/\" \/>\n<meta property=\"og:locale\" content=\"et_EE\" \/>\n<meta property=\"og:type\" content=\"article\" \/>\n<meta property=\"og:title\" content=\"Natural Nail Forms 100tk - K\u00fc\u00fcnevormid | Nailspa e-pood\" \/>\n<meta property=\"og:description\" content=\"K\u00fc\u00fcnte pikendamiseks  Kiirem viis akr\u00fc\u00fcl- v\u00f5i geelk\u00fc\u00fcnte paigaldamiseks  Tugev k\u00fc\u00fcnevorm  Tugev haakuvus\" \/>\n<meta property=\"og:url\" content=\"https:\/\/nailspa.ee\/e-pood\/toode\/natural-nail-forms-100tk\/\" \/>\n<meta property=\"og:site_name\" content=\"Nailspa e-pood\" \/>\n<meta property=\"article:modified_time\" content=\"2025-01-13T14:06:18+00:00\" \/>\n<meta property=\"og:image\" content=\"https:\/\/nailspa.ee\/e-pood\/wp-content\/uploads\/2025\/01\/28822_NailForm_1-\u2013-koopia.jpg\" \/>\n\t<meta property=\"og:image:width\" content=\"2066\" \/>\n\t<meta property=\"og:image:height\" content=\"1898\" \/>\n\t<meta property=\"og:image:type\" content=\"image\/jpeg\" \/>\n<meta name=\"twitter:card\" content=\"summary_large_image\" \/>\n<meta name=\"twitter:label1\" content=\"Est. reading time\" \/>\n\t<meta name=\"twitter:data1\" content=\"1 minut\" \/>\n<script type=\"application\/ld+json\" class=\"yoast-schema-graph\">{\"@context\":\"https:\/\/schema.org\",\"@graph\":[{\"@type\":\"WebPage\",\"@id\":\"https:\/\/nailspa.ee\/e-pood\/toode\/natural-nail-forms-100tk\/\",\"url\":\"https:\/\/nailspa.ee\/e-pood\/toode\/natural-nail-forms-100tk\/\",\"name\":\"Natural Nail Forms 100tk - K\u00fc\u00fcnevormid | Nailspa e-pood\",\"isPartOf\":{\"@id\":\"https:\/\/nailspa.ee\/e-pood\/#website\"},\"primaryImageOfPage\":{\"@id\":\"https:\/\/nailspa.ee\/e-pood\/toode\/natural-nail-forms-100tk\/#primaryimage\"},\"image\":{\"@id\":\"https:\/\/nailspa.ee\/e-pood\/toode\/natural-nail-forms-100tk\/#primaryimage\"},\"thumbnailUrl\":\"https:\/\/nailspa.ee\/e-pood\/wp-content\/uploads\/2025\/01\/28822_NailForm_1-\u2013-koopia.jpg\",\"datePublished\":\"2020-01-15T19:51:27+00:00\",\"dateModified\":\"2025-01-13T14:06:18+00:00\",\"breadcrumb\":{\"@id\":\"https:\/\/nailspa.ee\/e-pood\/toode\/natural-nail-forms-100tk\/#breadcrumb\"},\"inLanguage\":\"et\",\"potentialAction\":[{\"@type\":\"ReadAction\",\"target\":[\"https:\/\/nailspa.ee\/e-pood\/toode\/natural-nail-forms-100tk\/\"]}]},{\"@type\":\"ImageObject\",\"inLanguage\":\"et\",\"@id\":\"https:\/\/nailspa.ee\/e-pood\/toode\/natural-nail-forms-100tk\/#primaryimage\",\"url\":\"https:\/\/nailspa.ee\/e-pood\/wp-content\/uploads\/2025\/01\/28822_NailForm_1-\u2013-koopia.jpg\",\"contentUrl\":\"https:\/\/nailspa.ee\/e-pood\/wp-content\/uploads\/2025\/01\/28822_NailForm_1-\u2013-koopia.jpg\",\"width\":2066,\"height\":1898},{\"@type\":\"BreadcrumbList\",\"@id\":\"https:\/\/nailspa.ee\/e-pood\/toode\/natural-nail-forms-100tk\/#breadcrumb\",\"itemListElement\":[{\"@type\":\"ListItem\",\"position\":1,\"name\":\"Home\",\"item\":\"https:\/\/nailspa.ee\/e-pood\/\"},{\"@type\":\"ListItem\",\"position\":2,\"name\":\"Pood\",\"item\":\"https:\/\/nailspa.ee\/e-pood\/pood\/\"},{\"@type\":\"ListItem\",\"position\":3,\"name\":\"Natural Nail Forms 100tk &#8211; K\u00fc\u00fcnevormid\"}]},{\"@type\":\"WebSite\",\"@id\":\"https:\/\/nailspa.ee\/e-pood\/#website\",\"url\":\"https:\/\/nailspa.ee\/e-pood\/\",\"name\":\"Nailspa e-pood\",\"description\":\"\",\"potentialAction\":[{\"@type\":\"SearchAction\",\"target\":{\"@type\":\"EntryPoint\",\"urlTemplate\":\"https:\/\/nailspa.ee\/e-pood\/?s={search_term_string}\"},\"query-input\":{\"@type\":\"PropertyValueSpecification\",\"valueRequired\":true,\"valueName\":\"search_term_string\"}}],\"inLanguage\":\"et\"}]}<\/script>\n<!-- \/ Yoast SEO plugin. -->","yoast_head_json":{"title":"Natural Nail Forms 100tk - K\u00fc\u00fcnevormid | Nailspa e-pood","robots":{"index":"index","follow":"follow","max-snippet":"max-snippet:-1","max-image-preview":"max-image-preview:large","max-video-preview":"max-video-preview:-1"},"canonical":"https:\/\/nailspa.ee\/e-pood\/toode\/natural-nail-forms-100tk\/","og_locale":"et_EE","og_type":"article","og_title":"Natural Nail Forms 100tk - K\u00fc\u00fcnevormid | Nailspa e-pood","og_description":"K\u00fc\u00fcnte pikendamiseks  Kiirem viis akr\u00fc\u00fcl- v\u00f5i geelk\u00fc\u00fcnte paigaldamiseks  Tugev k\u00fc\u00fcnevorm  Tugev haakuvus","og_url":"https:\/\/nailspa.ee\/e-pood\/toode\/natural-nail-forms-100tk\/","og_site_name":"Nailspa e-pood","article_modified_time":"2025-01-13T14:06:18+00:00","og_image":[{"width":2066,"height":1898,"url":"https:\/\/nailspa.ee\/e-pood\/wp-content\/uploads\/2025\/01\/28822_NailForm_1-\u2013-koopia.jpg","type":"image\/jpeg"}],"twitter_card":"summary_large_image","twitter_misc":{"Est. reading time":"1 minut"},"schema":{"@context":"https:\/\/schema.org","@graph":[{"@type":"WebPage","@id":"https:\/\/nailspa.ee\/e-pood\/toode\/natural-nail-forms-100tk\/","url":"https:\/\/nailspa.ee\/e-pood\/toode\/natural-nail-forms-100tk\/","name":"Natural Nail Forms 100tk - K\u00fc\u00fcnevormid | Nailspa e-pood","isPartOf":{"@id":"https:\/\/nailspa.ee\/e-pood\/#website"},"primaryImageOfPage":{"@id":"https:\/\/nailspa.ee\/e-pood\/toode\/natural-nail-forms-100tk\/#primaryimage"},"image":{"@id":"https:\/\/nailspa.ee\/e-pood\/toode\/natural-nail-forms-100tk\/#primaryimage"},"thumbnailUrl":"https:\/\/nailspa.ee\/e-pood\/wp-content\/uploads\/2025\/01\/28822_NailForm_1-\u2013-koopia.jpg","datePublished":"2020-01-15T19:51:27+00:00","dateModified":"2025-01-13T14:06:18+00:00","breadcrumb":{"@id":"https:\/\/nailspa.ee\/e-pood\/toode\/natural-nail-forms-100tk\/#breadcrumb"},"inLanguage":"et","potentialAction":[{"@type":"ReadAction","target":["https:\/\/nailspa.ee\/e-pood\/toode\/natural-nail-forms-100tk\/"]}]},{"@type":"ImageObject","inLanguage":"et","@id":"https:\/\/nailspa.ee\/e-pood\/toode\/natural-nail-forms-100tk\/#primaryimage","url":"https:\/\/nailspa.ee\/e-pood\/wp-content\/uploads\/2025\/01\/28822_NailForm_1-\u2013-koopia.jpg","contentUrl":"https:\/\/nailspa.ee\/e-pood\/wp-content\/uploads\/2025\/01\/28822_NailForm_1-\u2013-koopia.jpg","width":2066,"height":1898},{"@type":"BreadcrumbList","@id":"https:\/\/nailspa.ee\/e-pood\/toode\/natural-nail-forms-100tk\/#breadcrumb","itemListElement":[{"@type":"ListItem","position":1,"name":"Home","item":"https:\/\/nailspa.ee\/e-pood\/"},{"@type":"ListItem","position":2,"name":"Pood","item":"https:\/\/nailspa.ee\/e-pood\/pood\/"},{"@type":"ListItem","position":3,"name":"Natural Nail Forms 100tk &#8211; K\u00fc\u00fcnevormid"}]},{"@type":"WebSite","@id":"https:\/\/nailspa.ee\/e-pood\/#website","url":"https:\/\/nailspa.ee\/e-pood\/","name":"Nailspa e-pood","description":"","potentialAction":[{"@type":"SearchAction","target":{"@type":"EntryPoint","urlTemplate":"https:\/\/nailspa.ee\/e-pood\/?s={search_term_string}"},"query-input":{"@type":"PropertyValueSpecification","valueRequired":true,"valueName":"search_term_string"}}],"inLanguage":"et"}]}},"_links":{"self":[{"href":"https:\/\/nailspa.ee\/e-pood\/wp-json\/wp\/v2\/product\/2580","targetHints":{"allow":["GET"]}}],"collection":[{"href":"https:\/\/nailspa.ee\/e-pood\/wp-json\/wp\/v2\/product"}],"about":[{"href":"https:\/\/nailspa.ee\/e-pood\/wp-json\/wp\/v2\/types\/product"}],"wp:featuredmedia":[{"embeddable":true,"href":"https:\/\/nailspa.ee\/e-pood\/wp-json\/wp\/v2\/media\/7089"}],"wp:attachment":[{"href":"https:\/\/nailspa.ee\/e-pood\/wp-json\/wp\/v2\/media?parent=2580"}],"wp:term":[{"taxonomy":"product_brand","embeddable":true,"href":"https:\/\/nailspa.ee\/e-pood\/wp-json\/wp\/v2\/product_brand?post=2580"},{"taxonomy":"product_cat","embeddable":true,"href":"https:\/\/nailspa.ee\/e-pood\/wp-json\/wp\/v2\/product_cat?post=2580"},{"taxonomy":"product_tag","embeddable":true,"href":"https:\/\/nailspa.ee\/e-pood\/wp-json\/wp\/v2\/product_tag?post=2580"}],"curies":[{"name":"wp","href":"https:\/\/api.w.org\/{rel}","templated":true}]}}