{"id":2537,"date":"2020-01-15T21:51:24","date_gmt":"2020-01-15T19:51:24","guid":{"rendered":"https:\/\/nailspa.ee\/e-pood\/toode\/vision-pro-700-kuunefrees\/"},"modified":"2020-01-21T11:58:50","modified_gmt":"2020-01-21T09:58:50","slug":"vision-pro-700-kuunefrees","status":"publish","type":"product","link":"https:\/\/nailspa.ee\/e-pood\/toode\/vision-pro-700-kuunefrees\/","title":{"rendered":"Vision Pro 700 k\u00fc\u00fcnefrees integreeritud imurs\u00fcsteemiga"},"content":{"rendered":"","protected":false},"excerpt":{"rendered":"<ul>\n<li>Vision Pro 700 k\u00fc\u00fcnefreesi disain on 100% professionaalsete k\u00fc\u00fcnetehnikute visioon<\/li>\n<li>Seadme iga detail on p\u00f5hjalikult l\u00e4bim\u00f5eldud, et aidata k\u00fc\u00fcnetehnikutel t\u00f6\u00f6tada kiiremini, t\u00e4psemalt ja rohkem mugavamalt, et pakkuda ilus l\u00f5pptulemus igale kliendile<\/li>\n<li>T\u00d5HUS, integreeritud imurs\u00fcsteem<br \/>\n\u2022 Imur on integreeritud k\u00e4epidemesse mis p\u00fc\u00fcab kinni kogu k\u00fc\u00fcnetolmu ja juhib edasi seadmesse kus asub tolmukoguja kott ja filter.<br \/>\n\u2022 Tagab pidevalt puhta t\u00f6\u00f6keskkonna. Viilides imeb endasse k\u00f5ik n\u00e4htavad tolmuosakesed.<br \/>\n\u2022 Tolmukoguja koti suurus ja filter on disainitud just selliseks, et tagada maksimaalne imemisv\u00f5imsus<\/li>\n<li>LIHTNE KASUTADA<br \/>\nT\u00e4iendatud juhtpaneel on jagatud kaheks osaks: vasakul servas n\u00e4eb p\u00f6\u00f6rlemissuunda ja p\u00f6\u00f6rlemiskiirust, paremal servas n\u00e4eb imamisv\u00f5imsust. Nii saab kontrollida ja n\u00e4ha k\u00f5iki seadme funktsioone \u00fche pilguga<\/li>\n<li>LIHTNE HOOLDADA<br \/>\n\u2022 Tolmukindel, sest kogu seade on \u00fches t\u00fckis ja juhtpaneelil asuvad nupud on integreeritud. See v\u00f5imaldab seadet lihtsasti puhastada.<br \/>\n\u2022 Igap\u00e4evane k\u00e4epideme puhastamine v\u00f5tab vaid paar minutit.<br \/>\n\u2022 Juhtpaneelil olev indikaator n\u00e4itab selgelt, kui on aeg vahetada tolmukotti. Indikaator \u201eService\u201c annab teada, kui on aeg kogu seadme suuremaks hoolduseks (umbes aasta p\u00e4rast)<\/li>\n<li>KOMPAKTNE MUDEL<br \/>\nVision Pro 700 on kompaktne k\u00fc\u00fcnepuur mis ei v\u00f5ta laual palju ruumi.<\/li>\n<\/ul>\n","protected":false},"featured_media":3808,"template":"","meta":[],"product_brand":[],"product_cat":[89],"product_tag":[],"class_list":{"0":"post-2537","1":"product","2":"type-product","3":"status-publish","4":"has-post-thumbnail","6":"product_cat-seadmed-ja-tarvikud","8":"first","9":"instock","10":"taxable","11":"shipping-taxable","12":"product-type-simple"},"yoast_head":"<!-- This site is optimized with the Yoast SEO plugin v26.4 - https:\/\/yoast.com\/wordpress\/plugins\/seo\/ -->\n<title>Vision Pro 700 k\u00fc\u00fcnefrees integreeritud imurs\u00fcsteemiga | Nailspa e-pood<\/title>\n<meta name=\"robots\" content=\"index, follow, max-snippet:-1, max-image-preview:large, max-video-preview:-1\" \/>\n<link rel=\"canonical\" href=\"https:\/\/nailspa.ee\/e-pood\/toode\/vision-pro-700-kuunefrees\/\" \/>\n<meta property=\"og:locale\" content=\"et_EE\" \/>\n<meta property=\"og:type\" content=\"article\" \/>\n<meta property=\"og:title\" content=\"Vision Pro 700 k\u00fc\u00fcnefrees integreeritud imurs\u00fcsteemiga | Nailspa e-pood\" \/>\n<meta property=\"og:description\" content=\"Vision Pro 700 k\u00fc\u00fcnefreesi disain on 100% professionaalsete k\u00fc\u00fcnetehnikute visioon  Seadme iga detail on p\u00f5hjalikult l\u00e4bim\u00f5eldud, et aidata k\u00fc\u00fcnetehnikutel t\u00f6\u00f6tada kiiremini, t\u00e4psemalt ja rohkem mugavamalt, et pakkuda ilus l\u00f5pptulemus igale kliendile  T\u00d5HUS, integreeritud imurs\u00fcsteem \u2022 Imur on integreeritud k\u00e4epidemesse mis p\u00fc\u00fcab kinni kogu k\u00fc\u00fcnetolmu ja juhib edasi seadmesse kus asub tolmukoguja kott ja filter. \u2022 Tagab pidevalt puhta t\u00f6\u00f6keskkonna. Viilides imeb endasse k\u00f5ik n\u00e4htavad tolmuosakesed. \u2022 Tolmukoguja koti suurus ja filter on disainitud just selliseks, et tagada maksimaalne imemisv\u00f5imsus  LIHTNE KASUTADA T\u00e4iendatud juhtpaneel on jagatud kaheks osaks: vasakul servas n\u00e4eb p\u00f6\u00f6rlemissuunda ja p\u00f6\u00f6rlemiskiirust, paremal servas n\u00e4eb imamisv\u00f5imsust. Nii saab kontrollida ja n\u00e4ha k\u00f5iki seadme funktsioone \u00fche pilguga  LIHTNE HOOLDADA \u2022 Tolmukindel, sest kogu seade on \u00fches t\u00fckis ja juhtpaneelil asuvad nupud on integreeritud. See v\u00f5imaldab seadet lihtsasti puhastada. \u2022 Igap\u00e4evane k\u00e4epideme puhastamine v\u00f5tab vaid paar minutit. \u2022 Juhtpaneelil olev indikaator n\u00e4itab selgelt, kui on aeg vahetada tolmukotti. Indikaator \u201eService\u201c annab teada, kui on aeg kogu seadme suuremaks hoolduseks (umbes aasta p\u00e4rast)  KOMPAKTNE MUDEL Vision Pro 700 on kompaktne k\u00fc\u00fcnepuur mis ei v\u00f5ta laual palju ruumi.\" \/>\n<meta property=\"og:url\" content=\"https:\/\/nailspa.ee\/e-pood\/toode\/vision-pro-700-kuunefrees\/\" \/>\n<meta property=\"og:site_name\" content=\"Nailspa e-pood\" \/>\n<meta property=\"article:modified_time\" content=\"2020-01-21T09:58:50+00:00\" \/>\n<meta property=\"og:image\" content=\"https:\/\/nailspa.ee\/e-pood\/wp-content\/uploads\/2020\/01\/vision_pro_700_0.jpg\" \/>\n\t<meta property=\"og:image:width\" content=\"1063\" \/>\n\t<meta property=\"og:image:height\" content=\"1063\" \/>\n\t<meta property=\"og:image:type\" content=\"image\/jpeg\" \/>\n<meta name=\"twitter:card\" content=\"summary_large_image\" \/>\n<script type=\"application\/ld+json\" class=\"yoast-schema-graph\">{\"@context\":\"https:\/\/schema.org\",\"@graph\":[{\"@type\":\"WebPage\",\"@id\":\"https:\/\/nailspa.ee\/e-pood\/toode\/vision-pro-700-kuunefrees\/\",\"url\":\"https:\/\/nailspa.ee\/e-pood\/toode\/vision-pro-700-kuunefrees\/\",\"name\":\"Vision Pro 700 k\u00fc\u00fcnefrees integreeritud imurs\u00fcsteemiga | Nailspa e-pood\",\"isPartOf\":{\"@id\":\"https:\/\/nailspa.ee\/e-pood\/#website\"},\"primaryImageOfPage\":{\"@id\":\"https:\/\/nailspa.ee\/e-pood\/toode\/vision-pro-700-kuunefrees\/#primaryimage\"},\"image\":{\"@id\":\"https:\/\/nailspa.ee\/e-pood\/toode\/vision-pro-700-kuunefrees\/#primaryimage\"},\"thumbnailUrl\":\"https:\/\/nailspa.ee\/e-pood\/wp-content\/uploads\/2020\/01\/vision_pro_700_0.jpg\",\"datePublished\":\"2020-01-15T19:51:24+00:00\",\"dateModified\":\"2020-01-21T09:58:50+00:00\",\"breadcrumb\":{\"@id\":\"https:\/\/nailspa.ee\/e-pood\/toode\/vision-pro-700-kuunefrees\/#breadcrumb\"},\"inLanguage\":\"et\",\"potentialAction\":[{\"@type\":\"ReadAction\",\"target\":[\"https:\/\/nailspa.ee\/e-pood\/toode\/vision-pro-700-kuunefrees\/\"]}]},{\"@type\":\"ImageObject\",\"inLanguage\":\"et\",\"@id\":\"https:\/\/nailspa.ee\/e-pood\/toode\/vision-pro-700-kuunefrees\/#primaryimage\",\"url\":\"https:\/\/nailspa.ee\/e-pood\/wp-content\/uploads\/2020\/01\/vision_pro_700_0.jpg\",\"contentUrl\":\"https:\/\/nailspa.ee\/e-pood\/wp-content\/uploads\/2020\/01\/vision_pro_700_0.jpg\",\"width\":1063,\"height\":1063},{\"@type\":\"BreadcrumbList\",\"@id\":\"https:\/\/nailspa.ee\/e-pood\/toode\/vision-pro-700-kuunefrees\/#breadcrumb\",\"itemListElement\":[{\"@type\":\"ListItem\",\"position\":1,\"name\":\"Home\",\"item\":\"https:\/\/nailspa.ee\/e-pood\/\"},{\"@type\":\"ListItem\",\"position\":2,\"name\":\"Pood\",\"item\":\"https:\/\/nailspa.ee\/e-pood\/pood\/\"},{\"@type\":\"ListItem\",\"position\":3,\"name\":\"Vision Pro 700 k\u00fc\u00fcnefrees integreeritud imurs\u00fcsteemiga\"}]},{\"@type\":\"WebSite\",\"@id\":\"https:\/\/nailspa.ee\/e-pood\/#website\",\"url\":\"https:\/\/nailspa.ee\/e-pood\/\",\"name\":\"Nailspa e-pood\",\"description\":\"\",\"potentialAction\":[{\"@type\":\"SearchAction\",\"target\":{\"@type\":\"EntryPoint\",\"urlTemplate\":\"https:\/\/nailspa.ee\/e-pood\/?s={search_term_string}\"},\"query-input\":{\"@type\":\"PropertyValueSpecification\",\"valueRequired\":true,\"valueName\":\"search_term_string\"}}],\"inLanguage\":\"et\"}]}<\/script>\n<!-- \/ Yoast SEO plugin. -->","yoast_head_json":{"title":"Vision Pro 700 k\u00fc\u00fcnefrees integreeritud imurs\u00fcsteemiga | Nailspa e-pood","robots":{"index":"index","follow":"follow","max-snippet":"max-snippet:-1","max-image-preview":"max-image-preview:large","max-video-preview":"max-video-preview:-1"},"canonical":"https:\/\/nailspa.ee\/e-pood\/toode\/vision-pro-700-kuunefrees\/","og_locale":"et_EE","og_type":"article","og_title":"Vision Pro 700 k\u00fc\u00fcnefrees integreeritud imurs\u00fcsteemiga | Nailspa e-pood","og_description":"Vision Pro 700 k\u00fc\u00fcnefreesi disain on 100% professionaalsete k\u00fc\u00fcnetehnikute visioon  Seadme iga detail on p\u00f5hjalikult l\u00e4bim\u00f5eldud, et aidata k\u00fc\u00fcnetehnikutel t\u00f6\u00f6tada kiiremini, t\u00e4psemalt ja rohkem mugavamalt, et pakkuda ilus l\u00f5pptulemus igale kliendile  T\u00d5HUS, integreeritud imurs\u00fcsteem \u2022 Imur on integreeritud k\u00e4epidemesse mis p\u00fc\u00fcab kinni kogu k\u00fc\u00fcnetolmu ja juhib edasi seadmesse kus asub tolmukoguja kott ja filter. \u2022 Tagab pidevalt puhta t\u00f6\u00f6keskkonna. Viilides imeb endasse k\u00f5ik n\u00e4htavad tolmuosakesed. \u2022 Tolmukoguja koti suurus ja filter on disainitud just selliseks, et tagada maksimaalne imemisv\u00f5imsus  LIHTNE KASUTADA T\u00e4iendatud juhtpaneel on jagatud kaheks osaks: vasakul servas n\u00e4eb p\u00f6\u00f6rlemissuunda ja p\u00f6\u00f6rlemiskiirust, paremal servas n\u00e4eb imamisv\u00f5imsust. Nii saab kontrollida ja n\u00e4ha k\u00f5iki seadme funktsioone \u00fche pilguga  LIHTNE HOOLDADA \u2022 Tolmukindel, sest kogu seade on \u00fches t\u00fckis ja juhtpaneelil asuvad nupud on integreeritud. See v\u00f5imaldab seadet lihtsasti puhastada. \u2022 Igap\u00e4evane k\u00e4epideme puhastamine v\u00f5tab vaid paar minutit. \u2022 Juhtpaneelil olev indikaator n\u00e4itab selgelt, kui on aeg vahetada tolmukotti. Indikaator \u201eService\u201c annab teada, kui on aeg kogu seadme suuremaks hoolduseks (umbes aasta p\u00e4rast)  KOMPAKTNE MUDEL Vision Pro 700 on kompaktne k\u00fc\u00fcnepuur mis ei v\u00f5ta laual palju ruumi.","og_url":"https:\/\/nailspa.ee\/e-pood\/toode\/vision-pro-700-kuunefrees\/","og_site_name":"Nailspa e-pood","article_modified_time":"2020-01-21T09:58:50+00:00","og_image":[{"width":1063,"height":1063,"url":"https:\/\/nailspa.ee\/e-pood\/wp-content\/uploads\/2020\/01\/vision_pro_700_0.jpg","type":"image\/jpeg"}],"twitter_card":"summary_large_image","schema":{"@context":"https:\/\/schema.org","@graph":[{"@type":"WebPage","@id":"https:\/\/nailspa.ee\/e-pood\/toode\/vision-pro-700-kuunefrees\/","url":"https:\/\/nailspa.ee\/e-pood\/toode\/vision-pro-700-kuunefrees\/","name":"Vision Pro 700 k\u00fc\u00fcnefrees integreeritud imurs\u00fcsteemiga | Nailspa e-pood","isPartOf":{"@id":"https:\/\/nailspa.ee\/e-pood\/#website"},"primaryImageOfPage":{"@id":"https:\/\/nailspa.ee\/e-pood\/toode\/vision-pro-700-kuunefrees\/#primaryimage"},"image":{"@id":"https:\/\/nailspa.ee\/e-pood\/toode\/vision-pro-700-kuunefrees\/#primaryimage"},"thumbnailUrl":"https:\/\/nailspa.ee\/e-pood\/wp-content\/uploads\/2020\/01\/vision_pro_700_0.jpg","datePublished":"2020-01-15T19:51:24+00:00","dateModified":"2020-01-21T09:58:50+00:00","breadcrumb":{"@id":"https:\/\/nailspa.ee\/e-pood\/toode\/vision-pro-700-kuunefrees\/#breadcrumb"},"inLanguage":"et","potentialAction":[{"@type":"ReadAction","target":["https:\/\/nailspa.ee\/e-pood\/toode\/vision-pro-700-kuunefrees\/"]}]},{"@type":"ImageObject","inLanguage":"et","@id":"https:\/\/nailspa.ee\/e-pood\/toode\/vision-pro-700-kuunefrees\/#primaryimage","url":"https:\/\/nailspa.ee\/e-pood\/wp-content\/uploads\/2020\/01\/vision_pro_700_0.jpg","contentUrl":"https:\/\/nailspa.ee\/e-pood\/wp-content\/uploads\/2020\/01\/vision_pro_700_0.jpg","width":1063,"height":1063},{"@type":"BreadcrumbList","@id":"https:\/\/nailspa.ee\/e-pood\/toode\/vision-pro-700-kuunefrees\/#breadcrumb","itemListElement":[{"@type":"ListItem","position":1,"name":"Home","item":"https:\/\/nailspa.ee\/e-pood\/"},{"@type":"ListItem","position":2,"name":"Pood","item":"https:\/\/nailspa.ee\/e-pood\/pood\/"},{"@type":"ListItem","position":3,"name":"Vision Pro 700 k\u00fc\u00fcnefrees integreeritud imurs\u00fcsteemiga"}]},{"@type":"WebSite","@id":"https:\/\/nailspa.ee\/e-pood\/#website","url":"https:\/\/nailspa.ee\/e-pood\/","name":"Nailspa e-pood","description":"","potentialAction":[{"@type":"SearchAction","target":{"@type":"EntryPoint","urlTemplate":"https:\/\/nailspa.ee\/e-pood\/?s={search_term_string}"},"query-input":{"@type":"PropertyValueSpecification","valueRequired":true,"valueName":"search_term_string"}}],"inLanguage":"et"}]}},"_links":{"self":[{"href":"https:\/\/nailspa.ee\/e-pood\/wp-json\/wp\/v2\/product\/2537","targetHints":{"allow":["GET"]}}],"collection":[{"href":"https:\/\/nailspa.ee\/e-pood\/wp-json\/wp\/v2\/product"}],"about":[{"href":"https:\/\/nailspa.ee\/e-pood\/wp-json\/wp\/v2\/types\/product"}],"wp:featuredmedia":[{"embeddable":true,"href":"https:\/\/nailspa.ee\/e-pood\/wp-json\/wp\/v2\/media\/3808"}],"wp:attachment":[{"href":"https:\/\/nailspa.ee\/e-pood\/wp-json\/wp\/v2\/media?parent=2537"}],"wp:term":[{"taxonomy":"product_brand","embeddable":true,"href":"https:\/\/nailspa.ee\/e-pood\/wp-json\/wp\/v2\/product_brand?post=2537"},{"taxonomy":"product_cat","embeddable":true,"href":"https:\/\/nailspa.ee\/e-pood\/wp-json\/wp\/v2\/product_cat?post=2537"},{"taxonomy":"product_tag","embeddable":true,"href":"https:\/\/nailspa.ee\/e-pood\/wp-json\/wp\/v2\/product_tag?post=2537"}],"curies":[{"name":"wp","href":"https:\/\/api.w.org\/{rel}","templated":true}]}}