{"id":2532,"date":"2020-01-15T21:51:24","date_gmt":"2020-01-15T19:51:24","guid":{"rendered":"https:\/\/nailspa.ee\/e-pood\/toode\/soft-finisher-poleer\/"},"modified":"2023-03-17T17:55:20","modified_gmt":"2023-03-17T15:55:20","slug":"soft-finisher-poleer","status":"publish","type":"product","link":"https:\/\/nailspa.ee\/e-pood\/toode\/soft-finisher-poleer\/","title":{"rendered":"Soft Finisher &#8211; poleer"},"content":{"rendered":"","protected":false},"excerpt":{"rendered":"<ul>\n<li>Vastupidav poleer<\/li>\n<li>Eemaldab k\u00fc\u00fcntelt v\u00e4iksemadki ebatasasused<\/li>\n<\/ul>\n","protected":false},"featured_media":3213,"template":"","meta":[],"product_brand":[],"product_cat":[84,88],"product_tag":[],"class_list":{"0":"post-2532","1":"product","2":"type-product","3":"status-publish","4":"has-post-thumbnail","6":"product_cat-kuuntehooldus","7":"product_cat-viilid-ja-poleerid","9":"first","10":"instock","11":"taxable","12":"shipping-taxable","13":"purchasable","14":"product-type-simple"},"yoast_head":"<!-- This site is optimized with the Yoast SEO plugin v26.4 - https:\/\/yoast.com\/wordpress\/plugins\/seo\/ -->\n<title>Soft Finisher - poleer | Nailspa e-pood<\/title>\n<meta name=\"robots\" content=\"index, follow, max-snippet:-1, max-image-preview:large, max-video-preview:-1\" \/>\n<link rel=\"canonical\" href=\"https:\/\/nailspa.ee\/e-pood\/toode\/soft-finisher-poleer\/\" \/>\n<meta property=\"og:locale\" content=\"et_EE\" \/>\n<meta property=\"og:type\" content=\"article\" \/>\n<meta property=\"og:title\" content=\"Soft Finisher - poleer | Nailspa e-pood\" \/>\n<meta property=\"og:description\" content=\"Vastupidav poleer  Eemaldab k\u00fc\u00fcntelt v\u00e4iksemadki ebatasasused\" \/>\n<meta property=\"og:url\" content=\"https:\/\/nailspa.ee\/e-pood\/toode\/soft-finisher-poleer\/\" \/>\n<meta property=\"og:site_name\" content=\"Nailspa e-pood\" \/>\n<meta property=\"article:modified_time\" content=\"2023-03-17T15:55:20+00:00\" \/>\n<meta property=\"og:image\" content=\"https:\/\/nailspa.ee\/e-pood\/wp-content\/uploads\/2020\/01\/soft-finisher-poleer.jpg\" \/>\n\t<meta property=\"og:image:width\" content=\"400\" \/>\n\t<meta property=\"og:image:height\" content=\"400\" \/>\n\t<meta property=\"og:image:type\" content=\"image\/jpeg\" \/>\n<meta name=\"twitter:card\" content=\"summary_large_image\" \/>\n<script type=\"application\/ld+json\" class=\"yoast-schema-graph\">{\"@context\":\"https:\/\/schema.org\",\"@graph\":[{\"@type\":\"WebPage\",\"@id\":\"https:\/\/nailspa.ee\/e-pood\/toode\/soft-finisher-poleer\/\",\"url\":\"https:\/\/nailspa.ee\/e-pood\/toode\/soft-finisher-poleer\/\",\"name\":\"Soft Finisher - poleer | Nailspa e-pood\",\"isPartOf\":{\"@id\":\"https:\/\/nailspa.ee\/e-pood\/#website\"},\"primaryImageOfPage\":{\"@id\":\"https:\/\/nailspa.ee\/e-pood\/toode\/soft-finisher-poleer\/#primaryimage\"},\"image\":{\"@id\":\"https:\/\/nailspa.ee\/e-pood\/toode\/soft-finisher-poleer\/#primaryimage\"},\"thumbnailUrl\":\"https:\/\/nailspa.ee\/e-pood\/wp-content\/uploads\/2020\/01\/soft-finisher-poleer.jpg\",\"datePublished\":\"2020-01-15T19:51:24+00:00\",\"dateModified\":\"2023-03-17T15:55:20+00:00\",\"breadcrumb\":{\"@id\":\"https:\/\/nailspa.ee\/e-pood\/toode\/soft-finisher-poleer\/#breadcrumb\"},\"inLanguage\":\"et\",\"potentialAction\":[{\"@type\":\"ReadAction\",\"target\":[\"https:\/\/nailspa.ee\/e-pood\/toode\/soft-finisher-poleer\/\"]}]},{\"@type\":\"ImageObject\",\"inLanguage\":\"et\",\"@id\":\"https:\/\/nailspa.ee\/e-pood\/toode\/soft-finisher-poleer\/#primaryimage\",\"url\":\"https:\/\/nailspa.ee\/e-pood\/wp-content\/uploads\/2020\/01\/soft-finisher-poleer.jpg\",\"contentUrl\":\"https:\/\/nailspa.ee\/e-pood\/wp-content\/uploads\/2020\/01\/soft-finisher-poleer.jpg\",\"width\":400,\"height\":400},{\"@type\":\"BreadcrumbList\",\"@id\":\"https:\/\/nailspa.ee\/e-pood\/toode\/soft-finisher-poleer\/#breadcrumb\",\"itemListElement\":[{\"@type\":\"ListItem\",\"position\":1,\"name\":\"Home\",\"item\":\"https:\/\/nailspa.ee\/e-pood\/\"},{\"@type\":\"ListItem\",\"position\":2,\"name\":\"Pood\",\"item\":\"https:\/\/nailspa.ee\/e-pood\/pood\/\"},{\"@type\":\"ListItem\",\"position\":3,\"name\":\"Soft Finisher &#8211; poleer\"}]},{\"@type\":\"WebSite\",\"@id\":\"https:\/\/nailspa.ee\/e-pood\/#website\",\"url\":\"https:\/\/nailspa.ee\/e-pood\/\",\"name\":\"Nailspa e-pood\",\"description\":\"\",\"potentialAction\":[{\"@type\":\"SearchAction\",\"target\":{\"@type\":\"EntryPoint\",\"urlTemplate\":\"https:\/\/nailspa.ee\/e-pood\/?s={search_term_string}\"},\"query-input\":{\"@type\":\"PropertyValueSpecification\",\"valueRequired\":true,\"valueName\":\"search_term_string\"}}],\"inLanguage\":\"et\"}]}<\/script>\n<!-- \/ Yoast SEO plugin. -->","yoast_head_json":{"title":"Soft Finisher - poleer | Nailspa e-pood","robots":{"index":"index","follow":"follow","max-snippet":"max-snippet:-1","max-image-preview":"max-image-preview:large","max-video-preview":"max-video-preview:-1"},"canonical":"https:\/\/nailspa.ee\/e-pood\/toode\/soft-finisher-poleer\/","og_locale":"et_EE","og_type":"article","og_title":"Soft Finisher - poleer | Nailspa e-pood","og_description":"Vastupidav poleer  Eemaldab k\u00fc\u00fcntelt v\u00e4iksemadki ebatasasused","og_url":"https:\/\/nailspa.ee\/e-pood\/toode\/soft-finisher-poleer\/","og_site_name":"Nailspa e-pood","article_modified_time":"2023-03-17T15:55:20+00:00","og_image":[{"width":400,"height":400,"url":"https:\/\/nailspa.ee\/e-pood\/wp-content\/uploads\/2020\/01\/soft-finisher-poleer.jpg","type":"image\/jpeg"}],"twitter_card":"summary_large_image","schema":{"@context":"https:\/\/schema.org","@graph":[{"@type":"WebPage","@id":"https:\/\/nailspa.ee\/e-pood\/toode\/soft-finisher-poleer\/","url":"https:\/\/nailspa.ee\/e-pood\/toode\/soft-finisher-poleer\/","name":"Soft Finisher - poleer | Nailspa e-pood","isPartOf":{"@id":"https:\/\/nailspa.ee\/e-pood\/#website"},"primaryImageOfPage":{"@id":"https:\/\/nailspa.ee\/e-pood\/toode\/soft-finisher-poleer\/#primaryimage"},"image":{"@id":"https:\/\/nailspa.ee\/e-pood\/toode\/soft-finisher-poleer\/#primaryimage"},"thumbnailUrl":"https:\/\/nailspa.ee\/e-pood\/wp-content\/uploads\/2020\/01\/soft-finisher-poleer.jpg","datePublished":"2020-01-15T19:51:24+00:00","dateModified":"2023-03-17T15:55:20+00:00","breadcrumb":{"@id":"https:\/\/nailspa.ee\/e-pood\/toode\/soft-finisher-poleer\/#breadcrumb"},"inLanguage":"et","potentialAction":[{"@type":"ReadAction","target":["https:\/\/nailspa.ee\/e-pood\/toode\/soft-finisher-poleer\/"]}]},{"@type":"ImageObject","inLanguage":"et","@id":"https:\/\/nailspa.ee\/e-pood\/toode\/soft-finisher-poleer\/#primaryimage","url":"https:\/\/nailspa.ee\/e-pood\/wp-content\/uploads\/2020\/01\/soft-finisher-poleer.jpg","contentUrl":"https:\/\/nailspa.ee\/e-pood\/wp-content\/uploads\/2020\/01\/soft-finisher-poleer.jpg","width":400,"height":400},{"@type":"BreadcrumbList","@id":"https:\/\/nailspa.ee\/e-pood\/toode\/soft-finisher-poleer\/#breadcrumb","itemListElement":[{"@type":"ListItem","position":1,"name":"Home","item":"https:\/\/nailspa.ee\/e-pood\/"},{"@type":"ListItem","position":2,"name":"Pood","item":"https:\/\/nailspa.ee\/e-pood\/pood\/"},{"@type":"ListItem","position":3,"name":"Soft Finisher &#8211; poleer"}]},{"@type":"WebSite","@id":"https:\/\/nailspa.ee\/e-pood\/#website","url":"https:\/\/nailspa.ee\/e-pood\/","name":"Nailspa e-pood","description":"","potentialAction":[{"@type":"SearchAction","target":{"@type":"EntryPoint","urlTemplate":"https:\/\/nailspa.ee\/e-pood\/?s={search_term_string}"},"query-input":{"@type":"PropertyValueSpecification","valueRequired":true,"valueName":"search_term_string"}}],"inLanguage":"et"}]}},"_links":{"self":[{"href":"https:\/\/nailspa.ee\/e-pood\/wp-json\/wp\/v2\/product\/2532","targetHints":{"allow":["GET"]}}],"collection":[{"href":"https:\/\/nailspa.ee\/e-pood\/wp-json\/wp\/v2\/product"}],"about":[{"href":"https:\/\/nailspa.ee\/e-pood\/wp-json\/wp\/v2\/types\/product"}],"wp:featuredmedia":[{"embeddable":true,"href":"https:\/\/nailspa.ee\/e-pood\/wp-json\/wp\/v2\/media\/3213"}],"wp:attachment":[{"href":"https:\/\/nailspa.ee\/e-pood\/wp-json\/wp\/v2\/media?parent=2532"}],"wp:term":[{"taxonomy":"product_brand","embeddable":true,"href":"https:\/\/nailspa.ee\/e-pood\/wp-json\/wp\/v2\/product_brand?post=2532"},{"taxonomy":"product_cat","embeddable":true,"href":"https:\/\/nailspa.ee\/e-pood\/wp-json\/wp\/v2\/product_cat?post=2532"},{"taxonomy":"product_tag","embeddable":true,"href":"https:\/\/nailspa.ee\/e-pood\/wp-json\/wp\/v2\/product_tag?post=2532"}],"curies":[{"name":"wp","href":"https:\/\/api.w.org\/{rel}","templated":true}]}}