{"id":2530,"date":"2020-01-15T21:51:24","date_gmt":"2020-01-15T19:51:24","guid":{"rendered":"https:\/\/nailspa.ee\/e-pood\/toode\/nail-fungus-protector-50-ml-kuuneseenekaitse\/"},"modified":"2026-01-31T13:37:42","modified_gmt":"2026-01-31T11:37:42","slug":"nail-fungus-protector-50-ml-kuuneseenekaitse","status":"publish","type":"product","link":"https:\/\/nailspa.ee\/e-pood\/toode\/nail-fungus-protector-50-ml-kuuneseenekaitse\/","title":{"rendered":"Nail Fungus Protector 50 ml &#8211; k\u00fc\u00fcneseenekaitse"},"content":{"rendered":"","protected":false},"excerpt":{"rendered":"<ul>\n<li>NAIL FUNGUS PROTECTOR 50ml \u2013 k\u00fc\u00fcneseene kaitsevahend<\/li>\n<li>Ennetab ja v\u00f5itleb k\u00fc\u00fcneseenega<\/li>\n<li>Taastab naturaalse k\u00fc\u00fcne loomuliku l\u00e4ike<\/li>\n<li>Sisaldab pantenooli. Parandab ja toidab l\u00f5henenud k\u00fc\u00fcsi<\/li>\n<li>\u00dclit\u00f5hus sprei ennetab ja v\u00f5itleb k\u00fc\u00fcneseenega. Sisaldab klotrimasooli* ja pantenooli mis parandab v\u00e4rvi muutnud ja l\u00f5henenud k\u00fc\u00fcsi. T\u00e4nu mugavale pihustile saab toodet kasutada h\u00fcgieeniliselt just nakatunud piirkonnas<\/li>\n<li>KUIDAS KASUTADA<br \/>\nEnne kasutamist loksutada. Poleeri k\u00fc\u00fcnepind. Pihusta nakatunud piirkonda ca 3 cm kauguselt. Lase kuivada \u00f5hu k\u00e4es.<br \/>\nOLULINE! K\u00fc\u00fcned, mis on t\u00e4ielikult nakatunud seenega, v\u00f5ib kuluda kuni 4 kuud. Selle aja jooksul soovitame toote igap\u00e4evast kasutamist.<br \/>\nSeen on v\u00e4ga nakkav: steriliseerige ja desinfitseerige oma t\u00f6\u00f6riistu p\u00e4rast kasutamist!<br \/>\n*Klotrimasool on seenevastane ravim<\/li>\n<\/ul>\n","protected":false},"featured_media":2999,"template":"","meta":[],"product_brand":[],"product_cat":[86],"product_tag":[],"class_list":{"0":"post-2530","1":"product","2":"type-product","3":"status-publish","4":"has-post-thumbnail","6":"product_cat-jalahooldus","8":"first","9":"instock","10":"taxable","11":"shipping-taxable","12":"purchasable","13":"product-type-simple"},"yoast_head":"<!-- This site is optimized with the Yoast SEO plugin v26.4 - https:\/\/yoast.com\/wordpress\/plugins\/seo\/ -->\n<title>Nail Fungus Protector 50 ml - k\u00fc\u00fcneseenekaitse | Nailspa e-pood<\/title>\n<meta name=\"robots\" content=\"index, follow, max-snippet:-1, max-image-preview:large, max-video-preview:-1\" \/>\n<link rel=\"canonical\" href=\"https:\/\/nailspa.ee\/e-pood\/toode\/nail-fungus-protector-50-ml-kuuneseenekaitse\/\" \/>\n<meta property=\"og:locale\" content=\"et_EE\" \/>\n<meta property=\"og:type\" content=\"article\" \/>\n<meta property=\"og:title\" content=\"Nail Fungus Protector 50 ml - k\u00fc\u00fcneseenekaitse | Nailspa e-pood\" \/>\n<meta property=\"og:description\" content=\"NAIL FUNGUS PROTECTOR 50ml \u2013 k\u00fc\u00fcneseene kaitsevahend  Ennetab ja v\u00f5itleb k\u00fc\u00fcneseenega  Taastab naturaalse k\u00fc\u00fcne loomuliku l\u00e4ike  Sisaldab pantenooli. Parandab ja toidab l\u00f5henenud k\u00fc\u00fcsi  \u00dclit\u00f5hus sprei ennetab ja v\u00f5itleb k\u00fc\u00fcneseenega. Sisaldab klotrimasooli* ja pantenooli mis parandab v\u00e4rvi muutnud ja l\u00f5henenud k\u00fc\u00fcsi. T\u00e4nu mugavale pihustile saab toodet kasutada h\u00fcgieeniliselt just nakatunud piirkonnas  KUIDAS KASUTADA Enne kasutamist loksutada. Poleeri k\u00fc\u00fcnepind. Pihusta nakatunud piirkonda ca 3 cm kauguselt. Lase kuivada \u00f5hu k\u00e4es. OLULINE! K\u00fc\u00fcned, mis on t\u00e4ielikult nakatunud seenega, v\u00f5ib kuluda kuni 4 kuud. Selle aja jooksul soovitame toote igap\u00e4evast kasutamist. Seen on v\u00e4ga nakkav: steriliseerige ja desinfitseerige oma t\u00f6\u00f6riistu p\u00e4rast kasutamist! *Klotrimasool on seenevastane ravim\" \/>\n<meta property=\"og:url\" content=\"https:\/\/nailspa.ee\/e-pood\/toode\/nail-fungus-protector-50-ml-kuuneseenekaitse\/\" \/>\n<meta property=\"og:site_name\" content=\"Nailspa e-pood\" \/>\n<meta property=\"article:modified_time\" content=\"2026-01-31T11:37:42+00:00\" \/>\n<meta property=\"og:image\" content=\"https:\/\/nailspa.ee\/e-pood\/wp-content\/uploads\/2020\/01\/Footcare-post4-scaled.jpg\" \/>\n\t<meta property=\"og:image:width\" content=\"2560\" \/>\n\t<meta property=\"og:image:height\" content=\"2560\" \/>\n\t<meta property=\"og:image:type\" content=\"image\/jpeg\" \/>\n<meta name=\"twitter:card\" content=\"summary_large_image\" \/>\n<meta name=\"twitter:label1\" content=\"Est. reading time\" \/>\n\t<meta name=\"twitter:data1\" content=\"1 minut\" \/>\n<script type=\"application\/ld+json\" class=\"yoast-schema-graph\">{\"@context\":\"https:\/\/schema.org\",\"@graph\":[{\"@type\":\"WebPage\",\"@id\":\"https:\/\/nailspa.ee\/e-pood\/toode\/nail-fungus-protector-50-ml-kuuneseenekaitse\/\",\"url\":\"https:\/\/nailspa.ee\/e-pood\/toode\/nail-fungus-protector-50-ml-kuuneseenekaitse\/\",\"name\":\"Nail Fungus Protector 50 ml - k\u00fc\u00fcneseenekaitse | Nailspa e-pood\",\"isPartOf\":{\"@id\":\"http:\/\/nailspa.ee\/e-pood\/#website\"},\"primaryImageOfPage\":{\"@id\":\"https:\/\/nailspa.ee\/e-pood\/toode\/nail-fungus-protector-50-ml-kuuneseenekaitse\/#primaryimage\"},\"image\":{\"@id\":\"https:\/\/nailspa.ee\/e-pood\/toode\/nail-fungus-protector-50-ml-kuuneseenekaitse\/#primaryimage\"},\"thumbnailUrl\":\"https:\/\/nailspa.ee\/e-pood\/wp-content\/uploads\/2020\/01\/Footcare-post4-scaled.jpg\",\"datePublished\":\"2020-01-15T19:51:24+00:00\",\"dateModified\":\"2026-01-31T11:37:42+00:00\",\"breadcrumb\":{\"@id\":\"https:\/\/nailspa.ee\/e-pood\/toode\/nail-fungus-protector-50-ml-kuuneseenekaitse\/#breadcrumb\"},\"inLanguage\":\"et\",\"potentialAction\":[{\"@type\":\"ReadAction\",\"target\":[\"https:\/\/nailspa.ee\/e-pood\/toode\/nail-fungus-protector-50-ml-kuuneseenekaitse\/\"]}]},{\"@type\":\"ImageObject\",\"inLanguage\":\"et\",\"@id\":\"https:\/\/nailspa.ee\/e-pood\/toode\/nail-fungus-protector-50-ml-kuuneseenekaitse\/#primaryimage\",\"url\":\"https:\/\/nailspa.ee\/e-pood\/wp-content\/uploads\/2020\/01\/Footcare-post4-scaled.jpg\",\"contentUrl\":\"https:\/\/nailspa.ee\/e-pood\/wp-content\/uploads\/2020\/01\/Footcare-post4-scaled.jpg\",\"width\":2560,\"height\":2560},{\"@type\":\"BreadcrumbList\",\"@id\":\"https:\/\/nailspa.ee\/e-pood\/toode\/nail-fungus-protector-50-ml-kuuneseenekaitse\/#breadcrumb\",\"itemListElement\":[{\"@type\":\"ListItem\",\"position\":1,\"name\":\"Home\",\"item\":\"http:\/\/nailspa.ee\/e-pood\/\"},{\"@type\":\"ListItem\",\"position\":2,\"name\":\"Pood\",\"item\":\"http:\/\/nailspa.ee\/e-pood\/pood\/\"},{\"@type\":\"ListItem\",\"position\":3,\"name\":\"Nail Fungus Protector 50 ml &#8211; k\u00fc\u00fcneseenekaitse\"}]},{\"@type\":\"WebSite\",\"@id\":\"http:\/\/nailspa.ee\/e-pood\/#website\",\"url\":\"http:\/\/nailspa.ee\/e-pood\/\",\"name\":\"Nailspa e-pood\",\"description\":\"\",\"potentialAction\":[{\"@type\":\"SearchAction\",\"target\":{\"@type\":\"EntryPoint\",\"urlTemplate\":\"http:\/\/nailspa.ee\/e-pood\/?s={search_term_string}\"},\"query-input\":{\"@type\":\"PropertyValueSpecification\",\"valueRequired\":true,\"valueName\":\"search_term_string\"}}],\"inLanguage\":\"et\"}]}<\/script>\n<!-- \/ Yoast SEO plugin. -->","yoast_head_json":{"title":"Nail Fungus Protector 50 ml - k\u00fc\u00fcneseenekaitse | Nailspa e-pood","robots":{"index":"index","follow":"follow","max-snippet":"max-snippet:-1","max-image-preview":"max-image-preview:large","max-video-preview":"max-video-preview:-1"},"canonical":"https:\/\/nailspa.ee\/e-pood\/toode\/nail-fungus-protector-50-ml-kuuneseenekaitse\/","og_locale":"et_EE","og_type":"article","og_title":"Nail Fungus Protector 50 ml - k\u00fc\u00fcneseenekaitse | Nailspa e-pood","og_description":"NAIL FUNGUS PROTECTOR 50ml \u2013 k\u00fc\u00fcneseene kaitsevahend  Ennetab ja v\u00f5itleb k\u00fc\u00fcneseenega  Taastab naturaalse k\u00fc\u00fcne loomuliku l\u00e4ike  Sisaldab pantenooli. Parandab ja toidab l\u00f5henenud k\u00fc\u00fcsi  \u00dclit\u00f5hus sprei ennetab ja v\u00f5itleb k\u00fc\u00fcneseenega. Sisaldab klotrimasooli* ja pantenooli mis parandab v\u00e4rvi muutnud ja l\u00f5henenud k\u00fc\u00fcsi. T\u00e4nu mugavale pihustile saab toodet kasutada h\u00fcgieeniliselt just nakatunud piirkonnas  KUIDAS KASUTADA Enne kasutamist loksutada. Poleeri k\u00fc\u00fcnepind. Pihusta nakatunud piirkonda ca 3 cm kauguselt. Lase kuivada \u00f5hu k\u00e4es. OLULINE! K\u00fc\u00fcned, mis on t\u00e4ielikult nakatunud seenega, v\u00f5ib kuluda kuni 4 kuud. Selle aja jooksul soovitame toote igap\u00e4evast kasutamist. Seen on v\u00e4ga nakkav: steriliseerige ja desinfitseerige oma t\u00f6\u00f6riistu p\u00e4rast kasutamist! *Klotrimasool on seenevastane ravim","og_url":"https:\/\/nailspa.ee\/e-pood\/toode\/nail-fungus-protector-50-ml-kuuneseenekaitse\/","og_site_name":"Nailspa e-pood","article_modified_time":"2026-01-31T11:37:42+00:00","og_image":[{"width":2560,"height":2560,"url":"https:\/\/nailspa.ee\/e-pood\/wp-content\/uploads\/2020\/01\/Footcare-post4-scaled.jpg","type":"image\/jpeg"}],"twitter_card":"summary_large_image","twitter_misc":{"Est. reading time":"1 minut"},"schema":{"@context":"https:\/\/schema.org","@graph":[{"@type":"WebPage","@id":"https:\/\/nailspa.ee\/e-pood\/toode\/nail-fungus-protector-50-ml-kuuneseenekaitse\/","url":"https:\/\/nailspa.ee\/e-pood\/toode\/nail-fungus-protector-50-ml-kuuneseenekaitse\/","name":"Nail Fungus Protector 50 ml - k\u00fc\u00fcneseenekaitse | Nailspa e-pood","isPartOf":{"@id":"http:\/\/nailspa.ee\/e-pood\/#website"},"primaryImageOfPage":{"@id":"https:\/\/nailspa.ee\/e-pood\/toode\/nail-fungus-protector-50-ml-kuuneseenekaitse\/#primaryimage"},"image":{"@id":"https:\/\/nailspa.ee\/e-pood\/toode\/nail-fungus-protector-50-ml-kuuneseenekaitse\/#primaryimage"},"thumbnailUrl":"https:\/\/nailspa.ee\/e-pood\/wp-content\/uploads\/2020\/01\/Footcare-post4-scaled.jpg","datePublished":"2020-01-15T19:51:24+00:00","dateModified":"2026-01-31T11:37:42+00:00","breadcrumb":{"@id":"https:\/\/nailspa.ee\/e-pood\/toode\/nail-fungus-protector-50-ml-kuuneseenekaitse\/#breadcrumb"},"inLanguage":"et","potentialAction":[{"@type":"ReadAction","target":["https:\/\/nailspa.ee\/e-pood\/toode\/nail-fungus-protector-50-ml-kuuneseenekaitse\/"]}]},{"@type":"ImageObject","inLanguage":"et","@id":"https:\/\/nailspa.ee\/e-pood\/toode\/nail-fungus-protector-50-ml-kuuneseenekaitse\/#primaryimage","url":"https:\/\/nailspa.ee\/e-pood\/wp-content\/uploads\/2020\/01\/Footcare-post4-scaled.jpg","contentUrl":"https:\/\/nailspa.ee\/e-pood\/wp-content\/uploads\/2020\/01\/Footcare-post4-scaled.jpg","width":2560,"height":2560},{"@type":"BreadcrumbList","@id":"https:\/\/nailspa.ee\/e-pood\/toode\/nail-fungus-protector-50-ml-kuuneseenekaitse\/#breadcrumb","itemListElement":[{"@type":"ListItem","position":1,"name":"Home","item":"http:\/\/nailspa.ee\/e-pood\/"},{"@type":"ListItem","position":2,"name":"Pood","item":"http:\/\/nailspa.ee\/e-pood\/pood\/"},{"@type":"ListItem","position":3,"name":"Nail Fungus Protector 50 ml &#8211; k\u00fc\u00fcneseenekaitse"}]},{"@type":"WebSite","@id":"http:\/\/nailspa.ee\/e-pood\/#website","url":"http:\/\/nailspa.ee\/e-pood\/","name":"Nailspa e-pood","description":"","potentialAction":[{"@type":"SearchAction","target":{"@type":"EntryPoint","urlTemplate":"http:\/\/nailspa.ee\/e-pood\/?s={search_term_string}"},"query-input":{"@type":"PropertyValueSpecification","valueRequired":true,"valueName":"search_term_string"}}],"inLanguage":"et"}]}},"_links":{"self":[{"href":"https:\/\/nailspa.ee\/e-pood\/wp-json\/wp\/v2\/product\/2530","targetHints":{"allow":["GET"]}}],"collection":[{"href":"https:\/\/nailspa.ee\/e-pood\/wp-json\/wp\/v2\/product"}],"about":[{"href":"https:\/\/nailspa.ee\/e-pood\/wp-json\/wp\/v2\/types\/product"}],"wp:featuredmedia":[{"embeddable":true,"href":"https:\/\/nailspa.ee\/e-pood\/wp-json\/wp\/v2\/media\/2999"}],"wp:attachment":[{"href":"https:\/\/nailspa.ee\/e-pood\/wp-json\/wp\/v2\/media?parent=2530"}],"wp:term":[{"taxonomy":"product_brand","embeddable":true,"href":"https:\/\/nailspa.ee\/e-pood\/wp-json\/wp\/v2\/product_brand?post=2530"},{"taxonomy":"product_cat","embeddable":true,"href":"https:\/\/nailspa.ee\/e-pood\/wp-json\/wp\/v2\/product_cat?post=2530"},{"taxonomy":"product_tag","embeddable":true,"href":"https:\/\/nailspa.ee\/e-pood\/wp-json\/wp\/v2\/product_tag?post=2530"}],"curies":[{"name":"wp","href":"https:\/\/api.w.org\/{rel}","templated":true}]}}