{"id":2529,"date":"2020-01-15T21:51:23","date_gmt":"2020-01-15T19:51:23","guid":{"rendered":"https:\/\/nailspa.ee\/e-pood\/toode\/cracked-heel-foam-125-ml-vaht-lohenenud-kandadele\/"},"modified":"2024-09-22T17:43:42","modified_gmt":"2024-09-22T14:43:42","slug":"cracked-heel-foam-125-ml-vaht-lohenenud-kandadele","status":"publish","type":"product","link":"https:\/\/nailspa.ee\/e-pood\/toode\/cracked-heel-foam-125-ml-vaht-lohenenud-kandadele\/","title":{"rendered":"Cracked Heel Foam 125 ml &#8211; Vaht l\u00f5henenud kandadele"},"content":{"rendered":"","protected":false},"excerpt":{"rendered":"<ul>\n<li>Niisutab, pehmendab ja kaitseb l\u00f5henenud kannanahka. Aitab s\u00fcgavatel l\u00f5hedel paraneda. Nahka parandava toimega. Tulemus on n\u00e4ha p\u00e4evade jooksul. S\u00fcgavniisutav. \u00d5htune priimula\u00f5li tugevdab nahka. H\u00fcgieeniline dosaator.<br \/>\nKasutusjuhend: Loksuta h\u00e4sti enne igat kasutuskorda! Piisab p\u00e4hklisuurusest vahupallist. Umbes 160 kasutuskorda.<\/li>\n<li>Imendub \u00f5rnalt naha v\u00e4liskihtidesse<\/li>\n<li>Moodustab ohutu, kaitsva, mitte poore ummistava kihi<\/li>\n<li>Ei j\u00e4\u00e4 rasvane<\/li>\n<li>Doseerimiss\u00fcsteem ei lase \u00f5hku vahupudelisse<\/li>\n<li>H\u00fcgieeniline!<\/li>\n<li>Vahud ei sisalda parf\u00fc\u00fcmi, alkoholi ja mineraal\u00f5lisid<\/li>\n<\/ul>\n","protected":false},"featured_media":4351,"template":"","meta":[],"product_brand":[],"product_cat":[86],"product_tag":[],"class_list":{"0":"post-2529","1":"product","2":"type-product","3":"status-publish","4":"has-post-thumbnail","6":"product_cat-jalahooldus","8":"first","9":"instock","10":"taxable","11":"shipping-taxable","12":"purchasable","13":"product-type-simple"},"yoast_head":"<!-- This site is optimized with the Yoast SEO plugin v26.4 - https:\/\/yoast.com\/wordpress\/plugins\/seo\/ -->\n<title>Cracked Heel Foam 125 ml - Vaht l\u00f5henenud kandadele | Nailspa e-pood<\/title>\n<meta name=\"robots\" content=\"index, follow, max-snippet:-1, max-image-preview:large, max-video-preview:-1\" \/>\n<link rel=\"canonical\" href=\"https:\/\/nailspa.ee\/e-pood\/toode\/cracked-heel-foam-125-ml-vaht-lohenenud-kandadele\/\" \/>\n<meta property=\"og:locale\" content=\"et_EE\" \/>\n<meta property=\"og:type\" content=\"article\" \/>\n<meta property=\"og:title\" content=\"Cracked Heel Foam 125 ml - Vaht l\u00f5henenud kandadele | Nailspa e-pood\" \/>\n<meta property=\"og:description\" content=\"Niisutab, pehmendab ja kaitseb l\u00f5henenud kannanahka. Aitab s\u00fcgavatel l\u00f5hedel paraneda. Nahka parandava toimega. Tulemus on n\u00e4ha p\u00e4evade jooksul. S\u00fcgavniisutav. \u00d5htune priimula\u00f5li tugevdab nahka. H\u00fcgieeniline dosaator. Kasutusjuhend: Loksuta h\u00e4sti enne igat kasutuskorda! Piisab p\u00e4hklisuurusest vahupallist. Umbes 160 kasutuskorda.  Imendub \u00f5rnalt naha v\u00e4liskihtidesse  Moodustab ohutu, kaitsva, mitte poore ummistava kihi  Ei j\u00e4\u00e4 rasvane  Doseerimiss\u00fcsteem ei lase \u00f5hku vahupudelisse  H\u00fcgieeniline!  Vahud ei sisalda parf\u00fc\u00fcmi, alkoholi ja mineraal\u00f5lisid\" \/>\n<meta property=\"og:url\" content=\"https:\/\/nailspa.ee\/e-pood\/toode\/cracked-heel-foam-125-ml-vaht-lohenenud-kandadele\/\" \/>\n<meta property=\"og:site_name\" content=\"Nailspa e-pood\" \/>\n<meta property=\"article:modified_time\" content=\"2024-09-22T14:43:42+00:00\" \/>\n<meta property=\"og:image\" content=\"https:\/\/nailspa.ee\/e-pood\/wp-content\/uploads\/2020\/01\/Cracked.jpg\" \/>\n\t<meta property=\"og:image:width\" content=\"1080\" \/>\n\t<meta property=\"og:image:height\" content=\"1080\" \/>\n\t<meta property=\"og:image:type\" content=\"image\/jpeg\" \/>\n<meta name=\"twitter:card\" content=\"summary_large_image\" \/>\n<meta name=\"twitter:label1\" content=\"Est. reading time\" \/>\n\t<meta name=\"twitter:data1\" content=\"1 minut\" \/>\n<script type=\"application\/ld+json\" class=\"yoast-schema-graph\">{\"@context\":\"https:\/\/schema.org\",\"@graph\":[{\"@type\":\"WebPage\",\"@id\":\"https:\/\/nailspa.ee\/e-pood\/toode\/cracked-heel-foam-125-ml-vaht-lohenenud-kandadele\/\",\"url\":\"https:\/\/nailspa.ee\/e-pood\/toode\/cracked-heel-foam-125-ml-vaht-lohenenud-kandadele\/\",\"name\":\"Cracked Heel Foam 125 ml - Vaht l\u00f5henenud kandadele | Nailspa e-pood\",\"isPartOf\":{\"@id\":\"http:\/\/nailspa.ee\/e-pood\/#website\"},\"primaryImageOfPage\":{\"@id\":\"https:\/\/nailspa.ee\/e-pood\/toode\/cracked-heel-foam-125-ml-vaht-lohenenud-kandadele\/#primaryimage\"},\"image\":{\"@id\":\"https:\/\/nailspa.ee\/e-pood\/toode\/cracked-heel-foam-125-ml-vaht-lohenenud-kandadele\/#primaryimage\"},\"thumbnailUrl\":\"https:\/\/nailspa.ee\/e-pood\/wp-content\/uploads\/2020\/01\/Cracked.jpg\",\"datePublished\":\"2020-01-15T19:51:23+00:00\",\"dateModified\":\"2024-09-22T14:43:42+00:00\",\"breadcrumb\":{\"@id\":\"https:\/\/nailspa.ee\/e-pood\/toode\/cracked-heel-foam-125-ml-vaht-lohenenud-kandadele\/#breadcrumb\"},\"inLanguage\":\"et\",\"potentialAction\":[{\"@type\":\"ReadAction\",\"target\":[\"https:\/\/nailspa.ee\/e-pood\/toode\/cracked-heel-foam-125-ml-vaht-lohenenud-kandadele\/\"]}]},{\"@type\":\"ImageObject\",\"inLanguage\":\"et\",\"@id\":\"https:\/\/nailspa.ee\/e-pood\/toode\/cracked-heel-foam-125-ml-vaht-lohenenud-kandadele\/#primaryimage\",\"url\":\"https:\/\/nailspa.ee\/e-pood\/wp-content\/uploads\/2020\/01\/Cracked.jpg\",\"contentUrl\":\"https:\/\/nailspa.ee\/e-pood\/wp-content\/uploads\/2020\/01\/Cracked.jpg\",\"width\":1080,\"height\":1080},{\"@type\":\"BreadcrumbList\",\"@id\":\"https:\/\/nailspa.ee\/e-pood\/toode\/cracked-heel-foam-125-ml-vaht-lohenenud-kandadele\/#breadcrumb\",\"itemListElement\":[{\"@type\":\"ListItem\",\"position\":1,\"name\":\"Home\",\"item\":\"http:\/\/nailspa.ee\/e-pood\/\"},{\"@type\":\"ListItem\",\"position\":2,\"name\":\"Pood\",\"item\":\"http:\/\/nailspa.ee\/e-pood\/pood\/\"},{\"@type\":\"ListItem\",\"position\":3,\"name\":\"Cracked Heel Foam 125 ml &#8211; Vaht l\u00f5henenud kandadele\"}]},{\"@type\":\"WebSite\",\"@id\":\"http:\/\/nailspa.ee\/e-pood\/#website\",\"url\":\"http:\/\/nailspa.ee\/e-pood\/\",\"name\":\"Nailspa e-pood\",\"description\":\"\",\"potentialAction\":[{\"@type\":\"SearchAction\",\"target\":{\"@type\":\"EntryPoint\",\"urlTemplate\":\"http:\/\/nailspa.ee\/e-pood\/?s={search_term_string}\"},\"query-input\":{\"@type\":\"PropertyValueSpecification\",\"valueRequired\":true,\"valueName\":\"search_term_string\"}}],\"inLanguage\":\"et\"}]}<\/script>\n<!-- \/ Yoast SEO plugin. -->","yoast_head_json":{"title":"Cracked Heel Foam 125 ml - Vaht l\u00f5henenud kandadele | Nailspa e-pood","robots":{"index":"index","follow":"follow","max-snippet":"max-snippet:-1","max-image-preview":"max-image-preview:large","max-video-preview":"max-video-preview:-1"},"canonical":"https:\/\/nailspa.ee\/e-pood\/toode\/cracked-heel-foam-125-ml-vaht-lohenenud-kandadele\/","og_locale":"et_EE","og_type":"article","og_title":"Cracked Heel Foam 125 ml - Vaht l\u00f5henenud kandadele | Nailspa e-pood","og_description":"Niisutab, pehmendab ja kaitseb l\u00f5henenud kannanahka. Aitab s\u00fcgavatel l\u00f5hedel paraneda. Nahka parandava toimega. Tulemus on n\u00e4ha p\u00e4evade jooksul. S\u00fcgavniisutav. \u00d5htune priimula\u00f5li tugevdab nahka. H\u00fcgieeniline dosaator. Kasutusjuhend: Loksuta h\u00e4sti enne igat kasutuskorda! Piisab p\u00e4hklisuurusest vahupallist. Umbes 160 kasutuskorda.  Imendub \u00f5rnalt naha v\u00e4liskihtidesse  Moodustab ohutu, kaitsva, mitte poore ummistava kihi  Ei j\u00e4\u00e4 rasvane  Doseerimiss\u00fcsteem ei lase \u00f5hku vahupudelisse  H\u00fcgieeniline!  Vahud ei sisalda parf\u00fc\u00fcmi, alkoholi ja mineraal\u00f5lisid","og_url":"https:\/\/nailspa.ee\/e-pood\/toode\/cracked-heel-foam-125-ml-vaht-lohenenud-kandadele\/","og_site_name":"Nailspa e-pood","article_modified_time":"2024-09-22T14:43:42+00:00","og_image":[{"width":1080,"height":1080,"url":"https:\/\/nailspa.ee\/e-pood\/wp-content\/uploads\/2020\/01\/Cracked.jpg","type":"image\/jpeg"}],"twitter_card":"summary_large_image","twitter_misc":{"Est. reading time":"1 minut"},"schema":{"@context":"https:\/\/schema.org","@graph":[{"@type":"WebPage","@id":"https:\/\/nailspa.ee\/e-pood\/toode\/cracked-heel-foam-125-ml-vaht-lohenenud-kandadele\/","url":"https:\/\/nailspa.ee\/e-pood\/toode\/cracked-heel-foam-125-ml-vaht-lohenenud-kandadele\/","name":"Cracked Heel Foam 125 ml - Vaht l\u00f5henenud kandadele | Nailspa e-pood","isPartOf":{"@id":"http:\/\/nailspa.ee\/e-pood\/#website"},"primaryImageOfPage":{"@id":"https:\/\/nailspa.ee\/e-pood\/toode\/cracked-heel-foam-125-ml-vaht-lohenenud-kandadele\/#primaryimage"},"image":{"@id":"https:\/\/nailspa.ee\/e-pood\/toode\/cracked-heel-foam-125-ml-vaht-lohenenud-kandadele\/#primaryimage"},"thumbnailUrl":"https:\/\/nailspa.ee\/e-pood\/wp-content\/uploads\/2020\/01\/Cracked.jpg","datePublished":"2020-01-15T19:51:23+00:00","dateModified":"2024-09-22T14:43:42+00:00","breadcrumb":{"@id":"https:\/\/nailspa.ee\/e-pood\/toode\/cracked-heel-foam-125-ml-vaht-lohenenud-kandadele\/#breadcrumb"},"inLanguage":"et","potentialAction":[{"@type":"ReadAction","target":["https:\/\/nailspa.ee\/e-pood\/toode\/cracked-heel-foam-125-ml-vaht-lohenenud-kandadele\/"]}]},{"@type":"ImageObject","inLanguage":"et","@id":"https:\/\/nailspa.ee\/e-pood\/toode\/cracked-heel-foam-125-ml-vaht-lohenenud-kandadele\/#primaryimage","url":"https:\/\/nailspa.ee\/e-pood\/wp-content\/uploads\/2020\/01\/Cracked.jpg","contentUrl":"https:\/\/nailspa.ee\/e-pood\/wp-content\/uploads\/2020\/01\/Cracked.jpg","width":1080,"height":1080},{"@type":"BreadcrumbList","@id":"https:\/\/nailspa.ee\/e-pood\/toode\/cracked-heel-foam-125-ml-vaht-lohenenud-kandadele\/#breadcrumb","itemListElement":[{"@type":"ListItem","position":1,"name":"Home","item":"http:\/\/nailspa.ee\/e-pood\/"},{"@type":"ListItem","position":2,"name":"Pood","item":"http:\/\/nailspa.ee\/e-pood\/pood\/"},{"@type":"ListItem","position":3,"name":"Cracked Heel Foam 125 ml &#8211; Vaht l\u00f5henenud kandadele"}]},{"@type":"WebSite","@id":"http:\/\/nailspa.ee\/e-pood\/#website","url":"http:\/\/nailspa.ee\/e-pood\/","name":"Nailspa e-pood","description":"","potentialAction":[{"@type":"SearchAction","target":{"@type":"EntryPoint","urlTemplate":"http:\/\/nailspa.ee\/e-pood\/?s={search_term_string}"},"query-input":{"@type":"PropertyValueSpecification","valueRequired":true,"valueName":"search_term_string"}}],"inLanguage":"et"}]}},"_links":{"self":[{"href":"https:\/\/nailspa.ee\/e-pood\/wp-json\/wp\/v2\/product\/2529","targetHints":{"allow":["GET"]}}],"collection":[{"href":"https:\/\/nailspa.ee\/e-pood\/wp-json\/wp\/v2\/product"}],"about":[{"href":"https:\/\/nailspa.ee\/e-pood\/wp-json\/wp\/v2\/types\/product"}],"wp:featuredmedia":[{"embeddable":true,"href":"https:\/\/nailspa.ee\/e-pood\/wp-json\/wp\/v2\/media\/4351"}],"wp:attachment":[{"href":"https:\/\/nailspa.ee\/e-pood\/wp-json\/wp\/v2\/media?parent=2529"}],"wp:term":[{"taxonomy":"product_brand","embeddable":true,"href":"https:\/\/nailspa.ee\/e-pood\/wp-json\/wp\/v2\/product_brand?post=2529"},{"taxonomy":"product_cat","embeddable":true,"href":"https:\/\/nailspa.ee\/e-pood\/wp-json\/wp\/v2\/product_cat?post=2529"},{"taxonomy":"product_tag","embeddable":true,"href":"https:\/\/nailspa.ee\/e-pood\/wp-json\/wp\/v2\/product_tag?post=2529"}],"curies":[{"name":"wp","href":"https:\/\/api.w.org\/{rel}","templated":true}]}}