{"id":2526,"date":"2020-01-15T21:51:23","date_gmt":"2020-01-15T19:51:23","guid":{"rendered":"https:\/\/nailspa.ee\/e-pood\/toode\/callus-off-1000-ml-nahapaksendite-pehmendaja-taitepudel\/"},"modified":"2025-11-03T15:53:42","modified_gmt":"2025-11-03T13:53:42","slug":"callus-off-1000-ml-nahapaksendite-pehmendaja-taitepudel","status":"publish","type":"product","link":"https:\/\/nailspa.ee\/e-pood\/toode\/callus-off-1000-ml-nahapaksendite-pehmendaja-taitepudel\/","title":{"rendered":"Callus Off uureaga 1000 ml &#8211; nahapaksendite pehmendaja t\u00e4itepudel"},"content":{"rendered":"","protected":false},"excerpt":{"rendered":"<ul>\n<li>Kooriv<\/li>\n<li class=\"pdp-usplist__item pdp-usplist__item--product\">Niisutav<\/li>\n<li class=\"pdp-usplist__item pdp-usplist__item--product\">83% looduslikku p\u00e4ritolu<\/li>\n<li><\/li>\n<li>V\u00e4ga efektiivne jalgade nahapaksendite pehmendaja. Sisaldab uuread. V\u00f5ib kasutada ka k\u00fc\u00fcnenahkade pehmendamiseks jalgadel<\/li>\n<li>Sprei nahapaksendi pehmendaja<\/li>\n<li>Ka k\u00fc\u00fcnenaha pehmendaja<\/li>\n<li>Sobib tundlikule nahale. \u00d5rnatoimeline<\/li>\n<li>Ei ole vaja maha pesta<\/li>\n<li>Lase m\u00f5juda 2 min<\/li>\n<\/ul>\n","protected":false},"featured_media":7398,"template":"","meta":[],"product_brand":[],"product_cat":[86],"product_tag":[],"class_list":{"0":"post-2526","1":"product","2":"type-product","3":"status-publish","4":"has-post-thumbnail","6":"product_cat-jalahooldus","8":"first","9":"instock","10":"taxable","11":"shipping-taxable","12":"product-type-simple"},"yoast_head":"<!-- This site is optimized with the Yoast SEO plugin v26.4 - https:\/\/yoast.com\/wordpress\/plugins\/seo\/ -->\n<title>Callus Off uureaga 1000 ml - nahapaksendite pehmendaja t\u00e4itepudel | Nailspa e-pood<\/title>\n<meta name=\"robots\" content=\"index, follow, max-snippet:-1, max-image-preview:large, max-video-preview:-1\" \/>\n<link rel=\"canonical\" href=\"https:\/\/nailspa.ee\/e-pood\/toode\/callus-off-1000-ml-nahapaksendite-pehmendaja-taitepudel\/\" \/>\n<meta property=\"og:locale\" content=\"et_EE\" \/>\n<meta property=\"og:type\" content=\"article\" \/>\n<meta property=\"og:title\" content=\"Callus Off uureaga 1000 ml - nahapaksendite pehmendaja t\u00e4itepudel | Nailspa e-pood\" \/>\n<meta property=\"og:description\" content=\"Kooriv  Niisutav  83% looduslikku p\u00e4ritolu    V\u00e4ga efektiivne jalgade nahapaksendite pehmendaja. Sisaldab uuread. V\u00f5ib kasutada ka k\u00fc\u00fcnenahkade pehmendamiseks jalgadel  Sprei nahapaksendi pehmendaja  Ka k\u00fc\u00fcnenaha pehmendaja  Sobib tundlikule nahale. \u00d5rnatoimeline  Ei ole vaja maha pesta  Lase m\u00f5juda 2 min\" \/>\n<meta property=\"og:url\" content=\"https:\/\/nailspa.ee\/e-pood\/toode\/callus-off-1000-ml-nahapaksendite-pehmendaja-taitepudel\/\" \/>\n<meta property=\"og:site_name\" content=\"Nailspa e-pood\" \/>\n<meta property=\"article:modified_time\" content=\"2025-11-03T13:53:42+00:00\" \/>\n<meta property=\"og:image\" content=\"https:\/\/nailspa.ee\/e-pood\/wp-content\/uploads\/2025\/09\/30447_Refill-Urea-scaled.jpg\" \/>\n\t<meta property=\"og:image:width\" content=\"1654\" \/>\n\t<meta property=\"og:image:height\" content=\"2560\" \/>\n\t<meta property=\"og:image:type\" content=\"image\/jpeg\" \/>\n<meta name=\"twitter:card\" content=\"summary_large_image\" \/>\n<meta name=\"twitter:label1\" content=\"Est. reading time\" \/>\n\t<meta name=\"twitter:data1\" content=\"1 minut\" \/>\n<script type=\"application\/ld+json\" class=\"yoast-schema-graph\">{\"@context\":\"https:\/\/schema.org\",\"@graph\":[{\"@type\":\"WebPage\",\"@id\":\"https:\/\/nailspa.ee\/e-pood\/toode\/callus-off-1000-ml-nahapaksendite-pehmendaja-taitepudel\/\",\"url\":\"https:\/\/nailspa.ee\/e-pood\/toode\/callus-off-1000-ml-nahapaksendite-pehmendaja-taitepudel\/\",\"name\":\"Callus Off uureaga 1000 ml - nahapaksendite pehmendaja t\u00e4itepudel | Nailspa e-pood\",\"isPartOf\":{\"@id\":\"http:\/\/nailspa.ee\/e-pood\/#website\"},\"primaryImageOfPage\":{\"@id\":\"https:\/\/nailspa.ee\/e-pood\/toode\/callus-off-1000-ml-nahapaksendite-pehmendaja-taitepudel\/#primaryimage\"},\"image\":{\"@id\":\"https:\/\/nailspa.ee\/e-pood\/toode\/callus-off-1000-ml-nahapaksendite-pehmendaja-taitepudel\/#primaryimage\"},\"thumbnailUrl\":\"https:\/\/nailspa.ee\/e-pood\/wp-content\/uploads\/2025\/09\/30447_Refill-Urea-scaled.jpg\",\"datePublished\":\"2020-01-15T19:51:23+00:00\",\"dateModified\":\"2025-11-03T13:53:42+00:00\",\"breadcrumb\":{\"@id\":\"https:\/\/nailspa.ee\/e-pood\/toode\/callus-off-1000-ml-nahapaksendite-pehmendaja-taitepudel\/#breadcrumb\"},\"inLanguage\":\"et\",\"potentialAction\":[{\"@type\":\"ReadAction\",\"target\":[\"https:\/\/nailspa.ee\/e-pood\/toode\/callus-off-1000-ml-nahapaksendite-pehmendaja-taitepudel\/\"]}]},{\"@type\":\"ImageObject\",\"inLanguage\":\"et\",\"@id\":\"https:\/\/nailspa.ee\/e-pood\/toode\/callus-off-1000-ml-nahapaksendite-pehmendaja-taitepudel\/#primaryimage\",\"url\":\"https:\/\/nailspa.ee\/e-pood\/wp-content\/uploads\/2025\/09\/30447_Refill-Urea-scaled.jpg\",\"contentUrl\":\"https:\/\/nailspa.ee\/e-pood\/wp-content\/uploads\/2025\/09\/30447_Refill-Urea-scaled.jpg\",\"width\":1654,\"height\":2560},{\"@type\":\"BreadcrumbList\",\"@id\":\"https:\/\/nailspa.ee\/e-pood\/toode\/callus-off-1000-ml-nahapaksendite-pehmendaja-taitepudel\/#breadcrumb\",\"itemListElement\":[{\"@type\":\"ListItem\",\"position\":1,\"name\":\"Home\",\"item\":\"http:\/\/nailspa.ee\/e-pood\/\"},{\"@type\":\"ListItem\",\"position\":2,\"name\":\"Pood\",\"item\":\"http:\/\/nailspa.ee\/e-pood\/pood\/\"},{\"@type\":\"ListItem\",\"position\":3,\"name\":\"Callus Off uureaga 1000 ml &#8211; nahapaksendite pehmendaja t\u00e4itepudel\"}]},{\"@type\":\"WebSite\",\"@id\":\"http:\/\/nailspa.ee\/e-pood\/#website\",\"url\":\"http:\/\/nailspa.ee\/e-pood\/\",\"name\":\"Nailspa e-pood\",\"description\":\"\",\"potentialAction\":[{\"@type\":\"SearchAction\",\"target\":{\"@type\":\"EntryPoint\",\"urlTemplate\":\"http:\/\/nailspa.ee\/e-pood\/?s={search_term_string}\"},\"query-input\":{\"@type\":\"PropertyValueSpecification\",\"valueRequired\":true,\"valueName\":\"search_term_string\"}}],\"inLanguage\":\"et\"}]}<\/script>\n<!-- \/ Yoast SEO plugin. -->","yoast_head_json":{"title":"Callus Off uureaga 1000 ml - nahapaksendite pehmendaja t\u00e4itepudel | Nailspa e-pood","robots":{"index":"index","follow":"follow","max-snippet":"max-snippet:-1","max-image-preview":"max-image-preview:large","max-video-preview":"max-video-preview:-1"},"canonical":"https:\/\/nailspa.ee\/e-pood\/toode\/callus-off-1000-ml-nahapaksendite-pehmendaja-taitepudel\/","og_locale":"et_EE","og_type":"article","og_title":"Callus Off uureaga 1000 ml - nahapaksendite pehmendaja t\u00e4itepudel | Nailspa e-pood","og_description":"Kooriv  Niisutav  83% looduslikku p\u00e4ritolu    V\u00e4ga efektiivne jalgade nahapaksendite pehmendaja. Sisaldab uuread. V\u00f5ib kasutada ka k\u00fc\u00fcnenahkade pehmendamiseks jalgadel  Sprei nahapaksendi pehmendaja  Ka k\u00fc\u00fcnenaha pehmendaja  Sobib tundlikule nahale. \u00d5rnatoimeline  Ei ole vaja maha pesta  Lase m\u00f5juda 2 min","og_url":"https:\/\/nailspa.ee\/e-pood\/toode\/callus-off-1000-ml-nahapaksendite-pehmendaja-taitepudel\/","og_site_name":"Nailspa e-pood","article_modified_time":"2025-11-03T13:53:42+00:00","og_image":[{"width":1654,"height":2560,"url":"https:\/\/nailspa.ee\/e-pood\/wp-content\/uploads\/2025\/09\/30447_Refill-Urea-scaled.jpg","type":"image\/jpeg"}],"twitter_card":"summary_large_image","twitter_misc":{"Est. reading time":"1 minut"},"schema":{"@context":"https:\/\/schema.org","@graph":[{"@type":"WebPage","@id":"https:\/\/nailspa.ee\/e-pood\/toode\/callus-off-1000-ml-nahapaksendite-pehmendaja-taitepudel\/","url":"https:\/\/nailspa.ee\/e-pood\/toode\/callus-off-1000-ml-nahapaksendite-pehmendaja-taitepudel\/","name":"Callus Off uureaga 1000 ml - nahapaksendite pehmendaja t\u00e4itepudel | Nailspa e-pood","isPartOf":{"@id":"http:\/\/nailspa.ee\/e-pood\/#website"},"primaryImageOfPage":{"@id":"https:\/\/nailspa.ee\/e-pood\/toode\/callus-off-1000-ml-nahapaksendite-pehmendaja-taitepudel\/#primaryimage"},"image":{"@id":"https:\/\/nailspa.ee\/e-pood\/toode\/callus-off-1000-ml-nahapaksendite-pehmendaja-taitepudel\/#primaryimage"},"thumbnailUrl":"https:\/\/nailspa.ee\/e-pood\/wp-content\/uploads\/2025\/09\/30447_Refill-Urea-scaled.jpg","datePublished":"2020-01-15T19:51:23+00:00","dateModified":"2025-11-03T13:53:42+00:00","breadcrumb":{"@id":"https:\/\/nailspa.ee\/e-pood\/toode\/callus-off-1000-ml-nahapaksendite-pehmendaja-taitepudel\/#breadcrumb"},"inLanguage":"et","potentialAction":[{"@type":"ReadAction","target":["https:\/\/nailspa.ee\/e-pood\/toode\/callus-off-1000-ml-nahapaksendite-pehmendaja-taitepudel\/"]}]},{"@type":"ImageObject","inLanguage":"et","@id":"https:\/\/nailspa.ee\/e-pood\/toode\/callus-off-1000-ml-nahapaksendite-pehmendaja-taitepudel\/#primaryimage","url":"https:\/\/nailspa.ee\/e-pood\/wp-content\/uploads\/2025\/09\/30447_Refill-Urea-scaled.jpg","contentUrl":"https:\/\/nailspa.ee\/e-pood\/wp-content\/uploads\/2025\/09\/30447_Refill-Urea-scaled.jpg","width":1654,"height":2560},{"@type":"BreadcrumbList","@id":"https:\/\/nailspa.ee\/e-pood\/toode\/callus-off-1000-ml-nahapaksendite-pehmendaja-taitepudel\/#breadcrumb","itemListElement":[{"@type":"ListItem","position":1,"name":"Home","item":"http:\/\/nailspa.ee\/e-pood\/"},{"@type":"ListItem","position":2,"name":"Pood","item":"http:\/\/nailspa.ee\/e-pood\/pood\/"},{"@type":"ListItem","position":3,"name":"Callus Off uureaga 1000 ml &#8211; nahapaksendite pehmendaja t\u00e4itepudel"}]},{"@type":"WebSite","@id":"http:\/\/nailspa.ee\/e-pood\/#website","url":"http:\/\/nailspa.ee\/e-pood\/","name":"Nailspa e-pood","description":"","potentialAction":[{"@type":"SearchAction","target":{"@type":"EntryPoint","urlTemplate":"http:\/\/nailspa.ee\/e-pood\/?s={search_term_string}"},"query-input":{"@type":"PropertyValueSpecification","valueRequired":true,"valueName":"search_term_string"}}],"inLanguage":"et"}]}},"_links":{"self":[{"href":"https:\/\/nailspa.ee\/e-pood\/wp-json\/wp\/v2\/product\/2526","targetHints":{"allow":["GET"]}}],"collection":[{"href":"https:\/\/nailspa.ee\/e-pood\/wp-json\/wp\/v2\/product"}],"about":[{"href":"https:\/\/nailspa.ee\/e-pood\/wp-json\/wp\/v2\/types\/product"}],"wp:featuredmedia":[{"embeddable":true,"href":"https:\/\/nailspa.ee\/e-pood\/wp-json\/wp\/v2\/media\/7398"}],"wp:attachment":[{"href":"https:\/\/nailspa.ee\/e-pood\/wp-json\/wp\/v2\/media?parent=2526"}],"wp:term":[{"taxonomy":"product_brand","embeddable":true,"href":"https:\/\/nailspa.ee\/e-pood\/wp-json\/wp\/v2\/product_brand?post=2526"},{"taxonomy":"product_cat","embeddable":true,"href":"https:\/\/nailspa.ee\/e-pood\/wp-json\/wp\/v2\/product_cat?post=2526"},{"taxonomy":"product_tag","embeddable":true,"href":"https:\/\/nailspa.ee\/e-pood\/wp-json\/wp\/v2\/product_tag?post=2526"}],"curies":[{"name":"wp","href":"https:\/\/api.w.org\/{rel}","templated":true}]}}