{"id":2175,"date":"2020-01-15T21:51:03","date_gmt":"2020-01-15T19:51:03","guid":{"rendered":"https:\/\/nailspa.ee\/e-pood\/toode\/pro-septic-125-ml-antiseptik-katele-ja-kuuntele\/"},"modified":"2024-07-01T11:11:20","modified_gmt":"2024-07-01T08:11:20","slug":"pro-septic-125-ml-antiseptik-katele-ja-kuuntele","status":"publish","type":"product","link":"https:\/\/nailspa.ee\/e-pood\/toode\/pro-septic-125-ml-antiseptik-katele-ja-kuuntele\/","title":{"rendered":"Pro Septic 125 ml &#8211; antiseptik k\u00e4tele ja k\u00fc\u00fcntele"},"content":{"rendered":"","protected":false},"excerpt":{"rendered":"<ul>\n<li>K\u00e4te ja k\u00fc\u00fcnte desinfitseerimiseks ja puhastamiseks<\/li>\n<li>PRO SEPTIC sisaldab 90% alkoholi ja seda kasutatakse mitte ainult k\u00e4te desinfitseerimiseks, vaid ka niiskuse eemaldamiseks k\u00fc\u00fcneplaadilt enne geeli paigaldust.<\/li>\n<li>Kasutada enne laki, primeri v\u00f5i geeliga katmist<\/li>\n<\/ul>\n<p>&nbsp;<\/p>\n<p>Toode sisaldab: Alcohol Denat, Aqua, Menthol, Cl42080 (Blue 1)<\/p>\n<p>Toode on m\u00f5eldud kasutamiseks ilusektoris ja on registreeritud vastavalt EU regulatsioonile (EC) No 1223\/2009 CPNP registris (Cosmetic Products Notification Portal). Euroopa Liidus koordineerib kosmeetikatoodete tootmist direktiiv 76\/768\/EEC ja regulatsioon (EC) No. 1223\/2009.<\/p>\n","protected":false},"featured_media":3731,"template":"","meta":[],"product_brand":[],"product_cat":[76],"product_tag":[],"class_list":{"0":"post-2175","1":"product","2":"type-product","3":"status-publish","4":"has-post-thumbnail","6":"product_cat-hugieen","8":"first","9":"instock","10":"taxable","11":"shipping-taxable","12":"purchasable","13":"product-type-simple"},"yoast_head":"<!-- This site is optimized with the Yoast SEO plugin v26.4 - https:\/\/yoast.com\/wordpress\/plugins\/seo\/ -->\n<title>Pro Septic 125 ml - antiseptik k\u00e4tele ja k\u00fc\u00fcntele | Nailspa e-pood<\/title>\n<meta name=\"robots\" content=\"index, follow, max-snippet:-1, max-image-preview:large, max-video-preview:-1\" \/>\n<link rel=\"canonical\" href=\"https:\/\/nailspa.ee\/e-pood\/toode\/pro-septic-125-ml-antiseptik-katele-ja-kuuntele\/\" \/>\n<meta property=\"og:locale\" content=\"et_EE\" \/>\n<meta property=\"og:type\" content=\"article\" \/>\n<meta property=\"og:title\" content=\"Pro Septic 125 ml - antiseptik k\u00e4tele ja k\u00fc\u00fcntele | Nailspa e-pood\" \/>\n<meta property=\"og:description\" content=\"K\u00e4te ja k\u00fc\u00fcnte desinfitseerimiseks ja puhastamiseks  PRO SEPTIC sisaldab 90% alkoholi ja seda kasutatakse mitte ainult k\u00e4te desinfitseerimiseks, vaid ka niiskuse eemaldamiseks k\u00fc\u00fcneplaadilt enne geeli paigaldust.  Kasutada enne laki, primeri v\u00f5i geeliga katmist  &nbsp;  Toode sisaldab: Alcohol Denat, Aqua, Menthol, Cl42080 (Blue 1)  Toode on m\u00f5eldud kasutamiseks ilusektoris ja on registreeritud vastavalt EU regulatsioonile (EC) No 1223\/2009 CPNP registris (Cosmetic Products Notification Portal). Euroopa Liidus koordineerib kosmeetikatoodete tootmist direktiiv 76\/768\/EEC ja regulatsioon (EC) No. 1223\/2009.\" \/>\n<meta property=\"og:url\" content=\"https:\/\/nailspa.ee\/e-pood\/toode\/pro-septic-125-ml-antiseptik-katele-ja-kuuntele\/\" \/>\n<meta property=\"og:site_name\" content=\"Nailspa e-pood\" \/>\n<meta property=\"article:modified_time\" content=\"2024-07-01T08:11:20+00:00\" \/>\n<meta property=\"og:image\" content=\"https:\/\/nailspa.ee\/e-pood\/wp-content\/uploads\/2020\/01\/proseptic-125ml.jpg\" \/>\n\t<meta property=\"og:image:width\" content=\"400\" \/>\n\t<meta property=\"og:image:height\" content=\"400\" \/>\n\t<meta property=\"og:image:type\" content=\"image\/jpeg\" \/>\n<meta name=\"twitter:card\" content=\"summary_large_image\" \/>\n<meta name=\"twitter:label1\" content=\"Est. reading time\" \/>\n\t<meta name=\"twitter:data1\" content=\"1 minut\" \/>\n<script type=\"application\/ld+json\" class=\"yoast-schema-graph\">{\"@context\":\"https:\/\/schema.org\",\"@graph\":[{\"@type\":\"WebPage\",\"@id\":\"https:\/\/nailspa.ee\/e-pood\/toode\/pro-septic-125-ml-antiseptik-katele-ja-kuuntele\/\",\"url\":\"https:\/\/nailspa.ee\/e-pood\/toode\/pro-septic-125-ml-antiseptik-katele-ja-kuuntele\/\",\"name\":\"Pro Septic 125 ml - antiseptik k\u00e4tele ja k\u00fc\u00fcntele | Nailspa e-pood\",\"isPartOf\":{\"@id\":\"https:\/\/nailspa.ee\/e-pood\/#website\"},\"primaryImageOfPage\":{\"@id\":\"https:\/\/nailspa.ee\/e-pood\/toode\/pro-septic-125-ml-antiseptik-katele-ja-kuuntele\/#primaryimage\"},\"image\":{\"@id\":\"https:\/\/nailspa.ee\/e-pood\/toode\/pro-septic-125-ml-antiseptik-katele-ja-kuuntele\/#primaryimage\"},\"thumbnailUrl\":\"https:\/\/nailspa.ee\/e-pood\/wp-content\/uploads\/2020\/01\/proseptic-125ml.jpg\",\"datePublished\":\"2020-01-15T19:51:03+00:00\",\"dateModified\":\"2024-07-01T08:11:20+00:00\",\"breadcrumb\":{\"@id\":\"https:\/\/nailspa.ee\/e-pood\/toode\/pro-septic-125-ml-antiseptik-katele-ja-kuuntele\/#breadcrumb\"},\"inLanguage\":\"et\",\"potentialAction\":[{\"@type\":\"ReadAction\",\"target\":[\"https:\/\/nailspa.ee\/e-pood\/toode\/pro-septic-125-ml-antiseptik-katele-ja-kuuntele\/\"]}]},{\"@type\":\"ImageObject\",\"inLanguage\":\"et\",\"@id\":\"https:\/\/nailspa.ee\/e-pood\/toode\/pro-septic-125-ml-antiseptik-katele-ja-kuuntele\/#primaryimage\",\"url\":\"https:\/\/nailspa.ee\/e-pood\/wp-content\/uploads\/2020\/01\/proseptic-125ml.jpg\",\"contentUrl\":\"https:\/\/nailspa.ee\/e-pood\/wp-content\/uploads\/2020\/01\/proseptic-125ml.jpg\",\"width\":400,\"height\":400},{\"@type\":\"BreadcrumbList\",\"@id\":\"https:\/\/nailspa.ee\/e-pood\/toode\/pro-septic-125-ml-antiseptik-katele-ja-kuuntele\/#breadcrumb\",\"itemListElement\":[{\"@type\":\"ListItem\",\"position\":1,\"name\":\"Home\",\"item\":\"https:\/\/nailspa.ee\/e-pood\/\"},{\"@type\":\"ListItem\",\"position\":2,\"name\":\"Pood\",\"item\":\"https:\/\/nailspa.ee\/e-pood\/pood\/\"},{\"@type\":\"ListItem\",\"position\":3,\"name\":\"Pro Septic 125 ml &#8211; antiseptik k\u00e4tele ja k\u00fc\u00fcntele\"}]},{\"@type\":\"WebSite\",\"@id\":\"https:\/\/nailspa.ee\/e-pood\/#website\",\"url\":\"https:\/\/nailspa.ee\/e-pood\/\",\"name\":\"Nailspa e-pood\",\"description\":\"\",\"potentialAction\":[{\"@type\":\"SearchAction\",\"target\":{\"@type\":\"EntryPoint\",\"urlTemplate\":\"https:\/\/nailspa.ee\/e-pood\/?s={search_term_string}\"},\"query-input\":{\"@type\":\"PropertyValueSpecification\",\"valueRequired\":true,\"valueName\":\"search_term_string\"}}],\"inLanguage\":\"et\"}]}<\/script>\n<!-- \/ Yoast SEO plugin. -->","yoast_head_json":{"title":"Pro Septic 125 ml - antiseptik k\u00e4tele ja k\u00fc\u00fcntele | Nailspa e-pood","robots":{"index":"index","follow":"follow","max-snippet":"max-snippet:-1","max-image-preview":"max-image-preview:large","max-video-preview":"max-video-preview:-1"},"canonical":"https:\/\/nailspa.ee\/e-pood\/toode\/pro-septic-125-ml-antiseptik-katele-ja-kuuntele\/","og_locale":"et_EE","og_type":"article","og_title":"Pro Septic 125 ml - antiseptik k\u00e4tele ja k\u00fc\u00fcntele | Nailspa e-pood","og_description":"K\u00e4te ja k\u00fc\u00fcnte desinfitseerimiseks ja puhastamiseks  PRO SEPTIC sisaldab 90% alkoholi ja seda kasutatakse mitte ainult k\u00e4te desinfitseerimiseks, vaid ka niiskuse eemaldamiseks k\u00fc\u00fcneplaadilt enne geeli paigaldust.  Kasutada enne laki, primeri v\u00f5i geeliga katmist  &nbsp;  Toode sisaldab: Alcohol Denat, Aqua, Menthol, Cl42080 (Blue 1)  Toode on m\u00f5eldud kasutamiseks ilusektoris ja on registreeritud vastavalt EU regulatsioonile (EC) No 1223\/2009 CPNP registris (Cosmetic Products Notification Portal). Euroopa Liidus koordineerib kosmeetikatoodete tootmist direktiiv 76\/768\/EEC ja regulatsioon (EC) No. 1223\/2009.","og_url":"https:\/\/nailspa.ee\/e-pood\/toode\/pro-septic-125-ml-antiseptik-katele-ja-kuuntele\/","og_site_name":"Nailspa e-pood","article_modified_time":"2024-07-01T08:11:20+00:00","og_image":[{"width":400,"height":400,"url":"https:\/\/nailspa.ee\/e-pood\/wp-content\/uploads\/2020\/01\/proseptic-125ml.jpg","type":"image\/jpeg"}],"twitter_card":"summary_large_image","twitter_misc":{"Est. reading time":"1 minut"},"schema":{"@context":"https:\/\/schema.org","@graph":[{"@type":"WebPage","@id":"https:\/\/nailspa.ee\/e-pood\/toode\/pro-septic-125-ml-antiseptik-katele-ja-kuuntele\/","url":"https:\/\/nailspa.ee\/e-pood\/toode\/pro-septic-125-ml-antiseptik-katele-ja-kuuntele\/","name":"Pro Septic 125 ml - antiseptik k\u00e4tele ja k\u00fc\u00fcntele | Nailspa e-pood","isPartOf":{"@id":"https:\/\/nailspa.ee\/e-pood\/#website"},"primaryImageOfPage":{"@id":"https:\/\/nailspa.ee\/e-pood\/toode\/pro-septic-125-ml-antiseptik-katele-ja-kuuntele\/#primaryimage"},"image":{"@id":"https:\/\/nailspa.ee\/e-pood\/toode\/pro-septic-125-ml-antiseptik-katele-ja-kuuntele\/#primaryimage"},"thumbnailUrl":"https:\/\/nailspa.ee\/e-pood\/wp-content\/uploads\/2020\/01\/proseptic-125ml.jpg","datePublished":"2020-01-15T19:51:03+00:00","dateModified":"2024-07-01T08:11:20+00:00","breadcrumb":{"@id":"https:\/\/nailspa.ee\/e-pood\/toode\/pro-septic-125-ml-antiseptik-katele-ja-kuuntele\/#breadcrumb"},"inLanguage":"et","potentialAction":[{"@type":"ReadAction","target":["https:\/\/nailspa.ee\/e-pood\/toode\/pro-septic-125-ml-antiseptik-katele-ja-kuuntele\/"]}]},{"@type":"ImageObject","inLanguage":"et","@id":"https:\/\/nailspa.ee\/e-pood\/toode\/pro-septic-125-ml-antiseptik-katele-ja-kuuntele\/#primaryimage","url":"https:\/\/nailspa.ee\/e-pood\/wp-content\/uploads\/2020\/01\/proseptic-125ml.jpg","contentUrl":"https:\/\/nailspa.ee\/e-pood\/wp-content\/uploads\/2020\/01\/proseptic-125ml.jpg","width":400,"height":400},{"@type":"BreadcrumbList","@id":"https:\/\/nailspa.ee\/e-pood\/toode\/pro-septic-125-ml-antiseptik-katele-ja-kuuntele\/#breadcrumb","itemListElement":[{"@type":"ListItem","position":1,"name":"Home","item":"https:\/\/nailspa.ee\/e-pood\/"},{"@type":"ListItem","position":2,"name":"Pood","item":"https:\/\/nailspa.ee\/e-pood\/pood\/"},{"@type":"ListItem","position":3,"name":"Pro Septic 125 ml &#8211; antiseptik k\u00e4tele ja k\u00fc\u00fcntele"}]},{"@type":"WebSite","@id":"https:\/\/nailspa.ee\/e-pood\/#website","url":"https:\/\/nailspa.ee\/e-pood\/","name":"Nailspa e-pood","description":"","potentialAction":[{"@type":"SearchAction","target":{"@type":"EntryPoint","urlTemplate":"https:\/\/nailspa.ee\/e-pood\/?s={search_term_string}"},"query-input":{"@type":"PropertyValueSpecification","valueRequired":true,"valueName":"search_term_string"}}],"inLanguage":"et"}]}},"_links":{"self":[{"href":"https:\/\/nailspa.ee\/e-pood\/wp-json\/wp\/v2\/product\/2175","targetHints":{"allow":["GET"]}}],"collection":[{"href":"https:\/\/nailspa.ee\/e-pood\/wp-json\/wp\/v2\/product"}],"about":[{"href":"https:\/\/nailspa.ee\/e-pood\/wp-json\/wp\/v2\/types\/product"}],"wp:featuredmedia":[{"embeddable":true,"href":"https:\/\/nailspa.ee\/e-pood\/wp-json\/wp\/v2\/media\/3731"}],"wp:attachment":[{"href":"https:\/\/nailspa.ee\/e-pood\/wp-json\/wp\/v2\/media?parent=2175"}],"wp:term":[{"taxonomy":"product_brand","embeddable":true,"href":"https:\/\/nailspa.ee\/e-pood\/wp-json\/wp\/v2\/product_brand?post=2175"},{"taxonomy":"product_cat","embeddable":true,"href":"https:\/\/nailspa.ee\/e-pood\/wp-json\/wp\/v2\/product_cat?post=2175"},{"taxonomy":"product_tag","embeddable":true,"href":"https:\/\/nailspa.ee\/e-pood\/wp-json\/wp\/v2\/product_tag?post=2175"}],"curies":[{"name":"wp","href":"https:\/\/api.w.org\/{rel}","templated":true}]}}