{"id":2163,"date":"2020-01-13T20:49:27","date_gmt":"2020-01-13T18:49:27","guid":{"rendered":"https:\/\/nailspa.ee\/e-pood\/?page_id=2163"},"modified":"2020-01-20T11:52:23","modified_gmt":"2020-01-20T09:52:23","slug":"muugitingimused","status":"publish","type":"page","link":"https:\/\/nailspa.ee\/e-pood\/muugitingimused\/","title":{"rendered":"E-poe m\u00fc\u00fcgitingimused"},"content":{"rendered":"<p><strong>1. \u00dcLDS\u00c4TTED<\/strong><\/p>\n<p>1.1. K\u00e4esolevad www.nailspa.ee\/epood e-poe (edaspidi: e-pood) m\u00fc\u00fcgitingimused (edaspidi: tingimused) kehtivad Nailspa e-poest ostmisel internetiaadressilt www.nailspa.ee\/epood. Kauba m\u00fc\u00fcja on Tallnail O\u00dc (edaspidi: m\u00fc\u00fcja), registrikood 11444674,  asukohaga Poordi 3, Tallinn, 10156, telefon 53364914 ja e-kiri pood@nailspa.ee. Tingimused kehtivad k\u00f5igi isikute (edaspidi: klient) ja m\u00fc\u00fcja vahel www.nailspa.ee\/epood vahendusel kauba ostmisel tekkivate \u00f5igussuhete kohta.<br \/>\n1.2. M\u00fc\u00fcjal on \u00f5igus \u00fchepoolselt tingimusi muuta ja t\u00e4iendada, avaldades uued tingimused internetiaadressil https:\/\/nailspa.ee\/e-pood\/et\/muugitingimused\/ .<br \/>\nKui klient esitas tellimuse enne tingimuste muudatuste j\u00f5ustumist, kohaldatakse kliendi ja m\u00fc\u00fcja \u00f5igussuhtele tellimuse esitamise ajal kehtinud tingimusi.<br \/>\n1.3. Kliendil on v\u00f5imalik enne ostu sooritamist tingimused salvestada, printida ja vajaduse korral taasesitada ning klient n\u00f5ustub e-poest ostu sooritamisel tingimustes s\u00e4testatuga.<br \/>\n1.4. Tingimustele lisaks kohaldatakse e-poest ostu sooritamisele Eesti Vabariigis kehtivaid \u00f5igusakte.<\/p>\n<p><strong><br \/>\n2. TELLIMUSE ESITAMINE<\/strong><br \/>\n2.1. Tellimusi saab e-poes esitada k\u00fclalisena, sisse ei ole vaja logida.<br \/>\n2.2. Klient valib e-poest v\u00e4lja soovitud kaubad ja lisab ostukorvi.<br \/>\n2.3. Klient valib tellimuse \u00fcleandmise viisi ja koha.<br \/>\n2.4. Klient kinnitab ostukorvi ja tasub kauba eest m\u00fc\u00fcja poolt pakutud maksekeskkondades. Klient kontrollib enne arve tasumist, et arves toodud andmed vastavad kliendi tegelikule soovile.<br \/>\n2.5. P\u00e4rast kauba eest tasumist tuleb kliendil vajutada lingile &#8220;Tagasi kaupmehe juurde&#8221;.<br \/>\n2.6. Tellimuse ja makse k\u00e4ttesaamise kohta saadab m\u00fc\u00fcja kliendile e-kirjaga kinnituse ja arve.<br \/>\n2.7. M\u00fc\u00fcja ja kliendi vahel j\u00f5ustub m\u00fc\u00fcgileping alates kliendi poolt tasutud ostusumma tervikuna laekumisest M\u00fc\u00fcja arvelduskontole.<br \/>\n2.8. Kaupade eest, mida ei \u00f5nnestu komplekteerida, maksab M\u00fc\u00fcja kliendile raha tagasi hiljemalt 14 p\u00e4eva jooksul.<br \/>\n2.9. M\u00fc\u00fcja aktsepteerib ainult Eesti klientide poolt esitatud tellimusi tarneaadressiga Eesti piires.<\/p>\n<p><strong><br \/>\n3. KAUBA HIND, MAKSEV\u00d5IMALUSED<\/strong><br \/>\n3.1. K\u00f5ik www.nailspa.ee\/epood e-poes m\u00fc\u00fcdavate kaupade hinnad on n\u00e4idatud eurodes ning sisaldavad k\u00e4ibemaksu.<br \/>\n3.2. Kliendil on v\u00f5imalik tasuda kas eraisikuna v\u00f5i ettev\u00f5ttena.<br \/>\n3.3. Klient tasub kauba ostmise korral kas ettemaksuna v\u00f5i lepingu olemasolu korral makset\u00e4htajaga. Makset\u00e4htajaga ostu sooritamise v\u00f5imalus on lepingulistel klientidel kellel on Tallnail O\u00dc-ga s\u00f5lmitud ostu-m\u00fc\u00fcgi leping.<br \/>\n3.4. Makset\u00e4htaja taotlemiseks tuleb v\u00f5tta enne ostu sooritamist \u00fchendust pood@nailspa.ee  ja esitada makset\u00e4htaja taotlus. Peale positiivset krediidikontrolli otsust lepitakse kokku personaalsed maksetingimused.<br \/>\n3.5. Tasumise valikud:<br \/>\n3.5.1. Ettemaksu arve alusel Tallnail O\u00dc pangakontole<br \/>\n3.5.2. Ostu-m\u00fc\u00fcgi lepingu olemasolu korral vastavalt makset\u00e4htajale Tallnail O\u00dc pangakontole<br \/>\n3.5.3. Maksekeskus AS poolt vahendatavas turvalises keskkonnas pangalingiga. M\u00fc\u00fcjal puudub ligip\u00e4\u00e4s kliendi panga ja krediitkaardi andmetele.<br \/>\n3.5.4. Eelneva kokkuleppe puhul, kaubale j\u00e4rgi tulles aadressile Poordi 3, Tallinn, 10156 kas sularahas v\u00f5i l\u00e4bi makseterminali.<br \/>\n3.6. Juhul, kui Klient soovib kauba kohale toimetamist, lisandub m\u00fc\u00fcgihinnale kauba kohaletoimetamise tasu vastavalt hinnakirjale.<\/p>\n<p><strong><br \/>\n4. KAUBA K\u00c4TTESAAMINE<\/strong><br \/>\n4.1. Kaupa saab k\u00e4tte NailSpa Salongist aadressil Poordi 3, Tallinn, 10156 (salongi t\u00f6\u00f6aegadel, mis on n\u00e4idatud www.nailspa.ee lehel)  v\u00f5i SmartPOSTi pakiautomaadist. \u00dcldjuhul komplekteeritakse ja l\u00e4hetatakse laos olevad kaubad 2-3 t\u00f6\u00f6p\u00e4eva jooksul peale tellimuse kinnitamist\/ettemakse laekumist. Juhul kui kliendi poolt tellitud kaup ei ole laos, kinnitatakse t\u00e4pne tarneaeg kliendiga eraldi \u00fcle ja selle mittesobivuse korral on v\u00f5imalik kliendil tellimusest loobuda.<br \/>\n4.2. Klient t\u00e4psustab kauba k\u00e4tte saamise viisi tellimuse esitamisel.<br \/>\n4.3. SmartPOST pakiautomaati kauba saatmine on tasuline. Tarne hind on n\u00e4idatud tellimuse esitamise etapis.<br \/>\n4.4. M\u00fc\u00fcja ei vastuta kliendile tekkinud kahju eest, kui m\u00fc\u00fcjast mittetulenevatel p\u00f5hjustel on kolmandad isikud saanud oma valdusse pakiautomaadi unikaalse koodi ning selle alusel on kaup k\u00e4tte saadud.<br \/>\n4.5. Kauba kontroll<br \/>\n4.5.1. Kauba k\u00e4ttesaamisel kohustub klient avama tootepakendi ettevaatlikult, pakendit ja tooteid kahjustamata. Juhul kui klient on rikkunud pakendi hooletuse t\u00f5ttu ehk tootepakendit oli v\u00f5imalik avada seda kahjustamata, on m\u00fc\u00fcjal \u00f5igus kaupade tagastamisel n\u00f5uda tekitatud kahju h\u00fcvitamist. Juhul, kui tootepakendit ei saa rikkumata\/l\u00f5hkumata avada, ei vastuta klient rikutud pakendi eest.<br \/>\n4.5.2. Juhul, kui klient avastab kauba k\u00e4ttesaamisel, et talle on saadetud vale v\u00f5i defektne kaup v\u00f5i kaup ei j\u00f5ua kliendini heas seisukorras ja kinnises pakendis, tuleb sellest koheselt teavitada m\u00fc\u00fcjat.<br \/>\n4.5.3. M\u00fc\u00fcja vastutab kliendi poolt ostetud kauba eest selle transportimise jooksul. Kauba k\u00e4ttesaamise hetkest l\u00e4heb kauba kahjustumise v\u00f5i kadumise risk \u00fcle kliendile. <\/p>\n<p><strong>5. KLIENDI ISIKUANDMETE T\u00d6\u00d6TLEMINE<\/strong><br \/>\n5.1.  M\u00fc\u00fcjal on \u00f5igus kasutada (sh t\u00f6\u00f6delda) kliendi poolt esitatud isikuandmeid ja ostude andmeid koosk\u00f5las kehtivate \u00f5igusaktidega ulatuses, mis on vajalik kliendi poolt e-poes esitatud tellimuse t\u00e4itmiseks. T\u00e4psemalt loe https:\/\/nailspa.ee\/e-pood\/et\/privaatsuspoliitika\/ <\/p>\n<p><strong>6. KAUBA TAGASTAMINE, LEPINGUST TAGANEMINE JA TAGASIMAKSED<\/strong><br \/>\n6.1. Kliendil on \u00f5igus p\u00f5hjust esitamata lepingust taganeda 14 kalendrip\u00e4eva jooksul alates kauba k\u00e4ttesaamisest.<br \/>\n6.2. Kauba tagastamiseks peab klient vabas vormis taganemisavalduse saatma pood@nailspa.ee. Taganemisavalduses tuleb \u00e4ra n\u00e4idata tellimuse number ja milliste toodete ostust soovitakse taganeda.<br \/>\n6.3. Klient on kohustatud taganemis\u00f5iguse kasutamisel tagastama kauba m\u00fc\u00fcjale hiljemalt 14 p\u00e4eva jooksul arvates taganemisavalduse esitamisest aadressile NailSpa Salong, aadressil Poordi 3, Tallinn, 10156.<br \/>\n6.4. Klient v\u00f5ib kasutada lepingust taganemise \u00f5igust, kui kaup on kasutamata ja rikkumata. Soovitame kliendil k\u00f5ik kaubad, mida ta soovib tagastada, saata tagasi v\u00f5i kohale toimetada \u00fche korraga. Tagastamisega seotud otsesed kulud kannab klient. Soovitame tagastada kaubad originaal-transpordipakendis.<br \/>\n6.5. Tagastatav kaup  peab olema kasutamata ja rikkumata. Kliendil on \u00f5igus kaubaga tutvuda viisil, nagu see on lubatud tavap\u00e4raselt poes ning klient vastutab kaubaga tutvumisel kauba v\u00e4\u00e4rtuse v\u00e4henemise eest, kui ta on kaupa kasutanud eeltoodust muul viisil. Taganemis\u00f5igus 14 p\u00e4eva jooksul ei kehti kaupadele, mida oma olemuse t\u00f5ttu ei saa tagastada (sellised suletud pakendis asjad, mis ei ole k\u00f5lblikud tagasisaatmiseks tervisekaitse v\u00f5i h\u00fcgieenilistel p\u00f5hjustel ning kui suletud pakend on p\u00e4rast kohaletoimetamist avatud, n\u00e4iteks avatud kreemid, geelid, lakid, proovitud meigitooted, h\u00fcgieenitooted jne). Tagastus aktsepteeritakse ainult koos eelnevalt aadressile pood@nailspa.ee saadetud vabas vormis taganemisavaldusega.<br \/>\n6.6. Juhul, kui klient on tehingust taganenud, tagastab m\u00fc\u00fcja kliendile ostusumma koos kohaletoimetamise tasuga viivitamata, kuid mitte hiljem kui 14 kalendrip\u00e4eva jooksul taganemisavalduse j\u00f5udmisest m\u00fc\u00fcjale. Tagasimakse tehakse samale arvelduskontole, millelt ostu eest tasuti. Juhul, kui klient tasus sularahas, siis tagastatakse summa sularahas.<br \/>\n6.7. Juhul, kui klient on tagastatavat kaupa rikkunud v\u00f5i kahjustanud tahtlikult v\u00f5i hooletuse t\u00f5ttu, on m\u00fc\u00fcjal \u00f5igus keelduda kauba tagasi v\u00f5tmisest v\u00f5i n\u00f5uda tekitatud kahju h\u00fcvitamist.<\/p>\n<p><strong>7. PRETENSIOONIDE ESITAMINE JA VASTUTUS<\/strong><br \/>\n7.1. Pretensiooni esitamiseks palume p\u00f6\u00f6rduda e-posti teel aadressile pood@nailspa.ee v\u00f5i NailSpa Sadama Salong, aadress Poordi 3, Tallinn, 10156. Pretensioonis tuleb m\u00e4rkida kliendi nimi ja kontaktandmed, pretensiooni esitamise kuup\u00e4ev, kaubal ilmnenud puudus ja esitatava n\u00f5ude sisu ning lisada ostu t\u00f5endav dokument.<br \/>\n7.2. M\u00fc\u00fcja ei vastuta tellimuse t\u00e4itmisel kliendi poolt esitatud ebakorrektsetest andmetest tekkiva kahju v\u00f5i mis tahes muude tagaj\u00e4rgede eest, sealhulgas kohaletoimetamise viivituse eest, kui see on tingitud asjaoludest, mida m\u00fc\u00fcjal ei olnud v\u00f5imalik m\u00f5jutada.<br \/>\n7.3. M\u00fc\u00fcja ei vastuta tellitud kauba mittesihip\u00e4rasest kasutamisest tekkinud kahjude eest.<br \/>\n7.4. M\u00fc\u00fcja ja kliendi vahel tekkivad vaidlused lahendavad pooled l\u00e4bir\u00e4\u00e4kimiste teel. Kokkuleppe mittesaavutamisel on kliendil \u00f5igus p\u00f6\u00f6rduda Tarbijakaitse ja Tehnilise J\u00e4relevalve Ameti Tarbimiskeskkonna osakonda (Pronksi 12 Tallinn 10117, https:\/\/www.ttja.ee) ja Tarbijavaidluste komisjoni (Pronksi 12 Tallinn 10117, http:\/\/www.komisjon.ee) vaidluse kohtuv\u00e4liseks lahendamiseks v\u00f5i Harju Maakohtusse. Lisaks on k\u00f5ikidele klientidele avatud e-kauplejatega tekkinud kaebuste lahendamiseks Euroopa Liidu elektrooniline keskkond ODR-platvorm (Online Dispute Resolution ehk veebip\u00f5hine vaidluste lahendamine) aadressil http:\/\/ec.europa.eu\/odr.<\/p>\n","protected":false},"excerpt":{"rendered":"<p>1. \u00dcLDS\u00c4TTED 1.1. K\u00e4esolevad www.nailspa.ee\/epood e-poe (edaspidi: e-pood) m\u00fc\u00fcgitingimused (edaspidi: tingimused) kehtivad Nailspa e-poest ostmisel internetiaadressilt www.nailspa.ee\/epood. Kauba m\u00fc\u00fcja on Tallnail O\u00dc (edaspidi: m\u00fc\u00fcja), registrikood 11444674, asukohaga Poordi 3, Tallinn, 10156, telefon 53364914 ja e-kiri pood@nailspa.ee. Tingimused kehtivad k\u00f5igi isikute (edaspidi: klient) ja m\u00fc\u00fcja vahel www.nailspa.ee\/epood vahendusel kauba ostmisel tekkivate \u00f5igussuhete kohta. 1.2. M\u00fc\u00fcjal on [&hellip;]<\/p>\n","protected":false},"author":4,"featured_media":0,"parent":0,"menu_order":0,"comment_status":"closed","ping_status":"closed","template":"page-legal.php","meta":{"footnotes":""},"class_list":["post-2163","page","type-page","status-publish","hentry"],"yoast_head":"<!-- This site is optimized with the Yoast SEO plugin v26.4 - https:\/\/yoast.com\/wordpress\/plugins\/seo\/ -->\n<title>E-poe m\u00fc\u00fcgitingimused | Nailspa e-pood<\/title>\n<meta name=\"robots\" content=\"index, follow, max-snippet:-1, max-image-preview:large, max-video-preview:-1\" \/>\n<link rel=\"canonical\" href=\"http:\/\/nailspa.ee\/e-pood\/muugitingimused\/\" \/>\n<meta property=\"og:locale\" content=\"et_EE\" \/>\n<meta property=\"og:type\" content=\"article\" \/>\n<meta property=\"og:title\" content=\"E-poe m\u00fc\u00fcgitingimused | Nailspa e-pood\" \/>\n<meta property=\"og:description\" content=\"1. \u00dcLDS\u00c4TTED 1.1. K\u00e4esolevad www.nailspa.ee\/epood e-poe (edaspidi: e-pood) m\u00fc\u00fcgitingimused (edaspidi: tingimused) kehtivad Nailspa e-poest ostmisel internetiaadressilt www.nailspa.ee\/epood. Kauba m\u00fc\u00fcja on Tallnail O\u00dc (edaspidi: m\u00fc\u00fcja), registrikood 11444674, asukohaga Poordi 3, Tallinn, 10156, telefon 53364914 ja e-kiri pood@nailspa.ee. Tingimused kehtivad k\u00f5igi isikute (edaspidi: klient) ja m\u00fc\u00fcja vahel www.nailspa.ee\/epood vahendusel kauba ostmisel tekkivate \u00f5igussuhete kohta. 1.2. M\u00fc\u00fcjal on [&hellip;]\" \/>\n<meta property=\"og:url\" content=\"http:\/\/nailspa.ee\/e-pood\/muugitingimused\/\" \/>\n<meta property=\"og:site_name\" content=\"Nailspa e-pood\" \/>\n<meta property=\"article:modified_time\" content=\"2020-01-20T09:52:23+00:00\" \/>\n<meta name=\"twitter:card\" content=\"summary_large_image\" \/>\n<meta name=\"twitter:label1\" content=\"Est. reading time\" \/>\n\t<meta name=\"twitter:data1\" content=\"6 minutit\" \/>\n<script type=\"application\/ld+json\" class=\"yoast-schema-graph\">{\"@context\":\"https:\/\/schema.org\",\"@graph\":[{\"@type\":\"WebPage\",\"@id\":\"http:\/\/nailspa.ee\/e-pood\/muugitingimused\/\",\"url\":\"http:\/\/nailspa.ee\/e-pood\/muugitingimused\/\",\"name\":\"E-poe m\u00fc\u00fcgitingimused | Nailspa e-pood\",\"isPartOf\":{\"@id\":\"http:\/\/nailspa.ee\/e-pood\/#website\"},\"datePublished\":\"2020-01-13T18:49:27+00:00\",\"dateModified\":\"2020-01-20T09:52:23+00:00\",\"breadcrumb\":{\"@id\":\"http:\/\/nailspa.ee\/e-pood\/muugitingimused\/#breadcrumb\"},\"inLanguage\":\"et\",\"potentialAction\":[{\"@type\":\"ReadAction\",\"target\":[\"http:\/\/nailspa.ee\/e-pood\/muugitingimused\/\"]}]},{\"@type\":\"BreadcrumbList\",\"@id\":\"http:\/\/nailspa.ee\/e-pood\/muugitingimused\/#breadcrumb\",\"itemListElement\":[{\"@type\":\"ListItem\",\"position\":1,\"name\":\"Home\",\"item\":\"http:\/\/nailspa.ee\/e-pood\/\"},{\"@type\":\"ListItem\",\"position\":2,\"name\":\"E-poe m\u00fc\u00fcgitingimused\"}]},{\"@type\":\"WebSite\",\"@id\":\"http:\/\/nailspa.ee\/e-pood\/#website\",\"url\":\"http:\/\/nailspa.ee\/e-pood\/\",\"name\":\"Nailspa e-pood\",\"description\":\"\",\"potentialAction\":[{\"@type\":\"SearchAction\",\"target\":{\"@type\":\"EntryPoint\",\"urlTemplate\":\"http:\/\/nailspa.ee\/e-pood\/?s={search_term_string}\"},\"query-input\":{\"@type\":\"PropertyValueSpecification\",\"valueRequired\":true,\"valueName\":\"search_term_string\"}}],\"inLanguage\":\"et\"}]}<\/script>\n<!-- \/ Yoast SEO plugin. -->","yoast_head_json":{"title":"E-poe m\u00fc\u00fcgitingimused | Nailspa e-pood","robots":{"index":"index","follow":"follow","max-snippet":"max-snippet:-1","max-image-preview":"max-image-preview:large","max-video-preview":"max-video-preview:-1"},"canonical":"http:\/\/nailspa.ee\/e-pood\/muugitingimused\/","og_locale":"et_EE","og_type":"article","og_title":"E-poe m\u00fc\u00fcgitingimused | Nailspa e-pood","og_description":"1. \u00dcLDS\u00c4TTED 1.1. K\u00e4esolevad www.nailspa.ee\/epood e-poe (edaspidi: e-pood) m\u00fc\u00fcgitingimused (edaspidi: tingimused) kehtivad Nailspa e-poest ostmisel internetiaadressilt www.nailspa.ee\/epood. Kauba m\u00fc\u00fcja on Tallnail O\u00dc (edaspidi: m\u00fc\u00fcja), registrikood 11444674, asukohaga Poordi 3, Tallinn, 10156, telefon 53364914 ja e-kiri pood@nailspa.ee. Tingimused kehtivad k\u00f5igi isikute (edaspidi: klient) ja m\u00fc\u00fcja vahel www.nailspa.ee\/epood vahendusel kauba ostmisel tekkivate \u00f5igussuhete kohta. 1.2. M\u00fc\u00fcjal on [&hellip;]","og_url":"http:\/\/nailspa.ee\/e-pood\/muugitingimused\/","og_site_name":"Nailspa e-pood","article_modified_time":"2020-01-20T09:52:23+00:00","twitter_card":"summary_large_image","twitter_misc":{"Est. reading time":"6 minutit"},"schema":{"@context":"https:\/\/schema.org","@graph":[{"@type":"WebPage","@id":"http:\/\/nailspa.ee\/e-pood\/muugitingimused\/","url":"http:\/\/nailspa.ee\/e-pood\/muugitingimused\/","name":"E-poe m\u00fc\u00fcgitingimused | Nailspa e-pood","isPartOf":{"@id":"http:\/\/nailspa.ee\/e-pood\/#website"},"datePublished":"2020-01-13T18:49:27+00:00","dateModified":"2020-01-20T09:52:23+00:00","breadcrumb":{"@id":"http:\/\/nailspa.ee\/e-pood\/muugitingimused\/#breadcrumb"},"inLanguage":"et","potentialAction":[{"@type":"ReadAction","target":["http:\/\/nailspa.ee\/e-pood\/muugitingimused\/"]}]},{"@type":"BreadcrumbList","@id":"http:\/\/nailspa.ee\/e-pood\/muugitingimused\/#breadcrumb","itemListElement":[{"@type":"ListItem","position":1,"name":"Home","item":"http:\/\/nailspa.ee\/e-pood\/"},{"@type":"ListItem","position":2,"name":"E-poe m\u00fc\u00fcgitingimused"}]},{"@type":"WebSite","@id":"http:\/\/nailspa.ee\/e-pood\/#website","url":"http:\/\/nailspa.ee\/e-pood\/","name":"Nailspa e-pood","description":"","potentialAction":[{"@type":"SearchAction","target":{"@type":"EntryPoint","urlTemplate":"http:\/\/nailspa.ee\/e-pood\/?s={search_term_string}"},"query-input":{"@type":"PropertyValueSpecification","valueRequired":true,"valueName":"search_term_string"}}],"inLanguage":"et"}]}},"_links":{"self":[{"href":"https:\/\/nailspa.ee\/e-pood\/wp-json\/wp\/v2\/pages\/2163","targetHints":{"allow":["GET"]}}],"collection":[{"href":"https:\/\/nailspa.ee\/e-pood\/wp-json\/wp\/v2\/pages"}],"about":[{"href":"https:\/\/nailspa.ee\/e-pood\/wp-json\/wp\/v2\/types\/page"}],"author":[{"embeddable":true,"href":"https:\/\/nailspa.ee\/e-pood\/wp-json\/wp\/v2\/users\/4"}],"replies":[{"embeddable":true,"href":"https:\/\/nailspa.ee\/e-pood\/wp-json\/wp\/v2\/comments?post=2163"}],"version-history":[{"count":7,"href":"https:\/\/nailspa.ee\/e-pood\/wp-json\/wp\/v2\/pages\/2163\/revisions"}],"predecessor-version":[{"id":3641,"href":"https:\/\/nailspa.ee\/e-pood\/wp-json\/wp\/v2\/pages\/2163\/revisions\/3641"}],"wp:attachment":[{"href":"https:\/\/nailspa.ee\/e-pood\/wp-json\/wp\/v2\/media?parent=2163"}],"curies":[{"name":"wp","href":"https:\/\/api.w.org\/{rel}","templated":true}]}}