{"id":7547,"date":"2026-01-31T15:33:05","date_gmt":"2026-01-31T13:33:05","guid":{"rendered":"https:\/\/nailspa.ee\/e-pood\/?post_type=product&#038;p=7547"},"modified":"2026-02-17T18:00:04","modified_gmt":"2026-02-17T16:00:04","slug":"sopolish-415-aqua-verde-8-ml","status":"publish","type":"product","link":"http:\/\/nailspa.ee\/e-pood\/toode\/sopolish-415-aqua-verde-8-ml\/","title":{"rendered":"SoPolish 415 Aqua Verde 8 ml"},"content":{"rendered":"","protected":false},"excerpt":{"rendered":"<ul>\n<li>UUS Superior Colour koostis<\/li>\n<li>Muljetavaldav katvus<\/li>\n<li>V\u00e4ga kerge peale kanda<\/li>\n<li>V\u00e4ga \u00f5huke katvus ilma triipudeta<\/li>\n<li>V\u00e4ga suure pigmendisisaldusega ehk intensiivsed toonid<\/li>\n<li>Ei t\u00f5mbu k\u00fc\u00fcntel tagasi<\/li>\n<\/ul>\n","protected":false},"featured_media":7533,"template":"","meta":[],"product_brand":[],"product_cat":[82,116],"product_tag":[],"class_list":{"0":"post-7547","1":"product","2":"type-product","3":"status-publish","4":"has-post-thumbnail","6":"product_cat-geellakid","7":"product_cat-uus_kollektsioon","9":"first","10":"instock","11":"taxable","12":"shipping-taxable","13":"purchasable","14":"product-type-simple"},"yoast_head":"<!-- This site is optimized with the Yoast SEO plugin v26.4 - https:\/\/yoast.com\/wordpress\/plugins\/seo\/ -->\n<title>SoPolish 415 Aqua Verde 8 ml | Nailspa e-pood<\/title>\n<meta name=\"robots\" content=\"index, follow, max-snippet:-1, max-image-preview:large, max-video-preview:-1\" \/>\n<link rel=\"canonical\" href=\"http:\/\/nailspa.ee\/e-pood\/toode\/sopolish-415-aqua-verde-8-ml\/\" \/>\n<meta property=\"og:locale\" content=\"et_EE\" \/>\n<meta property=\"og:type\" content=\"article\" \/>\n<meta property=\"og:title\" content=\"SoPolish 415 Aqua Verde 8 ml | Nailspa e-pood\" \/>\n<meta property=\"og:description\" content=\"UUS Superior Colour koostis  Muljetavaldav katvus  V\u00e4ga kerge peale kanda  V\u00e4ga \u00f5huke katvus ilma triipudeta  V\u00e4ga suure pigmendisisaldusega ehk intensiivsed toonid  Ei t\u00f5mbu k\u00fc\u00fcntel tagasi\" \/>\n<meta property=\"og:url\" content=\"http:\/\/nailspa.ee\/e-pood\/toode\/sopolish-415-aqua-verde-8-ml\/\" \/>\n<meta property=\"og:site_name\" content=\"Nailspa e-pood\" \/>\n<meta property=\"article:modified_time\" content=\"2026-02-17T16:00:04+00:00\" \/>\n<meta property=\"og:image\" content=\"http:\/\/nailspa.ee\/e-pood\/wp-content\/uploads\/2026\/01\/30646_Sopolish-415-Aqua-Verde-8ml.jpg\" \/>\n\t<meta property=\"og:image:width\" content=\"1136\" \/>\n\t<meta property=\"og:image:height\" content=\"1898\" \/>\n\t<meta property=\"og:image:type\" content=\"image\/jpeg\" \/>\n<meta name=\"twitter:card\" content=\"summary_large_image\" \/>\n<meta name=\"twitter:label1\" content=\"Est. reading time\" \/>\n\t<meta name=\"twitter:data1\" content=\"1 minut\" \/>\n<script type=\"application\/ld+json\" class=\"yoast-schema-graph\">{\"@context\":\"https:\/\/schema.org\",\"@graph\":[{\"@type\":\"WebPage\",\"@id\":\"http:\/\/nailspa.ee\/e-pood\/toode\/sopolish-415-aqua-verde-8-ml\/\",\"url\":\"http:\/\/nailspa.ee\/e-pood\/toode\/sopolish-415-aqua-verde-8-ml\/\",\"name\":\"SoPolish 415 Aqua Verde 8 ml | Nailspa e-pood\",\"isPartOf\":{\"@id\":\"http:\/\/nailspa.ee\/e-pood\/#website\"},\"primaryImageOfPage\":{\"@id\":\"http:\/\/nailspa.ee\/e-pood\/toode\/sopolish-415-aqua-verde-8-ml\/#primaryimage\"},\"image\":{\"@id\":\"http:\/\/nailspa.ee\/e-pood\/toode\/sopolish-415-aqua-verde-8-ml\/#primaryimage\"},\"thumbnailUrl\":\"http:\/\/nailspa.ee\/e-pood\/wp-content\/uploads\/2026\/01\/30646_Sopolish-415-Aqua-Verde-8ml.jpg\",\"datePublished\":\"2026-01-31T13:33:05+00:00\",\"dateModified\":\"2026-02-17T16:00:04+00:00\",\"breadcrumb\":{\"@id\":\"http:\/\/nailspa.ee\/e-pood\/toode\/sopolish-415-aqua-verde-8-ml\/#breadcrumb\"},\"inLanguage\":\"et\",\"potentialAction\":[{\"@type\":\"ReadAction\",\"target\":[\"http:\/\/nailspa.ee\/e-pood\/toode\/sopolish-415-aqua-verde-8-ml\/\"]}]},{\"@type\":\"ImageObject\",\"inLanguage\":\"et\",\"@id\":\"http:\/\/nailspa.ee\/e-pood\/toode\/sopolish-415-aqua-verde-8-ml\/#primaryimage\",\"url\":\"http:\/\/nailspa.ee\/e-pood\/wp-content\/uploads\/2026\/01\/30646_Sopolish-415-Aqua-Verde-8ml.jpg\",\"contentUrl\":\"http:\/\/nailspa.ee\/e-pood\/wp-content\/uploads\/2026\/01\/30646_Sopolish-415-Aqua-Verde-8ml.jpg\",\"width\":1136,\"height\":1898},{\"@type\":\"BreadcrumbList\",\"@id\":\"http:\/\/nailspa.ee\/e-pood\/toode\/sopolish-415-aqua-verde-8-ml\/#breadcrumb\",\"itemListElement\":[{\"@type\":\"ListItem\",\"position\":1,\"name\":\"Home\",\"item\":\"http:\/\/nailspa.ee\/e-pood\/\"},{\"@type\":\"ListItem\",\"position\":2,\"name\":\"Pood\",\"item\":\"http:\/\/nailspa.ee\/e-pood\/pood\/\"},{\"@type\":\"ListItem\",\"position\":3,\"name\":\"SoPolish 415 Aqua Verde 8 ml\"}]},{\"@type\":\"WebSite\",\"@id\":\"http:\/\/nailspa.ee\/e-pood\/#website\",\"url\":\"http:\/\/nailspa.ee\/e-pood\/\",\"name\":\"Nailspa e-pood\",\"description\":\"\",\"potentialAction\":[{\"@type\":\"SearchAction\",\"target\":{\"@type\":\"EntryPoint\",\"urlTemplate\":\"http:\/\/nailspa.ee\/e-pood\/?s={search_term_string}\"},\"query-input\":{\"@type\":\"PropertyValueSpecification\",\"valueRequired\":true,\"valueName\":\"search_term_string\"}}],\"inLanguage\":\"et\"}]}<\/script>\n<!-- \/ Yoast SEO plugin. -->","yoast_head_json":{"title":"SoPolish 415 Aqua Verde 8 ml | Nailspa e-pood","robots":{"index":"index","follow":"follow","max-snippet":"max-snippet:-1","max-image-preview":"max-image-preview:large","max-video-preview":"max-video-preview:-1"},"canonical":"http:\/\/nailspa.ee\/e-pood\/toode\/sopolish-415-aqua-verde-8-ml\/","og_locale":"et_EE","og_type":"article","og_title":"SoPolish 415 Aqua Verde 8 ml | Nailspa e-pood","og_description":"UUS Superior Colour koostis  Muljetavaldav katvus  V\u00e4ga kerge peale kanda  V\u00e4ga \u00f5huke katvus ilma triipudeta  V\u00e4ga suure pigmendisisaldusega ehk intensiivsed toonid  Ei t\u00f5mbu k\u00fc\u00fcntel tagasi","og_url":"http:\/\/nailspa.ee\/e-pood\/toode\/sopolish-415-aqua-verde-8-ml\/","og_site_name":"Nailspa e-pood","article_modified_time":"2026-02-17T16:00:04+00:00","og_image":[{"width":1136,"height":1898,"url":"http:\/\/nailspa.ee\/e-pood\/wp-content\/uploads\/2026\/01\/30646_Sopolish-415-Aqua-Verde-8ml.jpg","type":"image\/jpeg"}],"twitter_card":"summary_large_image","twitter_misc":{"Est. reading time":"1 minut"},"schema":{"@context":"https:\/\/schema.org","@graph":[{"@type":"WebPage","@id":"http:\/\/nailspa.ee\/e-pood\/toode\/sopolish-415-aqua-verde-8-ml\/","url":"http:\/\/nailspa.ee\/e-pood\/toode\/sopolish-415-aqua-verde-8-ml\/","name":"SoPolish 415 Aqua Verde 8 ml | Nailspa e-pood","isPartOf":{"@id":"http:\/\/nailspa.ee\/e-pood\/#website"},"primaryImageOfPage":{"@id":"http:\/\/nailspa.ee\/e-pood\/toode\/sopolish-415-aqua-verde-8-ml\/#primaryimage"},"image":{"@id":"http:\/\/nailspa.ee\/e-pood\/toode\/sopolish-415-aqua-verde-8-ml\/#primaryimage"},"thumbnailUrl":"http:\/\/nailspa.ee\/e-pood\/wp-content\/uploads\/2026\/01\/30646_Sopolish-415-Aqua-Verde-8ml.jpg","datePublished":"2026-01-31T13:33:05+00:00","dateModified":"2026-02-17T16:00:04+00:00","breadcrumb":{"@id":"http:\/\/nailspa.ee\/e-pood\/toode\/sopolish-415-aqua-verde-8-ml\/#breadcrumb"},"inLanguage":"et","potentialAction":[{"@type":"ReadAction","target":["http:\/\/nailspa.ee\/e-pood\/toode\/sopolish-415-aqua-verde-8-ml\/"]}]},{"@type":"ImageObject","inLanguage":"et","@id":"http:\/\/nailspa.ee\/e-pood\/toode\/sopolish-415-aqua-verde-8-ml\/#primaryimage","url":"http:\/\/nailspa.ee\/e-pood\/wp-content\/uploads\/2026\/01\/30646_Sopolish-415-Aqua-Verde-8ml.jpg","contentUrl":"http:\/\/nailspa.ee\/e-pood\/wp-content\/uploads\/2026\/01\/30646_Sopolish-415-Aqua-Verde-8ml.jpg","width":1136,"height":1898},{"@type":"BreadcrumbList","@id":"http:\/\/nailspa.ee\/e-pood\/toode\/sopolish-415-aqua-verde-8-ml\/#breadcrumb","itemListElement":[{"@type":"ListItem","position":1,"name":"Home","item":"http:\/\/nailspa.ee\/e-pood\/"},{"@type":"ListItem","position":2,"name":"Pood","item":"http:\/\/nailspa.ee\/e-pood\/pood\/"},{"@type":"ListItem","position":3,"name":"SoPolish 415 Aqua Verde 8 ml"}]},{"@type":"WebSite","@id":"http:\/\/nailspa.ee\/e-pood\/#website","url":"http:\/\/nailspa.ee\/e-pood\/","name":"Nailspa e-pood","description":"","potentialAction":[{"@type":"SearchAction","target":{"@type":"EntryPoint","urlTemplate":"http:\/\/nailspa.ee\/e-pood\/?s={search_term_string}"},"query-input":{"@type":"PropertyValueSpecification","valueRequired":true,"valueName":"search_term_string"}}],"inLanguage":"et"}]}},"_links":{"self":[{"href":"http:\/\/nailspa.ee\/e-pood\/wp-json\/wp\/v2\/product\/7547","targetHints":{"allow":["GET"]}}],"collection":[{"href":"http:\/\/nailspa.ee\/e-pood\/wp-json\/wp\/v2\/product"}],"about":[{"href":"http:\/\/nailspa.ee\/e-pood\/wp-json\/wp\/v2\/types\/product"}],"wp:featuredmedia":[{"embeddable":true,"href":"http:\/\/nailspa.ee\/e-pood\/wp-json\/wp\/v2\/media\/7533"}],"wp:attachment":[{"href":"http:\/\/nailspa.ee\/e-pood\/wp-json\/wp\/v2\/media?parent=7547"}],"wp:term":[{"taxonomy":"product_brand","embeddable":true,"href":"http:\/\/nailspa.ee\/e-pood\/wp-json\/wp\/v2\/product_brand?post=7547"},{"taxonomy":"product_cat","embeddable":true,"href":"http:\/\/nailspa.ee\/e-pood\/wp-json\/wp\/v2\/product_cat?post=7547"},{"taxonomy":"product_tag","embeddable":true,"href":"http:\/\/nailspa.ee\/e-pood\/wp-json\/wp\/v2\/product_tag?post=7547"}],"curies":[{"name":"wp","href":"https:\/\/api.w.org\/{rel}","templated":true}]}}