{"id":7539,"date":"2026-01-31T15:23:49","date_gmt":"2026-01-31T13:23:49","guid":{"rendered":"https:\/\/nailspa.ee\/e-pood\/?post_type=product&#038;p=7539"},"modified":"2026-02-17T18:00:38","modified_gmt":"2026-02-17T16:00:38","slug":"longwear-412-cuzco-bordeaux-10-ml","status":"publish","type":"product","link":"http:\/\/nailspa.ee\/e-pood\/toode\/longwear-412-cuzco-bordeaux-10-ml\/","title":{"rendered":"LongWear 412 Cuzco Bordeaux 10 ml"},"content":{"rendered":"","protected":false},"excerpt":{"rendered":"<ul>\n<li>V\u00e4ga hea katvusega<\/li>\n<li>P\u00fcsib isegi kuni 2 x kauem kui teised lakid<\/li>\n<li>Parima p\u00fcsivuse tagamiseks kasutada koos LongWear Start ja Finish lakiga<\/li>\n<\/ul>\n","protected":false},"featured_media":7518,"template":"","meta":[],"product_brand":[],"product_cat":[92,116],"product_tag":[],"class_list":{"0":"post-7539","1":"product","2":"type-product","3":"status-publish","4":"has-post-thumbnail","6":"product_cat-kuunelakid","7":"product_cat-uus_kollektsioon","9":"first","10":"instock","11":"taxable","12":"shipping-taxable","13":"purchasable","14":"product-type-simple"},"yoast_head":"<!-- This site is optimized with the Yoast SEO plugin v26.4 - https:\/\/yoast.com\/wordpress\/plugins\/seo\/ -->\n<title>LongWear 412 Cuzco Bordeaux 10 ml | Nailspa e-pood<\/title>\n<meta name=\"robots\" content=\"index, follow, max-snippet:-1, max-image-preview:large, max-video-preview:-1\" \/>\n<link rel=\"canonical\" href=\"https:\/\/nailspa.ee\/e-pood\/toode\/longwear-412-cuzco-bordeaux-10-ml\/\" \/>\n<meta property=\"og:locale\" content=\"et_EE\" \/>\n<meta property=\"og:type\" content=\"article\" \/>\n<meta property=\"og:title\" content=\"LongWear 412 Cuzco Bordeaux 10 ml | Nailspa e-pood\" \/>\n<meta property=\"og:description\" content=\"V\u00e4ga hea katvusega  P\u00fcsib isegi kuni 2 x kauem kui teised lakid  Parima p\u00fcsivuse tagamiseks kasutada koos LongWear Start ja Finish lakiga\" \/>\n<meta property=\"og:url\" content=\"https:\/\/nailspa.ee\/e-pood\/toode\/longwear-412-cuzco-bordeaux-10-ml\/\" \/>\n<meta property=\"og:site_name\" content=\"Nailspa e-pood\" \/>\n<meta property=\"article:modified_time\" content=\"2026-02-17T16:00:38+00:00\" \/>\n<meta property=\"og:image\" content=\"https:\/\/nailspa.ee\/e-pood\/wp-content\/uploads\/2026\/01\/30656_PN-LongWear-412-Cuzco-Bordeaux-10ml-scaled.jpg\" \/>\n\t<meta property=\"og:image:width\" content=\"1810\" \/>\n\t<meta property=\"og:image:height\" content=\"2560\" \/>\n\t<meta property=\"og:image:type\" content=\"image\/jpeg\" \/>\n<meta name=\"twitter:card\" content=\"summary_large_image\" \/>\n<meta name=\"twitter:label1\" content=\"Est. reading time\" \/>\n\t<meta name=\"twitter:data1\" content=\"1 minut\" \/>\n<script type=\"application\/ld+json\" class=\"yoast-schema-graph\">{\"@context\":\"https:\/\/schema.org\",\"@graph\":[{\"@type\":\"WebPage\",\"@id\":\"https:\/\/nailspa.ee\/e-pood\/toode\/longwear-412-cuzco-bordeaux-10-ml\/\",\"url\":\"https:\/\/nailspa.ee\/e-pood\/toode\/longwear-412-cuzco-bordeaux-10-ml\/\",\"name\":\"LongWear 412 Cuzco Bordeaux 10 ml | Nailspa e-pood\",\"isPartOf\":{\"@id\":\"http:\/\/nailspa.ee\/e-pood\/#website\"},\"primaryImageOfPage\":{\"@id\":\"https:\/\/nailspa.ee\/e-pood\/toode\/longwear-412-cuzco-bordeaux-10-ml\/#primaryimage\"},\"image\":{\"@id\":\"https:\/\/nailspa.ee\/e-pood\/toode\/longwear-412-cuzco-bordeaux-10-ml\/#primaryimage\"},\"thumbnailUrl\":\"http:\/\/nailspa.ee\/e-pood\/wp-content\/uploads\/2026\/01\/30656_PN-LongWear-412-Cuzco-Bordeaux-10ml-scaled.jpg\",\"datePublished\":\"2026-01-31T13:23:49+00:00\",\"dateModified\":\"2026-02-17T16:00:38+00:00\",\"breadcrumb\":{\"@id\":\"https:\/\/nailspa.ee\/e-pood\/toode\/longwear-412-cuzco-bordeaux-10-ml\/#breadcrumb\"},\"inLanguage\":\"et\",\"potentialAction\":[{\"@type\":\"ReadAction\",\"target\":[\"https:\/\/nailspa.ee\/e-pood\/toode\/longwear-412-cuzco-bordeaux-10-ml\/\"]}]},{\"@type\":\"ImageObject\",\"inLanguage\":\"et\",\"@id\":\"https:\/\/nailspa.ee\/e-pood\/toode\/longwear-412-cuzco-bordeaux-10-ml\/#primaryimage\",\"url\":\"http:\/\/nailspa.ee\/e-pood\/wp-content\/uploads\/2026\/01\/30656_PN-LongWear-412-Cuzco-Bordeaux-10ml-scaled.jpg\",\"contentUrl\":\"http:\/\/nailspa.ee\/e-pood\/wp-content\/uploads\/2026\/01\/30656_PN-LongWear-412-Cuzco-Bordeaux-10ml-scaled.jpg\",\"width\":1810,\"height\":2560},{\"@type\":\"BreadcrumbList\",\"@id\":\"https:\/\/nailspa.ee\/e-pood\/toode\/longwear-412-cuzco-bordeaux-10-ml\/#breadcrumb\",\"itemListElement\":[{\"@type\":\"ListItem\",\"position\":1,\"name\":\"Home\",\"item\":\"http:\/\/nailspa.ee\/e-pood\/\"},{\"@type\":\"ListItem\",\"position\":2,\"name\":\"Pood\",\"item\":\"http:\/\/nailspa.ee\/e-pood\/pood\/\"},{\"@type\":\"ListItem\",\"position\":3,\"name\":\"LongWear 412 Cuzco Bordeaux 10 ml\"}]},{\"@type\":\"WebSite\",\"@id\":\"http:\/\/nailspa.ee\/e-pood\/#website\",\"url\":\"http:\/\/nailspa.ee\/e-pood\/\",\"name\":\"Nailspa e-pood\",\"description\":\"\",\"potentialAction\":[{\"@type\":\"SearchAction\",\"target\":{\"@type\":\"EntryPoint\",\"urlTemplate\":\"http:\/\/nailspa.ee\/e-pood\/?s={search_term_string}\"},\"query-input\":{\"@type\":\"PropertyValueSpecification\",\"valueRequired\":true,\"valueName\":\"search_term_string\"}}],\"inLanguage\":\"et\"}]}<\/script>\n<!-- \/ Yoast SEO plugin. -->","yoast_head_json":{"title":"LongWear 412 Cuzco Bordeaux 10 ml | Nailspa e-pood","robots":{"index":"index","follow":"follow","max-snippet":"max-snippet:-1","max-image-preview":"max-image-preview:large","max-video-preview":"max-video-preview:-1"},"canonical":"https:\/\/nailspa.ee\/e-pood\/toode\/longwear-412-cuzco-bordeaux-10-ml\/","og_locale":"et_EE","og_type":"article","og_title":"LongWear 412 Cuzco Bordeaux 10 ml | Nailspa e-pood","og_description":"V\u00e4ga hea katvusega  P\u00fcsib isegi kuni 2 x kauem kui teised lakid  Parima p\u00fcsivuse tagamiseks kasutada koos LongWear Start ja Finish lakiga","og_url":"https:\/\/nailspa.ee\/e-pood\/toode\/longwear-412-cuzco-bordeaux-10-ml\/","og_site_name":"Nailspa e-pood","article_modified_time":"2026-02-17T16:00:38+00:00","og_image":[{"width":1810,"height":2560,"url":"https:\/\/nailspa.ee\/e-pood\/wp-content\/uploads\/2026\/01\/30656_PN-LongWear-412-Cuzco-Bordeaux-10ml-scaled.jpg","type":"image\/jpeg"}],"twitter_card":"summary_large_image","twitter_misc":{"Est. reading time":"1 minut"},"schema":{"@context":"https:\/\/schema.org","@graph":[{"@type":"WebPage","@id":"https:\/\/nailspa.ee\/e-pood\/toode\/longwear-412-cuzco-bordeaux-10-ml\/","url":"https:\/\/nailspa.ee\/e-pood\/toode\/longwear-412-cuzco-bordeaux-10-ml\/","name":"LongWear 412 Cuzco Bordeaux 10 ml | Nailspa e-pood","isPartOf":{"@id":"http:\/\/nailspa.ee\/e-pood\/#website"},"primaryImageOfPage":{"@id":"https:\/\/nailspa.ee\/e-pood\/toode\/longwear-412-cuzco-bordeaux-10-ml\/#primaryimage"},"image":{"@id":"https:\/\/nailspa.ee\/e-pood\/toode\/longwear-412-cuzco-bordeaux-10-ml\/#primaryimage"},"thumbnailUrl":"http:\/\/nailspa.ee\/e-pood\/wp-content\/uploads\/2026\/01\/30656_PN-LongWear-412-Cuzco-Bordeaux-10ml-scaled.jpg","datePublished":"2026-01-31T13:23:49+00:00","dateModified":"2026-02-17T16:00:38+00:00","breadcrumb":{"@id":"https:\/\/nailspa.ee\/e-pood\/toode\/longwear-412-cuzco-bordeaux-10-ml\/#breadcrumb"},"inLanguage":"et","potentialAction":[{"@type":"ReadAction","target":["https:\/\/nailspa.ee\/e-pood\/toode\/longwear-412-cuzco-bordeaux-10-ml\/"]}]},{"@type":"ImageObject","inLanguage":"et","@id":"https:\/\/nailspa.ee\/e-pood\/toode\/longwear-412-cuzco-bordeaux-10-ml\/#primaryimage","url":"http:\/\/nailspa.ee\/e-pood\/wp-content\/uploads\/2026\/01\/30656_PN-LongWear-412-Cuzco-Bordeaux-10ml-scaled.jpg","contentUrl":"http:\/\/nailspa.ee\/e-pood\/wp-content\/uploads\/2026\/01\/30656_PN-LongWear-412-Cuzco-Bordeaux-10ml-scaled.jpg","width":1810,"height":2560},{"@type":"BreadcrumbList","@id":"https:\/\/nailspa.ee\/e-pood\/toode\/longwear-412-cuzco-bordeaux-10-ml\/#breadcrumb","itemListElement":[{"@type":"ListItem","position":1,"name":"Home","item":"http:\/\/nailspa.ee\/e-pood\/"},{"@type":"ListItem","position":2,"name":"Pood","item":"http:\/\/nailspa.ee\/e-pood\/pood\/"},{"@type":"ListItem","position":3,"name":"LongWear 412 Cuzco Bordeaux 10 ml"}]},{"@type":"WebSite","@id":"http:\/\/nailspa.ee\/e-pood\/#website","url":"http:\/\/nailspa.ee\/e-pood\/","name":"Nailspa e-pood","description":"","potentialAction":[{"@type":"SearchAction","target":{"@type":"EntryPoint","urlTemplate":"http:\/\/nailspa.ee\/e-pood\/?s={search_term_string}"},"query-input":{"@type":"PropertyValueSpecification","valueRequired":true,"valueName":"search_term_string"}}],"inLanguage":"et"}]}},"_links":{"self":[{"href":"http:\/\/nailspa.ee\/e-pood\/wp-json\/wp\/v2\/product\/7539","targetHints":{"allow":["GET"]}}],"collection":[{"href":"http:\/\/nailspa.ee\/e-pood\/wp-json\/wp\/v2\/product"}],"about":[{"href":"http:\/\/nailspa.ee\/e-pood\/wp-json\/wp\/v2\/types\/product"}],"wp:featuredmedia":[{"embeddable":true,"href":"http:\/\/nailspa.ee\/e-pood\/wp-json\/wp\/v2\/media\/7518"}],"wp:attachment":[{"href":"http:\/\/nailspa.ee\/e-pood\/wp-json\/wp\/v2\/media?parent=7539"}],"wp:term":[{"taxonomy":"product_brand","embeddable":true,"href":"http:\/\/nailspa.ee\/e-pood\/wp-json\/wp\/v2\/product_brand?post=7539"},{"taxonomy":"product_cat","embeddable":true,"href":"http:\/\/nailspa.ee\/e-pood\/wp-json\/wp\/v2\/product_cat?post=7539"},{"taxonomy":"product_tag","embeddable":true,"href":"http:\/\/nailspa.ee\/e-pood\/wp-json\/wp\/v2\/product_tag?post=7539"}],"curies":[{"name":"wp","href":"https:\/\/api.w.org\/{rel}","templated":true}]}}