{"id":7229,"date":"2025-03-19T14:35:36","date_gmt":"2025-03-19T12:35:36","guid":{"rendered":"https:\/\/nailspa.ee\/e-pood\/?post_type=product&#038;p=7229"},"modified":"2025-03-20T09:34:14","modified_gmt":"2025-03-20T07:34:14","slug":"hand-softener-50-ml","status":"publish","type":"product","link":"http:\/\/nailspa.ee\/e-pood\/toode\/hand-softener-50-ml\/","title":{"rendered":"Herb &#038; Hemp Hand Softener 50 ml"},"content":{"rendered":"","protected":false},"excerpt":{"rendered":"<ul>\n<li>Taastav k\u00e4tekreem kanepi- ja seesamiseemne\u00f5liga<\/li>\n<li>Niisutav<\/li>\n<li>Nahka toitev<\/li>\n<li>Rahustav<\/li>\n<li>Sisaldab rohkelt looduslikke \u00f5lisid, vitamiine ja antioks\u00fcdante<\/li>\n<li>Kiirelt imenduv ja ei j\u00e4ta nahka rasvaseks<\/li>\n<li>Lisaks kanepi\u00f5lile on k\u00e4tekreemis ka seesamiseemne\u00f5li, mis aitab v\u00e4hendada p\u00f5letikku ja turset ning leevendab naha \u00e4rritust<\/li>\n<\/ul>\n","protected":false},"featured_media":7225,"template":"","meta":[],"product_brand":[],"product_cat":[123,83],"product_tag":[],"class_list":{"0":"post-7229","1":"product","2":"type-product","3":"status-publish","4":"has-post-thumbnail","6":"product_cat-herb-hemp","7":"product_cat-katehooldus","9":"first","10":"instock","11":"taxable","12":"shipping-taxable","13":"purchasable","14":"product-type-simple"},"yoast_head":"<!-- This site is optimized with the Yoast SEO plugin v26.4 - https:\/\/yoast.com\/wordpress\/plugins\/seo\/ -->\n<title>Herb &amp; Hemp Hand Softener 50 ml | Nailspa e-pood<\/title>\n<meta name=\"robots\" content=\"index, follow, max-snippet:-1, max-image-preview:large, max-video-preview:-1\" \/>\n<link rel=\"canonical\" href=\"http:\/\/nailspa.ee\/e-pood\/toode\/hand-softener-50-ml\/\" \/>\n<meta property=\"og:locale\" content=\"et_EE\" \/>\n<meta property=\"og:type\" content=\"article\" \/>\n<meta property=\"og:title\" content=\"Herb &amp; Hemp Hand Softener 50 ml | Nailspa e-pood\" \/>\n<meta property=\"og:description\" content=\"Taastav k\u00e4tekreem kanepi- ja seesamiseemne\u00f5liga  Niisutav  Nahka toitev  Rahustav  Sisaldab rohkelt looduslikke \u00f5lisid, vitamiine ja antioks\u00fcdante  Kiirelt imenduv ja ei j\u00e4ta nahka rasvaseks  Lisaks kanepi\u00f5lile on k\u00e4tekreemis ka seesamiseemne\u00f5li, mis aitab v\u00e4hendada p\u00f5letikku ja turset ning leevendab naha \u00e4rritust\" \/>\n<meta property=\"og:url\" content=\"http:\/\/nailspa.ee\/e-pood\/toode\/hand-softener-50-ml\/\" \/>\n<meta property=\"og:site_name\" content=\"Nailspa e-pood\" \/>\n<meta property=\"article:modified_time\" content=\"2025-03-20T07:34:14+00:00\" \/>\n<meta property=\"og:image\" content=\"http:\/\/nailspa.ee\/e-pood\/wp-content\/uploads\/2025\/03\/kate2.jpg\" \/>\n\t<meta property=\"og:image:width\" content=\"1000\" \/>\n\t<meta property=\"og:image:height\" content=\"1000\" \/>\n\t<meta property=\"og:image:type\" content=\"image\/jpeg\" \/>\n<meta name=\"twitter:card\" content=\"summary_large_image\" \/>\n<meta name=\"twitter:label1\" content=\"Est. reading time\" \/>\n\t<meta name=\"twitter:data1\" content=\"1 minut\" \/>\n<script type=\"application\/ld+json\" class=\"yoast-schema-graph\">{\"@context\":\"https:\/\/schema.org\",\"@graph\":[{\"@type\":\"WebPage\",\"@id\":\"http:\/\/nailspa.ee\/e-pood\/toode\/hand-softener-50-ml\/\",\"url\":\"http:\/\/nailspa.ee\/e-pood\/toode\/hand-softener-50-ml\/\",\"name\":\"Herb & Hemp Hand Softener 50 ml | Nailspa e-pood\",\"isPartOf\":{\"@id\":\"https:\/\/nailspa.ee\/e-pood\/#website\"},\"primaryImageOfPage\":{\"@id\":\"http:\/\/nailspa.ee\/e-pood\/toode\/hand-softener-50-ml\/#primaryimage\"},\"image\":{\"@id\":\"http:\/\/nailspa.ee\/e-pood\/toode\/hand-softener-50-ml\/#primaryimage\"},\"thumbnailUrl\":\"http:\/\/nailspa.ee\/e-pood\/wp-content\/uploads\/2025\/03\/kate2.jpg\",\"datePublished\":\"2025-03-19T12:35:36+00:00\",\"dateModified\":\"2025-03-20T07:34:14+00:00\",\"breadcrumb\":{\"@id\":\"http:\/\/nailspa.ee\/e-pood\/toode\/hand-softener-50-ml\/#breadcrumb\"},\"inLanguage\":\"et\",\"potentialAction\":[{\"@type\":\"ReadAction\",\"target\":[\"http:\/\/nailspa.ee\/e-pood\/toode\/hand-softener-50-ml\/\"]}]},{\"@type\":\"ImageObject\",\"inLanguage\":\"et\",\"@id\":\"http:\/\/nailspa.ee\/e-pood\/toode\/hand-softener-50-ml\/#primaryimage\",\"url\":\"http:\/\/nailspa.ee\/e-pood\/wp-content\/uploads\/2025\/03\/kate2.jpg\",\"contentUrl\":\"http:\/\/nailspa.ee\/e-pood\/wp-content\/uploads\/2025\/03\/kate2.jpg\",\"width\":1000,\"height\":1000},{\"@type\":\"BreadcrumbList\",\"@id\":\"http:\/\/nailspa.ee\/e-pood\/toode\/hand-softener-50-ml\/#breadcrumb\",\"itemListElement\":[{\"@type\":\"ListItem\",\"position\":1,\"name\":\"Home\",\"item\":\"https:\/\/nailspa.ee\/e-pood\/\"},{\"@type\":\"ListItem\",\"position\":2,\"name\":\"Pood\",\"item\":\"https:\/\/nailspa.ee\/e-pood\/pood\/\"},{\"@type\":\"ListItem\",\"position\":3,\"name\":\"Herb &#038; Hemp Hand Softener 50 ml\"}]},{\"@type\":\"WebSite\",\"@id\":\"https:\/\/nailspa.ee\/e-pood\/#website\",\"url\":\"https:\/\/nailspa.ee\/e-pood\/\",\"name\":\"Nailspa e-pood\",\"description\":\"\",\"potentialAction\":[{\"@type\":\"SearchAction\",\"target\":{\"@type\":\"EntryPoint\",\"urlTemplate\":\"https:\/\/nailspa.ee\/e-pood\/?s={search_term_string}\"},\"query-input\":{\"@type\":\"PropertyValueSpecification\",\"valueRequired\":true,\"valueName\":\"search_term_string\"}}],\"inLanguage\":\"et\"}]}<\/script>\n<!-- \/ Yoast SEO plugin. -->","yoast_head_json":{"title":"Herb & Hemp Hand Softener 50 ml | Nailspa e-pood","robots":{"index":"index","follow":"follow","max-snippet":"max-snippet:-1","max-image-preview":"max-image-preview:large","max-video-preview":"max-video-preview:-1"},"canonical":"http:\/\/nailspa.ee\/e-pood\/toode\/hand-softener-50-ml\/","og_locale":"et_EE","og_type":"article","og_title":"Herb & Hemp Hand Softener 50 ml | Nailspa e-pood","og_description":"Taastav k\u00e4tekreem kanepi- ja seesamiseemne\u00f5liga  Niisutav  Nahka toitev  Rahustav  Sisaldab rohkelt looduslikke \u00f5lisid, vitamiine ja antioks\u00fcdante  Kiirelt imenduv ja ei j\u00e4ta nahka rasvaseks  Lisaks kanepi\u00f5lile on k\u00e4tekreemis ka seesamiseemne\u00f5li, mis aitab v\u00e4hendada p\u00f5letikku ja turset ning leevendab naha \u00e4rritust","og_url":"http:\/\/nailspa.ee\/e-pood\/toode\/hand-softener-50-ml\/","og_site_name":"Nailspa e-pood","article_modified_time":"2025-03-20T07:34:14+00:00","og_image":[{"width":1000,"height":1000,"url":"http:\/\/nailspa.ee\/e-pood\/wp-content\/uploads\/2025\/03\/kate2.jpg","type":"image\/jpeg"}],"twitter_card":"summary_large_image","twitter_misc":{"Est. reading time":"1 minut"},"schema":{"@context":"https:\/\/schema.org","@graph":[{"@type":"WebPage","@id":"http:\/\/nailspa.ee\/e-pood\/toode\/hand-softener-50-ml\/","url":"http:\/\/nailspa.ee\/e-pood\/toode\/hand-softener-50-ml\/","name":"Herb & Hemp Hand Softener 50 ml | Nailspa e-pood","isPartOf":{"@id":"https:\/\/nailspa.ee\/e-pood\/#website"},"primaryImageOfPage":{"@id":"http:\/\/nailspa.ee\/e-pood\/toode\/hand-softener-50-ml\/#primaryimage"},"image":{"@id":"http:\/\/nailspa.ee\/e-pood\/toode\/hand-softener-50-ml\/#primaryimage"},"thumbnailUrl":"http:\/\/nailspa.ee\/e-pood\/wp-content\/uploads\/2025\/03\/kate2.jpg","datePublished":"2025-03-19T12:35:36+00:00","dateModified":"2025-03-20T07:34:14+00:00","breadcrumb":{"@id":"http:\/\/nailspa.ee\/e-pood\/toode\/hand-softener-50-ml\/#breadcrumb"},"inLanguage":"et","potentialAction":[{"@type":"ReadAction","target":["http:\/\/nailspa.ee\/e-pood\/toode\/hand-softener-50-ml\/"]}]},{"@type":"ImageObject","inLanguage":"et","@id":"http:\/\/nailspa.ee\/e-pood\/toode\/hand-softener-50-ml\/#primaryimage","url":"http:\/\/nailspa.ee\/e-pood\/wp-content\/uploads\/2025\/03\/kate2.jpg","contentUrl":"http:\/\/nailspa.ee\/e-pood\/wp-content\/uploads\/2025\/03\/kate2.jpg","width":1000,"height":1000},{"@type":"BreadcrumbList","@id":"http:\/\/nailspa.ee\/e-pood\/toode\/hand-softener-50-ml\/#breadcrumb","itemListElement":[{"@type":"ListItem","position":1,"name":"Home","item":"https:\/\/nailspa.ee\/e-pood\/"},{"@type":"ListItem","position":2,"name":"Pood","item":"https:\/\/nailspa.ee\/e-pood\/pood\/"},{"@type":"ListItem","position":3,"name":"Herb &#038; Hemp Hand Softener 50 ml"}]},{"@type":"WebSite","@id":"https:\/\/nailspa.ee\/e-pood\/#website","url":"https:\/\/nailspa.ee\/e-pood\/","name":"Nailspa e-pood","description":"","potentialAction":[{"@type":"SearchAction","target":{"@type":"EntryPoint","urlTemplate":"https:\/\/nailspa.ee\/e-pood\/?s={search_term_string}"},"query-input":{"@type":"PropertyValueSpecification","valueRequired":true,"valueName":"search_term_string"}}],"inLanguage":"et"}]}},"_links":{"self":[{"href":"http:\/\/nailspa.ee\/e-pood\/wp-json\/wp\/v2\/product\/7229","targetHints":{"allow":["GET"]}}],"collection":[{"href":"http:\/\/nailspa.ee\/e-pood\/wp-json\/wp\/v2\/product"}],"about":[{"href":"http:\/\/nailspa.ee\/e-pood\/wp-json\/wp\/v2\/types\/product"}],"wp:featuredmedia":[{"embeddable":true,"href":"http:\/\/nailspa.ee\/e-pood\/wp-json\/wp\/v2\/media\/7225"}],"wp:attachment":[{"href":"http:\/\/nailspa.ee\/e-pood\/wp-json\/wp\/v2\/media?parent=7229"}],"wp:term":[{"taxonomy":"product_brand","embeddable":true,"href":"http:\/\/nailspa.ee\/e-pood\/wp-json\/wp\/v2\/product_brand?post=7229"},{"taxonomy":"product_cat","embeddable":true,"href":"http:\/\/nailspa.ee\/e-pood\/wp-json\/wp\/v2\/product_cat?post=7229"},{"taxonomy":"product_tag","embeddable":true,"href":"http:\/\/nailspa.ee\/e-pood\/wp-json\/wp\/v2\/product_tag?post=7229"}],"curies":[{"name":"wp","href":"https:\/\/api.w.org\/{rel}","templated":true}]}}