{"id":7228,"date":"2025-03-19T14:31:54","date_gmt":"2025-03-19T12:31:54","guid":{"rendered":"https:\/\/nailspa.ee\/e-pood\/?post_type=product&#038;p=7228"},"modified":"2025-10-22T16:27:01","modified_gmt":"2025-10-22T13:27:01","slug":"body-scrub","status":"publish","type":"product","link":"http:\/\/nailspa.ee\/e-pood\/toode\/body-scrub\/","title":{"rendered":"Herb &#038; Hemp Body Scrub 250 ml"},"content":{"rendered":"","protected":false},"excerpt":{"rendered":"<ul>\n<li>Niisutav ja rahustav kehakoorija kanepi\u00f5li ja suhkrukristallidega<\/li>\n<li>Nahka toitev<\/li>\n<li>Rahustav<\/li>\n<li>Sisaldab rohkelt looduslikke \u00f5lisid, vitamiine ja antioks\u00fcdante<\/li>\n<\/ul>\n","protected":false},"featured_media":7224,"template":"","meta":[],"product_brand":[],"product_cat":[123,83],"product_tag":[],"class_list":{"0":"post-7228","1":"product","2":"type-product","3":"status-publish","4":"has-post-thumbnail","6":"product_cat-herb-hemp","7":"product_cat-katehooldus","9":"first","10":"instock","11":"taxable","12":"shipping-taxable","13":"purchasable","14":"product-type-simple"},"yoast_head":"<!-- This site is optimized with the Yoast SEO plugin v26.4 - https:\/\/yoast.com\/wordpress\/plugins\/seo\/ -->\n<title>Herb &amp; Hemp Body Scrub 250 ml | Nailspa e-pood<\/title>\n<meta name=\"robots\" content=\"index, follow, max-snippet:-1, max-image-preview:large, max-video-preview:-1\" \/>\n<link rel=\"canonical\" href=\"http:\/\/nailspa.ee\/e-pood\/toode\/body-scrub\/\" \/>\n<meta property=\"og:locale\" content=\"et_EE\" \/>\n<meta property=\"og:type\" content=\"article\" \/>\n<meta property=\"og:title\" content=\"Herb &amp; Hemp Body Scrub 250 ml | Nailspa e-pood\" \/>\n<meta property=\"og:description\" content=\"Niisutav ja rahustav kehakoorija kanepi\u00f5li ja suhkrukristallidega  Nahka toitev  Rahustav  Sisaldab rohkelt looduslikke \u00f5lisid, vitamiine ja antioks\u00fcdante\" \/>\n<meta property=\"og:url\" content=\"http:\/\/nailspa.ee\/e-pood\/toode\/body-scrub\/\" \/>\n<meta property=\"og:site_name\" content=\"Nailspa e-pood\" \/>\n<meta property=\"article:modified_time\" content=\"2025-10-22T13:27:01+00:00\" \/>\n<meta property=\"og:image\" content=\"http:\/\/nailspa.ee\/e-pood\/wp-content\/uploads\/2025\/03\/scrub2.jpg\" \/>\n\t<meta property=\"og:image:width\" content=\"1000\" \/>\n\t<meta property=\"og:image:height\" content=\"1000\" \/>\n\t<meta property=\"og:image:type\" content=\"image\/jpeg\" \/>\n<meta name=\"twitter:card\" content=\"summary_large_image\" \/>\n<meta name=\"twitter:label1\" content=\"Est. reading time\" \/>\n\t<meta name=\"twitter:data1\" content=\"1 minut\" \/>\n<script type=\"application\/ld+json\" class=\"yoast-schema-graph\">{\"@context\":\"https:\/\/schema.org\",\"@graph\":[{\"@type\":\"WebPage\",\"@id\":\"http:\/\/nailspa.ee\/e-pood\/toode\/body-scrub\/\",\"url\":\"http:\/\/nailspa.ee\/e-pood\/toode\/body-scrub\/\",\"name\":\"Herb & Hemp Body Scrub 250 ml | Nailspa e-pood\",\"isPartOf\":{\"@id\":\"https:\/\/nailspa.ee\/e-pood\/#website\"},\"primaryImageOfPage\":{\"@id\":\"http:\/\/nailspa.ee\/e-pood\/toode\/body-scrub\/#primaryimage\"},\"image\":{\"@id\":\"http:\/\/nailspa.ee\/e-pood\/toode\/body-scrub\/#primaryimage\"},\"thumbnailUrl\":\"http:\/\/nailspa.ee\/e-pood\/wp-content\/uploads\/2025\/03\/scrub2.jpg\",\"datePublished\":\"2025-03-19T12:31:54+00:00\",\"dateModified\":\"2025-10-22T13:27:01+00:00\",\"breadcrumb\":{\"@id\":\"http:\/\/nailspa.ee\/e-pood\/toode\/body-scrub\/#breadcrumb\"},\"inLanguage\":\"et\",\"potentialAction\":[{\"@type\":\"ReadAction\",\"target\":[\"http:\/\/nailspa.ee\/e-pood\/toode\/body-scrub\/\"]}]},{\"@type\":\"ImageObject\",\"inLanguage\":\"et\",\"@id\":\"http:\/\/nailspa.ee\/e-pood\/toode\/body-scrub\/#primaryimage\",\"url\":\"http:\/\/nailspa.ee\/e-pood\/wp-content\/uploads\/2025\/03\/scrub2.jpg\",\"contentUrl\":\"http:\/\/nailspa.ee\/e-pood\/wp-content\/uploads\/2025\/03\/scrub2.jpg\",\"width\":1000,\"height\":1000},{\"@type\":\"BreadcrumbList\",\"@id\":\"http:\/\/nailspa.ee\/e-pood\/toode\/body-scrub\/#breadcrumb\",\"itemListElement\":[{\"@type\":\"ListItem\",\"position\":1,\"name\":\"Home\",\"item\":\"https:\/\/nailspa.ee\/e-pood\/\"},{\"@type\":\"ListItem\",\"position\":2,\"name\":\"Pood\",\"item\":\"https:\/\/nailspa.ee\/e-pood\/pood\/\"},{\"@type\":\"ListItem\",\"position\":3,\"name\":\"Herb &#038; Hemp Body Scrub 250 ml\"}]},{\"@type\":\"WebSite\",\"@id\":\"https:\/\/nailspa.ee\/e-pood\/#website\",\"url\":\"https:\/\/nailspa.ee\/e-pood\/\",\"name\":\"Nailspa e-pood\",\"description\":\"\",\"potentialAction\":[{\"@type\":\"SearchAction\",\"target\":{\"@type\":\"EntryPoint\",\"urlTemplate\":\"https:\/\/nailspa.ee\/e-pood\/?s={search_term_string}\"},\"query-input\":{\"@type\":\"PropertyValueSpecification\",\"valueRequired\":true,\"valueName\":\"search_term_string\"}}],\"inLanguage\":\"et\"}]}<\/script>\n<!-- \/ Yoast SEO plugin. -->","yoast_head_json":{"title":"Herb & Hemp Body Scrub 250 ml | Nailspa e-pood","robots":{"index":"index","follow":"follow","max-snippet":"max-snippet:-1","max-image-preview":"max-image-preview:large","max-video-preview":"max-video-preview:-1"},"canonical":"http:\/\/nailspa.ee\/e-pood\/toode\/body-scrub\/","og_locale":"et_EE","og_type":"article","og_title":"Herb & Hemp Body Scrub 250 ml | Nailspa e-pood","og_description":"Niisutav ja rahustav kehakoorija kanepi\u00f5li ja suhkrukristallidega  Nahka toitev  Rahustav  Sisaldab rohkelt looduslikke \u00f5lisid, vitamiine ja antioks\u00fcdante","og_url":"http:\/\/nailspa.ee\/e-pood\/toode\/body-scrub\/","og_site_name":"Nailspa e-pood","article_modified_time":"2025-10-22T13:27:01+00:00","og_image":[{"width":1000,"height":1000,"url":"http:\/\/nailspa.ee\/e-pood\/wp-content\/uploads\/2025\/03\/scrub2.jpg","type":"image\/jpeg"}],"twitter_card":"summary_large_image","twitter_misc":{"Est. reading time":"1 minut"},"schema":{"@context":"https:\/\/schema.org","@graph":[{"@type":"WebPage","@id":"http:\/\/nailspa.ee\/e-pood\/toode\/body-scrub\/","url":"http:\/\/nailspa.ee\/e-pood\/toode\/body-scrub\/","name":"Herb & Hemp Body Scrub 250 ml | Nailspa e-pood","isPartOf":{"@id":"https:\/\/nailspa.ee\/e-pood\/#website"},"primaryImageOfPage":{"@id":"http:\/\/nailspa.ee\/e-pood\/toode\/body-scrub\/#primaryimage"},"image":{"@id":"http:\/\/nailspa.ee\/e-pood\/toode\/body-scrub\/#primaryimage"},"thumbnailUrl":"http:\/\/nailspa.ee\/e-pood\/wp-content\/uploads\/2025\/03\/scrub2.jpg","datePublished":"2025-03-19T12:31:54+00:00","dateModified":"2025-10-22T13:27:01+00:00","breadcrumb":{"@id":"http:\/\/nailspa.ee\/e-pood\/toode\/body-scrub\/#breadcrumb"},"inLanguage":"et","potentialAction":[{"@type":"ReadAction","target":["http:\/\/nailspa.ee\/e-pood\/toode\/body-scrub\/"]}]},{"@type":"ImageObject","inLanguage":"et","@id":"http:\/\/nailspa.ee\/e-pood\/toode\/body-scrub\/#primaryimage","url":"http:\/\/nailspa.ee\/e-pood\/wp-content\/uploads\/2025\/03\/scrub2.jpg","contentUrl":"http:\/\/nailspa.ee\/e-pood\/wp-content\/uploads\/2025\/03\/scrub2.jpg","width":1000,"height":1000},{"@type":"BreadcrumbList","@id":"http:\/\/nailspa.ee\/e-pood\/toode\/body-scrub\/#breadcrumb","itemListElement":[{"@type":"ListItem","position":1,"name":"Home","item":"https:\/\/nailspa.ee\/e-pood\/"},{"@type":"ListItem","position":2,"name":"Pood","item":"https:\/\/nailspa.ee\/e-pood\/pood\/"},{"@type":"ListItem","position":3,"name":"Herb &#038; Hemp Body Scrub 250 ml"}]},{"@type":"WebSite","@id":"https:\/\/nailspa.ee\/e-pood\/#website","url":"https:\/\/nailspa.ee\/e-pood\/","name":"Nailspa e-pood","description":"","potentialAction":[{"@type":"SearchAction","target":{"@type":"EntryPoint","urlTemplate":"https:\/\/nailspa.ee\/e-pood\/?s={search_term_string}"},"query-input":{"@type":"PropertyValueSpecification","valueRequired":true,"valueName":"search_term_string"}}],"inLanguage":"et"}]}},"_links":{"self":[{"href":"http:\/\/nailspa.ee\/e-pood\/wp-json\/wp\/v2\/product\/7228","targetHints":{"allow":["GET"]}}],"collection":[{"href":"http:\/\/nailspa.ee\/e-pood\/wp-json\/wp\/v2\/product"}],"about":[{"href":"http:\/\/nailspa.ee\/e-pood\/wp-json\/wp\/v2\/types\/product"}],"wp:featuredmedia":[{"embeddable":true,"href":"http:\/\/nailspa.ee\/e-pood\/wp-json\/wp\/v2\/media\/7224"}],"wp:attachment":[{"href":"http:\/\/nailspa.ee\/e-pood\/wp-json\/wp\/v2\/media?parent=7228"}],"wp:term":[{"taxonomy":"product_brand","embeddable":true,"href":"http:\/\/nailspa.ee\/e-pood\/wp-json\/wp\/v2\/product_brand?post=7228"},{"taxonomy":"product_cat","embeddable":true,"href":"http:\/\/nailspa.ee\/e-pood\/wp-json\/wp\/v2\/product_cat?post=7228"},{"taxonomy":"product_tag","embeddable":true,"href":"http:\/\/nailspa.ee\/e-pood\/wp-json\/wp\/v2\/product_tag?post=7228"}],"curies":[{"name":"wp","href":"https:\/\/api.w.org\/{rel}","templated":true}]}}