{"id":2165,"date":"2020-01-13T20:50:01","date_gmt":"2020-01-13T18:50:01","guid":{"rendered":"https:\/\/nailspa.ee\/e-pood\/?page_id=2165"},"modified":"2020-01-20T11:50:54","modified_gmt":"2020-01-20T09:50:54","slug":"kohaletoimetamine","status":"publish","type":"page","link":"http:\/\/nailspa.ee\/e-pood\/kohaletoimetamine\/","title":{"rendered":"Kohaletoimetamine"},"content":{"rendered":"<p><strong>1. TELLIMUSE ESITAMINE<\/strong><br \/>\n1.1. Tellimusi saab e-poes esitada k\u00fclalisena, sisse ei ole vaja logida.<br \/>\n1.2. Klient valib e-poest v\u00e4lja soovitud kaubad ja lisab ostukorvi.<br \/>\n1.3. Klient valib tellimuse \u00fcleandmise viisi ja koha.<br \/>\n1.4. Klient kinnitab ostukorvi ja tasub kauba eest m\u00fc\u00fcja poolt pakutud maksekeskkondades. Klient kontrollib enne arve tasumist, et arves toodud andmed vastavad kliendi tegelikule soovile.<br \/>\n1.5. P\u00e4rast kauba eest tasumist tuleb kliendil vajutada lingile \u201cTagasi kaupmehe juurde\u201d.<br \/>\n1.6. Tellimuse ja makse k\u00e4ttesaamise kohta saadab m\u00fc\u00fcja kliendile e-kirjaga kinnituse ja arve.<br \/>\n1.7. M\u00fc\u00fcja ja kliendi vahel j\u00f5ustub m\u00fc\u00fcgileping alates kliendi poolt tasutud ostusumma tervikuna laekumisest M\u00fc\u00fcja arvelduskontole.<br \/>\n1.8. Kaupade eest, mida ei \u00f5nnestu komplekteerida, maksab M\u00fc\u00fcja kliendile raha tagasi hiljemalt 14 p\u00e4eva jooksul.<br \/>\n1.9. M\u00fc\u00fcja aktsepteerib ainult Eesti klientide poolt esitatud tellimusi tarneaadressiga Eesti piires.<\/p>\n<p><strong>2. KAUBA K\u00c4TTESAAMINE<\/strong><br \/>\n2.1. Kaupa saab k\u00e4tte NailSpa Salongist aadressil Poordi 3, Tallinn, 10156 (salongi t\u00f6\u00f6aegadel, mis on n\u00e4idatud www.nailspa.ee lehel) v\u00f5i SmartPOSTi pakiautomaadist. \u00dcldjuhul komplekteeritakse ja l\u00e4hetatakse laos olevad kaubad 2-3 t\u00f6\u00f6p\u00e4eva jooksul peale tellimuse kinnitamist\/ettemakse laekumist. Juhul kui kliendi poolt tellitud kaup ei ole laos, kinnitatakse t\u00e4pne tarneaeg kliendiga eraldi \u00fcle ja selle mittesobivuse korral on v\u00f5imalik kliendil tellimusest loobuda.<br \/>\n2.2. Klient t\u00e4psustab kauba k\u00e4tte saamise viisi tellimuse esitamisel.<br \/>\n2.3. SmartPOST pakiautomaati kauba saatmine on tasuline. Tarne hind on n\u00e4idatud tellimuse esitamise etapis.<br \/>\n2.4. M\u00fc\u00fcja ei vastuta kliendile tekkinud kahju eest, kui m\u00fc\u00fcjast mittetulenevatel p\u00f5hjustel on kolmandad isikud saanud oma valdusse pakiautomaadi unikaalse koodi ning selle alusel on kaup k\u00e4tte saadud.<br \/>\n2.5. Kauba kontroll<br \/>\n2.5.1. Kauba k\u00e4ttesaamisel kohustub klient avama tootepakendi ettevaatlikult, pakendit ja tooteid kahjustamata. Juhul kui klient on rikkunud pakendi hooletuse t\u00f5ttu ehk tootepakendit oli v\u00f5imalik avada seda kahjustamata, on m\u00fc\u00fcjal \u00f5igus kaupade tagastamisel n\u00f5uda tekitatud kahju h\u00fcvitamist. Juhul, kui tootepakendit ei saa rikkumata\/l\u00f5hkumata avada, ei vastuta klient rikutud pakendi eest.<br \/>\n2.5.2. Juhul, kui klient avastab kauba k\u00e4ttesaamisel, et talle on saadetud vale v\u00f5i defektne kaup v\u00f5i kaup ei j\u00f5ua kliendini heas seisukorras ja kinnises pakendis, tuleb sellest koheselt teavitada m\u00fc\u00fcjat.<br \/>\n2.5.3. M\u00fc\u00fcja vastutab kliendi poolt ostetud kauba eest selle transportimise jooksul. Kauba k\u00e4ttesaamise hetkest l\u00e4heb kauba kahjustumise v\u00f5i kadumise risk \u00fcle kliendile.<\/p>\n","protected":false},"excerpt":{"rendered":"<p>1. TELLIMUSE ESITAMINE 1.1. Tellimusi saab e-poes esitada k\u00fclalisena, sisse ei ole vaja logida. 1.2. Klient valib e-poest v\u00e4lja soovitud kaubad ja lisab ostukorvi. 1.3. Klient valib tellimuse \u00fcleandmise viisi ja koha. 1.4. Klient kinnitab ostukorvi ja tasub kauba eest m\u00fc\u00fcja poolt pakutud maksekeskkondades. Klient kontrollib enne arve tasumist, et arves toodud andmed vastavad kliendi [&hellip;]<\/p>\n","protected":false},"author":4,"featured_media":0,"parent":0,"menu_order":0,"comment_status":"closed","ping_status":"closed","template":"page-legal.php","meta":{"footnotes":""},"class_list":["post-2165","page","type-page","status-publish","hentry"],"yoast_head":"<!-- This site is optimized with the Yoast SEO plugin v26.4 - https:\/\/yoast.com\/wordpress\/plugins\/seo\/ -->\n<title>Kohaletoimetamine | Nailspa e-pood<\/title>\n<meta name=\"robots\" content=\"index, follow, max-snippet:-1, max-image-preview:large, max-video-preview:-1\" \/>\n<link rel=\"canonical\" href=\"https:\/\/nailspa.ee\/e-pood\/kohaletoimetamine\/\" \/>\n<meta property=\"og:locale\" content=\"et_EE\" \/>\n<meta property=\"og:type\" content=\"article\" \/>\n<meta property=\"og:title\" content=\"Kohaletoimetamine | Nailspa e-pood\" \/>\n<meta property=\"og:description\" content=\"1. TELLIMUSE ESITAMINE 1.1. Tellimusi saab e-poes esitada k\u00fclalisena, sisse ei ole vaja logida. 1.2. Klient valib e-poest v\u00e4lja soovitud kaubad ja lisab ostukorvi. 1.3. Klient valib tellimuse \u00fcleandmise viisi ja koha. 1.4. Klient kinnitab ostukorvi ja tasub kauba eest m\u00fc\u00fcja poolt pakutud maksekeskkondades. Klient kontrollib enne arve tasumist, et arves toodud andmed vastavad kliendi [&hellip;]\" \/>\n<meta property=\"og:url\" content=\"https:\/\/nailspa.ee\/e-pood\/kohaletoimetamine\/\" \/>\n<meta property=\"og:site_name\" content=\"Nailspa e-pood\" \/>\n<meta property=\"article:modified_time\" content=\"2020-01-20T09:50:54+00:00\" \/>\n<meta name=\"twitter:card\" content=\"summary_large_image\" \/>\n<meta name=\"twitter:label1\" content=\"Est. reading time\" \/>\n\t<meta name=\"twitter:data1\" content=\"2 minutit\" \/>\n<script type=\"application\/ld+json\" class=\"yoast-schema-graph\">{\"@context\":\"https:\/\/schema.org\",\"@graph\":[{\"@type\":\"WebPage\",\"@id\":\"https:\/\/nailspa.ee\/e-pood\/kohaletoimetamine\/\",\"url\":\"https:\/\/nailspa.ee\/e-pood\/kohaletoimetamine\/\",\"name\":\"Kohaletoimetamine | Nailspa e-pood\",\"isPartOf\":{\"@id\":\"http:\/\/nailspa.ee\/e-pood\/#website\"},\"datePublished\":\"2020-01-13T18:50:01+00:00\",\"dateModified\":\"2020-01-20T09:50:54+00:00\",\"breadcrumb\":{\"@id\":\"https:\/\/nailspa.ee\/e-pood\/kohaletoimetamine\/#breadcrumb\"},\"inLanguage\":\"et\",\"potentialAction\":[{\"@type\":\"ReadAction\",\"target\":[\"https:\/\/nailspa.ee\/e-pood\/kohaletoimetamine\/\"]}]},{\"@type\":\"BreadcrumbList\",\"@id\":\"https:\/\/nailspa.ee\/e-pood\/kohaletoimetamine\/#breadcrumb\",\"itemListElement\":[{\"@type\":\"ListItem\",\"position\":1,\"name\":\"Home\",\"item\":\"http:\/\/nailspa.ee\/e-pood\/\"},{\"@type\":\"ListItem\",\"position\":2,\"name\":\"Kohaletoimetamine\"}]},{\"@type\":\"WebSite\",\"@id\":\"http:\/\/nailspa.ee\/e-pood\/#website\",\"url\":\"http:\/\/nailspa.ee\/e-pood\/\",\"name\":\"Nailspa e-pood\",\"description\":\"\",\"potentialAction\":[{\"@type\":\"SearchAction\",\"target\":{\"@type\":\"EntryPoint\",\"urlTemplate\":\"http:\/\/nailspa.ee\/e-pood\/?s={search_term_string}\"},\"query-input\":{\"@type\":\"PropertyValueSpecification\",\"valueRequired\":true,\"valueName\":\"search_term_string\"}}],\"inLanguage\":\"et\"}]}<\/script>\n<!-- \/ Yoast SEO plugin. -->","yoast_head_json":{"title":"Kohaletoimetamine | Nailspa e-pood","robots":{"index":"index","follow":"follow","max-snippet":"max-snippet:-1","max-image-preview":"max-image-preview:large","max-video-preview":"max-video-preview:-1"},"canonical":"https:\/\/nailspa.ee\/e-pood\/kohaletoimetamine\/","og_locale":"et_EE","og_type":"article","og_title":"Kohaletoimetamine | Nailspa e-pood","og_description":"1. TELLIMUSE ESITAMINE 1.1. Tellimusi saab e-poes esitada k\u00fclalisena, sisse ei ole vaja logida. 1.2. Klient valib e-poest v\u00e4lja soovitud kaubad ja lisab ostukorvi. 1.3. Klient valib tellimuse \u00fcleandmise viisi ja koha. 1.4. Klient kinnitab ostukorvi ja tasub kauba eest m\u00fc\u00fcja poolt pakutud maksekeskkondades. Klient kontrollib enne arve tasumist, et arves toodud andmed vastavad kliendi [&hellip;]","og_url":"https:\/\/nailspa.ee\/e-pood\/kohaletoimetamine\/","og_site_name":"Nailspa e-pood","article_modified_time":"2020-01-20T09:50:54+00:00","twitter_card":"summary_large_image","twitter_misc":{"Est. reading time":"2 minutit"},"schema":{"@context":"https:\/\/schema.org","@graph":[{"@type":"WebPage","@id":"https:\/\/nailspa.ee\/e-pood\/kohaletoimetamine\/","url":"https:\/\/nailspa.ee\/e-pood\/kohaletoimetamine\/","name":"Kohaletoimetamine | Nailspa e-pood","isPartOf":{"@id":"http:\/\/nailspa.ee\/e-pood\/#website"},"datePublished":"2020-01-13T18:50:01+00:00","dateModified":"2020-01-20T09:50:54+00:00","breadcrumb":{"@id":"https:\/\/nailspa.ee\/e-pood\/kohaletoimetamine\/#breadcrumb"},"inLanguage":"et","potentialAction":[{"@type":"ReadAction","target":["https:\/\/nailspa.ee\/e-pood\/kohaletoimetamine\/"]}]},{"@type":"BreadcrumbList","@id":"https:\/\/nailspa.ee\/e-pood\/kohaletoimetamine\/#breadcrumb","itemListElement":[{"@type":"ListItem","position":1,"name":"Home","item":"http:\/\/nailspa.ee\/e-pood\/"},{"@type":"ListItem","position":2,"name":"Kohaletoimetamine"}]},{"@type":"WebSite","@id":"http:\/\/nailspa.ee\/e-pood\/#website","url":"http:\/\/nailspa.ee\/e-pood\/","name":"Nailspa e-pood","description":"","potentialAction":[{"@type":"SearchAction","target":{"@type":"EntryPoint","urlTemplate":"http:\/\/nailspa.ee\/e-pood\/?s={search_term_string}"},"query-input":{"@type":"PropertyValueSpecification","valueRequired":true,"valueName":"search_term_string"}}],"inLanguage":"et"}]}},"_links":{"self":[{"href":"http:\/\/nailspa.ee\/e-pood\/wp-json\/wp\/v2\/pages\/2165","targetHints":{"allow":["GET"]}}],"collection":[{"href":"http:\/\/nailspa.ee\/e-pood\/wp-json\/wp\/v2\/pages"}],"about":[{"href":"http:\/\/nailspa.ee\/e-pood\/wp-json\/wp\/v2\/types\/page"}],"author":[{"embeddable":true,"href":"http:\/\/nailspa.ee\/e-pood\/wp-json\/wp\/v2\/users\/4"}],"replies":[{"embeddable":true,"href":"http:\/\/nailspa.ee\/e-pood\/wp-json\/wp\/v2\/comments?post=2165"}],"version-history":[{"count":7,"href":"http:\/\/nailspa.ee\/e-pood\/wp-json\/wp\/v2\/pages\/2165\/revisions"}],"predecessor-version":[{"id":3640,"href":"http:\/\/nailspa.ee\/e-pood\/wp-json\/wp\/v2\/pages\/2165\/revisions\/3640"}],"wp:attachment":[{"href":"http:\/\/nailspa.ee\/e-pood\/wp-json\/wp\/v2\/media?parent=2165"}],"curies":[{"name":"wp","href":"https:\/\/api.w.org\/{rel}","templated":true}]}}